{"id":90,"date":"2015-01-31T07:22:09","date_gmt":"2015-01-31T07:22:09","guid":{"rendered":"http:\/\/www.varkstaden.se\/bokhandel2\/?post_type=product&#038;p=90"},"modified":"2024-07-23T05:23:54","modified_gmt":"2024-07-23T05:23:54","slug":"aldre-och-internet","status":"publish","type":"product","link":"https:\/\/www.varkstaden.se\/bokhandel\/produkt\/aldre-och-internet\/","title":{"rendered":"\u00c4ldre och Internet"},"content":{"rendered":"<p align=\"JUSTIFY\"><span style=\"font-family: MinionPro-Regular; font-size: medium;\">Mitt intresse f\u00f6r teknik b\u00f6rjade redan i 11-\u00e5rs\u00e5ldern d\u00e5 jag p\u00e5 egen hand upps\u00f6kte en elektronikbutik f\u00f6r att k\u00f6pa komponenter till en kristallmottagare som jag sedan l\u00f6dde ihop och byggde in i en tv\u00e5lkopp. Sedan 1982 har jag intresserat mig f\u00f6r datorer. Jag \u00e4r helt sj\u00e4lvl\u00e4rd och har aldrig haft n\u00e5gon att fr\u00e5ga. D\u00e4remot har jag varit den man fr\u00e5gar. Det g\u00e4ller i bekantskapskretsen, i fastigheten d\u00e4r jag bor och sedan n\u00e5gra \u00e5r \u00e4ven i Seniornet Kungsholmen, en ideell f\u00f6rening d\u00e4r \u00e4ldre hj\u00e4lper \u00e4ldre med datorer. I stadsdelsn\u00e4mndens m\u00f6teslokal f\u00f6r pension\u00e4rer har jag ocks\u00e5 fungerat som ideellt datorst\u00f6d. I ett projekt har jag t.ex. hj\u00e4lpt grupper av seniorer, de flesta \u00f6ver 80 \u00e5r, att bli digitalt delaktiga via surfplattor. Jag har agerat som en n\u00e4tevangelist i syfte att g\u00f6ra dem nyfikna p\u00e5 vad internet har att erbjuda. Det har varit en pedagogisk utmaning. F\u00f6r att fler skulle f\u00e5 nytta av det arbetsmaterial jag har skrivit i dessa olika sammanhang har jag skapat en datorklinik p\u00e5 www.datorkliniken.se. Nu har jag ocks\u00e5 samlat mina erfarenheter i denna bok om <\/span><i><span style=\"font-family: MinionPro-It; font-size: medium;\">\u00c4ldre och Internet.<\/span><\/i><\/p>\n","protected":false},"excerpt":{"rendered":"<p>Priser f\u00f6r medlemmar i SeniorNet \u00e4r 80 kronor.<br \/>\nF\u00f6r \u00f6vriga \u00e4r priset 100 kronor.<br \/>\nKlubbpris vid k\u00f6p av minst 10 ex. \u00e4r 80 kronor\/exemplar.<br \/>\nE-bok (EPUB- eller PDF-fil) kostar 80 kronor.<br \/>\nPriserna inkluderar moms. Porto tillkommer vid k\u00f6p av pappersbok\/-b\u00f6cker.<\/p>\n","protected":false},"featured_media":91,"comment_status":"open","ping_status":"closed","template":"","meta":[],"product_brand":[],"product_cat":[16,18],"product_tag":[],"class_list":{"0":"post-90","1":"product","2":"type-product","3":"status-publish","4":"has-post-thumbnail","6":"product_cat-databocker","7":"product_cat-e-bocker","9":"first","10":"instock","11":"sale","12":"featured","13":"taxable","14":"shipping-taxable","15":"purchasable","16":"product-type-variable"},"yoast_head":"<!-- This site is optimized with the Yoast SEO plugin v27.4 - https:\/\/yoast.com\/product\/yoast-seo-wordpress\/ -->\n<title>\u00c4ldre och Internet - en inspirationsbok om vad internet kan tillf\u00f6ra \u00e4ldre m\u00e4nniskor.<\/title>\n<meta name=\"description\" content=\"Det finns en r\u00e4dsla bland \u00e4ldre n\u00e4r det g\u00e4ller Internet. Bokens syfte \u00e4r att g\u00f6ra \u00e4ldre nyfikna p\u00e5 Internet. Lista \u00f6ver datatermer och k\u00f6pr\u00e5d ing\u00e5r.\" \/>\n<meta name=\"robots\" content=\"index, follow, max-snippet:-1, max-image-preview:large, max-video-preview:-1\" \/>\n<link rel=\"canonical\" href=\"https:\/\/www.varkstaden.se\/bokhandel\/produkt\/aldre-och-internet\/\" \/>\n<meta property=\"og:locale\" content=\"sv_SE\" \/>\n<meta property=\"og:type\" content=\"article\" \/>\n<meta property=\"og:title\" content=\"\u00c4ldre och Internet - en inspirationsbok om vad internet kan tillf\u00f6ra \u00e4ldre m\u00e4nniskor.\" \/>\n<meta property=\"og:description\" content=\"Det finns en r\u00e4dsla bland \u00e4ldre n\u00e4r det g\u00e4ller Internet. Bokens syfte \u00e4r att g\u00f6ra \u00e4ldre nyfikna p\u00e5 Internet. Lista \u00f6ver datatermer och k\u00f6pr\u00e5d ing\u00e5r.\" \/>\n<meta property=\"og:url\" content=\"https:\/\/www.varkstaden.se\/bokhandel\/produkt\/aldre-och-internet\/\" \/>\n<meta property=\"og:site_name\" content=\"V\u00c4RKSTADSBOKHANDELN, webbmaster: Gunilla Brattberg\" \/>\n<meta property=\"article:modified_time\" content=\"2024-07-23T05:23:54+00:00\" \/>\n<meta property=\"og:image\" content=\"https:\/\/www.varkstaden.se\/bokhandel\/wp-content\/uploads\/2015\/01\/skanna0002.jpg\" \/>\n\t<meta property=\"og:image:width\" content=\"1859\" \/>\n\t<meta property=\"og:image:height\" content=\"2825\" \/>\n\t<meta property=\"og:image:type\" content=\"image\/jpeg\" \/>\n<meta name=\"twitter:card\" content=\"summary_large_image\" \/>\n<meta name=\"twitter:label1\" content=\"Ber\u00e4knad l\u00e4stid\" \/>\n\t<meta name=\"twitter:data1\" content=\"1 minut\" \/>\n<script type=\"application\/ld+json\" class=\"yoast-schema-graph\">{\"@context\":\"https:\\\/\\\/schema.org\",\"@graph\":[{\"@type\":\"WebPage\",\"@id\":\"https:\\\/\\\/www.varkstaden.se\\\/bokhandel\\\/produkt\\\/aldre-och-internet\\\/\",\"url\":\"https:\\\/\\\/www.varkstaden.se\\\/bokhandel\\\/produkt\\\/aldre-och-internet\\\/\",\"name\":\"\u00c4ldre och Internet - en inspirationsbok om vad internet kan tillf\u00f6ra \u00e4ldre m\u00e4nniskor.\",\"isPartOf\":{\"@id\":\"https:\\\/\\\/www.varkstaden.se\\\/bokhandel\\\/#website\"},\"primaryImageOfPage\":{\"@id\":\"https:\\\/\\\/www.varkstaden.se\\\/bokhandel\\\/produkt\\\/aldre-och-internet\\\/#primaryimage\"},\"image\":{\"@id\":\"https:\\\/\\\/www.varkstaden.se\\\/bokhandel\\\/produkt\\\/aldre-och-internet\\\/#primaryimage\"},\"thumbnailUrl\":\"https:\\\/\\\/www.varkstaden.se\\\/bokhandel\\\/wp-content\\\/uploads\\\/2015\\\/01\\\/skanna0002-scaled.jpg\",\"datePublished\":\"2015-01-31T07:22:09+00:00\",\"dateModified\":\"2024-07-23T05:23:54+00:00\",\"description\":\"Det finns en r\u00e4dsla bland \u00e4ldre n\u00e4r det g\u00e4ller Internet. Bokens syfte \u00e4r att g\u00f6ra \u00e4ldre nyfikna p\u00e5 Internet. Lista \u00f6ver datatermer och k\u00f6pr\u00e5d ing\u00e5r.\",\"breadcrumb\":{\"@id\":\"https:\\\/\\\/www.varkstaden.se\\\/bokhandel\\\/produkt\\\/aldre-och-internet\\\/#breadcrumb\"},\"inLanguage\":\"sv-SE\",\"potentialAction\":[{\"@type\":\"ReadAction\",\"target\":[\"https:\\\/\\\/www.varkstaden.se\\\/bokhandel\\\/produkt\\\/aldre-och-internet\\\/\"]}]},{\"@type\":\"ImageObject\",\"inLanguage\":\"sv-SE\",\"@id\":\"https:\\\/\\\/www.varkstaden.se\\\/bokhandel\\\/produkt\\\/aldre-och-internet\\\/#primaryimage\",\"url\":\"https:\\\/\\\/www.varkstaden.se\\\/bokhandel\\\/wp-content\\\/uploads\\\/2015\\\/01\\\/skanna0002-scaled.jpg\",\"contentUrl\":\"https:\\\/\\\/www.varkstaden.se\\\/bokhandel\\\/wp-content\\\/uploads\\\/2015\\\/01\\\/skanna0002-scaled.jpg\",\"width\":1859,\"height\":2825,\"caption\":\"\u00c4ldre och internet\"},{\"@type\":\"BreadcrumbList\",\"@id\":\"https:\\\/\\\/www.varkstaden.se\\\/bokhandel\\\/produkt\\\/aldre-och-internet\\\/#breadcrumb\",\"itemListElement\":[{\"@type\":\"ListItem\",\"position\":1,\"name\":\"Hem\",\"item\":\"https:\\\/\\\/www.varkstaden.se\\\/bokhandel\\\/\"},{\"@type\":\"ListItem\",\"position\":2,\"name\":\"Webbutik\",\"item\":\"https:\\\/\\\/www.varkstaden.se\\\/bokhandel\\\/\"},{\"@type\":\"ListItem\",\"position\":3,\"name\":\"\u00c4ldre och Internet\"}]},{\"@type\":\"WebSite\",\"@id\":\"https:\\\/\\\/www.varkstaden.se\\\/bokhandel\\\/#website\",\"url\":\"https:\\\/\\\/www.varkstaden.se\\\/bokhandel\\\/\",\"name\":\"V\u00c4RKSTADSBOKHANDELN\",\"description\":\"\",\"publisher\":{\"@id\":\"https:\\\/\\\/www.varkstaden.se\\\/bokhandel\\\/#organization\"},\"potentialAction\":[{\"@type\":\"SearchAction\",\"target\":{\"@type\":\"EntryPoint\",\"urlTemplate\":\"https:\\\/\\\/www.varkstaden.se\\\/bokhandel\\\/?s={search_term_string}\"},\"query-input\":{\"@type\":\"PropertyValueSpecification\",\"valueRequired\":true,\"valueName\":\"search_term_string\"}}],\"inLanguage\":\"sv-SE\"},{\"@type\":\"Organization\",\"@id\":\"https:\\\/\\\/www.varkstaden.se\\\/bokhandel\\\/#organization\",\"name\":\"V\u00e4rkstaden GB AB\",\"url\":\"https:\\\/\\\/www.varkstaden.se\\\/bokhandel\\\/\",\"logo\":{\"@type\":\"ImageObject\",\"inLanguage\":\"sv-SE\",\"@id\":\"https:\\\/\\\/www.varkstaden.se\\\/bokhandel\\\/#\\\/schema\\\/logo\\\/image\\\/\",\"url\":\"https:\\\/\\\/www.varkstaden.se\\\/bokhandel\\\/wp-content\\\/uploads\\\/2017\\\/09\\\/cropped-bokhandel-e1543669762370-1.jpg\",\"contentUrl\":\"https:\\\/\\\/www.varkstaden.se\\\/bokhandel\\\/wp-content\\\/uploads\\\/2017\\\/09\\\/cropped-bokhandel-e1543669762370-1.jpg\",\"width\":1000,\"height\":525,\"caption\":\"V\u00e4rkstaden GB AB\"},\"image\":{\"@id\":\"https:\\\/\\\/www.varkstaden.se\\\/bokhandel\\\/#\\\/schema\\\/logo\\\/image\\\/\"}}]}<\/script>\n<!-- \/ Yoast SEO plugin. -->","yoast_head_json":{"title":"\u00c4ldre och Internet - en inspirationsbok om vad internet kan tillf\u00f6ra \u00e4ldre m\u00e4nniskor.","description":"Det finns en r\u00e4dsla bland \u00e4ldre n\u00e4r det g\u00e4ller Internet. Bokens syfte \u00e4r att g\u00f6ra \u00e4ldre nyfikna p\u00e5 Internet. Lista \u00f6ver datatermer och k\u00f6pr\u00e5d ing\u00e5r.","robots":{"index":"index","follow":"follow","max-snippet":"max-snippet:-1","max-image-preview":"max-image-preview:large","max-video-preview":"max-video-preview:-1"},"canonical":"https:\/\/www.varkstaden.se\/bokhandel\/produkt\/aldre-och-internet\/","og_locale":"sv_SE","og_type":"article","og_title":"\u00c4ldre och Internet - en inspirationsbok om vad internet kan tillf\u00f6ra \u00e4ldre m\u00e4nniskor.","og_description":"Det finns en r\u00e4dsla bland \u00e4ldre n\u00e4r det g\u00e4ller Internet. Bokens syfte \u00e4r att g\u00f6ra \u00e4ldre nyfikna p\u00e5 Internet. Lista \u00f6ver datatermer och k\u00f6pr\u00e5d ing\u00e5r.","og_url":"https:\/\/www.varkstaden.se\/bokhandel\/produkt\/aldre-och-internet\/","og_site_name":"V\u00c4RKSTADSBOKHANDELN, webbmaster: Gunilla Brattberg","article_modified_time":"2024-07-23T05:23:54+00:00","og_image":[{"width":1859,"height":2825,"url":"https:\/\/www.varkstaden.se\/bokhandel\/wp-content\/uploads\/2015\/01\/skanna0002.jpg","type":"image\/jpeg"}],"twitter_card":"summary_large_image","twitter_misc":{"Ber\u00e4knad l\u00e4stid":"1 minut"},"schema":{"@context":"https:\/\/schema.org","@graph":[{"@type":"WebPage","@id":"https:\/\/www.varkstaden.se\/bokhandel\/produkt\/aldre-och-internet\/","url":"https:\/\/www.varkstaden.se\/bokhandel\/produkt\/aldre-och-internet\/","name":"\u00c4ldre och Internet - en inspirationsbok om vad internet kan tillf\u00f6ra \u00e4ldre m\u00e4nniskor.","isPartOf":{"@id":"https:\/\/www.varkstaden.se\/bokhandel\/#website"},"primaryImageOfPage":{"@id":"https:\/\/www.varkstaden.se\/bokhandel\/produkt\/aldre-och-internet\/#primaryimage"},"image":{"@id":"https:\/\/www.varkstaden.se\/bokhandel\/produkt\/aldre-och-internet\/#primaryimage"},"thumbnailUrl":"https:\/\/www.varkstaden.se\/bokhandel\/wp-content\/uploads\/2015\/01\/skanna0002-scaled.jpg","datePublished":"2015-01-31T07:22:09+00:00","dateModified":"2024-07-23T05:23:54+00:00","description":"Det finns en r\u00e4dsla bland \u00e4ldre n\u00e4r det g\u00e4ller Internet. Bokens syfte \u00e4r att g\u00f6ra \u00e4ldre nyfikna p\u00e5 Internet. Lista \u00f6ver datatermer och k\u00f6pr\u00e5d ing\u00e5r.","breadcrumb":{"@id":"https:\/\/www.varkstaden.se\/bokhandel\/produkt\/aldre-och-internet\/#breadcrumb"},"inLanguage":"sv-SE","potentialAction":[{"@type":"ReadAction","target":["https:\/\/www.varkstaden.se\/bokhandel\/produkt\/aldre-och-internet\/"]}]},{"@type":"ImageObject","inLanguage":"sv-SE","@id":"https:\/\/www.varkstaden.se\/bokhandel\/produkt\/aldre-och-internet\/#primaryimage","url":"https:\/\/www.varkstaden.se\/bokhandel\/wp-content\/uploads\/2015\/01\/skanna0002-scaled.jpg","contentUrl":"https:\/\/www.varkstaden.se\/bokhandel\/wp-content\/uploads\/2015\/01\/skanna0002-scaled.jpg","width":1859,"height":2825,"caption":"\u00c4ldre och internet"},{"@type":"BreadcrumbList","@id":"https:\/\/www.varkstaden.se\/bokhandel\/produkt\/aldre-och-internet\/#breadcrumb","itemListElement":[{"@type":"ListItem","position":1,"name":"Hem","item":"https:\/\/www.varkstaden.se\/bokhandel\/"},{"@type":"ListItem","position":2,"name":"Webbutik","item":"https:\/\/www.varkstaden.se\/bokhandel\/"},{"@type":"ListItem","position":3,"name":"\u00c4ldre och Internet"}]},{"@type":"WebSite","@id":"https:\/\/www.varkstaden.se\/bokhandel\/#website","url":"https:\/\/www.varkstaden.se\/bokhandel\/","name":"V\u00c4RKSTADSBOKHANDELN","description":"","publisher":{"@id":"https:\/\/www.varkstaden.se\/bokhandel\/#organization"},"potentialAction":[{"@type":"SearchAction","target":{"@type":"EntryPoint","urlTemplate":"https:\/\/www.varkstaden.se\/bokhandel\/?s={search_term_string}"},"query-input":{"@type":"PropertyValueSpecification","valueRequired":true,"valueName":"search_term_string"}}],"inLanguage":"sv-SE"},{"@type":"Organization","@id":"https:\/\/www.varkstaden.se\/bokhandel\/#organization","name":"V\u00e4rkstaden GB AB","url":"https:\/\/www.varkstaden.se\/bokhandel\/","logo":{"@type":"ImageObject","inLanguage":"sv-SE","@id":"https:\/\/www.varkstaden.se\/bokhandel\/#\/schema\/logo\/image\/","url":"https:\/\/www.varkstaden.se\/bokhandel\/wp-content\/uploads\/2017\/09\/cropped-bokhandel-e1543669762370-1.jpg","contentUrl":"https:\/\/www.varkstaden.se\/bokhandel\/wp-content\/uploads\/2017\/09\/cropped-bokhandel-e1543669762370-1.jpg","width":1000,"height":525,"caption":"V\u00e4rkstaden GB AB"},"image":{"@id":"https:\/\/www.varkstaden.se\/bokhandel\/#\/schema\/logo\/image\/"}}]}},"_links":{"self":[{"href":"https:\/\/www.varkstaden.se\/bokhandel\/wp-json\/wp\/v2\/product\/90","targetHints":{"allow":["GET"]}}],"collection":[{"href":"https:\/\/www.varkstaden.se\/bokhandel\/wp-json\/wp\/v2\/product"}],"about":[{"href":"https:\/\/www.varkstaden.se\/bokhandel\/wp-json\/wp\/v2\/types\/product"}],"replies":[{"embeddable":true,"href":"https:\/\/www.varkstaden.se\/bokhandel\/wp-json\/wp\/v2\/comments?post=90"}],"wp:featuredmedia":[{"embeddable":true,"href":"https:\/\/www.varkstaden.se\/bokhandel\/wp-json\/wp\/v2\/media\/91"}],"wp:attachment":[{"href":"https:\/\/www.varkstaden.se\/bokhandel\/wp-json\/wp\/v2\/media?parent=90"}],"wp:term":[{"taxonomy":"product_brand","embeddable":true,"href":"https:\/\/www.varkstaden.se\/bokhandel\/wp-json\/wp\/v2\/product_brand?post=90"},{"taxonomy":"product_cat","embeddable":true,"href":"https:\/\/www.varkstaden.se\/bokhandel\/wp-json\/wp\/v2\/product_cat?post=90"},{"taxonomy":"product_tag","embeddable":true,"href":"https:\/\/www.varkstaden.se\/bokhandel\/wp-json\/wp\/v2\/product_tag?post=90"}],"curies":[{"name":"wp","href":"https:\/\/api.w.org\/{rel}","templated":true}]}}