{"id":768,"date":"2018-03-29T11:18:51","date_gmt":"2018-03-29T11:18:51","guid":{"rendered":"http:\/\/www.varkstaden.se\/bokhandel\/?post_type=product&#038;p=768"},"modified":"2024-07-02T09:26:37","modified_gmt":"2024-07-02T09:26:37","slug":"lyckansmysterium","status":"publish","type":"product","link":"https:\/\/www.varkstaden.se\/bokhandel\/produkt\/lyckansmysterium\/","title":{"rendered":"Lyckans mysterium"},"content":{"rendered":"<p>\u00c4r du lycklig? F\u00f6r att kunna svara p\u00e5 fr\u00e5gan m\u00e5ste du veta vad lycka \u00e4r. Lyckorus g\u00e5r snabbt \u00f6ver. Att bli l\u00e5ngsiktigt lycklig \u00e4r ingen \u201cquick fix\u201d. Numera \u00e4r lyckans mysterium v\u00e4l utforskat. Det har under senare \u00e5r kommit en m\u00e4ngd vetenskapliga publikationer i \u00e4mnet.<br \/>\nUnder \u00e5ren som l\u00e4kare och ledare i V\u00e4rkstadsprojektet har jag m\u00f6tt m\u00e4ngder av olyckliga m\u00e4nniskor. I V\u00e4rkstaden ledde jag \u00f6ppna samtals\u00adgrupper d\u00e4r min uppgift var att leda, strukturera och sammanfatta samtalen. Jag fick ofta h\u00f6ra att jag \u00e4r en m\u00e4stare p\u00e5 att f\u00f6rklara sv\u00e5ra saker p\u00e5 ett enkelt s\u00e4tt. Strukturerna gjorde det enklare att tala om sv\u00e5ra livsfr\u00e5gor och bes\u00f6karna fick verktyg med vilka de l\u00e4rde sig att hantera livet p\u00e5 ett b\u00e4ttre s\u00e4tt \u00e4n tidigare.<br \/>\nI denna bok har jag gett mig p\u00e5 att strukturera begreppet lycka. Jag har valt att presentera fakta i form av strukturerade listor och skisser att reflektera \u00f6ver och fylla p\u00e5 med egna exempel. Det \u00e4r min f\u00f6rhoppning att boken kan fung\u00adera som en inspirationsk\u00e4lla och en receptbok f\u00f6r den som vill o\u00adptimera sin lycka.<\/p>\n","protected":false},"excerpt":{"rendered":"<p>\u00c4r du lycklig? F\u00f6r att kunna svara p\u00e5 fr\u00e5gan m\u00e5ste du veta vad lycka \u00e4r. Lyckorus g\u00e5r snabbt \u00f6ver. Att bli l\u00e5ngsiktigt lycklig \u00e4r ingen \u201cquick fix\u201d. Numera \u00e4r lyckans mysterium v\u00e4l utforskat. Det har under senare \u00e5r kommit en &hellip;<\/p>\n<p class=\"read-more\"> <a class=\"more-link\" href=\"https:\/\/www.varkstaden.se\/bokhandel\/produkt\/lyckansmysterium\/\"> <span class=\"screen-reader-text\">Lyckans mysterium<\/span> L\u00e4s mer &raquo;<\/a><\/p>\n","protected":false},"featured_media":783,"comment_status":"open","ping_status":"closed","template":"","meta":[],"product_brand":[],"product_cat":[18,13],"product_tag":[],"class_list":{"0":"post-768","1":"product","2":"type-product","3":"status-publish","4":"has-post-thumbnail","6":"product_cat-e-bocker","7":"product_cat-livsvisdom-och-klokskap","9":"first","10":"instock","11":"sale","12":"featured","13":"taxable","14":"shipping-taxable","15":"purchasable","16":"product-type-variable"},"yoast_head":"<!-- This site is optimized with the Yoast SEO plugin v27.4 - https:\/\/yoast.com\/product\/yoast-seo-wordpress\/ -->\n<title>Lyckans mysterium - om vilka faktorer i livet som leder till lycka.<\/title>\n<meta name=\"description\" content=\"I boken redovisas forskning och fakta om vad som g\u00f6r m\u00e4nniskor lyckliga. L\u00e4saren f\u00e5r ett recept p\u00e5 hur hen kan \u00f6ka lyckan i sitt liv.\" \/>\n<meta name=\"robots\" content=\"index, follow, max-snippet:-1, max-image-preview:large, max-video-preview:-1\" \/>\n<link rel=\"canonical\" href=\"https:\/\/www.varkstaden.se\/bokhandel\/produkt\/lyckansmysterium\/\" \/>\n<meta property=\"og:locale\" content=\"sv_SE\" \/>\n<meta property=\"og:type\" content=\"article\" \/>\n<meta property=\"og:title\" content=\"Lyckans mysterium - om vilka faktorer i livet som leder till lycka.\" \/>\n<meta property=\"og:description\" content=\"I boken redovisas forskning och fakta om vad som g\u00f6r m\u00e4nniskor lyckliga. L\u00e4saren f\u00e5r ett recept p\u00e5 hur hen kan \u00f6ka lyckan i sitt liv.\" \/>\n<meta property=\"og:url\" content=\"https:\/\/www.varkstaden.se\/bokhandel\/produkt\/lyckansmysterium\/\" \/>\n<meta property=\"og:site_name\" content=\"V\u00c4RKSTADSBOKHANDELN, webbmaster: Gunilla Brattberg\" \/>\n<meta property=\"article:modified_time\" content=\"2024-07-02T09:26:37+00:00\" \/>\n<meta property=\"og:image\" content=\"https:\/\/www.varkstaden.se\/bokhandel\/wp-content\/uploads\/2018\/03\/Lyckan-Mysterium.jpg\" \/>\n\t<meta property=\"og:image:width\" content=\"1024\" \/>\n\t<meta property=\"og:image:height\" content=\"1024\" \/>\n\t<meta property=\"og:image:type\" content=\"image\/jpeg\" \/>\n<meta name=\"twitter:card\" content=\"summary_large_image\" \/>\n<meta name=\"twitter:label1\" content=\"Ber\u00e4knad l\u00e4stid\" \/>\n\t<meta name=\"twitter:data1\" content=\"1 minut\" \/>\n<script type=\"application\/ld+json\" class=\"yoast-schema-graph\">{\"@context\":\"https:\\\/\\\/schema.org\",\"@graph\":[{\"@type\":\"WebPage\",\"@id\":\"https:\\\/\\\/www.varkstaden.se\\\/bokhandel\\\/produkt\\\/lyckansmysterium\\\/\",\"url\":\"https:\\\/\\\/www.varkstaden.se\\\/bokhandel\\\/produkt\\\/lyckansmysterium\\\/\",\"name\":\"Lyckans mysterium - om vilka faktorer i livet som leder till lycka.\",\"isPartOf\":{\"@id\":\"https:\\\/\\\/www.varkstaden.se\\\/bokhandel\\\/#website\"},\"primaryImageOfPage\":{\"@id\":\"https:\\\/\\\/www.varkstaden.se\\\/bokhandel\\\/produkt\\\/lyckansmysterium\\\/#primaryimage\"},\"image\":{\"@id\":\"https:\\\/\\\/www.varkstaden.se\\\/bokhandel\\\/produkt\\\/lyckansmysterium\\\/#primaryimage\"},\"thumbnailUrl\":\"https:\\\/\\\/www.varkstaden.se\\\/bokhandel\\\/wp-content\\\/uploads\\\/2018\\\/03\\\/Lyckan-Mysterium.jpg\",\"datePublished\":\"2018-03-29T11:18:51+00:00\",\"dateModified\":\"2024-07-02T09:26:37+00:00\",\"description\":\"I boken redovisas forskning och fakta om vad som g\u00f6r m\u00e4nniskor lyckliga. L\u00e4saren f\u00e5r ett recept p\u00e5 hur hen kan \u00f6ka lyckan i sitt liv.\",\"breadcrumb\":{\"@id\":\"https:\\\/\\\/www.varkstaden.se\\\/bokhandel\\\/produkt\\\/lyckansmysterium\\\/#breadcrumb\"},\"inLanguage\":\"sv-SE\",\"potentialAction\":[{\"@type\":\"ReadAction\",\"target\":[\"https:\\\/\\\/www.varkstaden.se\\\/bokhandel\\\/produkt\\\/lyckansmysterium\\\/\"]}]},{\"@type\":\"ImageObject\",\"inLanguage\":\"sv-SE\",\"@id\":\"https:\\\/\\\/www.varkstaden.se\\\/bokhandel\\\/produkt\\\/lyckansmysterium\\\/#primaryimage\",\"url\":\"https:\\\/\\\/www.varkstaden.se\\\/bokhandel\\\/wp-content\\\/uploads\\\/2018\\\/03\\\/Lyckan-Mysterium.jpg\",\"contentUrl\":\"https:\\\/\\\/www.varkstaden.se\\\/bokhandel\\\/wp-content\\\/uploads\\\/2018\\\/03\\\/Lyckan-Mysterium.jpg\",\"width\":1024,\"height\":1024,\"caption\":\"Lyckans mysterium\"},{\"@type\":\"BreadcrumbList\",\"@id\":\"https:\\\/\\\/www.varkstaden.se\\\/bokhandel\\\/produkt\\\/lyckansmysterium\\\/#breadcrumb\",\"itemListElement\":[{\"@type\":\"ListItem\",\"position\":1,\"name\":\"Hem\",\"item\":\"https:\\\/\\\/www.varkstaden.se\\\/bokhandel\\\/\"},{\"@type\":\"ListItem\",\"position\":2,\"name\":\"Webbutik\",\"item\":\"https:\\\/\\\/www.varkstaden.se\\\/bokhandel\\\/\"},{\"@type\":\"ListItem\",\"position\":3,\"name\":\"Lyckans mysterium\"}]},{\"@type\":\"WebSite\",\"@id\":\"https:\\\/\\\/www.varkstaden.se\\\/bokhandel\\\/#website\",\"url\":\"https:\\\/\\\/www.varkstaden.se\\\/bokhandel\\\/\",\"name\":\"V\u00c4RKSTADSBOKHANDELN\",\"description\":\"\",\"publisher\":{\"@id\":\"https:\\\/\\\/www.varkstaden.se\\\/bokhandel\\\/#organization\"},\"potentialAction\":[{\"@type\":\"SearchAction\",\"target\":{\"@type\":\"EntryPoint\",\"urlTemplate\":\"https:\\\/\\\/www.varkstaden.se\\\/bokhandel\\\/?s={search_term_string}\"},\"query-input\":{\"@type\":\"PropertyValueSpecification\",\"valueRequired\":true,\"valueName\":\"search_term_string\"}}],\"inLanguage\":\"sv-SE\"},{\"@type\":\"Organization\",\"@id\":\"https:\\\/\\\/www.varkstaden.se\\\/bokhandel\\\/#organization\",\"name\":\"V\u00e4rkstaden GB AB\",\"url\":\"https:\\\/\\\/www.varkstaden.se\\\/bokhandel\\\/\",\"logo\":{\"@type\":\"ImageObject\",\"inLanguage\":\"sv-SE\",\"@id\":\"https:\\\/\\\/www.varkstaden.se\\\/bokhandel\\\/#\\\/schema\\\/logo\\\/image\\\/\",\"url\":\"https:\\\/\\\/www.varkstaden.se\\\/bokhandel\\\/wp-content\\\/uploads\\\/2017\\\/09\\\/cropped-bokhandel-e1543669762370-1.jpg\",\"contentUrl\":\"https:\\\/\\\/www.varkstaden.se\\\/bokhandel\\\/wp-content\\\/uploads\\\/2017\\\/09\\\/cropped-bokhandel-e1543669762370-1.jpg\",\"width\":1000,\"height\":525,\"caption\":\"V\u00e4rkstaden GB AB\"},\"image\":{\"@id\":\"https:\\\/\\\/www.varkstaden.se\\\/bokhandel\\\/#\\\/schema\\\/logo\\\/image\\\/\"}}]}<\/script>\n<!-- \/ Yoast SEO plugin. -->","yoast_head_json":{"title":"Lyckans mysterium - om vilka faktorer i livet som leder till lycka.","description":"I boken redovisas forskning och fakta om vad som g\u00f6r m\u00e4nniskor lyckliga. L\u00e4saren f\u00e5r ett recept p\u00e5 hur hen kan \u00f6ka lyckan i sitt liv.","robots":{"index":"index","follow":"follow","max-snippet":"max-snippet:-1","max-image-preview":"max-image-preview:large","max-video-preview":"max-video-preview:-1"},"canonical":"https:\/\/www.varkstaden.se\/bokhandel\/produkt\/lyckansmysterium\/","og_locale":"sv_SE","og_type":"article","og_title":"Lyckans mysterium - om vilka faktorer i livet som leder till lycka.","og_description":"I boken redovisas forskning och fakta om vad som g\u00f6r m\u00e4nniskor lyckliga. L\u00e4saren f\u00e5r ett recept p\u00e5 hur hen kan \u00f6ka lyckan i sitt liv.","og_url":"https:\/\/www.varkstaden.se\/bokhandel\/produkt\/lyckansmysterium\/","og_site_name":"V\u00c4RKSTADSBOKHANDELN, webbmaster: Gunilla Brattberg","article_modified_time":"2024-07-02T09:26:37+00:00","og_image":[{"width":1024,"height":1024,"url":"https:\/\/www.varkstaden.se\/bokhandel\/wp-content\/uploads\/2018\/03\/Lyckan-Mysterium.jpg","type":"image\/jpeg"}],"twitter_card":"summary_large_image","twitter_misc":{"Ber\u00e4knad l\u00e4stid":"1 minut"},"schema":{"@context":"https:\/\/schema.org","@graph":[{"@type":"WebPage","@id":"https:\/\/www.varkstaden.se\/bokhandel\/produkt\/lyckansmysterium\/","url":"https:\/\/www.varkstaden.se\/bokhandel\/produkt\/lyckansmysterium\/","name":"Lyckans mysterium - om vilka faktorer i livet som leder till lycka.","isPartOf":{"@id":"https:\/\/www.varkstaden.se\/bokhandel\/#website"},"primaryImageOfPage":{"@id":"https:\/\/www.varkstaden.se\/bokhandel\/produkt\/lyckansmysterium\/#primaryimage"},"image":{"@id":"https:\/\/www.varkstaden.se\/bokhandel\/produkt\/lyckansmysterium\/#primaryimage"},"thumbnailUrl":"https:\/\/www.varkstaden.se\/bokhandel\/wp-content\/uploads\/2018\/03\/Lyckan-Mysterium.jpg","datePublished":"2018-03-29T11:18:51+00:00","dateModified":"2024-07-02T09:26:37+00:00","description":"I boken redovisas forskning och fakta om vad som g\u00f6r m\u00e4nniskor lyckliga. L\u00e4saren f\u00e5r ett recept p\u00e5 hur hen kan \u00f6ka lyckan i sitt liv.","breadcrumb":{"@id":"https:\/\/www.varkstaden.se\/bokhandel\/produkt\/lyckansmysterium\/#breadcrumb"},"inLanguage":"sv-SE","potentialAction":[{"@type":"ReadAction","target":["https:\/\/www.varkstaden.se\/bokhandel\/produkt\/lyckansmysterium\/"]}]},{"@type":"ImageObject","inLanguage":"sv-SE","@id":"https:\/\/www.varkstaden.se\/bokhandel\/produkt\/lyckansmysterium\/#primaryimage","url":"https:\/\/www.varkstaden.se\/bokhandel\/wp-content\/uploads\/2018\/03\/Lyckan-Mysterium.jpg","contentUrl":"https:\/\/www.varkstaden.se\/bokhandel\/wp-content\/uploads\/2018\/03\/Lyckan-Mysterium.jpg","width":1024,"height":1024,"caption":"Lyckans mysterium"},{"@type":"BreadcrumbList","@id":"https:\/\/www.varkstaden.se\/bokhandel\/produkt\/lyckansmysterium\/#breadcrumb","itemListElement":[{"@type":"ListItem","position":1,"name":"Hem","item":"https:\/\/www.varkstaden.se\/bokhandel\/"},{"@type":"ListItem","position":2,"name":"Webbutik","item":"https:\/\/www.varkstaden.se\/bokhandel\/"},{"@type":"ListItem","position":3,"name":"Lyckans mysterium"}]},{"@type":"WebSite","@id":"https:\/\/www.varkstaden.se\/bokhandel\/#website","url":"https:\/\/www.varkstaden.se\/bokhandel\/","name":"V\u00c4RKSTADSBOKHANDELN","description":"","publisher":{"@id":"https:\/\/www.varkstaden.se\/bokhandel\/#organization"},"potentialAction":[{"@type":"SearchAction","target":{"@type":"EntryPoint","urlTemplate":"https:\/\/www.varkstaden.se\/bokhandel\/?s={search_term_string}"},"query-input":{"@type":"PropertyValueSpecification","valueRequired":true,"valueName":"search_term_string"}}],"inLanguage":"sv-SE"},{"@type":"Organization","@id":"https:\/\/www.varkstaden.se\/bokhandel\/#organization","name":"V\u00e4rkstaden GB AB","url":"https:\/\/www.varkstaden.se\/bokhandel\/","logo":{"@type":"ImageObject","inLanguage":"sv-SE","@id":"https:\/\/www.varkstaden.se\/bokhandel\/#\/schema\/logo\/image\/","url":"https:\/\/www.varkstaden.se\/bokhandel\/wp-content\/uploads\/2017\/09\/cropped-bokhandel-e1543669762370-1.jpg","contentUrl":"https:\/\/www.varkstaden.se\/bokhandel\/wp-content\/uploads\/2017\/09\/cropped-bokhandel-e1543669762370-1.jpg","width":1000,"height":525,"caption":"V\u00e4rkstaden GB AB"},"image":{"@id":"https:\/\/www.varkstaden.se\/bokhandel\/#\/schema\/logo\/image\/"}}]}},"_links":{"self":[{"href":"https:\/\/www.varkstaden.se\/bokhandel\/wp-json\/wp\/v2\/product\/768","targetHints":{"allow":["GET"]}}],"collection":[{"href":"https:\/\/www.varkstaden.se\/bokhandel\/wp-json\/wp\/v2\/product"}],"about":[{"href":"https:\/\/www.varkstaden.se\/bokhandel\/wp-json\/wp\/v2\/types\/product"}],"replies":[{"embeddable":true,"href":"https:\/\/www.varkstaden.se\/bokhandel\/wp-json\/wp\/v2\/comments?post=768"}],"wp:featuredmedia":[{"embeddable":true,"href":"https:\/\/www.varkstaden.se\/bokhandel\/wp-json\/wp\/v2\/media\/783"}],"wp:attachment":[{"href":"https:\/\/www.varkstaden.se\/bokhandel\/wp-json\/wp\/v2\/media?parent=768"}],"wp:term":[{"taxonomy":"product_brand","embeddable":true,"href":"https:\/\/www.varkstaden.se\/bokhandel\/wp-json\/wp\/v2\/product_brand?post=768"},{"taxonomy":"product_cat","embeddable":true,"href":"https:\/\/www.varkstaden.se\/bokhandel\/wp-json\/wp\/v2\/product_cat?post=768"},{"taxonomy":"product_tag","embeddable":true,"href":"https:\/\/www.varkstaden.se\/bokhandel\/wp-json\/wp\/v2\/product_tag?post=768"}],"curies":[{"name":"wp","href":"https:\/\/api.w.org\/{rel}","templated":true}]}}