{"id":408,"date":"2016-06-14T06:51:10","date_gmt":"2016-06-14T06:51:10","guid":{"rendered":"http:\/\/www.varkstaden.se\/bokhandel\/?post_type=product&#038;p=408"},"modified":"2024-07-30T06:23:28","modified_gmt":"2024-07-30T06:23:28","slug":"manual-till-manniskan","status":"publish","type":"product","link":"https:\/\/www.varkstaden.se\/bokhandel\/produkt\/manual-till-manniskan\/","title":{"rendered":"Manual till m\u00e4nniskan"},"content":{"rendered":"<p>Under mer \u00e4n 40 \u00e5r har jag behandlat och rehabiliterat trasiga m\u00e4nniskor. M\u00e5nga g\u00e5nger har det handlat om att hj\u00e4lpa dem att leva. Jag har arbetat med enskilda m\u00f6ten, sm\u00e5 och stora grupper. I fjorton \u00e5r ledde jag existentiella livsn\u00e4ra samtal i V\u00e4rkstadsgrupp\u00ader p\u00e5 upp till 50 personer. V\u00e4rkstaden var en ideell verksamhet d\u00e4r vi arbetade med v\u00e4rktyg f\u00f6r att l\u00e4ra m\u00e4nniskor bem\u00e4stra v\u00e4rkligheten och bli v\u00e4rkm\u00e4stare. Till V\u00e4rkstaden kom m\u00e4nn\u00adiskor med l\u00e5ngvarig v\u00e4rk och annan oh\u00e4lsa. Ofta v\u00e4rkte hela livet. De kom n\u00e4r de i sjukv\u00e5rden f\u00e5tt beskedet: Du f\u00e5r l\u00e4ra dig att leva med dina symtom. Aldrig hade de f\u00e5tt l\u00e4ra sig hur det skulle g\u00e5 till. I V\u00e4rkstaden fick de hj\u00e4lp att leva bra liv med kvarst\u00e5ende symtom. M\u00e5nga uttryckte att det var som att g\u00e5 i livets universitet, d\u00e4r det f\u00e5tt en utbildning i att vara m\u00e4nniska.<\/p>\n<p>I denna bok redovisar jag hur processen fr\u00e5n ett liv i kris och kaos till att bli v\u00e4rkm\u00e4stare g\u00e5r till. Fakta om m\u00e4nskliga f\u00f6reteelser och processer varvas med citat fr\u00e5n m\u00e4nniskor som bytt \u00e5sikter mot insikter och f\u00e5tt hj\u00e4lp att bryta onda cirklar p\u00e5 v\u00e4gen mot h\u00e4lsosammare liv.<\/p>\n<p>Boken kan fungera som en bruksanvisning \u2013 en manual \u2013 f\u00f6r den som vill l\u00e4ra sig mer om hur man kan hantera olika jobbiga situationer i livet. Anh\u00f6riga, v\u00e4nner och arbetskamrater till lidande m\u00e4nniskor kan sannolikt f\u00e5 tips om hur de ska f\u00f6rh\u00e5lla sig till sina n\u00e4ra och k\u00e4ra. L\u00e4kare, sjuksk\u00f6terskor, sjukgymnaster\/fysioterapeuter och andra som arbetar inom sjukv\u00e5rden kan troligen f\u00e5 id\u00e9er om hur deras arbetss\u00e4tt kan f\u00f6r\u00e4ndras med fler n\u00f6jda patienter som resultat. M\u00e4nniskor som lever sunda och bra liv och beh\u00f6ver hj\u00e4lp att f\u00f6rst\u00e5 sig p\u00e5 sin omgivning eller bara vill l\u00e4ra sig mer om m\u00e4nskliga processer har f\u00f6rhoppningsvis ocks\u00e5 utbyte av att l\u00e4sa boken. Boken kan med f\u00f6rdel l\u00e4sas fr\u00e5n p\u00e4rm till p\u00e4rm, men det g\u00e5r ocks\u00e5 att som i en bruksanvisning upps\u00f6ka det avsnitt som handlar om den aktuella situation man befinner sig i. Boken kan upplevas v\u00e4l omfattande men det finns inget quick fix f\u00f6r m\u00e4nniskor som har g\u00e5tt s\u00f6nder.<\/p>\n<p>L\u00e4s om boken p\u00e5 Seniorh\u00e4lsa.se: <a href=\"https:\/\/www.seniorh\u00e4lsa.se\/ibland-varker-hela-livet\/\">https:\/\/www.seniorh\u00e4lsa.se\/ibland-varker-hela-livet\/<\/a>.<\/p>\n","protected":false},"excerpt":{"rendered":"<p>Under mer \u00e4n 40 \u00e5r har jag behandlat och rehabiliterat trasiga m\u00e4nniskor. M\u00e5nga g\u00e5nger har det handlat om att hj\u00e4lpa dem att leva. Jag har arbetat med enskilda m\u00f6ten, sm\u00e5 och stora grupper. I fjorton \u00e5r ledde jag existentiella livsn\u00e4ra &hellip;<\/p>\n<p class=\"read-more\"> <a class=\"more-link\" href=\"https:\/\/www.varkstaden.se\/bokhandel\/produkt\/manual-till-manniskan\/\"> <span class=\"screen-reader-text\">Manual till m\u00e4nniskan<\/span> L\u00e4s mer &raquo;<\/a><\/p>\n","protected":false},"featured_media":779,"comment_status":"open","ping_status":"closed","template":"","meta":[],"product_brand":[],"product_cat":[13,17,10,9],"product_tag":[],"class_list":{"0":"post-408","1":"product","2":"type-product","3":"status-publish","4":"has-post-thumbnail","6":"product_cat-livsvisdom-och-klokskap","7":"product_cat-pedagogik","8":"product_cat-rehabilitering","9":"product_cat-vark-och-smarta","11":"first","12":"instock","13":"sale","14":"featured","15":"taxable","16":"shipping-taxable","17":"purchasable","18":"product-type-simple"},"yoast_head":"<!-- This site is optimized with the Yoast SEO plugin v27.4 - https:\/\/yoast.com\/product\/yoast-seo-wordpress\/ -->\n<title>Manual till m\u00e4nniskan - om utbildning i livets universitet<\/title>\n<meta name=\"description\" content=\"Boken kan fungera som en bruksanvisning - manual - f\u00f6r den som vill l\u00e4ra sig mer om hur man kan hantera olika jobbiga situationer i livet.\" \/>\n<meta name=\"robots\" content=\"index, follow, max-snippet:-1, max-image-preview:large, max-video-preview:-1\" \/>\n<link rel=\"canonical\" href=\"https:\/\/www.varkstaden.se\/bokhandel\/produkt\/manual-till-manniskan\/\" \/>\n<meta property=\"og:locale\" content=\"sv_SE\" \/>\n<meta property=\"og:type\" content=\"article\" \/>\n<meta property=\"og:title\" content=\"Manual till m\u00e4nniskan - om utbildning i livets universitet\" \/>\n<meta property=\"og:description\" content=\"Boken kan fungera som en bruksanvisning - manual - f\u00f6r den som vill l\u00e4ra sig mer om hur man kan hantera olika jobbiga situationer i livet.\" \/>\n<meta property=\"og:url\" content=\"https:\/\/www.varkstaden.se\/bokhandel\/produkt\/manual-till-manniskan\/\" \/>\n<meta property=\"og:site_name\" content=\"V\u00c4RKSTADSBOKHANDELN, webbmaster: Gunilla Brattberg\" \/>\n<meta property=\"article:modified_time\" content=\"2024-07-30T06:23:28+00:00\" \/>\n<meta property=\"og:image\" content=\"https:\/\/www.varkstaden.se\/bokhandel\/wp-content\/uploads\/2016\/06\/Manualen-ny-1.jpg\" \/>\n\t<meta property=\"og:image:width\" content=\"1024\" \/>\n\t<meta property=\"og:image:height\" content=\"1024\" \/>\n\t<meta property=\"og:image:type\" content=\"image\/jpeg\" \/>\n<meta name=\"twitter:card\" content=\"summary_large_image\" \/>\n<meta name=\"twitter:label1\" content=\"Ber\u00e4knad l\u00e4stid\" \/>\n\t<meta name=\"twitter:data1\" content=\"2 minuter\" \/>\n<script type=\"application\/ld+json\" class=\"yoast-schema-graph\">{\"@context\":\"https:\\\/\\\/schema.org\",\"@graph\":[{\"@type\":\"WebPage\",\"@id\":\"https:\\\/\\\/www.varkstaden.se\\\/bokhandel\\\/produkt\\\/manual-till-manniskan\\\/\",\"url\":\"https:\\\/\\\/www.varkstaden.se\\\/bokhandel\\\/produkt\\\/manual-till-manniskan\\\/\",\"name\":\"Manual till m\u00e4nniskan - om utbildning i livets universitet\",\"isPartOf\":{\"@id\":\"https:\\\/\\\/www.varkstaden.se\\\/bokhandel\\\/#website\"},\"primaryImageOfPage\":{\"@id\":\"https:\\\/\\\/www.varkstaden.se\\\/bokhandel\\\/produkt\\\/manual-till-manniskan\\\/#primaryimage\"},\"image\":{\"@id\":\"https:\\\/\\\/www.varkstaden.se\\\/bokhandel\\\/produkt\\\/manual-till-manniskan\\\/#primaryimage\"},\"thumbnailUrl\":\"https:\\\/\\\/www.varkstaden.se\\\/bokhandel\\\/wp-content\\\/uploads\\\/2016\\\/06\\\/Manualen-ny-1.jpg\",\"datePublished\":\"2016-06-14T06:51:10+00:00\",\"dateModified\":\"2024-07-30T06:23:28+00:00\",\"description\":\"Boken kan fungera som en bruksanvisning - manual - f\u00f6r den som vill l\u00e4ra sig mer om hur man kan hantera olika jobbiga situationer i livet.\",\"breadcrumb\":{\"@id\":\"https:\\\/\\\/www.varkstaden.se\\\/bokhandel\\\/produkt\\\/manual-till-manniskan\\\/#breadcrumb\"},\"inLanguage\":\"sv-SE\",\"potentialAction\":[{\"@type\":\"ReadAction\",\"target\":[\"https:\\\/\\\/www.varkstaden.se\\\/bokhandel\\\/produkt\\\/manual-till-manniskan\\\/\"]}]},{\"@type\":\"ImageObject\",\"inLanguage\":\"sv-SE\",\"@id\":\"https:\\\/\\\/www.varkstaden.se\\\/bokhandel\\\/produkt\\\/manual-till-manniskan\\\/#primaryimage\",\"url\":\"https:\\\/\\\/www.varkstaden.se\\\/bokhandel\\\/wp-content\\\/uploads\\\/2016\\\/06\\\/Manualen-ny-1.jpg\",\"contentUrl\":\"https:\\\/\\\/www.varkstaden.se\\\/bokhandel\\\/wp-content\\\/uploads\\\/2016\\\/06\\\/Manualen-ny-1.jpg\",\"width\":1024,\"height\":1024,\"caption\":\"Manual till m\u00e4nniskan\"},{\"@type\":\"BreadcrumbList\",\"@id\":\"https:\\\/\\\/www.varkstaden.se\\\/bokhandel\\\/produkt\\\/manual-till-manniskan\\\/#breadcrumb\",\"itemListElement\":[{\"@type\":\"ListItem\",\"position\":1,\"name\":\"Hem\",\"item\":\"https:\\\/\\\/www.varkstaden.se\\\/bokhandel\\\/\"},{\"@type\":\"ListItem\",\"position\":2,\"name\":\"Webbutik\",\"item\":\"https:\\\/\\\/www.varkstaden.se\\\/bokhandel\\\/\"},{\"@type\":\"ListItem\",\"position\":3,\"name\":\"Manual till m\u00e4nniskan\"}]},{\"@type\":\"WebSite\",\"@id\":\"https:\\\/\\\/www.varkstaden.se\\\/bokhandel\\\/#website\",\"url\":\"https:\\\/\\\/www.varkstaden.se\\\/bokhandel\\\/\",\"name\":\"V\u00c4RKSTADSBOKHANDELN\",\"description\":\"\",\"publisher\":{\"@id\":\"https:\\\/\\\/www.varkstaden.se\\\/bokhandel\\\/#organization\"},\"potentialAction\":[{\"@type\":\"SearchAction\",\"target\":{\"@type\":\"EntryPoint\",\"urlTemplate\":\"https:\\\/\\\/www.varkstaden.se\\\/bokhandel\\\/?s={search_term_string}\"},\"query-input\":{\"@type\":\"PropertyValueSpecification\",\"valueRequired\":true,\"valueName\":\"search_term_string\"}}],\"inLanguage\":\"sv-SE\"},{\"@type\":\"Organization\",\"@id\":\"https:\\\/\\\/www.varkstaden.se\\\/bokhandel\\\/#organization\",\"name\":\"V\u00e4rkstaden GB AB\",\"url\":\"https:\\\/\\\/www.varkstaden.se\\\/bokhandel\\\/\",\"logo\":{\"@type\":\"ImageObject\",\"inLanguage\":\"sv-SE\",\"@id\":\"https:\\\/\\\/www.varkstaden.se\\\/bokhandel\\\/#\\\/schema\\\/logo\\\/image\\\/\",\"url\":\"https:\\\/\\\/www.varkstaden.se\\\/bokhandel\\\/wp-content\\\/uploads\\\/2017\\\/09\\\/cropped-bokhandel-e1543669762370-1.jpg\",\"contentUrl\":\"https:\\\/\\\/www.varkstaden.se\\\/bokhandel\\\/wp-content\\\/uploads\\\/2017\\\/09\\\/cropped-bokhandel-e1543669762370-1.jpg\",\"width\":1000,\"height\":525,\"caption\":\"V\u00e4rkstaden GB AB\"},\"image\":{\"@id\":\"https:\\\/\\\/www.varkstaden.se\\\/bokhandel\\\/#\\\/schema\\\/logo\\\/image\\\/\"}}]}<\/script>\n<!-- \/ Yoast SEO plugin. -->","yoast_head_json":{"title":"Manual till m\u00e4nniskan - om utbildning i livets universitet","description":"Boken kan fungera som en bruksanvisning - manual - f\u00f6r den som vill l\u00e4ra sig mer om hur man kan hantera olika jobbiga situationer i livet.","robots":{"index":"index","follow":"follow","max-snippet":"max-snippet:-1","max-image-preview":"max-image-preview:large","max-video-preview":"max-video-preview:-1"},"canonical":"https:\/\/www.varkstaden.se\/bokhandel\/produkt\/manual-till-manniskan\/","og_locale":"sv_SE","og_type":"article","og_title":"Manual till m\u00e4nniskan - om utbildning i livets universitet","og_description":"Boken kan fungera som en bruksanvisning - manual - f\u00f6r den som vill l\u00e4ra sig mer om hur man kan hantera olika jobbiga situationer i livet.","og_url":"https:\/\/www.varkstaden.se\/bokhandel\/produkt\/manual-till-manniskan\/","og_site_name":"V\u00c4RKSTADSBOKHANDELN, webbmaster: Gunilla Brattberg","article_modified_time":"2024-07-30T06:23:28+00:00","og_image":[{"width":1024,"height":1024,"url":"https:\/\/www.varkstaden.se\/bokhandel\/wp-content\/uploads\/2016\/06\/Manualen-ny-1.jpg","type":"image\/jpeg"}],"twitter_card":"summary_large_image","twitter_misc":{"Ber\u00e4knad l\u00e4stid":"2 minuter"},"schema":{"@context":"https:\/\/schema.org","@graph":[{"@type":"WebPage","@id":"https:\/\/www.varkstaden.se\/bokhandel\/produkt\/manual-till-manniskan\/","url":"https:\/\/www.varkstaden.se\/bokhandel\/produkt\/manual-till-manniskan\/","name":"Manual till m\u00e4nniskan - om utbildning i livets universitet","isPartOf":{"@id":"https:\/\/www.varkstaden.se\/bokhandel\/#website"},"primaryImageOfPage":{"@id":"https:\/\/www.varkstaden.se\/bokhandel\/produkt\/manual-till-manniskan\/#primaryimage"},"image":{"@id":"https:\/\/www.varkstaden.se\/bokhandel\/produkt\/manual-till-manniskan\/#primaryimage"},"thumbnailUrl":"https:\/\/www.varkstaden.se\/bokhandel\/wp-content\/uploads\/2016\/06\/Manualen-ny-1.jpg","datePublished":"2016-06-14T06:51:10+00:00","dateModified":"2024-07-30T06:23:28+00:00","description":"Boken kan fungera som en bruksanvisning - manual - f\u00f6r den som vill l\u00e4ra sig mer om hur man kan hantera olika jobbiga situationer i livet.","breadcrumb":{"@id":"https:\/\/www.varkstaden.se\/bokhandel\/produkt\/manual-till-manniskan\/#breadcrumb"},"inLanguage":"sv-SE","potentialAction":[{"@type":"ReadAction","target":["https:\/\/www.varkstaden.se\/bokhandel\/produkt\/manual-till-manniskan\/"]}]},{"@type":"ImageObject","inLanguage":"sv-SE","@id":"https:\/\/www.varkstaden.se\/bokhandel\/produkt\/manual-till-manniskan\/#primaryimage","url":"https:\/\/www.varkstaden.se\/bokhandel\/wp-content\/uploads\/2016\/06\/Manualen-ny-1.jpg","contentUrl":"https:\/\/www.varkstaden.se\/bokhandel\/wp-content\/uploads\/2016\/06\/Manualen-ny-1.jpg","width":1024,"height":1024,"caption":"Manual till m\u00e4nniskan"},{"@type":"BreadcrumbList","@id":"https:\/\/www.varkstaden.se\/bokhandel\/produkt\/manual-till-manniskan\/#breadcrumb","itemListElement":[{"@type":"ListItem","position":1,"name":"Hem","item":"https:\/\/www.varkstaden.se\/bokhandel\/"},{"@type":"ListItem","position":2,"name":"Webbutik","item":"https:\/\/www.varkstaden.se\/bokhandel\/"},{"@type":"ListItem","position":3,"name":"Manual till m\u00e4nniskan"}]},{"@type":"WebSite","@id":"https:\/\/www.varkstaden.se\/bokhandel\/#website","url":"https:\/\/www.varkstaden.se\/bokhandel\/","name":"V\u00c4RKSTADSBOKHANDELN","description":"","publisher":{"@id":"https:\/\/www.varkstaden.se\/bokhandel\/#organization"},"potentialAction":[{"@type":"SearchAction","target":{"@type":"EntryPoint","urlTemplate":"https:\/\/www.varkstaden.se\/bokhandel\/?s={search_term_string}"},"query-input":{"@type":"PropertyValueSpecification","valueRequired":true,"valueName":"search_term_string"}}],"inLanguage":"sv-SE"},{"@type":"Organization","@id":"https:\/\/www.varkstaden.se\/bokhandel\/#organization","name":"V\u00e4rkstaden GB AB","url":"https:\/\/www.varkstaden.se\/bokhandel\/","logo":{"@type":"ImageObject","inLanguage":"sv-SE","@id":"https:\/\/www.varkstaden.se\/bokhandel\/#\/schema\/logo\/image\/","url":"https:\/\/www.varkstaden.se\/bokhandel\/wp-content\/uploads\/2017\/09\/cropped-bokhandel-e1543669762370-1.jpg","contentUrl":"https:\/\/www.varkstaden.se\/bokhandel\/wp-content\/uploads\/2017\/09\/cropped-bokhandel-e1543669762370-1.jpg","width":1000,"height":525,"caption":"V\u00e4rkstaden GB AB"},"image":{"@id":"https:\/\/www.varkstaden.se\/bokhandel\/#\/schema\/logo\/image\/"}}]}},"_links":{"self":[{"href":"https:\/\/www.varkstaden.se\/bokhandel\/wp-json\/wp\/v2\/product\/408","targetHints":{"allow":["GET"]}}],"collection":[{"href":"https:\/\/www.varkstaden.se\/bokhandel\/wp-json\/wp\/v2\/product"}],"about":[{"href":"https:\/\/www.varkstaden.se\/bokhandel\/wp-json\/wp\/v2\/types\/product"}],"replies":[{"embeddable":true,"href":"https:\/\/www.varkstaden.se\/bokhandel\/wp-json\/wp\/v2\/comments?post=408"}],"wp:featuredmedia":[{"embeddable":true,"href":"https:\/\/www.varkstaden.se\/bokhandel\/wp-json\/wp\/v2\/media\/779"}],"wp:attachment":[{"href":"https:\/\/www.varkstaden.se\/bokhandel\/wp-json\/wp\/v2\/media?parent=408"}],"wp:term":[{"taxonomy":"product_brand","embeddable":true,"href":"https:\/\/www.varkstaden.se\/bokhandel\/wp-json\/wp\/v2\/product_brand?post=408"},{"taxonomy":"product_cat","embeddable":true,"href":"https:\/\/www.varkstaden.se\/bokhandel\/wp-json\/wp\/v2\/product_cat?post=408"},{"taxonomy":"product_tag","embeddable":true,"href":"https:\/\/www.varkstaden.se\/bokhandel\/wp-json\/wp\/v2\/product_tag?post=408"}],"curies":[{"name":"wp","href":"https:\/\/api.w.org\/{rel}","templated":true}]}}