{"id":340,"date":"2015-11-27T10:41:17","date_gmt":"2015-11-27T10:41:17","guid":{"rendered":"http:\/\/www.varkstaden.se\/bokhandel\/?post_type=product&#038;p=340"},"modified":"2021-11-25T07:49:05","modified_gmt":"2021-11-25T07:49:05","slug":"lara-aldre-it","status":"publish","type":"product","link":"https:\/\/www.varkstaden.se\/bokhandel\/produkt\/lara-aldre-it\/","title":{"rendered":"L\u00e4ra \u00e4ldre IT"},"content":{"rendered":"<p align=\"JUSTIFY\">Detta \u00e4r ingen kokbok med l\u00f6sningar p\u00e5 olika tekniska dataproblem. En s\u00e5dan skulle bli alltf\u00f6r omfattande och inom kort bli helt inaktuell. Denna handbok handlar mer om konsten att leda och l\u00e4ra ut, enskilt och i grupp. En god handledare f\u00f6rmedlar faktakunskap och erfarenhetskunskap, l\u00e4r ut och skapar f\u00f6ruts\u00e4ttningar f\u00f6r att det som l\u00e4rs ut ocks\u00e5 l\u00e4rs in av deltagarna. Ibland kan deltagarna dessutom beh\u00f6va l\u00e4ra av och l\u00e4ra om. Ledar-\/l\u00e4rarskapet handlar s\u00e5ledes i h\u00f6g grad om pedagogik och psykologi. I bokens senare del beskrivs kunskapsomr\u00e5den som en handledare i IT-fr\u00e5gor kan beh\u00f6va k\u00e4nna till.<\/p>\n<p align=\"JUSTIFY\">F\u00f6rvisso g\u00e5r det att l\u00e4ra \u00e4ldre IT om man har IT-kunskaper och en stor portion tid, t\u00e5lamod och sunt f\u00f6rnuft. Denna bok \u00e4r till f\u00f6r den som vill optimera sin ledar-\/l\u00e4rarinsats och d\u00e4rmed ocks\u00e5 sj\u00e4lv f\u00e5 ut mer av undervisningssituationerna. N\u00e4r det man g\u00f6r verkligen g\u00e5r in hos de \u00e4ldre blir det roligare att leda och handleda. N\u00f6jda hj\u00e4lps\u00f6kande seniorer f\u00e5r en att m\u00e5 bra.<\/p>\n<p>&nbsp;<\/p>\n","protected":false},"excerpt":{"rendered":"<p>Priser f\u00f6r medlemmar i SeniorNet \u00e4r 80 kronor.<br \/>\nF\u00f6r \u00f6vriga \u00e4r priset 100 kronor.<br \/>\nPris f\u00f6r E-bok 80 kronor.<br \/>\nPriserna inkluderar moms. Porto tillkommer vid k\u00f6p av pappersbok\/-b\u00f6cker.<\/p>\n","protected":false},"featured_media":345,"comment_status":"open","ping_status":"closed","template":"","meta":[],"product_brand":[],"product_cat":[16,18],"product_tag":[],"class_list":{"0":"post-340","1":"product","2":"type-product","3":"status-publish","4":"has-post-thumbnail","6":"product_cat-databocker","7":"product_cat-e-bocker","9":"first","10":"instock","11":"sale","12":"featured","13":"taxable","14":"shipping-taxable","15":"purchasable","16":"product-type-variable"},"yoast_head":"<!-- This site is optimized with the Yoast SEO plugin v27.4 - https:\/\/yoast.com\/product\/yoast-seo-wordpress\/ -->\n<title>L\u00e4ra \u00e4ldre IT - om \u00e4ldrepedagogik, l\u00e4rstilar, l\u00e4rmilj\u00f6 m.m.<\/title>\n<meta name=\"description\" content=\"Det g\u00e5r att l\u00e4ra \u00e4ldre IT om man har IT-kunskaper, men resultatet blir mycket b\u00e4ttre om man har tid, t\u00e5lamod och kunskaper om hur \u00e4ldre l\u00e4r sig p\u00e5 b\u00e4sta s\u00e4tt.\" \/>\n<meta name=\"robots\" content=\"index, follow, max-snippet:-1, max-image-preview:large, max-video-preview:-1\" \/>\n<link rel=\"canonical\" href=\"https:\/\/www.varkstaden.se\/bokhandel\/produkt\/lara-aldre-it\/\" \/>\n<meta property=\"og:locale\" content=\"sv_SE\" \/>\n<meta property=\"og:type\" content=\"article\" \/>\n<meta property=\"og:title\" content=\"L\u00e4ra \u00e4ldre IT - om \u00e4ldrepedagogik, l\u00e4rstilar, l\u00e4rmilj\u00f6 m.m.\" \/>\n<meta property=\"og:description\" content=\"Det g\u00e5r att l\u00e4ra \u00e4ldre IT om man har IT-kunskaper, men resultatet blir mycket b\u00e4ttre om man har tid, t\u00e5lamod och kunskaper om hur \u00e4ldre l\u00e4r sig p\u00e5 b\u00e4sta s\u00e4tt.\" \/>\n<meta property=\"og:url\" content=\"https:\/\/www.varkstaden.se\/bokhandel\/produkt\/lara-aldre-it\/\" \/>\n<meta property=\"og:site_name\" content=\"V\u00c4RKSTADSBOKHANDELN, webbmaster: Gunilla Brattberg\" \/>\n<meta property=\"article:modified_time\" content=\"2021-11-25T07:49:05+00:00\" \/>\n<meta property=\"og:image\" content=\"https:\/\/www.varkstaden.se\/bokhandel\/wp-content\/uploads\/2015\/11\/bokomslag_aldre_IT.png\" \/>\n\t<meta property=\"og:image:width\" content=\"706\" \/>\n\t<meta property=\"og:image:height\" content=\"953\" \/>\n\t<meta property=\"og:image:type\" content=\"image\/png\" \/>\n<meta name=\"twitter:card\" content=\"summary_large_image\" \/>\n<meta name=\"twitter:label1\" content=\"Ber\u00e4knad l\u00e4stid\" \/>\n\t<meta name=\"twitter:data1\" content=\"1 minut\" \/>\n<script type=\"application\/ld+json\" class=\"yoast-schema-graph\">{\"@context\":\"https:\\\/\\\/schema.org\",\"@graph\":[{\"@type\":\"WebPage\",\"@id\":\"https:\\\/\\\/www.varkstaden.se\\\/bokhandel\\\/produkt\\\/lara-aldre-it\\\/\",\"url\":\"https:\\\/\\\/www.varkstaden.se\\\/bokhandel\\\/produkt\\\/lara-aldre-it\\\/\",\"name\":\"L\u00e4ra \u00e4ldre IT - om \u00e4ldrepedagogik, l\u00e4rstilar, l\u00e4rmilj\u00f6 m.m.\",\"isPartOf\":{\"@id\":\"https:\\\/\\\/www.varkstaden.se\\\/bokhandel\\\/#website\"},\"primaryImageOfPage\":{\"@id\":\"https:\\\/\\\/www.varkstaden.se\\\/bokhandel\\\/produkt\\\/lara-aldre-it\\\/#primaryimage\"},\"image\":{\"@id\":\"https:\\\/\\\/www.varkstaden.se\\\/bokhandel\\\/produkt\\\/lara-aldre-it\\\/#primaryimage\"},\"thumbnailUrl\":\"https:\\\/\\\/www.varkstaden.se\\\/bokhandel\\\/wp-content\\\/uploads\\\/2015\\\/11\\\/bokomslag_aldre_IT.png\",\"datePublished\":\"2015-11-27T10:41:17+00:00\",\"dateModified\":\"2021-11-25T07:49:05+00:00\",\"description\":\"Det g\u00e5r att l\u00e4ra \u00e4ldre IT om man har IT-kunskaper, men resultatet blir mycket b\u00e4ttre om man har tid, t\u00e5lamod och kunskaper om hur \u00e4ldre l\u00e4r sig p\u00e5 b\u00e4sta s\u00e4tt.\",\"breadcrumb\":{\"@id\":\"https:\\\/\\\/www.varkstaden.se\\\/bokhandel\\\/produkt\\\/lara-aldre-it\\\/#breadcrumb\"},\"inLanguage\":\"sv-SE\",\"potentialAction\":[{\"@type\":\"ReadAction\",\"target\":[\"https:\\\/\\\/www.varkstaden.se\\\/bokhandel\\\/produkt\\\/lara-aldre-it\\\/\"]}]},{\"@type\":\"ImageObject\",\"inLanguage\":\"sv-SE\",\"@id\":\"https:\\\/\\\/www.varkstaden.se\\\/bokhandel\\\/produkt\\\/lara-aldre-it\\\/#primaryimage\",\"url\":\"https:\\\/\\\/www.varkstaden.se\\\/bokhandel\\\/wp-content\\\/uploads\\\/2015\\\/11\\\/bokomslag_aldre_IT.png\",\"contentUrl\":\"https:\\\/\\\/www.varkstaden.se\\\/bokhandel\\\/wp-content\\\/uploads\\\/2015\\\/11\\\/bokomslag_aldre_IT.png\",\"width\":706,\"height\":953,\"caption\":\"L\u00e4ra \u00e4ldre IT\"},{\"@type\":\"BreadcrumbList\",\"@id\":\"https:\\\/\\\/www.varkstaden.se\\\/bokhandel\\\/produkt\\\/lara-aldre-it\\\/#breadcrumb\",\"itemListElement\":[{\"@type\":\"ListItem\",\"position\":1,\"name\":\"Hem\",\"item\":\"https:\\\/\\\/www.varkstaden.se\\\/bokhandel\\\/\"},{\"@type\":\"ListItem\",\"position\":2,\"name\":\"Webbutik\",\"item\":\"https:\\\/\\\/www.varkstaden.se\\\/bokhandel\\\/\"},{\"@type\":\"ListItem\",\"position\":3,\"name\":\"L\u00e4ra \u00e4ldre IT\"}]},{\"@type\":\"WebSite\",\"@id\":\"https:\\\/\\\/www.varkstaden.se\\\/bokhandel\\\/#website\",\"url\":\"https:\\\/\\\/www.varkstaden.se\\\/bokhandel\\\/\",\"name\":\"V\u00c4RKSTADSBOKHANDELN\",\"description\":\"\",\"publisher\":{\"@id\":\"https:\\\/\\\/www.varkstaden.se\\\/bokhandel\\\/#organization\"},\"potentialAction\":[{\"@type\":\"SearchAction\",\"target\":{\"@type\":\"EntryPoint\",\"urlTemplate\":\"https:\\\/\\\/www.varkstaden.se\\\/bokhandel\\\/?s={search_term_string}\"},\"query-input\":{\"@type\":\"PropertyValueSpecification\",\"valueRequired\":true,\"valueName\":\"search_term_string\"}}],\"inLanguage\":\"sv-SE\"},{\"@type\":\"Organization\",\"@id\":\"https:\\\/\\\/www.varkstaden.se\\\/bokhandel\\\/#organization\",\"name\":\"V\u00e4rkstaden GB AB\",\"url\":\"https:\\\/\\\/www.varkstaden.se\\\/bokhandel\\\/\",\"logo\":{\"@type\":\"ImageObject\",\"inLanguage\":\"sv-SE\",\"@id\":\"https:\\\/\\\/www.varkstaden.se\\\/bokhandel\\\/#\\\/schema\\\/logo\\\/image\\\/\",\"url\":\"https:\\\/\\\/www.varkstaden.se\\\/bokhandel\\\/wp-content\\\/uploads\\\/2017\\\/09\\\/cropped-bokhandel-e1543669762370-1.jpg\",\"contentUrl\":\"https:\\\/\\\/www.varkstaden.se\\\/bokhandel\\\/wp-content\\\/uploads\\\/2017\\\/09\\\/cropped-bokhandel-e1543669762370-1.jpg\",\"width\":1000,\"height\":525,\"caption\":\"V\u00e4rkstaden GB AB\"},\"image\":{\"@id\":\"https:\\\/\\\/www.varkstaden.se\\\/bokhandel\\\/#\\\/schema\\\/logo\\\/image\\\/\"}}]}<\/script>\n<!-- \/ Yoast SEO plugin. -->","yoast_head_json":{"title":"L\u00e4ra \u00e4ldre IT - om \u00e4ldrepedagogik, l\u00e4rstilar, l\u00e4rmilj\u00f6 m.m.","description":"Det g\u00e5r att l\u00e4ra \u00e4ldre IT om man har IT-kunskaper, men resultatet blir mycket b\u00e4ttre om man har tid, t\u00e5lamod och kunskaper om hur \u00e4ldre l\u00e4r sig p\u00e5 b\u00e4sta s\u00e4tt.","robots":{"index":"index","follow":"follow","max-snippet":"max-snippet:-1","max-image-preview":"max-image-preview:large","max-video-preview":"max-video-preview:-1"},"canonical":"https:\/\/www.varkstaden.se\/bokhandel\/produkt\/lara-aldre-it\/","og_locale":"sv_SE","og_type":"article","og_title":"L\u00e4ra \u00e4ldre IT - om \u00e4ldrepedagogik, l\u00e4rstilar, l\u00e4rmilj\u00f6 m.m.","og_description":"Det g\u00e5r att l\u00e4ra \u00e4ldre IT om man har IT-kunskaper, men resultatet blir mycket b\u00e4ttre om man har tid, t\u00e5lamod och kunskaper om hur \u00e4ldre l\u00e4r sig p\u00e5 b\u00e4sta s\u00e4tt.","og_url":"https:\/\/www.varkstaden.se\/bokhandel\/produkt\/lara-aldre-it\/","og_site_name":"V\u00c4RKSTADSBOKHANDELN, webbmaster: Gunilla Brattberg","article_modified_time":"2021-11-25T07:49:05+00:00","og_image":[{"width":706,"height":953,"url":"https:\/\/www.varkstaden.se\/bokhandel\/wp-content\/uploads\/2015\/11\/bokomslag_aldre_IT.png","type":"image\/png"}],"twitter_card":"summary_large_image","twitter_misc":{"Ber\u00e4knad l\u00e4stid":"1 minut"},"schema":{"@context":"https:\/\/schema.org","@graph":[{"@type":"WebPage","@id":"https:\/\/www.varkstaden.se\/bokhandel\/produkt\/lara-aldre-it\/","url":"https:\/\/www.varkstaden.se\/bokhandel\/produkt\/lara-aldre-it\/","name":"L\u00e4ra \u00e4ldre IT - om \u00e4ldrepedagogik, l\u00e4rstilar, l\u00e4rmilj\u00f6 m.m.","isPartOf":{"@id":"https:\/\/www.varkstaden.se\/bokhandel\/#website"},"primaryImageOfPage":{"@id":"https:\/\/www.varkstaden.se\/bokhandel\/produkt\/lara-aldre-it\/#primaryimage"},"image":{"@id":"https:\/\/www.varkstaden.se\/bokhandel\/produkt\/lara-aldre-it\/#primaryimage"},"thumbnailUrl":"https:\/\/www.varkstaden.se\/bokhandel\/wp-content\/uploads\/2015\/11\/bokomslag_aldre_IT.png","datePublished":"2015-11-27T10:41:17+00:00","dateModified":"2021-11-25T07:49:05+00:00","description":"Det g\u00e5r att l\u00e4ra \u00e4ldre IT om man har IT-kunskaper, men resultatet blir mycket b\u00e4ttre om man har tid, t\u00e5lamod och kunskaper om hur \u00e4ldre l\u00e4r sig p\u00e5 b\u00e4sta s\u00e4tt.","breadcrumb":{"@id":"https:\/\/www.varkstaden.se\/bokhandel\/produkt\/lara-aldre-it\/#breadcrumb"},"inLanguage":"sv-SE","potentialAction":[{"@type":"ReadAction","target":["https:\/\/www.varkstaden.se\/bokhandel\/produkt\/lara-aldre-it\/"]}]},{"@type":"ImageObject","inLanguage":"sv-SE","@id":"https:\/\/www.varkstaden.se\/bokhandel\/produkt\/lara-aldre-it\/#primaryimage","url":"https:\/\/www.varkstaden.se\/bokhandel\/wp-content\/uploads\/2015\/11\/bokomslag_aldre_IT.png","contentUrl":"https:\/\/www.varkstaden.se\/bokhandel\/wp-content\/uploads\/2015\/11\/bokomslag_aldre_IT.png","width":706,"height":953,"caption":"L\u00e4ra \u00e4ldre IT"},{"@type":"BreadcrumbList","@id":"https:\/\/www.varkstaden.se\/bokhandel\/produkt\/lara-aldre-it\/#breadcrumb","itemListElement":[{"@type":"ListItem","position":1,"name":"Hem","item":"https:\/\/www.varkstaden.se\/bokhandel\/"},{"@type":"ListItem","position":2,"name":"Webbutik","item":"https:\/\/www.varkstaden.se\/bokhandel\/"},{"@type":"ListItem","position":3,"name":"L\u00e4ra \u00e4ldre IT"}]},{"@type":"WebSite","@id":"https:\/\/www.varkstaden.se\/bokhandel\/#website","url":"https:\/\/www.varkstaden.se\/bokhandel\/","name":"V\u00c4RKSTADSBOKHANDELN","description":"","publisher":{"@id":"https:\/\/www.varkstaden.se\/bokhandel\/#organization"},"potentialAction":[{"@type":"SearchAction","target":{"@type":"EntryPoint","urlTemplate":"https:\/\/www.varkstaden.se\/bokhandel\/?s={search_term_string}"},"query-input":{"@type":"PropertyValueSpecification","valueRequired":true,"valueName":"search_term_string"}}],"inLanguage":"sv-SE"},{"@type":"Organization","@id":"https:\/\/www.varkstaden.se\/bokhandel\/#organization","name":"V\u00e4rkstaden GB AB","url":"https:\/\/www.varkstaden.se\/bokhandel\/","logo":{"@type":"ImageObject","inLanguage":"sv-SE","@id":"https:\/\/www.varkstaden.se\/bokhandel\/#\/schema\/logo\/image\/","url":"https:\/\/www.varkstaden.se\/bokhandel\/wp-content\/uploads\/2017\/09\/cropped-bokhandel-e1543669762370-1.jpg","contentUrl":"https:\/\/www.varkstaden.se\/bokhandel\/wp-content\/uploads\/2017\/09\/cropped-bokhandel-e1543669762370-1.jpg","width":1000,"height":525,"caption":"V\u00e4rkstaden GB AB"},"image":{"@id":"https:\/\/www.varkstaden.se\/bokhandel\/#\/schema\/logo\/image\/"}}]}},"_links":{"self":[{"href":"https:\/\/www.varkstaden.se\/bokhandel\/wp-json\/wp\/v2\/product\/340","targetHints":{"allow":["GET"]}}],"collection":[{"href":"https:\/\/www.varkstaden.se\/bokhandel\/wp-json\/wp\/v2\/product"}],"about":[{"href":"https:\/\/www.varkstaden.se\/bokhandel\/wp-json\/wp\/v2\/types\/product"}],"replies":[{"embeddable":true,"href":"https:\/\/www.varkstaden.se\/bokhandel\/wp-json\/wp\/v2\/comments?post=340"}],"wp:featuredmedia":[{"embeddable":true,"href":"https:\/\/www.varkstaden.se\/bokhandel\/wp-json\/wp\/v2\/media\/345"}],"wp:attachment":[{"href":"https:\/\/www.varkstaden.se\/bokhandel\/wp-json\/wp\/v2\/media?parent=340"}],"wp:term":[{"taxonomy":"product_brand","embeddable":true,"href":"https:\/\/www.varkstaden.se\/bokhandel\/wp-json\/wp\/v2\/product_brand?post=340"},{"taxonomy":"product_cat","embeddable":true,"href":"https:\/\/www.varkstaden.se\/bokhandel\/wp-json\/wp\/v2\/product_cat?post=340"},{"taxonomy":"product_tag","embeddable":true,"href":"https:\/\/www.varkstaden.se\/bokhandel\/wp-json\/wp\/v2\/product_tag?post=340"}],"curies":[{"name":"wp","href":"https:\/\/api.w.org\/{rel}","templated":true}]}}