{"id":252,"date":"2015-06-22T07:22:16","date_gmt":"2015-06-22T07:22:16","guid":{"rendered":"http:\/\/www.varkstaden.se\/bokhandel\/?post_type=product&#038;p=252"},"modified":"2024-07-03T05:17:05","modified_gmt":"2024-07-03T05:17:05","slug":"aldre-och-sociala-medier","status":"publish","type":"product","link":"https:\/\/www.varkstaden.se\/bokhandel\/produkt\/aldre-och-sociala-medier\/","title":{"rendered":"\u00c4ldre och Sociala medier"},"content":{"rendered":"<p>Min tidigare bok <i>\u00c4ldre och Internet<\/i> har uppskattats som en utm\u00e4rkt introduktion till internets m\u00f6jligheter och faror. Likas\u00e5 har k\u00f6pr\u00e5den och ordlistan tagits emot positivt. I denna bok <i>\u00c4ldre och Sociala medier <\/i>fokuserar jag p\u00e5 vad sociala medier har att tillf\u00f6ra de \u00e4ldre. Boken \u00e4r uppdelad i ett teori- och ett praktikavsnitt. I den teoretiska delen redovisar jag den forskning som finns p\u00e5 omr\u00e5det. Praktikdelen med konkret praktisk steg-f\u00f6r-steg-handledning i ett antal olika sociala medier kan f\u00f6rhoppningsvis tj\u00e4na som den skriftliga dokumentation som har efterfr\u00e5gats i olika forskningsprojekt d\u00e4r man har erbjudit \u00e4ldre att l\u00e4ra sig utnyttja sociala medier. I boken finns ocks\u00e5 ett avsnitt kallat <i>Samtal med @FruJonsson<\/i>. Bakom den beteckningen finns Birgitta Jonsson, styrelseledamot i SeniorNet Kungsholmen och sedan m\u00e5nga \u00e5r flitig utnyttjare av sociala medier, i f\u00f6rsta hand Facebook och Twitter. Boken avslutas med efterfr\u00e5gade listor p\u00e5 ord och f\u00f6rkortningar, specifika f\u00f6r sociala medier, samt smilies och emotikoner avsedda att i skrift f\u00f6rmedla olika k\u00e4nslor.<\/p>\n<p>Det \u00e4r min f\u00f6rhoppning att denna bok kan fungera som en studiecirkelhandledning\/kursbok i arbetet med att hj\u00e4lpa \u00e4ldre m\u00e4nniskor till digital delaktighet, inom SeniorNet, studief\u00f6rbund och annan \u00e4ldreinriktad verksamhet.<\/p>\n<p>&nbsp;<\/p>\n","protected":false},"excerpt":{"rendered":"<p><span style=\"color: #ff0000;\">Pappersboken \u00e4r slut p\u00e5 f\u00f6rlaget.\u00a0<\/span><\/p>\n<p>Pris f\u00f6r E-bok \u00e4r 100 kronor.<\/p>\n","protected":false},"featured_media":870,"comment_status":"open","ping_status":"closed","template":"","meta":[],"product_brand":[],"product_cat":[16,18],"product_tag":[],"class_list":{"0":"post-252","1":"product","2":"type-product","3":"status-publish","4":"has-post-thumbnail","6":"product_cat-databocker","7":"product_cat-e-bocker","9":"first","10":"instock","11":"featured","12":"taxable","13":"shipping-taxable","14":"purchasable","15":"product-type-variable"},"yoast_head":"<!-- This site is optimized with the Yoast SEO plugin v27.4 - https:\/\/yoast.com\/product\/yoast-seo-wordpress\/ -->\n<title>\u00c4ldre och sociala medier - och hur dessa kan ge god livskvalitet hos \u00e4ldre.<\/title>\n<meta name=\"description\" content=\"Sociala medier har visat sig \u00f6ka \u00e4ldres livskvalitet. I boken redovisas forskning kring detta. De vanligaste sociala medierna beskrivs. Tillv\u00e4gag\u00e5ngss\u00e4ttet i olika sociala bilder beskrivs p\u00e5 ett l\u00e4ttillg\u00e4ngligt s\u00e4tt.\" \/>\n<meta name=\"robots\" content=\"index, follow, max-snippet:-1, max-image-preview:large, max-video-preview:-1\" \/>\n<link rel=\"canonical\" href=\"https:\/\/www.varkstaden.se\/bokhandel\/produkt\/aldre-och-sociala-medier\/\" \/>\n<meta property=\"og:locale\" content=\"sv_SE\" \/>\n<meta property=\"og:type\" content=\"article\" \/>\n<meta property=\"og:title\" content=\"\u00c4ldre och sociala medier - och hur dessa kan ge god livskvalitet hos \u00e4ldre.\" \/>\n<meta property=\"og:description\" content=\"Sociala medier har visat sig \u00f6ka \u00e4ldres livskvalitet. I boken redovisas forskning kring detta. De vanligaste sociala medierna beskrivs. Tillv\u00e4gag\u00e5ngss\u00e4ttet i olika sociala bilder beskrivs p\u00e5 ett l\u00e4ttillg\u00e4ngligt s\u00e4tt.\" \/>\n<meta property=\"og:url\" content=\"https:\/\/www.varkstaden.se\/bokhandel\/produkt\/aldre-och-sociala-medier\/\" \/>\n<meta property=\"og:site_name\" content=\"V\u00c4RKSTADSBOKHANDELN, webbmaster: Gunilla Brattberg\" \/>\n<meta property=\"article:modified_time\" content=\"2024-07-03T05:17:05+00:00\" \/>\n<meta property=\"og:image\" content=\"https:\/\/www.varkstaden.se\/bokhandel\/wp-content\/uploads\/2018\/06\/Aldre_SocMed.jpg\" \/>\n\t<meta property=\"og:image:width\" content=\"3212\" \/>\n\t<meta property=\"og:image:height\" content=\"4582\" \/>\n\t<meta property=\"og:image:type\" content=\"image\/jpeg\" \/>\n<meta name=\"twitter:card\" content=\"summary_large_image\" \/>\n<meta name=\"twitter:label1\" content=\"Ber\u00e4knad l\u00e4stid\" \/>\n\t<meta name=\"twitter:data1\" content=\"1 minut\" \/>\n<script type=\"application\/ld+json\" class=\"yoast-schema-graph\">{\"@context\":\"https:\\\/\\\/schema.org\",\"@graph\":[{\"@type\":\"WebPage\",\"@id\":\"https:\\\/\\\/www.varkstaden.se\\\/bokhandel\\\/produkt\\\/aldre-och-sociala-medier\\\/\",\"url\":\"https:\\\/\\\/www.varkstaden.se\\\/bokhandel\\\/produkt\\\/aldre-och-sociala-medier\\\/\",\"name\":\"\u00c4ldre och sociala medier - och hur dessa kan ge god livskvalitet hos \u00e4ldre.\",\"isPartOf\":{\"@id\":\"https:\\\/\\\/www.varkstaden.se\\\/bokhandel\\\/#website\"},\"primaryImageOfPage\":{\"@id\":\"https:\\\/\\\/www.varkstaden.se\\\/bokhandel\\\/produkt\\\/aldre-och-sociala-medier\\\/#primaryimage\"},\"image\":{\"@id\":\"https:\\\/\\\/www.varkstaden.se\\\/bokhandel\\\/produkt\\\/aldre-och-sociala-medier\\\/#primaryimage\"},\"thumbnailUrl\":\"https:\\\/\\\/www.varkstaden.se\\\/bokhandel\\\/wp-content\\\/uploads\\\/2018\\\/06\\\/Aldre_SocMed-scaled.jpg\",\"datePublished\":\"2015-06-22T07:22:16+00:00\",\"dateModified\":\"2024-07-03T05:17:05+00:00\",\"description\":\"Sociala medier har visat sig \u00f6ka \u00e4ldres livskvalitet. I boken redovisas forskning kring detta. De vanligaste sociala medierna beskrivs. Tillv\u00e4gag\u00e5ngss\u00e4ttet i olika sociala bilder beskrivs p\u00e5 ett l\u00e4ttillg\u00e4ngligt s\u00e4tt.\",\"breadcrumb\":{\"@id\":\"https:\\\/\\\/www.varkstaden.se\\\/bokhandel\\\/produkt\\\/aldre-och-sociala-medier\\\/#breadcrumb\"},\"inLanguage\":\"sv-SE\",\"potentialAction\":[{\"@type\":\"ReadAction\",\"target\":[\"https:\\\/\\\/www.varkstaden.se\\\/bokhandel\\\/produkt\\\/aldre-och-sociala-medier\\\/\"]}]},{\"@type\":\"ImageObject\",\"inLanguage\":\"sv-SE\",\"@id\":\"https:\\\/\\\/www.varkstaden.se\\\/bokhandel\\\/produkt\\\/aldre-och-sociala-medier\\\/#primaryimage\",\"url\":\"https:\\\/\\\/www.varkstaden.se\\\/bokhandel\\\/wp-content\\\/uploads\\\/2018\\\/06\\\/Aldre_SocMed-scaled.jpg\",\"contentUrl\":\"https:\\\/\\\/www.varkstaden.se\\\/bokhandel\\\/wp-content\\\/uploads\\\/2018\\\/06\\\/Aldre_SocMed-scaled.jpg\",\"width\":3212,\"height\":4582},{\"@type\":\"BreadcrumbList\",\"@id\":\"https:\\\/\\\/www.varkstaden.se\\\/bokhandel\\\/produkt\\\/aldre-och-sociala-medier\\\/#breadcrumb\",\"itemListElement\":[{\"@type\":\"ListItem\",\"position\":1,\"name\":\"Hem\",\"item\":\"https:\\\/\\\/www.varkstaden.se\\\/bokhandel\\\/\"},{\"@type\":\"ListItem\",\"position\":2,\"name\":\"Webbutik\",\"item\":\"https:\\\/\\\/www.varkstaden.se\\\/bokhandel\\\/\"},{\"@type\":\"ListItem\",\"position\":3,\"name\":\"\u00c4ldre och Sociala medier\"}]},{\"@type\":\"WebSite\",\"@id\":\"https:\\\/\\\/www.varkstaden.se\\\/bokhandel\\\/#website\",\"url\":\"https:\\\/\\\/www.varkstaden.se\\\/bokhandel\\\/\",\"name\":\"V\u00c4RKSTADSBOKHANDELN\",\"description\":\"\",\"publisher\":{\"@id\":\"https:\\\/\\\/www.varkstaden.se\\\/bokhandel\\\/#organization\"},\"potentialAction\":[{\"@type\":\"SearchAction\",\"target\":{\"@type\":\"EntryPoint\",\"urlTemplate\":\"https:\\\/\\\/www.varkstaden.se\\\/bokhandel\\\/?s={search_term_string}\"},\"query-input\":{\"@type\":\"PropertyValueSpecification\",\"valueRequired\":true,\"valueName\":\"search_term_string\"}}],\"inLanguage\":\"sv-SE\"},{\"@type\":\"Organization\",\"@id\":\"https:\\\/\\\/www.varkstaden.se\\\/bokhandel\\\/#organization\",\"name\":\"V\u00e4rkstaden GB AB\",\"url\":\"https:\\\/\\\/www.varkstaden.se\\\/bokhandel\\\/\",\"logo\":{\"@type\":\"ImageObject\",\"inLanguage\":\"sv-SE\",\"@id\":\"https:\\\/\\\/www.varkstaden.se\\\/bokhandel\\\/#\\\/schema\\\/logo\\\/image\\\/\",\"url\":\"https:\\\/\\\/www.varkstaden.se\\\/bokhandel\\\/wp-content\\\/uploads\\\/2017\\\/09\\\/cropped-bokhandel-e1543669762370-1.jpg\",\"contentUrl\":\"https:\\\/\\\/www.varkstaden.se\\\/bokhandel\\\/wp-content\\\/uploads\\\/2017\\\/09\\\/cropped-bokhandel-e1543669762370-1.jpg\",\"width\":1000,\"height\":525,\"caption\":\"V\u00e4rkstaden GB AB\"},\"image\":{\"@id\":\"https:\\\/\\\/www.varkstaden.se\\\/bokhandel\\\/#\\\/schema\\\/logo\\\/image\\\/\"}}]}<\/script>\n<!-- \/ Yoast SEO plugin. -->","yoast_head_json":{"title":"\u00c4ldre och sociala medier - och hur dessa kan ge god livskvalitet hos \u00e4ldre.","description":"Sociala medier har visat sig \u00f6ka \u00e4ldres livskvalitet. I boken redovisas forskning kring detta. De vanligaste sociala medierna beskrivs. Tillv\u00e4gag\u00e5ngss\u00e4ttet i olika sociala bilder beskrivs p\u00e5 ett l\u00e4ttillg\u00e4ngligt s\u00e4tt.","robots":{"index":"index","follow":"follow","max-snippet":"max-snippet:-1","max-image-preview":"max-image-preview:large","max-video-preview":"max-video-preview:-1"},"canonical":"https:\/\/www.varkstaden.se\/bokhandel\/produkt\/aldre-och-sociala-medier\/","og_locale":"sv_SE","og_type":"article","og_title":"\u00c4ldre och sociala medier - och hur dessa kan ge god livskvalitet hos \u00e4ldre.","og_description":"Sociala medier har visat sig \u00f6ka \u00e4ldres livskvalitet. I boken redovisas forskning kring detta. De vanligaste sociala medierna beskrivs. Tillv\u00e4gag\u00e5ngss\u00e4ttet i olika sociala bilder beskrivs p\u00e5 ett l\u00e4ttillg\u00e4ngligt s\u00e4tt.","og_url":"https:\/\/www.varkstaden.se\/bokhandel\/produkt\/aldre-och-sociala-medier\/","og_site_name":"V\u00c4RKSTADSBOKHANDELN, webbmaster: Gunilla Brattberg","article_modified_time":"2024-07-03T05:17:05+00:00","og_image":[{"width":3212,"height":4582,"url":"https:\/\/www.varkstaden.se\/bokhandel\/wp-content\/uploads\/2018\/06\/Aldre_SocMed.jpg","type":"image\/jpeg"}],"twitter_card":"summary_large_image","twitter_misc":{"Ber\u00e4knad l\u00e4stid":"1 minut"},"schema":{"@context":"https:\/\/schema.org","@graph":[{"@type":"WebPage","@id":"https:\/\/www.varkstaden.se\/bokhandel\/produkt\/aldre-och-sociala-medier\/","url":"https:\/\/www.varkstaden.se\/bokhandel\/produkt\/aldre-och-sociala-medier\/","name":"\u00c4ldre och sociala medier - och hur dessa kan ge god livskvalitet hos \u00e4ldre.","isPartOf":{"@id":"https:\/\/www.varkstaden.se\/bokhandel\/#website"},"primaryImageOfPage":{"@id":"https:\/\/www.varkstaden.se\/bokhandel\/produkt\/aldre-och-sociala-medier\/#primaryimage"},"image":{"@id":"https:\/\/www.varkstaden.se\/bokhandel\/produkt\/aldre-och-sociala-medier\/#primaryimage"},"thumbnailUrl":"https:\/\/www.varkstaden.se\/bokhandel\/wp-content\/uploads\/2018\/06\/Aldre_SocMed-scaled.jpg","datePublished":"2015-06-22T07:22:16+00:00","dateModified":"2024-07-03T05:17:05+00:00","description":"Sociala medier har visat sig \u00f6ka \u00e4ldres livskvalitet. I boken redovisas forskning kring detta. De vanligaste sociala medierna beskrivs. Tillv\u00e4gag\u00e5ngss\u00e4ttet i olika sociala bilder beskrivs p\u00e5 ett l\u00e4ttillg\u00e4ngligt s\u00e4tt.","breadcrumb":{"@id":"https:\/\/www.varkstaden.se\/bokhandel\/produkt\/aldre-och-sociala-medier\/#breadcrumb"},"inLanguage":"sv-SE","potentialAction":[{"@type":"ReadAction","target":["https:\/\/www.varkstaden.se\/bokhandel\/produkt\/aldre-och-sociala-medier\/"]}]},{"@type":"ImageObject","inLanguage":"sv-SE","@id":"https:\/\/www.varkstaden.se\/bokhandel\/produkt\/aldre-och-sociala-medier\/#primaryimage","url":"https:\/\/www.varkstaden.se\/bokhandel\/wp-content\/uploads\/2018\/06\/Aldre_SocMed-scaled.jpg","contentUrl":"https:\/\/www.varkstaden.se\/bokhandel\/wp-content\/uploads\/2018\/06\/Aldre_SocMed-scaled.jpg","width":3212,"height":4582},{"@type":"BreadcrumbList","@id":"https:\/\/www.varkstaden.se\/bokhandel\/produkt\/aldre-och-sociala-medier\/#breadcrumb","itemListElement":[{"@type":"ListItem","position":1,"name":"Hem","item":"https:\/\/www.varkstaden.se\/bokhandel\/"},{"@type":"ListItem","position":2,"name":"Webbutik","item":"https:\/\/www.varkstaden.se\/bokhandel\/"},{"@type":"ListItem","position":3,"name":"\u00c4ldre och Sociala medier"}]},{"@type":"WebSite","@id":"https:\/\/www.varkstaden.se\/bokhandel\/#website","url":"https:\/\/www.varkstaden.se\/bokhandel\/","name":"V\u00c4RKSTADSBOKHANDELN","description":"","publisher":{"@id":"https:\/\/www.varkstaden.se\/bokhandel\/#organization"},"potentialAction":[{"@type":"SearchAction","target":{"@type":"EntryPoint","urlTemplate":"https:\/\/www.varkstaden.se\/bokhandel\/?s={search_term_string}"},"query-input":{"@type":"PropertyValueSpecification","valueRequired":true,"valueName":"search_term_string"}}],"inLanguage":"sv-SE"},{"@type":"Organization","@id":"https:\/\/www.varkstaden.se\/bokhandel\/#organization","name":"V\u00e4rkstaden GB AB","url":"https:\/\/www.varkstaden.se\/bokhandel\/","logo":{"@type":"ImageObject","inLanguage":"sv-SE","@id":"https:\/\/www.varkstaden.se\/bokhandel\/#\/schema\/logo\/image\/","url":"https:\/\/www.varkstaden.se\/bokhandel\/wp-content\/uploads\/2017\/09\/cropped-bokhandel-e1543669762370-1.jpg","contentUrl":"https:\/\/www.varkstaden.se\/bokhandel\/wp-content\/uploads\/2017\/09\/cropped-bokhandel-e1543669762370-1.jpg","width":1000,"height":525,"caption":"V\u00e4rkstaden GB AB"},"image":{"@id":"https:\/\/www.varkstaden.se\/bokhandel\/#\/schema\/logo\/image\/"}}]}},"_links":{"self":[{"href":"https:\/\/www.varkstaden.se\/bokhandel\/wp-json\/wp\/v2\/product\/252","targetHints":{"allow":["GET"]}}],"collection":[{"href":"https:\/\/www.varkstaden.se\/bokhandel\/wp-json\/wp\/v2\/product"}],"about":[{"href":"https:\/\/www.varkstaden.se\/bokhandel\/wp-json\/wp\/v2\/types\/product"}],"replies":[{"embeddable":true,"href":"https:\/\/www.varkstaden.se\/bokhandel\/wp-json\/wp\/v2\/comments?post=252"}],"wp:featuredmedia":[{"embeddable":true,"href":"https:\/\/www.varkstaden.se\/bokhandel\/wp-json\/wp\/v2\/media\/870"}],"wp:attachment":[{"href":"https:\/\/www.varkstaden.se\/bokhandel\/wp-json\/wp\/v2\/media?parent=252"}],"wp:term":[{"taxonomy":"product_brand","embeddable":true,"href":"https:\/\/www.varkstaden.se\/bokhandel\/wp-json\/wp\/v2\/product_brand?post=252"},{"taxonomy":"product_cat","embeddable":true,"href":"https:\/\/www.varkstaden.se\/bokhandel\/wp-json\/wp\/v2\/product_cat?post=252"},{"taxonomy":"product_tag","embeddable":true,"href":"https:\/\/www.varkstaden.se\/bokhandel\/wp-json\/wp\/v2\/product_tag?post=252"}],"curies":[{"name":"wp","href":"https:\/\/api.w.org\/{rel}","templated":true}]}}