{"id":183,"date":"2015-01-31T16:29:41","date_gmt":"2015-01-31T16:29:41","guid":{"rendered":"http:\/\/www.varkstaden.se\/bokhandel2\/?post_type=product&#038;p=183"},"modified":"2021-05-02T07:25:32","modified_gmt":"2021-05-02T07:25:32","slug":"sagan-om-en-lakares-verklighet","status":"publish","type":"product","link":"https:\/\/www.varkstaden.se\/bokhandel\/produkt\/sagan-om-en-lakares-verklighet\/","title":{"rendered":"Sagan om en l\u00e4kares verklighet"},"content":{"rendered":"<h2 style=\"color: #333333; text-transform: none; text-indent: 0px; letter-spacing: normal; font-family: Georgia, 'Times New Roman', 'Bitstream Charter', Times, serif; font-style: normal; font-variant: normal; word-spacing: 0px; white-space: normal; -webkit-text-stroke-width: 0px;\">Om tunga ensamma v\u00e4gval i ett bistert klimat<\/h2>\n<p style=\"font: 16px\/24px Georgia, 'Times New Roman', 'Bitstream Charter', Times, serif; color: #333333; text-transform: none; text-indent: 0px; letter-spacing: normal; word-spacing: 0px; white-space: normal; font-size-adjust: none; font-stretch: normal; -webkit-text-stroke-width: 0px;\"><span style=\"font: 14px\/16.5px 'Lucida Grande', 'Lucida Sans', Verdana, Arial, sans-serif; color: #000000; text-transform: none; text-indent: 0px; letter-spacing: normal; word-spacing: 0px; float: none; display: inline !important; white-space: normal; font-size-adjust: none; font-stretch: normal; -webkit-text-stroke-width: 0px;\">Sagan \u00e4r en sj\u00e4lvbiografisk bok som handla om fantastiska, f\u00f6rskr\u00e4ckliga och f\u00f6rv\u00e5nande h\u00e4ndelser i den offentliga v\u00e5rdapparaten.<\/span><\/p>\n","protected":false},"excerpt":{"rendered":"<p>Sagan om en l\u00e4kares verklighet \u00e4r ett skakande dokument. Den ber\u00e4ttar om ett kapabelt, engagerat men ocks\u00e5 sk\u00f6rt och k\u00e4nsligt m\u00e4nniskoliv i en stel och fantasil\u00f6s hierarki. Och den handlar om fantastiska, f\u00f6rskr\u00e4ckliga och f\u00f6rv\u00e5nande h\u00e4ndelser i den offentliga v\u00e5rdapparaten. Ber\u00e4ttelsen \u00e4r sann, djupt personlig, men samtidigt allm\u00e4ngiltig. F\u00f6rfattaren f\u00f6rmedlar upplevelser ur en l\u00e4kares vardag, den oerfarna, den lite mer erfarna, den specialistkompetenta, den kvinnliga och den forskande l\u00e4karens vardag. L\u00e4karens tillvaro som patient och anh\u00f6rig belyses ocks\u00e5 p\u00e5 ett uppr\u00f6rande och engagerande s\u00e4tt.<\/p>\n","protected":false},"featured_media":184,"comment_status":"open","ping_status":"closed","template":"","meta":[],"product_brand":[],"product_cat":[18,12],"product_tag":[],"class_list":{"0":"post-183","1":"product","2":"type-product","3":"status-publish","4":"has-post-thumbnail","6":"product_cat-e-bocker","7":"product_cat-sjalvbiografier","9":"first","10":"instock","11":"taxable","12":"shipping-taxable","13":"purchasable","14":"product-type-variable"},"yoast_head":"<!-- This site is optimized with the Yoast SEO plugin v27.4 - https:\/\/yoast.com\/product\/yoast-seo-wordpress\/ -->\n<title>Sagan om en l\u00e4kares verklighet - V\u00c4RKSTADSBOKHANDELN, webbmaster: Gunilla Brattberg<\/title>\n<meta name=\"robots\" content=\"index, follow, max-snippet:-1, max-image-preview:large, max-video-preview:-1\" \/>\n<link rel=\"canonical\" href=\"https:\/\/www.varkstaden.se\/bokhandel\/produkt\/sagan-om-en-lakares-verklighet\/\" \/>\n<meta property=\"og:locale\" content=\"sv_SE\" \/>\n<meta property=\"og:type\" content=\"article\" \/>\n<meta property=\"og:title\" content=\"Sagan om en l\u00e4kares verklighet - V\u00c4RKSTADSBOKHANDELN, webbmaster: Gunilla Brattberg\" \/>\n<meta property=\"og:description\" content=\"Sagan om en l\u00e4kares verklighet \u00e4r ett skakande dokument. Den ber\u00e4ttar om ett kapabelt, engagerat men ocks\u00e5 sk\u00f6rt och k\u00e4nsligt m\u00e4nniskoliv i en stel och fantasil\u00f6s hierarki. Och den handlar om fantastiska, f\u00f6rskr\u00e4ckliga och f\u00f6rv\u00e5nande h\u00e4ndelser i den offentliga v\u00e5rdapparaten. Ber\u00e4ttelsen \u00e4r sann, djupt personlig, men samtidigt allm\u00e4ngiltig. F\u00f6rfattaren f\u00f6rmedlar upplevelser ur en l\u00e4kares vardag, den oerfarna, den lite mer erfarna, den specialistkompetenta, den kvinnliga och den forskande l\u00e4karens vardag. L\u00e4karens tillvaro som patient och anh\u00f6rig belyses ocks\u00e5 p\u00e5 ett uppr\u00f6rande och engagerande s\u00e4tt.\" \/>\n<meta property=\"og:url\" content=\"https:\/\/www.varkstaden.se\/bokhandel\/produkt\/sagan-om-en-lakares-verklighet\/\" \/>\n<meta property=\"og:site_name\" content=\"V\u00c4RKSTADSBOKHANDELN, webbmaster: Gunilla Brattberg\" \/>\n<meta property=\"article:modified_time\" content=\"2021-05-02T07:25:32+00:00\" \/>\n<meta property=\"og:image\" content=\"https:\/\/www.varkstaden.se\/bokhandel\/wp-content\/uploads\/2015\/01\/sagan.jpg\" \/>\n\t<meta property=\"og:image:width\" content=\"645\" \/>\n\t<meta property=\"og:image:height\" content=\"914\" \/>\n\t<meta property=\"og:image:type\" content=\"image\/jpeg\" \/>\n<meta name=\"twitter:card\" content=\"summary_large_image\" \/>\n<script type=\"application\/ld+json\" class=\"yoast-schema-graph\">{\"@context\":\"https:\\\/\\\/schema.org\",\"@graph\":[{\"@type\":\"WebPage\",\"@id\":\"https:\\\/\\\/www.varkstaden.se\\\/bokhandel\\\/produkt\\\/sagan-om-en-lakares-verklighet\\\/\",\"url\":\"https:\\\/\\\/www.varkstaden.se\\\/bokhandel\\\/produkt\\\/sagan-om-en-lakares-verklighet\\\/\",\"name\":\"Sagan om en l\u00e4kares verklighet - V\u00c4RKSTADSBOKHANDELN, webbmaster: Gunilla Brattberg\",\"isPartOf\":{\"@id\":\"https:\\\/\\\/www.varkstaden.se\\\/bokhandel\\\/#website\"},\"primaryImageOfPage\":{\"@id\":\"https:\\\/\\\/www.varkstaden.se\\\/bokhandel\\\/produkt\\\/sagan-om-en-lakares-verklighet\\\/#primaryimage\"},\"image\":{\"@id\":\"https:\\\/\\\/www.varkstaden.se\\\/bokhandel\\\/produkt\\\/sagan-om-en-lakares-verklighet\\\/#primaryimage\"},\"thumbnailUrl\":\"https:\\\/\\\/www.varkstaden.se\\\/bokhandel\\\/wp-content\\\/uploads\\\/2015\\\/01\\\/sagan.jpg\",\"datePublished\":\"2015-01-31T16:29:41+00:00\",\"dateModified\":\"2021-05-02T07:25:32+00:00\",\"breadcrumb\":{\"@id\":\"https:\\\/\\\/www.varkstaden.se\\\/bokhandel\\\/produkt\\\/sagan-om-en-lakares-verklighet\\\/#breadcrumb\"},\"inLanguage\":\"sv-SE\",\"potentialAction\":[{\"@type\":\"ReadAction\",\"target\":[\"https:\\\/\\\/www.varkstaden.se\\\/bokhandel\\\/produkt\\\/sagan-om-en-lakares-verklighet\\\/\"]}]},{\"@type\":\"ImageObject\",\"inLanguage\":\"sv-SE\",\"@id\":\"https:\\\/\\\/www.varkstaden.se\\\/bokhandel\\\/produkt\\\/sagan-om-en-lakares-verklighet\\\/#primaryimage\",\"url\":\"https:\\\/\\\/www.varkstaden.se\\\/bokhandel\\\/wp-content\\\/uploads\\\/2015\\\/01\\\/sagan.jpg\",\"contentUrl\":\"https:\\\/\\\/www.varkstaden.se\\\/bokhandel\\\/wp-content\\\/uploads\\\/2015\\\/01\\\/sagan.jpg\",\"width\":645,\"height\":914,\"caption\":\"Sagan om en l\u00e4kares verklighet\"},{\"@type\":\"BreadcrumbList\",\"@id\":\"https:\\\/\\\/www.varkstaden.se\\\/bokhandel\\\/produkt\\\/sagan-om-en-lakares-verklighet\\\/#breadcrumb\",\"itemListElement\":[{\"@type\":\"ListItem\",\"position\":1,\"name\":\"Hem\",\"item\":\"https:\\\/\\\/www.varkstaden.se\\\/bokhandel\\\/\"},{\"@type\":\"ListItem\",\"position\":2,\"name\":\"Webbutik\",\"item\":\"https:\\\/\\\/www.varkstaden.se\\\/bokhandel\\\/\"},{\"@type\":\"ListItem\",\"position\":3,\"name\":\"Sagan om en l\u00e4kares verklighet\"}]},{\"@type\":\"WebSite\",\"@id\":\"https:\\\/\\\/www.varkstaden.se\\\/bokhandel\\\/#website\",\"url\":\"https:\\\/\\\/www.varkstaden.se\\\/bokhandel\\\/\",\"name\":\"V\u00c4RKSTADSBOKHANDELN\",\"description\":\"\",\"publisher\":{\"@id\":\"https:\\\/\\\/www.varkstaden.se\\\/bokhandel\\\/#organization\"},\"potentialAction\":[{\"@type\":\"SearchAction\",\"target\":{\"@type\":\"EntryPoint\",\"urlTemplate\":\"https:\\\/\\\/www.varkstaden.se\\\/bokhandel\\\/?s={search_term_string}\"},\"query-input\":{\"@type\":\"PropertyValueSpecification\",\"valueRequired\":true,\"valueName\":\"search_term_string\"}}],\"inLanguage\":\"sv-SE\"},{\"@type\":\"Organization\",\"@id\":\"https:\\\/\\\/www.varkstaden.se\\\/bokhandel\\\/#organization\",\"name\":\"V\u00e4rkstaden GB AB\",\"url\":\"https:\\\/\\\/www.varkstaden.se\\\/bokhandel\\\/\",\"logo\":{\"@type\":\"ImageObject\",\"inLanguage\":\"sv-SE\",\"@id\":\"https:\\\/\\\/www.varkstaden.se\\\/bokhandel\\\/#\\\/schema\\\/logo\\\/image\\\/\",\"url\":\"https:\\\/\\\/www.varkstaden.se\\\/bokhandel\\\/wp-content\\\/uploads\\\/2017\\\/09\\\/cropped-bokhandel-e1543669762370-1.jpg\",\"contentUrl\":\"https:\\\/\\\/www.varkstaden.se\\\/bokhandel\\\/wp-content\\\/uploads\\\/2017\\\/09\\\/cropped-bokhandel-e1543669762370-1.jpg\",\"width\":1000,\"height\":525,\"caption\":\"V\u00e4rkstaden GB AB\"},\"image\":{\"@id\":\"https:\\\/\\\/www.varkstaden.se\\\/bokhandel\\\/#\\\/schema\\\/logo\\\/image\\\/\"}}]}<\/script>\n<!-- \/ Yoast SEO plugin. -->","yoast_head_json":{"title":"Sagan om en l\u00e4kares verklighet - V\u00c4RKSTADSBOKHANDELN, webbmaster: Gunilla Brattberg","robots":{"index":"index","follow":"follow","max-snippet":"max-snippet:-1","max-image-preview":"max-image-preview:large","max-video-preview":"max-video-preview:-1"},"canonical":"https:\/\/www.varkstaden.se\/bokhandel\/produkt\/sagan-om-en-lakares-verklighet\/","og_locale":"sv_SE","og_type":"article","og_title":"Sagan om en l\u00e4kares verklighet - V\u00c4RKSTADSBOKHANDELN, webbmaster: Gunilla Brattberg","og_description":"Sagan om en l\u00e4kares verklighet \u00e4r ett skakande dokument. Den ber\u00e4ttar om ett kapabelt, engagerat men ocks\u00e5 sk\u00f6rt och k\u00e4nsligt m\u00e4nniskoliv i en stel och fantasil\u00f6s hierarki. Och den handlar om fantastiska, f\u00f6rskr\u00e4ckliga och f\u00f6rv\u00e5nande h\u00e4ndelser i den offentliga v\u00e5rdapparaten. Ber\u00e4ttelsen \u00e4r sann, djupt personlig, men samtidigt allm\u00e4ngiltig. F\u00f6rfattaren f\u00f6rmedlar upplevelser ur en l\u00e4kares vardag, den oerfarna, den lite mer erfarna, den specialistkompetenta, den kvinnliga och den forskande l\u00e4karens vardag. L\u00e4karens tillvaro som patient och anh\u00f6rig belyses ocks\u00e5 p\u00e5 ett uppr\u00f6rande och engagerande s\u00e4tt.","og_url":"https:\/\/www.varkstaden.se\/bokhandel\/produkt\/sagan-om-en-lakares-verklighet\/","og_site_name":"V\u00c4RKSTADSBOKHANDELN, webbmaster: Gunilla Brattberg","article_modified_time":"2021-05-02T07:25:32+00:00","og_image":[{"width":645,"height":914,"url":"https:\/\/www.varkstaden.se\/bokhandel\/wp-content\/uploads\/2015\/01\/sagan.jpg","type":"image\/jpeg"}],"twitter_card":"summary_large_image","schema":{"@context":"https:\/\/schema.org","@graph":[{"@type":"WebPage","@id":"https:\/\/www.varkstaden.se\/bokhandel\/produkt\/sagan-om-en-lakares-verklighet\/","url":"https:\/\/www.varkstaden.se\/bokhandel\/produkt\/sagan-om-en-lakares-verklighet\/","name":"Sagan om en l\u00e4kares verklighet - V\u00c4RKSTADSBOKHANDELN, webbmaster: Gunilla Brattberg","isPartOf":{"@id":"https:\/\/www.varkstaden.se\/bokhandel\/#website"},"primaryImageOfPage":{"@id":"https:\/\/www.varkstaden.se\/bokhandel\/produkt\/sagan-om-en-lakares-verklighet\/#primaryimage"},"image":{"@id":"https:\/\/www.varkstaden.se\/bokhandel\/produkt\/sagan-om-en-lakares-verklighet\/#primaryimage"},"thumbnailUrl":"https:\/\/www.varkstaden.se\/bokhandel\/wp-content\/uploads\/2015\/01\/sagan.jpg","datePublished":"2015-01-31T16:29:41+00:00","dateModified":"2021-05-02T07:25:32+00:00","breadcrumb":{"@id":"https:\/\/www.varkstaden.se\/bokhandel\/produkt\/sagan-om-en-lakares-verklighet\/#breadcrumb"},"inLanguage":"sv-SE","potentialAction":[{"@type":"ReadAction","target":["https:\/\/www.varkstaden.se\/bokhandel\/produkt\/sagan-om-en-lakares-verklighet\/"]}]},{"@type":"ImageObject","inLanguage":"sv-SE","@id":"https:\/\/www.varkstaden.se\/bokhandel\/produkt\/sagan-om-en-lakares-verklighet\/#primaryimage","url":"https:\/\/www.varkstaden.se\/bokhandel\/wp-content\/uploads\/2015\/01\/sagan.jpg","contentUrl":"https:\/\/www.varkstaden.se\/bokhandel\/wp-content\/uploads\/2015\/01\/sagan.jpg","width":645,"height":914,"caption":"Sagan om en l\u00e4kares verklighet"},{"@type":"BreadcrumbList","@id":"https:\/\/www.varkstaden.se\/bokhandel\/produkt\/sagan-om-en-lakares-verklighet\/#breadcrumb","itemListElement":[{"@type":"ListItem","position":1,"name":"Hem","item":"https:\/\/www.varkstaden.se\/bokhandel\/"},{"@type":"ListItem","position":2,"name":"Webbutik","item":"https:\/\/www.varkstaden.se\/bokhandel\/"},{"@type":"ListItem","position":3,"name":"Sagan om en l\u00e4kares verklighet"}]},{"@type":"WebSite","@id":"https:\/\/www.varkstaden.se\/bokhandel\/#website","url":"https:\/\/www.varkstaden.se\/bokhandel\/","name":"V\u00c4RKSTADSBOKHANDELN","description":"","publisher":{"@id":"https:\/\/www.varkstaden.se\/bokhandel\/#organization"},"potentialAction":[{"@type":"SearchAction","target":{"@type":"EntryPoint","urlTemplate":"https:\/\/www.varkstaden.se\/bokhandel\/?s={search_term_string}"},"query-input":{"@type":"PropertyValueSpecification","valueRequired":true,"valueName":"search_term_string"}}],"inLanguage":"sv-SE"},{"@type":"Organization","@id":"https:\/\/www.varkstaden.se\/bokhandel\/#organization","name":"V\u00e4rkstaden GB AB","url":"https:\/\/www.varkstaden.se\/bokhandel\/","logo":{"@type":"ImageObject","inLanguage":"sv-SE","@id":"https:\/\/www.varkstaden.se\/bokhandel\/#\/schema\/logo\/image\/","url":"https:\/\/www.varkstaden.se\/bokhandel\/wp-content\/uploads\/2017\/09\/cropped-bokhandel-e1543669762370-1.jpg","contentUrl":"https:\/\/www.varkstaden.se\/bokhandel\/wp-content\/uploads\/2017\/09\/cropped-bokhandel-e1543669762370-1.jpg","width":1000,"height":525,"caption":"V\u00e4rkstaden GB AB"},"image":{"@id":"https:\/\/www.varkstaden.se\/bokhandel\/#\/schema\/logo\/image\/"}}]}},"_links":{"self":[{"href":"https:\/\/www.varkstaden.se\/bokhandel\/wp-json\/wp\/v2\/product\/183","targetHints":{"allow":["GET"]}}],"collection":[{"href":"https:\/\/www.varkstaden.se\/bokhandel\/wp-json\/wp\/v2\/product"}],"about":[{"href":"https:\/\/www.varkstaden.se\/bokhandel\/wp-json\/wp\/v2\/types\/product"}],"replies":[{"embeddable":true,"href":"https:\/\/www.varkstaden.se\/bokhandel\/wp-json\/wp\/v2\/comments?post=183"}],"wp:featuredmedia":[{"embeddable":true,"href":"https:\/\/www.varkstaden.se\/bokhandel\/wp-json\/wp\/v2\/media\/184"}],"wp:attachment":[{"href":"https:\/\/www.varkstaden.se\/bokhandel\/wp-json\/wp\/v2\/media?parent=183"}],"wp:term":[{"taxonomy":"product_brand","embeddable":true,"href":"https:\/\/www.varkstaden.se\/bokhandel\/wp-json\/wp\/v2\/product_brand?post=183"},{"taxonomy":"product_cat","embeddable":true,"href":"https:\/\/www.varkstaden.se\/bokhandel\/wp-json\/wp\/v2\/product_cat?post=183"},{"taxonomy":"product_tag","embeddable":true,"href":"https:\/\/www.varkstaden.se\/bokhandel\/wp-json\/wp\/v2\/product_tag?post=183"}],"curies":[{"name":"wp","href":"https:\/\/api.w.org\/{rel}","templated":true}]}}