{"id":179,"date":"2015-01-31T16:25:43","date_gmt":"2015-01-31T16:25:43","guid":{"rendered":"http:\/\/www.varkstaden.se\/bokhandel2\/?post_type=product&#038;p=179"},"modified":"2021-11-25T08:15:51","modified_gmt":"2021-11-25T08:15:51","slug":"den-obotbara-smartan","status":"publish","type":"product","link":"https:\/\/www.varkstaden.se\/bokhandel\/produkt\/den-obotbara-smartan\/","title":{"rendered":"Den obotbara sm\u00e4rtan"},"content":{"rendered":"<p><span style=\"font: 14px\/16.5px 'Lucida Grande', 'Lucida Sans', Verdana, Arial, sans-serif; color: #000000; text-transform: none; text-indent: 0px; letter-spacing: normal; word-spacing: 0px; float: none; display: inline !important; white-space: normal; font-size-adjust: none; font-stretch: normal; background-color: #ffffff; -webkit-text-stroke-width: 0px;\">Boken handlar om m\u00e4nniskor som m\u00e5r d\u00e5ligt, de som lider utan att bli hj\u00e4lpta, som klagar utan att bli h\u00f6rda, de som inte f\u00e5r sitt onda f\u00f6rklarat av prover och unders\u00f6kningar. De v\u00e4cker k\u00e4nslor av otillr\u00e4cklighet och vanmakt hos personalen inom sjukv\u00e5rden. Ibland leder vanmakten till avst\u00e5ndstagande och negativt bem\u00f6tande. Syftet med boken \u00e4r att ge tillf\u00e4lle till reflektion och d\u00e4rmed bidra till \u00f6kad f\u00f6rst\u00e5else, \u00f6dmjukhet och generositet i kontakter mellan m\u00e4nniskor inom och utanf\u00f6r sjukv\u00e5rden.<\/span><\/p>\n","protected":false},"excerpt":{"rendered":"<p>Boken handlar om m\u00e4nniskor som m\u00e5r d\u00e5ligt, de som lider utan att bli hj\u00e4lpta, som klagar utan att bli h\u00f6rda, de som inte f\u00e5r sitt onda f\u00f6rklarat av prover och unders\u00f6kningar. De v\u00e4cker k\u00e4nslor av otillr\u00e4cklighet och vanmakt hos personalen &hellip;<\/p>\n<p class=\"read-more\"> <a class=\"more-link\" href=\"https:\/\/www.varkstaden.se\/bokhandel\/produkt\/den-obotbara-smartan\/\"> <span class=\"screen-reader-text\">Den obotbara sm\u00e4rtan<\/span> L\u00e4s mer &raquo;<\/a><\/p>\n","protected":false},"featured_media":180,"comment_status":"open","ping_status":"closed","template":"","meta":[],"product_brand":[],"product_cat":[18,10,9],"product_tag":[],"class_list":{"0":"post-179","1":"product","2":"type-product","3":"status-publish","4":"has-post-thumbnail","6":"product_cat-e-bocker","7":"product_cat-rehabilitering","8":"product_cat-vark-och-smarta","10":"first","11":"instock","12":"sale","13":"taxable","14":"shipping-taxable","15":"purchasable","16":"product-type-variable"},"yoast_head":"<!-- This site is optimized with the Yoast SEO plugin v27.4 - https:\/\/yoast.com\/product\/yoast-seo-wordpress\/ -->\n<title>Den obotbara sm\u00e4rtan - V\u00c4RKSTADSBOKHANDELN, webbmaster: Gunilla Brattberg<\/title>\n<meta name=\"robots\" content=\"index, follow, max-snippet:-1, max-image-preview:large, max-video-preview:-1\" \/>\n<link rel=\"canonical\" href=\"https:\/\/www.varkstaden.se\/bokhandel\/produkt\/den-obotbara-smartan\/\" \/>\n<meta property=\"og:locale\" content=\"sv_SE\" \/>\n<meta property=\"og:type\" content=\"article\" \/>\n<meta property=\"og:title\" content=\"Den obotbara sm\u00e4rtan - V\u00c4RKSTADSBOKHANDELN, webbmaster: Gunilla Brattberg\" \/>\n<meta property=\"og:description\" content=\"Boken handlar om m\u00e4nniskor som m\u00e5r d\u00e5ligt, de som lider utan att bli hj\u00e4lpta, som klagar utan att bli h\u00f6rda, de som inte f\u00e5r sitt onda f\u00f6rklarat av prover och unders\u00f6kningar. De v\u00e4cker k\u00e4nslor av otillr\u00e4cklighet och vanmakt hos personalen &hellip; Den obotbara sm\u00e4rtan L\u00e4s mer &raquo;\" \/>\n<meta property=\"og:url\" content=\"https:\/\/www.varkstaden.se\/bokhandel\/produkt\/den-obotbara-smartan\/\" \/>\n<meta property=\"og:site_name\" content=\"V\u00c4RKSTADSBOKHANDELN, webbmaster: Gunilla Brattberg\" \/>\n<meta property=\"article:modified_time\" content=\"2021-11-25T08:15:51+00:00\" \/>\n<meta property=\"og:image\" content=\"https:\/\/www.varkstaden.se\/bokhandel\/wp-content\/uploads\/2015\/01\/obotbar.jpg\" \/>\n\t<meta property=\"og:image:width\" content=\"432\" \/>\n\t<meta property=\"og:image:height\" content=\"600\" \/>\n\t<meta property=\"og:image:type\" content=\"image\/jpeg\" \/>\n<meta name=\"twitter:card\" content=\"summary_large_image\" \/>\n<meta name=\"twitter:label1\" content=\"Ber\u00e4knad l\u00e4stid\" \/>\n\t<meta name=\"twitter:data1\" content=\"1 minut\" \/>\n<script type=\"application\/ld+json\" class=\"yoast-schema-graph\">{\"@context\":\"https:\\\/\\\/schema.org\",\"@graph\":[{\"@type\":\"WebPage\",\"@id\":\"https:\\\/\\\/www.varkstaden.se\\\/bokhandel\\\/produkt\\\/den-obotbara-smartan\\\/\",\"url\":\"https:\\\/\\\/www.varkstaden.se\\\/bokhandel\\\/produkt\\\/den-obotbara-smartan\\\/\",\"name\":\"Den obotbara sm\u00e4rtan - V\u00c4RKSTADSBOKHANDELN, webbmaster: Gunilla Brattberg\",\"isPartOf\":{\"@id\":\"https:\\\/\\\/www.varkstaden.se\\\/bokhandel\\\/#website\"},\"primaryImageOfPage\":{\"@id\":\"https:\\\/\\\/www.varkstaden.se\\\/bokhandel\\\/produkt\\\/den-obotbara-smartan\\\/#primaryimage\"},\"image\":{\"@id\":\"https:\\\/\\\/www.varkstaden.se\\\/bokhandel\\\/produkt\\\/den-obotbara-smartan\\\/#primaryimage\"},\"thumbnailUrl\":\"https:\\\/\\\/www.varkstaden.se\\\/bokhandel\\\/wp-content\\\/uploads\\\/2015\\\/01\\\/obotbar.jpg\",\"datePublished\":\"2015-01-31T16:25:43+00:00\",\"dateModified\":\"2021-11-25T08:15:51+00:00\",\"breadcrumb\":{\"@id\":\"https:\\\/\\\/www.varkstaden.se\\\/bokhandel\\\/produkt\\\/den-obotbara-smartan\\\/#breadcrumb\"},\"inLanguage\":\"sv-SE\",\"potentialAction\":[{\"@type\":\"ReadAction\",\"target\":[\"https:\\\/\\\/www.varkstaden.se\\\/bokhandel\\\/produkt\\\/den-obotbara-smartan\\\/\"]}]},{\"@type\":\"ImageObject\",\"inLanguage\":\"sv-SE\",\"@id\":\"https:\\\/\\\/www.varkstaden.se\\\/bokhandel\\\/produkt\\\/den-obotbara-smartan\\\/#primaryimage\",\"url\":\"https:\\\/\\\/www.varkstaden.se\\\/bokhandel\\\/wp-content\\\/uploads\\\/2015\\\/01\\\/obotbar.jpg\",\"contentUrl\":\"https:\\\/\\\/www.varkstaden.se\\\/bokhandel\\\/wp-content\\\/uploads\\\/2015\\\/01\\\/obotbar.jpg\",\"width\":432,\"height\":600,\"caption\":\"Den obotbara sm\u00e4rtan\"},{\"@type\":\"BreadcrumbList\",\"@id\":\"https:\\\/\\\/www.varkstaden.se\\\/bokhandel\\\/produkt\\\/den-obotbara-smartan\\\/#breadcrumb\",\"itemListElement\":[{\"@type\":\"ListItem\",\"position\":1,\"name\":\"Hem\",\"item\":\"https:\\\/\\\/www.varkstaden.se\\\/bokhandel\\\/\"},{\"@type\":\"ListItem\",\"position\":2,\"name\":\"Webbutik\",\"item\":\"https:\\\/\\\/www.varkstaden.se\\\/bokhandel\\\/\"},{\"@type\":\"ListItem\",\"position\":3,\"name\":\"Den obotbara sm\u00e4rtan\"}]},{\"@type\":\"WebSite\",\"@id\":\"https:\\\/\\\/www.varkstaden.se\\\/bokhandel\\\/#website\",\"url\":\"https:\\\/\\\/www.varkstaden.se\\\/bokhandel\\\/\",\"name\":\"V\u00c4RKSTADSBOKHANDELN\",\"description\":\"\",\"publisher\":{\"@id\":\"https:\\\/\\\/www.varkstaden.se\\\/bokhandel\\\/#organization\"},\"potentialAction\":[{\"@type\":\"SearchAction\",\"target\":{\"@type\":\"EntryPoint\",\"urlTemplate\":\"https:\\\/\\\/www.varkstaden.se\\\/bokhandel\\\/?s={search_term_string}\"},\"query-input\":{\"@type\":\"PropertyValueSpecification\",\"valueRequired\":true,\"valueName\":\"search_term_string\"}}],\"inLanguage\":\"sv-SE\"},{\"@type\":\"Organization\",\"@id\":\"https:\\\/\\\/www.varkstaden.se\\\/bokhandel\\\/#organization\",\"name\":\"V\u00e4rkstaden GB AB\",\"url\":\"https:\\\/\\\/www.varkstaden.se\\\/bokhandel\\\/\",\"logo\":{\"@type\":\"ImageObject\",\"inLanguage\":\"sv-SE\",\"@id\":\"https:\\\/\\\/www.varkstaden.se\\\/bokhandel\\\/#\\\/schema\\\/logo\\\/image\\\/\",\"url\":\"https:\\\/\\\/www.varkstaden.se\\\/bokhandel\\\/wp-content\\\/uploads\\\/2017\\\/09\\\/cropped-bokhandel-e1543669762370-1.jpg\",\"contentUrl\":\"https:\\\/\\\/www.varkstaden.se\\\/bokhandel\\\/wp-content\\\/uploads\\\/2017\\\/09\\\/cropped-bokhandel-e1543669762370-1.jpg\",\"width\":1000,\"height\":525,\"caption\":\"V\u00e4rkstaden GB AB\"},\"image\":{\"@id\":\"https:\\\/\\\/www.varkstaden.se\\\/bokhandel\\\/#\\\/schema\\\/logo\\\/image\\\/\"}}]}<\/script>\n<!-- \/ Yoast SEO plugin. -->","yoast_head_json":{"title":"Den obotbara sm\u00e4rtan - V\u00c4RKSTADSBOKHANDELN, webbmaster: Gunilla Brattberg","robots":{"index":"index","follow":"follow","max-snippet":"max-snippet:-1","max-image-preview":"max-image-preview:large","max-video-preview":"max-video-preview:-1"},"canonical":"https:\/\/www.varkstaden.se\/bokhandel\/produkt\/den-obotbara-smartan\/","og_locale":"sv_SE","og_type":"article","og_title":"Den obotbara sm\u00e4rtan - V\u00c4RKSTADSBOKHANDELN, webbmaster: Gunilla Brattberg","og_description":"Boken handlar om m\u00e4nniskor som m\u00e5r d\u00e5ligt, de som lider utan att bli hj\u00e4lpta, som klagar utan att bli h\u00f6rda, de som inte f\u00e5r sitt onda f\u00f6rklarat av prover och unders\u00f6kningar. De v\u00e4cker k\u00e4nslor av otillr\u00e4cklighet och vanmakt hos personalen &hellip; Den obotbara sm\u00e4rtan L\u00e4s mer &raquo;","og_url":"https:\/\/www.varkstaden.se\/bokhandel\/produkt\/den-obotbara-smartan\/","og_site_name":"V\u00c4RKSTADSBOKHANDELN, webbmaster: Gunilla Brattberg","article_modified_time":"2021-11-25T08:15:51+00:00","og_image":[{"width":432,"height":600,"url":"https:\/\/www.varkstaden.se\/bokhandel\/wp-content\/uploads\/2015\/01\/obotbar.jpg","type":"image\/jpeg"}],"twitter_card":"summary_large_image","twitter_misc":{"Ber\u00e4knad l\u00e4stid":"1 minut"},"schema":{"@context":"https:\/\/schema.org","@graph":[{"@type":"WebPage","@id":"https:\/\/www.varkstaden.se\/bokhandel\/produkt\/den-obotbara-smartan\/","url":"https:\/\/www.varkstaden.se\/bokhandel\/produkt\/den-obotbara-smartan\/","name":"Den obotbara sm\u00e4rtan - V\u00c4RKSTADSBOKHANDELN, webbmaster: Gunilla Brattberg","isPartOf":{"@id":"https:\/\/www.varkstaden.se\/bokhandel\/#website"},"primaryImageOfPage":{"@id":"https:\/\/www.varkstaden.se\/bokhandel\/produkt\/den-obotbara-smartan\/#primaryimage"},"image":{"@id":"https:\/\/www.varkstaden.se\/bokhandel\/produkt\/den-obotbara-smartan\/#primaryimage"},"thumbnailUrl":"https:\/\/www.varkstaden.se\/bokhandel\/wp-content\/uploads\/2015\/01\/obotbar.jpg","datePublished":"2015-01-31T16:25:43+00:00","dateModified":"2021-11-25T08:15:51+00:00","breadcrumb":{"@id":"https:\/\/www.varkstaden.se\/bokhandel\/produkt\/den-obotbara-smartan\/#breadcrumb"},"inLanguage":"sv-SE","potentialAction":[{"@type":"ReadAction","target":["https:\/\/www.varkstaden.se\/bokhandel\/produkt\/den-obotbara-smartan\/"]}]},{"@type":"ImageObject","inLanguage":"sv-SE","@id":"https:\/\/www.varkstaden.se\/bokhandel\/produkt\/den-obotbara-smartan\/#primaryimage","url":"https:\/\/www.varkstaden.se\/bokhandel\/wp-content\/uploads\/2015\/01\/obotbar.jpg","contentUrl":"https:\/\/www.varkstaden.se\/bokhandel\/wp-content\/uploads\/2015\/01\/obotbar.jpg","width":432,"height":600,"caption":"Den obotbara sm\u00e4rtan"},{"@type":"BreadcrumbList","@id":"https:\/\/www.varkstaden.se\/bokhandel\/produkt\/den-obotbara-smartan\/#breadcrumb","itemListElement":[{"@type":"ListItem","position":1,"name":"Hem","item":"https:\/\/www.varkstaden.se\/bokhandel\/"},{"@type":"ListItem","position":2,"name":"Webbutik","item":"https:\/\/www.varkstaden.se\/bokhandel\/"},{"@type":"ListItem","position":3,"name":"Den obotbara sm\u00e4rtan"}]},{"@type":"WebSite","@id":"https:\/\/www.varkstaden.se\/bokhandel\/#website","url":"https:\/\/www.varkstaden.se\/bokhandel\/","name":"V\u00c4RKSTADSBOKHANDELN","description":"","publisher":{"@id":"https:\/\/www.varkstaden.se\/bokhandel\/#organization"},"potentialAction":[{"@type":"SearchAction","target":{"@type":"EntryPoint","urlTemplate":"https:\/\/www.varkstaden.se\/bokhandel\/?s={search_term_string}"},"query-input":{"@type":"PropertyValueSpecification","valueRequired":true,"valueName":"search_term_string"}}],"inLanguage":"sv-SE"},{"@type":"Organization","@id":"https:\/\/www.varkstaden.se\/bokhandel\/#organization","name":"V\u00e4rkstaden GB AB","url":"https:\/\/www.varkstaden.se\/bokhandel\/","logo":{"@type":"ImageObject","inLanguage":"sv-SE","@id":"https:\/\/www.varkstaden.se\/bokhandel\/#\/schema\/logo\/image\/","url":"https:\/\/www.varkstaden.se\/bokhandel\/wp-content\/uploads\/2017\/09\/cropped-bokhandel-e1543669762370-1.jpg","contentUrl":"https:\/\/www.varkstaden.se\/bokhandel\/wp-content\/uploads\/2017\/09\/cropped-bokhandel-e1543669762370-1.jpg","width":1000,"height":525,"caption":"V\u00e4rkstaden GB AB"},"image":{"@id":"https:\/\/www.varkstaden.se\/bokhandel\/#\/schema\/logo\/image\/"}}]}},"_links":{"self":[{"href":"https:\/\/www.varkstaden.se\/bokhandel\/wp-json\/wp\/v2\/product\/179","targetHints":{"allow":["GET"]}}],"collection":[{"href":"https:\/\/www.varkstaden.se\/bokhandel\/wp-json\/wp\/v2\/product"}],"about":[{"href":"https:\/\/www.varkstaden.se\/bokhandel\/wp-json\/wp\/v2\/types\/product"}],"replies":[{"embeddable":true,"href":"https:\/\/www.varkstaden.se\/bokhandel\/wp-json\/wp\/v2\/comments?post=179"}],"wp:featuredmedia":[{"embeddable":true,"href":"https:\/\/www.varkstaden.se\/bokhandel\/wp-json\/wp\/v2\/media\/180"}],"wp:attachment":[{"href":"https:\/\/www.varkstaden.se\/bokhandel\/wp-json\/wp\/v2\/media?parent=179"}],"wp:term":[{"taxonomy":"product_brand","embeddable":true,"href":"https:\/\/www.varkstaden.se\/bokhandel\/wp-json\/wp\/v2\/product_brand?post=179"},{"taxonomy":"product_cat","embeddable":true,"href":"https:\/\/www.varkstaden.se\/bokhandel\/wp-json\/wp\/v2\/product_cat?post=179"},{"taxonomy":"product_tag","embeddable":true,"href":"https:\/\/www.varkstaden.se\/bokhandel\/wp-json\/wp\/v2\/product_tag?post=179"}],"curies":[{"name":"wp","href":"https:\/\/api.w.org\/{rel}","templated":true}]}}