{"id":169,"date":"2015-01-31T16:16:21","date_gmt":"2015-01-31T16:16:21","guid":{"rendered":"http:\/\/www.varkstaden.se\/bokhandel2\/?post_type=product&#038;p=169"},"modified":"2021-05-06T10:51:07","modified_gmt":"2021-05-06T10:51:07","slug":"via-dolorosa-e-bok","status":"publish","type":"product","link":"https:\/\/www.varkstaden.se\/bokhandel\/produkt\/via-dolorosa-e-bok\/","title":{"rendered":"Via Dolorosa"},"content":{"rendered":"<h2 style=\"color: #333333; text-transform: none; text-indent: 0px; letter-spacing: normal; font-family: Georgia, 'Times New Roman', 'Bitstream Charter', Times, serif; font-style: normal; font-variant: normal; word-spacing: 0px; white-space: normal; -webkit-text-stroke-width: 0px;\">Om existentiell sm\u00e4rta och kristen tro<\/h2>\n<p style=\"font: 16px\/24px Georgia, 'Times New Roman', 'Bitstream Charter', Times, serif; color: #333333; text-transform: none; text-indent: 0px; letter-spacing: normal; word-spacing: 0px; white-space: normal; font-size-adjust: none; font-stretch: normal; -webkit-text-stroke-width: 0px;\"><span style=\"font: 14px\/16.5px 'Lucida Grande', 'Lucida Sans', Verdana, Arial, sans-serif; color: #000000; text-transform: none; text-indent: 0px; letter-spacing: normal; word-spacing: 0px; float: none; display: inline !important; white-space: normal; font-size-adjust: none; font-stretch: normal; -webkit-text-stroke-width: 0px;\">Boken handlar om existentiell sm\u00e4rta och kristen tro och den \u00e4r avsedd som konsumentupplysning f\u00f6r religi\u00f6sa analfabeter. Utg\u00e5ngspunkten \u00e4r m\u00e4nniskor som lever med st\u00e4ndig v\u00e4rk och sm\u00e4rta. Via dolorosa \u00e4r deras sm\u00e4rtsamma v\u00e4g genom sjukv\u00e5rden och livet. I boken beskrivs hur man med en kristen tro kan &#8220;hitta vilse&#8221; i sitt kaos och finna v\u00e4gen tillbaka till livet. Boken v\u00e4nder sig till m\u00e4nniskor som har existentiell sm\u00e4rta som en del i ett mer omfattande sm\u00e4rttillst\u00e5nd, och naturligtvis ocks\u00e5 till dem som har existentiell sm\u00e4rta som enda sm\u00e4rtkomponent. Den \u00e4r skriven f\u00f6r m\u00e4nniskor som inte \u00e4r troende och som \u00e4r nyfikna p\u00e5 vad den kristna religionen har att erbjuda i form av sm\u00e4rtlindring.<\/span><\/p>\n","protected":false},"excerpt":{"rendered":"<p>Om existentiell sm\u00e4rta och kristen tro Boken handlar om existentiell sm\u00e4rta och kristen tro och den \u00e4r avsedd som konsumentupplysning f\u00f6r religi\u00f6sa analfabeter. Utg\u00e5ngspunkten \u00e4r m\u00e4nniskor som lever med st\u00e4ndig v\u00e4rk och sm\u00e4rta. Via dolorosa \u00e4r deras sm\u00e4rtsamma v\u00e4g genom &hellip;<\/p>\n<p class=\"read-more\"> <a class=\"more-link\" href=\"https:\/\/www.varkstaden.se\/bokhandel\/produkt\/via-dolorosa-e-bok\/\"> <span class=\"screen-reader-text\">Via Dolorosa<\/span> L\u00e4s mer &raquo;<\/a><\/p>\n","protected":false},"featured_media":172,"comment_status":"open","ping_status":"closed","template":"","meta":[],"product_brand":[],"product_cat":[18,10,9],"product_tag":[],"class_list":{"0":"post-169","1":"product","2":"type-product","3":"status-publish","4":"has-post-thumbnail","6":"product_cat-e-bocker","7":"product_cat-rehabilitering","8":"product_cat-vark-och-smarta","10":"first","11":"instock","12":"taxable","13":"shipping-taxable","14":"purchasable","15":"product-type-variable"},"yoast_head":"<!-- This site is optimized with the Yoast SEO plugin v27.4 - https:\/\/yoast.com\/product\/yoast-seo-wordpress\/ -->\n<title>Via Dolorosa - V\u00c4RKSTADSBOKHANDELN, webbmaster: Gunilla Brattberg<\/title>\n<meta name=\"robots\" content=\"index, follow, max-snippet:-1, max-image-preview:large, max-video-preview:-1\" \/>\n<link rel=\"canonical\" href=\"https:\/\/www.varkstaden.se\/bokhandel\/produkt\/via-dolorosa-e-bok\/\" \/>\n<meta property=\"og:locale\" content=\"sv_SE\" \/>\n<meta property=\"og:type\" content=\"article\" \/>\n<meta property=\"og:title\" content=\"Via Dolorosa - V\u00c4RKSTADSBOKHANDELN, webbmaster: Gunilla Brattberg\" \/>\n<meta property=\"og:description\" content=\"Om existentiell sm\u00e4rta och kristen tro Boken handlar om existentiell sm\u00e4rta och kristen tro och den \u00e4r avsedd som konsumentupplysning f\u00f6r religi\u00f6sa analfabeter. Utg\u00e5ngspunkten \u00e4r m\u00e4nniskor som lever med st\u00e4ndig v\u00e4rk och sm\u00e4rta. Via dolorosa \u00e4r deras sm\u00e4rtsamma v\u00e4g genom &hellip; Via Dolorosa L\u00e4s mer &raquo;\" \/>\n<meta property=\"og:url\" content=\"https:\/\/www.varkstaden.se\/bokhandel\/produkt\/via-dolorosa-e-bok\/\" \/>\n<meta property=\"og:site_name\" content=\"V\u00c4RKSTADSBOKHANDELN, webbmaster: Gunilla Brattberg\" \/>\n<meta property=\"article:modified_time\" content=\"2021-05-06T10:51:07+00:00\" \/>\n<meta property=\"og:image\" content=\"https:\/\/www.varkstaden.se\/bokhandel\/wp-content\/uploads\/2015\/01\/9197295558.jpg\" \/>\n\t<meta property=\"og:image:width\" content=\"554\" \/>\n\t<meta property=\"og:image:height\" content=\"795\" \/>\n\t<meta property=\"og:image:type\" content=\"image\/jpeg\" \/>\n<meta name=\"twitter:card\" content=\"summary_large_image\" \/>\n<meta name=\"twitter:label1\" content=\"Ber\u00e4knad l\u00e4stid\" \/>\n\t<meta name=\"twitter:data1\" content=\"1 minut\" \/>\n<script type=\"application\/ld+json\" class=\"yoast-schema-graph\">{\"@context\":\"https:\\\/\\\/schema.org\",\"@graph\":[{\"@type\":\"WebPage\",\"@id\":\"https:\\\/\\\/www.varkstaden.se\\\/bokhandel\\\/produkt\\\/via-dolorosa-e-bok\\\/\",\"url\":\"https:\\\/\\\/www.varkstaden.se\\\/bokhandel\\\/produkt\\\/via-dolorosa-e-bok\\\/\",\"name\":\"Via Dolorosa - V\u00c4RKSTADSBOKHANDELN, webbmaster: Gunilla Brattberg\",\"isPartOf\":{\"@id\":\"https:\\\/\\\/www.varkstaden.se\\\/bokhandel\\\/#website\"},\"primaryImageOfPage\":{\"@id\":\"https:\\\/\\\/www.varkstaden.se\\\/bokhandel\\\/produkt\\\/via-dolorosa-e-bok\\\/#primaryimage\"},\"image\":{\"@id\":\"https:\\\/\\\/www.varkstaden.se\\\/bokhandel\\\/produkt\\\/via-dolorosa-e-bok\\\/#primaryimage\"},\"thumbnailUrl\":\"https:\\\/\\\/www.varkstaden.se\\\/bokhandel\\\/wp-content\\\/uploads\\\/2015\\\/01\\\/9197295558.jpg\",\"datePublished\":\"2015-01-31T16:16:21+00:00\",\"dateModified\":\"2021-05-06T10:51:07+00:00\",\"breadcrumb\":{\"@id\":\"https:\\\/\\\/www.varkstaden.se\\\/bokhandel\\\/produkt\\\/via-dolorosa-e-bok\\\/#breadcrumb\"},\"inLanguage\":\"sv-SE\",\"potentialAction\":[{\"@type\":\"ReadAction\",\"target\":[\"https:\\\/\\\/www.varkstaden.se\\\/bokhandel\\\/produkt\\\/via-dolorosa-e-bok\\\/\"]}]},{\"@type\":\"ImageObject\",\"inLanguage\":\"sv-SE\",\"@id\":\"https:\\\/\\\/www.varkstaden.se\\\/bokhandel\\\/produkt\\\/via-dolorosa-e-bok\\\/#primaryimage\",\"url\":\"https:\\\/\\\/www.varkstaden.se\\\/bokhandel\\\/wp-content\\\/uploads\\\/2015\\\/01\\\/9197295558.jpg\",\"contentUrl\":\"https:\\\/\\\/www.varkstaden.se\\\/bokhandel\\\/wp-content\\\/uploads\\\/2015\\\/01\\\/9197295558.jpg\",\"width\":554,\"height\":795,\"caption\":\"Via dolorosa\"},{\"@type\":\"BreadcrumbList\",\"@id\":\"https:\\\/\\\/www.varkstaden.se\\\/bokhandel\\\/produkt\\\/via-dolorosa-e-bok\\\/#breadcrumb\",\"itemListElement\":[{\"@type\":\"ListItem\",\"position\":1,\"name\":\"Hem\",\"item\":\"https:\\\/\\\/www.varkstaden.se\\\/bokhandel\\\/\"},{\"@type\":\"ListItem\",\"position\":2,\"name\":\"Webbutik\",\"item\":\"https:\\\/\\\/www.varkstaden.se\\\/bokhandel\\\/\"},{\"@type\":\"ListItem\",\"position\":3,\"name\":\"Via Dolorosa\"}]},{\"@type\":\"WebSite\",\"@id\":\"https:\\\/\\\/www.varkstaden.se\\\/bokhandel\\\/#website\",\"url\":\"https:\\\/\\\/www.varkstaden.se\\\/bokhandel\\\/\",\"name\":\"V\u00c4RKSTADSBOKHANDELN\",\"description\":\"\",\"publisher\":{\"@id\":\"https:\\\/\\\/www.varkstaden.se\\\/bokhandel\\\/#organization\"},\"potentialAction\":[{\"@type\":\"SearchAction\",\"target\":{\"@type\":\"EntryPoint\",\"urlTemplate\":\"https:\\\/\\\/www.varkstaden.se\\\/bokhandel\\\/?s={search_term_string}\"},\"query-input\":{\"@type\":\"PropertyValueSpecification\",\"valueRequired\":true,\"valueName\":\"search_term_string\"}}],\"inLanguage\":\"sv-SE\"},{\"@type\":\"Organization\",\"@id\":\"https:\\\/\\\/www.varkstaden.se\\\/bokhandel\\\/#organization\",\"name\":\"V\u00e4rkstaden GB AB\",\"url\":\"https:\\\/\\\/www.varkstaden.se\\\/bokhandel\\\/\",\"logo\":{\"@type\":\"ImageObject\",\"inLanguage\":\"sv-SE\",\"@id\":\"https:\\\/\\\/www.varkstaden.se\\\/bokhandel\\\/#\\\/schema\\\/logo\\\/image\\\/\",\"url\":\"https:\\\/\\\/www.varkstaden.se\\\/bokhandel\\\/wp-content\\\/uploads\\\/2017\\\/09\\\/cropped-bokhandel-e1543669762370-1.jpg\",\"contentUrl\":\"https:\\\/\\\/www.varkstaden.se\\\/bokhandel\\\/wp-content\\\/uploads\\\/2017\\\/09\\\/cropped-bokhandel-e1543669762370-1.jpg\",\"width\":1000,\"height\":525,\"caption\":\"V\u00e4rkstaden GB AB\"},\"image\":{\"@id\":\"https:\\\/\\\/www.varkstaden.se\\\/bokhandel\\\/#\\\/schema\\\/logo\\\/image\\\/\"}}]}<\/script>\n<!-- \/ Yoast SEO plugin. -->","yoast_head_json":{"title":"Via Dolorosa - V\u00c4RKSTADSBOKHANDELN, webbmaster: Gunilla Brattberg","robots":{"index":"index","follow":"follow","max-snippet":"max-snippet:-1","max-image-preview":"max-image-preview:large","max-video-preview":"max-video-preview:-1"},"canonical":"https:\/\/www.varkstaden.se\/bokhandel\/produkt\/via-dolorosa-e-bok\/","og_locale":"sv_SE","og_type":"article","og_title":"Via Dolorosa - V\u00c4RKSTADSBOKHANDELN, webbmaster: Gunilla Brattberg","og_description":"Om existentiell sm\u00e4rta och kristen tro Boken handlar om existentiell sm\u00e4rta och kristen tro och den \u00e4r avsedd som konsumentupplysning f\u00f6r religi\u00f6sa analfabeter. Utg\u00e5ngspunkten \u00e4r m\u00e4nniskor som lever med st\u00e4ndig v\u00e4rk och sm\u00e4rta. Via dolorosa \u00e4r deras sm\u00e4rtsamma v\u00e4g genom &hellip; Via Dolorosa L\u00e4s mer &raquo;","og_url":"https:\/\/www.varkstaden.se\/bokhandel\/produkt\/via-dolorosa-e-bok\/","og_site_name":"V\u00c4RKSTADSBOKHANDELN, webbmaster: Gunilla Brattberg","article_modified_time":"2021-05-06T10:51:07+00:00","og_image":[{"width":554,"height":795,"url":"https:\/\/www.varkstaden.se\/bokhandel\/wp-content\/uploads\/2015\/01\/9197295558.jpg","type":"image\/jpeg"}],"twitter_card":"summary_large_image","twitter_misc":{"Ber\u00e4knad l\u00e4stid":"1 minut"},"schema":{"@context":"https:\/\/schema.org","@graph":[{"@type":"WebPage","@id":"https:\/\/www.varkstaden.se\/bokhandel\/produkt\/via-dolorosa-e-bok\/","url":"https:\/\/www.varkstaden.se\/bokhandel\/produkt\/via-dolorosa-e-bok\/","name":"Via Dolorosa - V\u00c4RKSTADSBOKHANDELN, webbmaster: Gunilla Brattberg","isPartOf":{"@id":"https:\/\/www.varkstaden.se\/bokhandel\/#website"},"primaryImageOfPage":{"@id":"https:\/\/www.varkstaden.se\/bokhandel\/produkt\/via-dolorosa-e-bok\/#primaryimage"},"image":{"@id":"https:\/\/www.varkstaden.se\/bokhandel\/produkt\/via-dolorosa-e-bok\/#primaryimage"},"thumbnailUrl":"https:\/\/www.varkstaden.se\/bokhandel\/wp-content\/uploads\/2015\/01\/9197295558.jpg","datePublished":"2015-01-31T16:16:21+00:00","dateModified":"2021-05-06T10:51:07+00:00","breadcrumb":{"@id":"https:\/\/www.varkstaden.se\/bokhandel\/produkt\/via-dolorosa-e-bok\/#breadcrumb"},"inLanguage":"sv-SE","potentialAction":[{"@type":"ReadAction","target":["https:\/\/www.varkstaden.se\/bokhandel\/produkt\/via-dolorosa-e-bok\/"]}]},{"@type":"ImageObject","inLanguage":"sv-SE","@id":"https:\/\/www.varkstaden.se\/bokhandel\/produkt\/via-dolorosa-e-bok\/#primaryimage","url":"https:\/\/www.varkstaden.se\/bokhandel\/wp-content\/uploads\/2015\/01\/9197295558.jpg","contentUrl":"https:\/\/www.varkstaden.se\/bokhandel\/wp-content\/uploads\/2015\/01\/9197295558.jpg","width":554,"height":795,"caption":"Via dolorosa"},{"@type":"BreadcrumbList","@id":"https:\/\/www.varkstaden.se\/bokhandel\/produkt\/via-dolorosa-e-bok\/#breadcrumb","itemListElement":[{"@type":"ListItem","position":1,"name":"Hem","item":"https:\/\/www.varkstaden.se\/bokhandel\/"},{"@type":"ListItem","position":2,"name":"Webbutik","item":"https:\/\/www.varkstaden.se\/bokhandel\/"},{"@type":"ListItem","position":3,"name":"Via Dolorosa"}]},{"@type":"WebSite","@id":"https:\/\/www.varkstaden.se\/bokhandel\/#website","url":"https:\/\/www.varkstaden.se\/bokhandel\/","name":"V\u00c4RKSTADSBOKHANDELN","description":"","publisher":{"@id":"https:\/\/www.varkstaden.se\/bokhandel\/#organization"},"potentialAction":[{"@type":"SearchAction","target":{"@type":"EntryPoint","urlTemplate":"https:\/\/www.varkstaden.se\/bokhandel\/?s={search_term_string}"},"query-input":{"@type":"PropertyValueSpecification","valueRequired":true,"valueName":"search_term_string"}}],"inLanguage":"sv-SE"},{"@type":"Organization","@id":"https:\/\/www.varkstaden.se\/bokhandel\/#organization","name":"V\u00e4rkstaden GB AB","url":"https:\/\/www.varkstaden.se\/bokhandel\/","logo":{"@type":"ImageObject","inLanguage":"sv-SE","@id":"https:\/\/www.varkstaden.se\/bokhandel\/#\/schema\/logo\/image\/","url":"https:\/\/www.varkstaden.se\/bokhandel\/wp-content\/uploads\/2017\/09\/cropped-bokhandel-e1543669762370-1.jpg","contentUrl":"https:\/\/www.varkstaden.se\/bokhandel\/wp-content\/uploads\/2017\/09\/cropped-bokhandel-e1543669762370-1.jpg","width":1000,"height":525,"caption":"V\u00e4rkstaden GB AB"},"image":{"@id":"https:\/\/www.varkstaden.se\/bokhandel\/#\/schema\/logo\/image\/"}}]}},"_links":{"self":[{"href":"https:\/\/www.varkstaden.se\/bokhandel\/wp-json\/wp\/v2\/product\/169","targetHints":{"allow":["GET"]}}],"collection":[{"href":"https:\/\/www.varkstaden.se\/bokhandel\/wp-json\/wp\/v2\/product"}],"about":[{"href":"https:\/\/www.varkstaden.se\/bokhandel\/wp-json\/wp\/v2\/types\/product"}],"replies":[{"embeddable":true,"href":"https:\/\/www.varkstaden.se\/bokhandel\/wp-json\/wp\/v2\/comments?post=169"}],"wp:featuredmedia":[{"embeddable":true,"href":"https:\/\/www.varkstaden.se\/bokhandel\/wp-json\/wp\/v2\/media\/172"}],"wp:attachment":[{"href":"https:\/\/www.varkstaden.se\/bokhandel\/wp-json\/wp\/v2\/media?parent=169"}],"wp:term":[{"taxonomy":"product_brand","embeddable":true,"href":"https:\/\/www.varkstaden.se\/bokhandel\/wp-json\/wp\/v2\/product_brand?post=169"},{"taxonomy":"product_cat","embeddable":true,"href":"https:\/\/www.varkstaden.se\/bokhandel\/wp-json\/wp\/v2\/product_cat?post=169"},{"taxonomy":"product_tag","embeddable":true,"href":"https:\/\/www.varkstaden.se\/bokhandel\/wp-json\/wp\/v2\/product_tag?post=169"}],"curies":[{"name":"wp","href":"https:\/\/api.w.org\/{rel}","templated":true}]}}