{"id":165,"date":"2015-01-31T16:10:42","date_gmt":"2015-01-31T16:10:42","guid":{"rendered":"http:\/\/www.varkstaden.se\/bokhandel2\/?post_type=product&#038;p=165"},"modified":"2024-06-12T10:11:25","modified_gmt":"2024-06-12T10:11:25","slug":"fran-smartpatient-till-varkmastare","status":"publish","type":"product","link":"https:\/\/www.varkstaden.se\/bokhandel\/produkt\/fran-smartpatient-till-varkmastare\/","title":{"rendered":"Fr\u00e5n sm\u00e4rtpatient till v\u00e4rkm\u00e4stare"},"content":{"rendered":"<p><span style=\"font: 14px\/16.5px 'Lucida Grande', 'Lucida Sans', Verdana, Arial, sans-serif; color: #000000; text-transform: none; text-indent: 0px; letter-spacing: normal; word-spacing: 0px; float: none; display: inline !important; white-space: normal; font-size-adjust: none; font-stretch: normal; background-color: #ffffff; -webkit-text-stroke-width: 0px;\">Fr\u00e5n kronisk sm\u00e4rtpatient till v\u00e4rkm\u00e4stare \u00e4r en studiehandledning baserad p\u00e5 b\u00f6ckerna Att m\u00f6ta l\u00e5ngvarig sm\u00e4rta och V\u00e4rkm\u00e4starnas V\u00e4rkstad. De tre b\u00f6ckerna \u00e4r avsedda att anv\u00e4ndas i pedagogisk behandling av m\u00e4nniskor med v\u00e4rk och sm\u00e4rta. Syftet \u00e4r att m\u00e4nniskor med hj\u00e4lp av kunskap ska kunna skaffa sig ett f\u00f6rh\u00e5llningss\u00e4tt till v\u00e4rken och sm\u00e4rtan som medf\u00f6r att de m\u00e5r bra. B\u00f6ckerna kan anv\u00e4ndas enskilt eller i grupp, med eller utan expertmedverkan, av m\u00e4nniskor inom eller utanf\u00f6r v\u00e5rden. Fr\u00e5n kronisk sm\u00e4rtpatient till v\u00e4rkm\u00e4stare kan \u00e4ven anv\u00e4ndas frist\u00e5ende. Studiehandledningen inneh\u00e5ller fr\u00e5gor, nyckelord och visdomsord avsedda som utg\u00e5ngspunkt f\u00f6r reflektion och samtal.<\/span><\/p>\n","protected":false},"excerpt":{"rendered":"<p>Fr\u00e5n kronisk sm\u00e4rtpatient till v\u00e4rkm\u00e4stare \u00e4r en studiehandledning baserad p\u00e5 b\u00f6ckerna Att m\u00f6ta l\u00e5ngvarig sm\u00e4rta och V\u00e4rkm\u00e4starnas V\u00e4rkstad. De tre b\u00f6ckerna \u00e4r avsedda att anv\u00e4ndas i pedagogisk behandling av m\u00e4nniskor med v\u00e4rk och sm\u00e4rta. Syftet \u00e4r att m\u00e4nniskor med hj\u00e4lp &hellip;<\/p>\n<p class=\"read-more\"> <a class=\"more-link\" href=\"https:\/\/www.varkstaden.se\/bokhandel\/produkt\/fran-smartpatient-till-varkmastare\/\"> <span class=\"screen-reader-text\">Fr\u00e5n sm\u00e4rtpatient till v\u00e4rkm\u00e4stare<\/span> L\u00e4s mer &raquo;<\/a><\/p>\n","protected":false},"featured_media":166,"comment_status":"open","ping_status":"closed","template":"","meta":[],"product_brand":[],"product_cat":[18,17,10,9],"product_tag":[],"class_list":{"0":"post-165","1":"product","2":"type-product","3":"status-publish","4":"has-post-thumbnail","6":"product_cat-e-bocker","7":"product_cat-pedagogik","8":"product_cat-rehabilitering","9":"product_cat-vark-och-smarta","11":"first","12":"instock","13":"sale","14":"taxable","15":"shipping-taxable","16":"purchasable","17":"product-type-variable"},"yoast_head":"<!-- This site is optimized with the Yoast SEO plugin v27.4 - https:\/\/yoast.com\/product\/yoast-seo-wordpress\/ -->\n<title>Fr\u00e5n sm\u00e4rtpatient till v\u00e4rkm\u00e4stare - V\u00c4RKSTADSBOKHANDELN, webbmaster: Gunilla Brattberg<\/title>\n<meta name=\"robots\" content=\"index, follow, max-snippet:-1, max-image-preview:large, max-video-preview:-1\" \/>\n<link rel=\"canonical\" href=\"https:\/\/www.varkstaden.se\/bokhandel\/produkt\/fran-smartpatient-till-varkmastare\/\" \/>\n<meta property=\"og:locale\" content=\"sv_SE\" \/>\n<meta property=\"og:type\" content=\"article\" \/>\n<meta property=\"og:title\" content=\"Fr\u00e5n sm\u00e4rtpatient till v\u00e4rkm\u00e4stare - V\u00c4RKSTADSBOKHANDELN, webbmaster: Gunilla Brattberg\" \/>\n<meta property=\"og:description\" content=\"Fr\u00e5n kronisk sm\u00e4rtpatient till v\u00e4rkm\u00e4stare \u00e4r en studiehandledning baserad p\u00e5 b\u00f6ckerna Att m\u00f6ta l\u00e5ngvarig sm\u00e4rta och V\u00e4rkm\u00e4starnas V\u00e4rkstad. De tre b\u00f6ckerna \u00e4r avsedda att anv\u00e4ndas i pedagogisk behandling av m\u00e4nniskor med v\u00e4rk och sm\u00e4rta. Syftet \u00e4r att m\u00e4nniskor med hj\u00e4lp &hellip; Fr\u00e5n sm\u00e4rtpatient till v\u00e4rkm\u00e4stare L\u00e4s mer &raquo;\" \/>\n<meta property=\"og:url\" content=\"https:\/\/www.varkstaden.se\/bokhandel\/produkt\/fran-smartpatient-till-varkmastare\/\" \/>\n<meta property=\"og:site_name\" content=\"V\u00c4RKSTADSBOKHANDELN, webbmaster: Gunilla Brattberg\" \/>\n<meta property=\"article:modified_time\" content=\"2024-06-12T10:11:25+00:00\" \/>\n<meta property=\"og:image\" content=\"https:\/\/www.varkstaden.se\/bokhandel\/wp-content\/uploads\/2015\/01\/varkmas.jpg\" \/>\n\t<meta property=\"og:image:width\" content=\"513\" \/>\n\t<meta property=\"og:image:height\" content=\"795\" \/>\n\t<meta property=\"og:image:type\" content=\"image\/jpeg\" \/>\n<meta name=\"twitter:card\" content=\"summary_large_image\" \/>\n<meta name=\"twitter:label1\" content=\"Ber\u00e4knad l\u00e4stid\" \/>\n\t<meta name=\"twitter:data1\" content=\"1 minut\" \/>\n<script type=\"application\/ld+json\" class=\"yoast-schema-graph\">{\"@context\":\"https:\\\/\\\/schema.org\",\"@graph\":[{\"@type\":\"WebPage\",\"@id\":\"https:\\\/\\\/www.varkstaden.se\\\/bokhandel\\\/produkt\\\/fran-smartpatient-till-varkmastare\\\/\",\"url\":\"https:\\\/\\\/www.varkstaden.se\\\/bokhandel\\\/produkt\\\/fran-smartpatient-till-varkmastare\\\/\",\"name\":\"Fr\u00e5n sm\u00e4rtpatient till v\u00e4rkm\u00e4stare - V\u00c4RKSTADSBOKHANDELN, webbmaster: Gunilla Brattberg\",\"isPartOf\":{\"@id\":\"https:\\\/\\\/www.varkstaden.se\\\/bokhandel\\\/#website\"},\"primaryImageOfPage\":{\"@id\":\"https:\\\/\\\/www.varkstaden.se\\\/bokhandel\\\/produkt\\\/fran-smartpatient-till-varkmastare\\\/#primaryimage\"},\"image\":{\"@id\":\"https:\\\/\\\/www.varkstaden.se\\\/bokhandel\\\/produkt\\\/fran-smartpatient-till-varkmastare\\\/#primaryimage\"},\"thumbnailUrl\":\"https:\\\/\\\/www.varkstaden.se\\\/bokhandel\\\/wp-content\\\/uploads\\\/2015\\\/01\\\/varkmas.jpg\",\"datePublished\":\"2015-01-31T16:10:42+00:00\",\"dateModified\":\"2024-06-12T10:11:25+00:00\",\"breadcrumb\":{\"@id\":\"https:\\\/\\\/www.varkstaden.se\\\/bokhandel\\\/produkt\\\/fran-smartpatient-till-varkmastare\\\/#breadcrumb\"},\"inLanguage\":\"sv-SE\",\"potentialAction\":[{\"@type\":\"ReadAction\",\"target\":[\"https:\\\/\\\/www.varkstaden.se\\\/bokhandel\\\/produkt\\\/fran-smartpatient-till-varkmastare\\\/\"]}]},{\"@type\":\"ImageObject\",\"inLanguage\":\"sv-SE\",\"@id\":\"https:\\\/\\\/www.varkstaden.se\\\/bokhandel\\\/produkt\\\/fran-smartpatient-till-varkmastare\\\/#primaryimage\",\"url\":\"https:\\\/\\\/www.varkstaden.se\\\/bokhandel\\\/wp-content\\\/uploads\\\/2015\\\/01\\\/varkmas.jpg\",\"contentUrl\":\"https:\\\/\\\/www.varkstaden.se\\\/bokhandel\\\/wp-content\\\/uploads\\\/2015\\\/01\\\/varkmas.jpg\",\"width\":513,\"height\":795,\"caption\":\"Fr\u00e5n sm\u00e4rtpatient till v\u00e4rkm\u00e4stare\"},{\"@type\":\"BreadcrumbList\",\"@id\":\"https:\\\/\\\/www.varkstaden.se\\\/bokhandel\\\/produkt\\\/fran-smartpatient-till-varkmastare\\\/#breadcrumb\",\"itemListElement\":[{\"@type\":\"ListItem\",\"position\":1,\"name\":\"Hem\",\"item\":\"https:\\\/\\\/www.varkstaden.se\\\/bokhandel\\\/\"},{\"@type\":\"ListItem\",\"position\":2,\"name\":\"Webbutik\",\"item\":\"https:\\\/\\\/www.varkstaden.se\\\/bokhandel\\\/\"},{\"@type\":\"ListItem\",\"position\":3,\"name\":\"Fr\u00e5n sm\u00e4rtpatient till v\u00e4rkm\u00e4stare\"}]},{\"@type\":\"WebSite\",\"@id\":\"https:\\\/\\\/www.varkstaden.se\\\/bokhandel\\\/#website\",\"url\":\"https:\\\/\\\/www.varkstaden.se\\\/bokhandel\\\/\",\"name\":\"V\u00c4RKSTADSBOKHANDELN\",\"description\":\"\",\"publisher\":{\"@id\":\"https:\\\/\\\/www.varkstaden.se\\\/bokhandel\\\/#organization\"},\"potentialAction\":[{\"@type\":\"SearchAction\",\"target\":{\"@type\":\"EntryPoint\",\"urlTemplate\":\"https:\\\/\\\/www.varkstaden.se\\\/bokhandel\\\/?s={search_term_string}\"},\"query-input\":{\"@type\":\"PropertyValueSpecification\",\"valueRequired\":true,\"valueName\":\"search_term_string\"}}],\"inLanguage\":\"sv-SE\"},{\"@type\":\"Organization\",\"@id\":\"https:\\\/\\\/www.varkstaden.se\\\/bokhandel\\\/#organization\",\"name\":\"V\u00e4rkstaden GB AB\",\"url\":\"https:\\\/\\\/www.varkstaden.se\\\/bokhandel\\\/\",\"logo\":{\"@type\":\"ImageObject\",\"inLanguage\":\"sv-SE\",\"@id\":\"https:\\\/\\\/www.varkstaden.se\\\/bokhandel\\\/#\\\/schema\\\/logo\\\/image\\\/\",\"url\":\"https:\\\/\\\/www.varkstaden.se\\\/bokhandel\\\/wp-content\\\/uploads\\\/2017\\\/09\\\/cropped-bokhandel-e1543669762370-1.jpg\",\"contentUrl\":\"https:\\\/\\\/www.varkstaden.se\\\/bokhandel\\\/wp-content\\\/uploads\\\/2017\\\/09\\\/cropped-bokhandel-e1543669762370-1.jpg\",\"width\":1000,\"height\":525,\"caption\":\"V\u00e4rkstaden GB AB\"},\"image\":{\"@id\":\"https:\\\/\\\/www.varkstaden.se\\\/bokhandel\\\/#\\\/schema\\\/logo\\\/image\\\/\"}}]}<\/script>\n<!-- \/ Yoast SEO plugin. -->","yoast_head_json":{"title":"Fr\u00e5n sm\u00e4rtpatient till v\u00e4rkm\u00e4stare - V\u00c4RKSTADSBOKHANDELN, webbmaster: Gunilla Brattberg","robots":{"index":"index","follow":"follow","max-snippet":"max-snippet:-1","max-image-preview":"max-image-preview:large","max-video-preview":"max-video-preview:-1"},"canonical":"https:\/\/www.varkstaden.se\/bokhandel\/produkt\/fran-smartpatient-till-varkmastare\/","og_locale":"sv_SE","og_type":"article","og_title":"Fr\u00e5n sm\u00e4rtpatient till v\u00e4rkm\u00e4stare - V\u00c4RKSTADSBOKHANDELN, webbmaster: Gunilla Brattberg","og_description":"Fr\u00e5n kronisk sm\u00e4rtpatient till v\u00e4rkm\u00e4stare \u00e4r en studiehandledning baserad p\u00e5 b\u00f6ckerna Att m\u00f6ta l\u00e5ngvarig sm\u00e4rta och V\u00e4rkm\u00e4starnas V\u00e4rkstad. De tre b\u00f6ckerna \u00e4r avsedda att anv\u00e4ndas i pedagogisk behandling av m\u00e4nniskor med v\u00e4rk och sm\u00e4rta. Syftet \u00e4r att m\u00e4nniskor med hj\u00e4lp &hellip; Fr\u00e5n sm\u00e4rtpatient till v\u00e4rkm\u00e4stare L\u00e4s mer &raquo;","og_url":"https:\/\/www.varkstaden.se\/bokhandel\/produkt\/fran-smartpatient-till-varkmastare\/","og_site_name":"V\u00c4RKSTADSBOKHANDELN, webbmaster: Gunilla Brattberg","article_modified_time":"2024-06-12T10:11:25+00:00","og_image":[{"width":513,"height":795,"url":"https:\/\/www.varkstaden.se\/bokhandel\/wp-content\/uploads\/2015\/01\/varkmas.jpg","type":"image\/jpeg"}],"twitter_card":"summary_large_image","twitter_misc":{"Ber\u00e4knad l\u00e4stid":"1 minut"},"schema":{"@context":"https:\/\/schema.org","@graph":[{"@type":"WebPage","@id":"https:\/\/www.varkstaden.se\/bokhandel\/produkt\/fran-smartpatient-till-varkmastare\/","url":"https:\/\/www.varkstaden.se\/bokhandel\/produkt\/fran-smartpatient-till-varkmastare\/","name":"Fr\u00e5n sm\u00e4rtpatient till v\u00e4rkm\u00e4stare - V\u00c4RKSTADSBOKHANDELN, webbmaster: Gunilla Brattberg","isPartOf":{"@id":"https:\/\/www.varkstaden.se\/bokhandel\/#website"},"primaryImageOfPage":{"@id":"https:\/\/www.varkstaden.se\/bokhandel\/produkt\/fran-smartpatient-till-varkmastare\/#primaryimage"},"image":{"@id":"https:\/\/www.varkstaden.se\/bokhandel\/produkt\/fran-smartpatient-till-varkmastare\/#primaryimage"},"thumbnailUrl":"https:\/\/www.varkstaden.se\/bokhandel\/wp-content\/uploads\/2015\/01\/varkmas.jpg","datePublished":"2015-01-31T16:10:42+00:00","dateModified":"2024-06-12T10:11:25+00:00","breadcrumb":{"@id":"https:\/\/www.varkstaden.se\/bokhandel\/produkt\/fran-smartpatient-till-varkmastare\/#breadcrumb"},"inLanguage":"sv-SE","potentialAction":[{"@type":"ReadAction","target":["https:\/\/www.varkstaden.se\/bokhandel\/produkt\/fran-smartpatient-till-varkmastare\/"]}]},{"@type":"ImageObject","inLanguage":"sv-SE","@id":"https:\/\/www.varkstaden.se\/bokhandel\/produkt\/fran-smartpatient-till-varkmastare\/#primaryimage","url":"https:\/\/www.varkstaden.se\/bokhandel\/wp-content\/uploads\/2015\/01\/varkmas.jpg","contentUrl":"https:\/\/www.varkstaden.se\/bokhandel\/wp-content\/uploads\/2015\/01\/varkmas.jpg","width":513,"height":795,"caption":"Fr\u00e5n sm\u00e4rtpatient till v\u00e4rkm\u00e4stare"},{"@type":"BreadcrumbList","@id":"https:\/\/www.varkstaden.se\/bokhandel\/produkt\/fran-smartpatient-till-varkmastare\/#breadcrumb","itemListElement":[{"@type":"ListItem","position":1,"name":"Hem","item":"https:\/\/www.varkstaden.se\/bokhandel\/"},{"@type":"ListItem","position":2,"name":"Webbutik","item":"https:\/\/www.varkstaden.se\/bokhandel\/"},{"@type":"ListItem","position":3,"name":"Fr\u00e5n sm\u00e4rtpatient till v\u00e4rkm\u00e4stare"}]},{"@type":"WebSite","@id":"https:\/\/www.varkstaden.se\/bokhandel\/#website","url":"https:\/\/www.varkstaden.se\/bokhandel\/","name":"V\u00c4RKSTADSBOKHANDELN","description":"","publisher":{"@id":"https:\/\/www.varkstaden.se\/bokhandel\/#organization"},"potentialAction":[{"@type":"SearchAction","target":{"@type":"EntryPoint","urlTemplate":"https:\/\/www.varkstaden.se\/bokhandel\/?s={search_term_string}"},"query-input":{"@type":"PropertyValueSpecification","valueRequired":true,"valueName":"search_term_string"}}],"inLanguage":"sv-SE"},{"@type":"Organization","@id":"https:\/\/www.varkstaden.se\/bokhandel\/#organization","name":"V\u00e4rkstaden GB AB","url":"https:\/\/www.varkstaden.se\/bokhandel\/","logo":{"@type":"ImageObject","inLanguage":"sv-SE","@id":"https:\/\/www.varkstaden.se\/bokhandel\/#\/schema\/logo\/image\/","url":"https:\/\/www.varkstaden.se\/bokhandel\/wp-content\/uploads\/2017\/09\/cropped-bokhandel-e1543669762370-1.jpg","contentUrl":"https:\/\/www.varkstaden.se\/bokhandel\/wp-content\/uploads\/2017\/09\/cropped-bokhandel-e1543669762370-1.jpg","width":1000,"height":525,"caption":"V\u00e4rkstaden GB AB"},"image":{"@id":"https:\/\/www.varkstaden.se\/bokhandel\/#\/schema\/logo\/image\/"}}]}},"_links":{"self":[{"href":"https:\/\/www.varkstaden.se\/bokhandel\/wp-json\/wp\/v2\/product\/165","targetHints":{"allow":["GET"]}}],"collection":[{"href":"https:\/\/www.varkstaden.se\/bokhandel\/wp-json\/wp\/v2\/product"}],"about":[{"href":"https:\/\/www.varkstaden.se\/bokhandel\/wp-json\/wp\/v2\/types\/product"}],"replies":[{"embeddable":true,"href":"https:\/\/www.varkstaden.se\/bokhandel\/wp-json\/wp\/v2\/comments?post=165"}],"wp:featuredmedia":[{"embeddable":true,"href":"https:\/\/www.varkstaden.se\/bokhandel\/wp-json\/wp\/v2\/media\/166"}],"wp:attachment":[{"href":"https:\/\/www.varkstaden.se\/bokhandel\/wp-json\/wp\/v2\/media?parent=165"}],"wp:term":[{"taxonomy":"product_brand","embeddable":true,"href":"https:\/\/www.varkstaden.se\/bokhandel\/wp-json\/wp\/v2\/product_brand?post=165"},{"taxonomy":"product_cat","embeddable":true,"href":"https:\/\/www.varkstaden.se\/bokhandel\/wp-json\/wp\/v2\/product_cat?post=165"},{"taxonomy":"product_tag","embeddable":true,"href":"https:\/\/www.varkstaden.se\/bokhandel\/wp-json\/wp\/v2\/product_tag?post=165"}],"curies":[{"name":"wp","href":"https:\/\/api.w.org\/{rel}","templated":true}]}}