{"id":161,"date":"2015-01-31T16:05:23","date_gmt":"2015-01-31T16:05:23","guid":{"rendered":"http:\/\/www.varkstaden.se\/bokhandel2\/?post_type=product&#038;p=161"},"modified":"2021-11-25T08:08:55","modified_gmt":"2021-11-25T08:08:55","slug":"att-mota-langvarig-smarta","status":"publish","type":"product","link":"https:\/\/www.varkstaden.se\/bokhandel\/produkt\/att-mota-langvarig-smarta\/","title":{"rendered":"Att m\u00f6ta l\u00e5ngvarig sm\u00e4rta"},"content":{"rendered":"<p><span style=\"font: 14px\/16.5px 'Lucida Grande', 'Lucida Sans', Verdana, Arial, sans-serif; color: #000000; text-transform: none; text-indent: 0px; letter-spacing: normal; word-spacing: 0px; float: none; display: inline !important; white-space: normal; font-size-adjust: none; font-stretch: normal; background-color: #ffffff; -webkit-text-stroke-width: 0px;\">Att m\u00f6ta l\u00e5ngvarig sm\u00e4rta \u00e4r en omarbetad och ut\u00f6kad version av boken Att m\u00f6ta sm\u00e4rta som kom ut p\u00e5 Liber f\u00f6rlag 1985. Boken bygger p\u00e5 f\u00f6rfattarens egna erfarenheter som sm\u00e4rtl\u00e4kare och har inte ambitionen att vara helt\u00e4ckande, speciellt inte n\u00e4r det g\u00e4ller beskrivningar av alla t\u00e4nkbara behandlingsformer. Det \u00e4r sj\u00e4lva m\u00f6tets sv\u00e5righeter och m\u00f6jligheter som \u00e4gnas mest uppm\u00e4rksamhet. I boken varvas fakta och erfarenheter och inneh\u00e5llet f\u00f6rankras i cirka trettio autentiska fallbeskrivningar. \u00c4ven om m\u00f6tet med sm\u00e4rtpatienten st\u00e5r i centrum \u00e4r inneh\u00e5llet anv\u00e4ndbart p\u00e5 m\u00e5nga andra h\u00e5ll i sjukv\u00e5rden. Boken \u00e4r i f\u00f6rsta hand skriven f\u00f6r l\u00e4kare, sjuksk\u00f6terskor, sjukgymnaster, arbetsterapeuter och kuratorer som m\u00f6ter m\u00e4nniskor med sm\u00e4rta. Speciellt v\u00e4rdefull \u00e4r den f\u00f6r alla som arbetar med rehabilitering av m\u00e4nniskor med l\u00e5ngvarig sm\u00e4rta.<\/span><\/p>\n","protected":false},"excerpt":{"rendered":"<p>Att m\u00f6ta l\u00e5ngvarig sm\u00e4rta \u00e4r en omarbetad och ut\u00f6kad version av boken Att m\u00f6ta sm\u00e4rta som kom ut p\u00e5 Liber f\u00f6rlag 1985. Boken bygger p\u00e5 f\u00f6rfattarens egna erfarenheter som sm\u00e4rtl\u00e4kare och har inte ambitionen att vara helt\u00e4ckande, speciellt inte n\u00e4r &hellip;<\/p>\n<p class=\"read-more\"> <a class=\"more-link\" href=\"https:\/\/www.varkstaden.se\/bokhandel\/produkt\/att-mota-langvarig-smarta\/\"> <span class=\"screen-reader-text\">Att m\u00f6ta l\u00e5ngvarig sm\u00e4rta<\/span> L\u00e4s mer &raquo;<\/a><\/p>\n","protected":false},"featured_media":162,"comment_status":"open","ping_status":"closed","template":"","meta":[],"product_brand":[],"product_cat":[18,17,10,9],"product_tag":[],"class_list":{"0":"post-161","1":"product","2":"type-product","3":"status-publish","4":"has-post-thumbnail","6":"product_cat-e-bocker","7":"product_cat-pedagogik","8":"product_cat-rehabilitering","9":"product_cat-vark-och-smarta","11":"first","12":"instock","13":"sale","14":"taxable","15":"shipping-taxable","16":"purchasable","17":"product-type-variable"},"yoast_head":"<!-- This site is optimized with the Yoast SEO plugin v27.4 - https:\/\/yoast.com\/product\/yoast-seo-wordpress\/ -->\n<title>Att m\u00f6ta l\u00e5ngvarig sm\u00e4rta - V\u00c4RKSTADSBOKHANDELN, webbmaster: Gunilla Brattberg<\/title>\n<meta name=\"robots\" content=\"index, follow, max-snippet:-1, max-image-preview:large, max-video-preview:-1\" \/>\n<link rel=\"canonical\" href=\"https:\/\/www.varkstaden.se\/bokhandel\/produkt\/att-mota-langvarig-smarta\/\" \/>\n<meta property=\"og:locale\" content=\"sv_SE\" \/>\n<meta property=\"og:type\" content=\"article\" \/>\n<meta property=\"og:title\" content=\"Att m\u00f6ta l\u00e5ngvarig sm\u00e4rta - V\u00c4RKSTADSBOKHANDELN, webbmaster: Gunilla Brattberg\" \/>\n<meta property=\"og:description\" content=\"Att m\u00f6ta l\u00e5ngvarig sm\u00e4rta \u00e4r en omarbetad och ut\u00f6kad version av boken Att m\u00f6ta sm\u00e4rta som kom ut p\u00e5 Liber f\u00f6rlag 1985. Boken bygger p\u00e5 f\u00f6rfattarens egna erfarenheter som sm\u00e4rtl\u00e4kare och har inte ambitionen att vara helt\u00e4ckande, speciellt inte n\u00e4r &hellip; Att m\u00f6ta l\u00e5ngvarig sm\u00e4rta L\u00e4s mer &raquo;\" \/>\n<meta property=\"og:url\" content=\"https:\/\/www.varkstaden.se\/bokhandel\/produkt\/att-mota-langvarig-smarta\/\" \/>\n<meta property=\"og:site_name\" content=\"V\u00c4RKSTADSBOKHANDELN, webbmaster: Gunilla Brattberg\" \/>\n<meta property=\"article:modified_time\" content=\"2021-11-25T08:08:55+00:00\" \/>\n<meta property=\"og:image\" content=\"https:\/\/www.varkstaden.se\/bokhandel\/wp-content\/uploads\/2015\/01\/attmot.jpg\" \/>\n\t<meta property=\"og:image:width\" content=\"508\" \/>\n\t<meta property=\"og:image:height\" content=\"796\" \/>\n\t<meta property=\"og:image:type\" content=\"image\/jpeg\" \/>\n<meta name=\"twitter:card\" content=\"summary_large_image\" \/>\n<meta name=\"twitter:label1\" content=\"Ber\u00e4knad l\u00e4stid\" \/>\n\t<meta name=\"twitter:data1\" content=\"1 minut\" \/>\n<script type=\"application\/ld+json\" class=\"yoast-schema-graph\">{\"@context\":\"https:\\\/\\\/schema.org\",\"@graph\":[{\"@type\":\"WebPage\",\"@id\":\"https:\\\/\\\/www.varkstaden.se\\\/bokhandel\\\/produkt\\\/att-mota-langvarig-smarta\\\/\",\"url\":\"https:\\\/\\\/www.varkstaden.se\\\/bokhandel\\\/produkt\\\/att-mota-langvarig-smarta\\\/\",\"name\":\"Att m\u00f6ta l\u00e5ngvarig sm\u00e4rta - V\u00c4RKSTADSBOKHANDELN, webbmaster: Gunilla Brattberg\",\"isPartOf\":{\"@id\":\"https:\\\/\\\/www.varkstaden.se\\\/bokhandel\\\/#website\"},\"primaryImageOfPage\":{\"@id\":\"https:\\\/\\\/www.varkstaden.se\\\/bokhandel\\\/produkt\\\/att-mota-langvarig-smarta\\\/#primaryimage\"},\"image\":{\"@id\":\"https:\\\/\\\/www.varkstaden.se\\\/bokhandel\\\/produkt\\\/att-mota-langvarig-smarta\\\/#primaryimage\"},\"thumbnailUrl\":\"https:\\\/\\\/www.varkstaden.se\\\/bokhandel\\\/wp-content\\\/uploads\\\/2015\\\/01\\\/attmot.jpg\",\"datePublished\":\"2015-01-31T16:05:23+00:00\",\"dateModified\":\"2021-11-25T08:08:55+00:00\",\"breadcrumb\":{\"@id\":\"https:\\\/\\\/www.varkstaden.se\\\/bokhandel\\\/produkt\\\/att-mota-langvarig-smarta\\\/#breadcrumb\"},\"inLanguage\":\"sv-SE\",\"potentialAction\":[{\"@type\":\"ReadAction\",\"target\":[\"https:\\\/\\\/www.varkstaden.se\\\/bokhandel\\\/produkt\\\/att-mota-langvarig-smarta\\\/\"]}]},{\"@type\":\"ImageObject\",\"inLanguage\":\"sv-SE\",\"@id\":\"https:\\\/\\\/www.varkstaden.se\\\/bokhandel\\\/produkt\\\/att-mota-langvarig-smarta\\\/#primaryimage\",\"url\":\"https:\\\/\\\/www.varkstaden.se\\\/bokhandel\\\/wp-content\\\/uploads\\\/2015\\\/01\\\/attmot.jpg\",\"contentUrl\":\"https:\\\/\\\/www.varkstaden.se\\\/bokhandel\\\/wp-content\\\/uploads\\\/2015\\\/01\\\/attmot.jpg\",\"width\":508,\"height\":796,\"caption\":\"Att m\u00f6ta sm\u00e4rta\"},{\"@type\":\"BreadcrumbList\",\"@id\":\"https:\\\/\\\/www.varkstaden.se\\\/bokhandel\\\/produkt\\\/att-mota-langvarig-smarta\\\/#breadcrumb\",\"itemListElement\":[{\"@type\":\"ListItem\",\"position\":1,\"name\":\"Hem\",\"item\":\"https:\\\/\\\/www.varkstaden.se\\\/bokhandel\\\/\"},{\"@type\":\"ListItem\",\"position\":2,\"name\":\"Webbutik\",\"item\":\"https:\\\/\\\/www.varkstaden.se\\\/bokhandel\\\/\"},{\"@type\":\"ListItem\",\"position\":3,\"name\":\"Att m\u00f6ta l\u00e5ngvarig sm\u00e4rta\"}]},{\"@type\":\"WebSite\",\"@id\":\"https:\\\/\\\/www.varkstaden.se\\\/bokhandel\\\/#website\",\"url\":\"https:\\\/\\\/www.varkstaden.se\\\/bokhandel\\\/\",\"name\":\"V\u00c4RKSTADSBOKHANDELN\",\"description\":\"\",\"publisher\":{\"@id\":\"https:\\\/\\\/www.varkstaden.se\\\/bokhandel\\\/#organization\"},\"potentialAction\":[{\"@type\":\"SearchAction\",\"target\":{\"@type\":\"EntryPoint\",\"urlTemplate\":\"https:\\\/\\\/www.varkstaden.se\\\/bokhandel\\\/?s={search_term_string}\"},\"query-input\":{\"@type\":\"PropertyValueSpecification\",\"valueRequired\":true,\"valueName\":\"search_term_string\"}}],\"inLanguage\":\"sv-SE\"},{\"@type\":\"Organization\",\"@id\":\"https:\\\/\\\/www.varkstaden.se\\\/bokhandel\\\/#organization\",\"name\":\"V\u00e4rkstaden GB AB\",\"url\":\"https:\\\/\\\/www.varkstaden.se\\\/bokhandel\\\/\",\"logo\":{\"@type\":\"ImageObject\",\"inLanguage\":\"sv-SE\",\"@id\":\"https:\\\/\\\/www.varkstaden.se\\\/bokhandel\\\/#\\\/schema\\\/logo\\\/image\\\/\",\"url\":\"https:\\\/\\\/www.varkstaden.se\\\/bokhandel\\\/wp-content\\\/uploads\\\/2017\\\/09\\\/cropped-bokhandel-e1543669762370-1.jpg\",\"contentUrl\":\"https:\\\/\\\/www.varkstaden.se\\\/bokhandel\\\/wp-content\\\/uploads\\\/2017\\\/09\\\/cropped-bokhandel-e1543669762370-1.jpg\",\"width\":1000,\"height\":525,\"caption\":\"V\u00e4rkstaden GB AB\"},\"image\":{\"@id\":\"https:\\\/\\\/www.varkstaden.se\\\/bokhandel\\\/#\\\/schema\\\/logo\\\/image\\\/\"}}]}<\/script>\n<!-- \/ Yoast SEO plugin. -->","yoast_head_json":{"title":"Att m\u00f6ta l\u00e5ngvarig sm\u00e4rta - V\u00c4RKSTADSBOKHANDELN, webbmaster: Gunilla Brattberg","robots":{"index":"index","follow":"follow","max-snippet":"max-snippet:-1","max-image-preview":"max-image-preview:large","max-video-preview":"max-video-preview:-1"},"canonical":"https:\/\/www.varkstaden.se\/bokhandel\/produkt\/att-mota-langvarig-smarta\/","og_locale":"sv_SE","og_type":"article","og_title":"Att m\u00f6ta l\u00e5ngvarig sm\u00e4rta - V\u00c4RKSTADSBOKHANDELN, webbmaster: Gunilla Brattberg","og_description":"Att m\u00f6ta l\u00e5ngvarig sm\u00e4rta \u00e4r en omarbetad och ut\u00f6kad version av boken Att m\u00f6ta sm\u00e4rta som kom ut p\u00e5 Liber f\u00f6rlag 1985. Boken bygger p\u00e5 f\u00f6rfattarens egna erfarenheter som sm\u00e4rtl\u00e4kare och har inte ambitionen att vara helt\u00e4ckande, speciellt inte n\u00e4r &hellip; Att m\u00f6ta l\u00e5ngvarig sm\u00e4rta L\u00e4s mer &raquo;","og_url":"https:\/\/www.varkstaden.se\/bokhandel\/produkt\/att-mota-langvarig-smarta\/","og_site_name":"V\u00c4RKSTADSBOKHANDELN, webbmaster: Gunilla Brattberg","article_modified_time":"2021-11-25T08:08:55+00:00","og_image":[{"width":508,"height":796,"url":"https:\/\/www.varkstaden.se\/bokhandel\/wp-content\/uploads\/2015\/01\/attmot.jpg","type":"image\/jpeg"}],"twitter_card":"summary_large_image","twitter_misc":{"Ber\u00e4knad l\u00e4stid":"1 minut"},"schema":{"@context":"https:\/\/schema.org","@graph":[{"@type":"WebPage","@id":"https:\/\/www.varkstaden.se\/bokhandel\/produkt\/att-mota-langvarig-smarta\/","url":"https:\/\/www.varkstaden.se\/bokhandel\/produkt\/att-mota-langvarig-smarta\/","name":"Att m\u00f6ta l\u00e5ngvarig sm\u00e4rta - V\u00c4RKSTADSBOKHANDELN, webbmaster: Gunilla Brattberg","isPartOf":{"@id":"https:\/\/www.varkstaden.se\/bokhandel\/#website"},"primaryImageOfPage":{"@id":"https:\/\/www.varkstaden.se\/bokhandel\/produkt\/att-mota-langvarig-smarta\/#primaryimage"},"image":{"@id":"https:\/\/www.varkstaden.se\/bokhandel\/produkt\/att-mota-langvarig-smarta\/#primaryimage"},"thumbnailUrl":"https:\/\/www.varkstaden.se\/bokhandel\/wp-content\/uploads\/2015\/01\/attmot.jpg","datePublished":"2015-01-31T16:05:23+00:00","dateModified":"2021-11-25T08:08:55+00:00","breadcrumb":{"@id":"https:\/\/www.varkstaden.se\/bokhandel\/produkt\/att-mota-langvarig-smarta\/#breadcrumb"},"inLanguage":"sv-SE","potentialAction":[{"@type":"ReadAction","target":["https:\/\/www.varkstaden.se\/bokhandel\/produkt\/att-mota-langvarig-smarta\/"]}]},{"@type":"ImageObject","inLanguage":"sv-SE","@id":"https:\/\/www.varkstaden.se\/bokhandel\/produkt\/att-mota-langvarig-smarta\/#primaryimage","url":"https:\/\/www.varkstaden.se\/bokhandel\/wp-content\/uploads\/2015\/01\/attmot.jpg","contentUrl":"https:\/\/www.varkstaden.se\/bokhandel\/wp-content\/uploads\/2015\/01\/attmot.jpg","width":508,"height":796,"caption":"Att m\u00f6ta sm\u00e4rta"},{"@type":"BreadcrumbList","@id":"https:\/\/www.varkstaden.se\/bokhandel\/produkt\/att-mota-langvarig-smarta\/#breadcrumb","itemListElement":[{"@type":"ListItem","position":1,"name":"Hem","item":"https:\/\/www.varkstaden.se\/bokhandel\/"},{"@type":"ListItem","position":2,"name":"Webbutik","item":"https:\/\/www.varkstaden.se\/bokhandel\/"},{"@type":"ListItem","position":3,"name":"Att m\u00f6ta l\u00e5ngvarig sm\u00e4rta"}]},{"@type":"WebSite","@id":"https:\/\/www.varkstaden.se\/bokhandel\/#website","url":"https:\/\/www.varkstaden.se\/bokhandel\/","name":"V\u00c4RKSTADSBOKHANDELN","description":"","publisher":{"@id":"https:\/\/www.varkstaden.se\/bokhandel\/#organization"},"potentialAction":[{"@type":"SearchAction","target":{"@type":"EntryPoint","urlTemplate":"https:\/\/www.varkstaden.se\/bokhandel\/?s={search_term_string}"},"query-input":{"@type":"PropertyValueSpecification","valueRequired":true,"valueName":"search_term_string"}}],"inLanguage":"sv-SE"},{"@type":"Organization","@id":"https:\/\/www.varkstaden.se\/bokhandel\/#organization","name":"V\u00e4rkstaden GB AB","url":"https:\/\/www.varkstaden.se\/bokhandel\/","logo":{"@type":"ImageObject","inLanguage":"sv-SE","@id":"https:\/\/www.varkstaden.se\/bokhandel\/#\/schema\/logo\/image\/","url":"https:\/\/www.varkstaden.se\/bokhandel\/wp-content\/uploads\/2017\/09\/cropped-bokhandel-e1543669762370-1.jpg","contentUrl":"https:\/\/www.varkstaden.se\/bokhandel\/wp-content\/uploads\/2017\/09\/cropped-bokhandel-e1543669762370-1.jpg","width":1000,"height":525,"caption":"V\u00e4rkstaden GB AB"},"image":{"@id":"https:\/\/www.varkstaden.se\/bokhandel\/#\/schema\/logo\/image\/"}}]}},"_links":{"self":[{"href":"https:\/\/www.varkstaden.se\/bokhandel\/wp-json\/wp\/v2\/product\/161","targetHints":{"allow":["GET"]}}],"collection":[{"href":"https:\/\/www.varkstaden.se\/bokhandel\/wp-json\/wp\/v2\/product"}],"about":[{"href":"https:\/\/www.varkstaden.se\/bokhandel\/wp-json\/wp\/v2\/types\/product"}],"replies":[{"embeddable":true,"href":"https:\/\/www.varkstaden.se\/bokhandel\/wp-json\/wp\/v2\/comments?post=161"}],"wp:featuredmedia":[{"embeddable":true,"href":"https:\/\/www.varkstaden.se\/bokhandel\/wp-json\/wp\/v2\/media\/162"}],"wp:attachment":[{"href":"https:\/\/www.varkstaden.se\/bokhandel\/wp-json\/wp\/v2\/media?parent=161"}],"wp:term":[{"taxonomy":"product_brand","embeddable":true,"href":"https:\/\/www.varkstaden.se\/bokhandel\/wp-json\/wp\/v2\/product_brand?post=161"},{"taxonomy":"product_cat","embeddable":true,"href":"https:\/\/www.varkstaden.se\/bokhandel\/wp-json\/wp\/v2\/product_cat?post=161"},{"taxonomy":"product_tag","embeddable":true,"href":"https:\/\/www.varkstaden.se\/bokhandel\/wp-json\/wp\/v2\/product_tag?post=161"}],"curies":[{"name":"wp","href":"https:\/\/api.w.org\/{rel}","templated":true}]}}