{"id":1573,"date":"2025-08-14T06:40:21","date_gmt":"2025-08-14T06:40:21","guid":{"rendered":"https:\/\/www.varkstaden.se\/bokhandel\/?post_type=product&#038;p=1573"},"modified":"2025-10-09T01:16:34","modified_gmt":"2025-10-09T01:16:34","slug":"motgangar-och-framgangar","status":"publish","type":"product","link":"https:\/\/www.varkstaden.se\/bokhandel\/produkt\/motgangar-och-framgangar\/","title":{"rendered":"Motg\u00e5ngar och Framg\u00e5ngar (e-bok)"},"content":{"rendered":"<p>Hela livet har jag brottats med sv\u00e5rdiagnostiserade problem. F\u00f6rst vid 55 \u00e5rs \u00e5lder fick jag diagnoserna Autism och ADHD. Vid 60 \u00e5rs \u00e5lder drabbades jag av borreliainfektion i hj\u00e4rnan. I samband med denna infektion fick jag kognitiva problem och utreddes f\u00f6r dessa 2010 och 2012. Vid det tillf\u00e4llet kunde ingen kognitiv sjukdom fastst\u00e4llas.<\/p>\n<p>I b\u00f6rjan av 2024 t\u00e4nkte att jag nog skulle kunna bli 110 \u00e5r. Jag var visserligen tr\u00f6ttare \u00e4n de flesta och tillbringade sedan m\u00e5nga \u00e5r cirka 12 timmar i s\u00e4ngen per dygn men jag hade anpassat mig till detta tillst\u00e5nd, tr\u00e4nade och levde sunt i alla avseenden. Jag sprang 4,5 kilometer varje morgon \u00e5ret runt om det inte regnade. Dessutom tog jag varje dag l\u00e5ngpromenader.<\/p>\n<p>2024 blev det dags f\u00f6r ytterligare en minnesutredning och nu fyllde jag alla kriterier f\u00f6r Alzheimers sjukdom. Jag ins\u00e5g att jag skulle f\u00e5 \u00e4nnu en motg\u00e5ng att ta itu med \u2013 en demenssjukdom. Min f\u00f6rsta tanke var: Inte det ocks\u00e5! Jag beh\u00f6ver inte fler pr\u00f6vningar i mitt liv.<\/p>\n<p>Jag s\u00e5g min livslinje framf\u00f6r mig med alla p\u00e5frestande h\u00e4ndelser och motg\u00e5ngar inprickade och b\u00f6rjade rita denna linje. Ganska snart ins\u00e5g jag att det kunde vara v\u00e4rt att summera mitt liv genom att skriva boken om m\u00e4nniskan Gunilla. Jag ins\u00e5g att om jag n\u00e5gon mer g\u00e5ng ska kunna formulera det jag har varit med om i mitt liv g\u00e4ller det att g\u00f6ra det nu. Resultatet har blivit mitt sannolikt sista bokmanus \u2013 ett bokslut fyllt av motg\u00e5ngar och framg\u00e5ngar, vilket ocks\u00e5 har blivit titeln till detta dokument.<\/p>\n<p>Dessa motg\u00e5ngar och framg\u00e5ngar har under mitt vuxenliv i stor utstr\u00e4ckning handlat om min relation till \u2013 och mina upplevelser av \u2013 svensk sjukv\u00e5rd. D\u00e4r har jag haft tv\u00e5 helt olika roller, som l\u00e4kare och som patient. Jag har praktiskt taget hela livet haft en relation till sjukv\u00e5rden, \u00e4ven om rollerna har varierat. Jag har haft ett fantastiskt liv med m\u00e5nga framg\u00e5ngar som l\u00e4kare. Livet som patient i samma sjukv\u00e5rd har d\u00e4remot kantats av motg\u00e5ngar och tidvis varit helt f\u00f6rf\u00e4rligt. I mitt liv som l\u00e4kare har jag p\u00e5 olika s\u00e4tt f\u00f6rs\u00f6kt att hj\u00e4lpa m\u00e4nniskor med l\u00e5ngvariga sm\u00e4rtor\u00a0till f\u00f6rb\u00e4ttrad livskvalitet. Mitt liv som patient har f\u00f6rhoppningsvis n\u00e5got att l\u00e4ra sjukv\u00e5rden. Det \u00e4r sk\u00e4let till att jag f\u00f6rh\u00e5llandevis ing\u00e5ende har beskrivit mina patienterfarenheter. Den sjukv\u00e5rd jag har m\u00f6tt som patient har inte h\u00e5llit n\u00e5gon &#8220;v\u00e4rldsklass&#8221;. Till stora delar kan jag inte ens ge den godk\u00e4nt.<\/p>\n<p>Roslagen, sommaren 2025<br \/>\n<em>Gunilla Brattberg<\/em><\/p>\n","protected":false},"excerpt":{"rendered":"<p>Boken finns endast som E-bok, kostnad 200:-, inkl. moms 6%.<\/p>\n","protected":false},"featured_media":1576,"comment_status":"closed","ping_status":"closed","template":"","meta":[],"product_brand":[],"product_cat":[18,12],"product_tag":[],"class_list":{"0":"post-1573","1":"product","2":"type-product","3":"status-publish","4":"has-post-thumbnail","6":"product_cat-e-bocker","7":"product_cat-sjalvbiografier","9":"first","10":"instock","11":"taxable","12":"shipping-taxable","13":"purchasable","14":"product-type-variable","15":"has-default-attributes"},"yoast_head":"<!-- This site is optimized with the Yoast SEO plugin v27.4 - https:\/\/yoast.com\/product\/yoast-seo-wordpress\/ -->\n<title>Motg\u00e5ngar och Framg\u00e5ngar (e-bok) - V\u00c4RKSTADSBOKHANDELN, webbmaster: Gunilla Brattberg<\/title>\n<meta name=\"robots\" content=\"index, follow, max-snippet:-1, max-image-preview:large, max-video-preview:-1\" \/>\n<link rel=\"canonical\" href=\"https:\/\/www.varkstaden.se\/bokhandel\/produkt\/motgangar-och-framgangar\/\" \/>\n<meta property=\"og:locale\" content=\"sv_SE\" \/>\n<meta property=\"og:type\" content=\"article\" \/>\n<meta property=\"og:title\" content=\"Motg\u00e5ngar och Framg\u00e5ngar (e-bok) - V\u00c4RKSTADSBOKHANDELN, webbmaster: Gunilla Brattberg\" \/>\n<meta property=\"og:description\" content=\"Boken finns endast som E-bok, kostnad 200:-, inkl. moms 6%.\" \/>\n<meta property=\"og:url\" content=\"https:\/\/www.varkstaden.se\/bokhandel\/produkt\/motgangar-och-framgangar\/\" \/>\n<meta property=\"og:site_name\" content=\"V\u00c4RKSTADSBOKHANDELN, webbmaster: Gunilla Brattberg\" \/>\n<meta property=\"article:modified_time\" content=\"2025-10-09T01:16:34+00:00\" \/>\n<meta property=\"og:image\" content=\"https:\/\/www.varkstaden.se\/bokhandel\/wp-content\/uploads\/2025\/08\/cover3.jpg\" \/>\n\t<meta property=\"og:image:width\" content=\"450\" \/>\n\t<meta property=\"og:image:height\" content=\"616\" \/>\n\t<meta property=\"og:image:type\" content=\"image\/jpeg\" \/>\n<meta name=\"twitter:card\" content=\"summary_large_image\" \/>\n<meta name=\"twitter:label1\" content=\"Ber\u00e4knad l\u00e4stid\" \/>\n\t<meta name=\"twitter:data1\" content=\"3 minuter\" \/>\n<script type=\"application\/ld+json\" class=\"yoast-schema-graph\">{\"@context\":\"https:\\\/\\\/schema.org\",\"@graph\":[{\"@type\":\"WebPage\",\"@id\":\"https:\\\/\\\/www.varkstaden.se\\\/bokhandel\\\/produkt\\\/motgangar-och-framgangar\\\/\",\"url\":\"https:\\\/\\\/www.varkstaden.se\\\/bokhandel\\\/produkt\\\/motgangar-och-framgangar\\\/\",\"name\":\"Motg\u00e5ngar och Framg\u00e5ngar (e-bok) - V\u00c4RKSTADSBOKHANDELN, webbmaster: Gunilla Brattberg\",\"isPartOf\":{\"@id\":\"https:\\\/\\\/www.varkstaden.se\\\/bokhandel\\\/#website\"},\"primaryImageOfPage\":{\"@id\":\"https:\\\/\\\/www.varkstaden.se\\\/bokhandel\\\/produkt\\\/motgangar-och-framgangar\\\/#primaryimage\"},\"image\":{\"@id\":\"https:\\\/\\\/www.varkstaden.se\\\/bokhandel\\\/produkt\\\/motgangar-och-framgangar\\\/#primaryimage\"},\"thumbnailUrl\":\"https:\\\/\\\/www.varkstaden.se\\\/bokhandel\\\/wp-content\\\/uploads\\\/2025\\\/08\\\/cover3.jpg\",\"datePublished\":\"2025-08-14T06:40:21+00:00\",\"dateModified\":\"2025-10-09T01:16:34+00:00\",\"breadcrumb\":{\"@id\":\"https:\\\/\\\/www.varkstaden.se\\\/bokhandel\\\/produkt\\\/motgangar-och-framgangar\\\/#breadcrumb\"},\"inLanguage\":\"sv-SE\",\"potentialAction\":[{\"@type\":\"ReadAction\",\"target\":[\"https:\\\/\\\/www.varkstaden.se\\\/bokhandel\\\/produkt\\\/motgangar-och-framgangar\\\/\"]}]},{\"@type\":\"ImageObject\",\"inLanguage\":\"sv-SE\",\"@id\":\"https:\\\/\\\/www.varkstaden.se\\\/bokhandel\\\/produkt\\\/motgangar-och-framgangar\\\/#primaryimage\",\"url\":\"https:\\\/\\\/www.varkstaden.se\\\/bokhandel\\\/wp-content\\\/uploads\\\/2025\\\/08\\\/cover3.jpg\",\"contentUrl\":\"https:\\\/\\\/www.varkstaden.se\\\/bokhandel\\\/wp-content\\\/uploads\\\/2025\\\/08\\\/cover3.jpg\",\"width\":450,\"height\":616},{\"@type\":\"BreadcrumbList\",\"@id\":\"https:\\\/\\\/www.varkstaden.se\\\/bokhandel\\\/produkt\\\/motgangar-och-framgangar\\\/#breadcrumb\",\"itemListElement\":[{\"@type\":\"ListItem\",\"position\":1,\"name\":\"Hem\",\"item\":\"https:\\\/\\\/www.varkstaden.se\\\/bokhandel\\\/\"},{\"@type\":\"ListItem\",\"position\":2,\"name\":\"Webbutik\",\"item\":\"https:\\\/\\\/www.varkstaden.se\\\/bokhandel\\\/\"},{\"@type\":\"ListItem\",\"position\":3,\"name\":\"Motg\u00e5ngar och Framg\u00e5ngar (e-bok)\"}]},{\"@type\":\"WebSite\",\"@id\":\"https:\\\/\\\/www.varkstaden.se\\\/bokhandel\\\/#website\",\"url\":\"https:\\\/\\\/www.varkstaden.se\\\/bokhandel\\\/\",\"name\":\"V\u00c4RKSTADSBOKHANDELN\",\"description\":\"\",\"publisher\":{\"@id\":\"https:\\\/\\\/www.varkstaden.se\\\/bokhandel\\\/#organization\"},\"potentialAction\":[{\"@type\":\"SearchAction\",\"target\":{\"@type\":\"EntryPoint\",\"urlTemplate\":\"https:\\\/\\\/www.varkstaden.se\\\/bokhandel\\\/?s={search_term_string}\"},\"query-input\":{\"@type\":\"PropertyValueSpecification\",\"valueRequired\":true,\"valueName\":\"search_term_string\"}}],\"inLanguage\":\"sv-SE\"},{\"@type\":\"Organization\",\"@id\":\"https:\\\/\\\/www.varkstaden.se\\\/bokhandel\\\/#organization\",\"name\":\"V\u00e4rkstaden GB AB\",\"url\":\"https:\\\/\\\/www.varkstaden.se\\\/bokhandel\\\/\",\"logo\":{\"@type\":\"ImageObject\",\"inLanguage\":\"sv-SE\",\"@id\":\"https:\\\/\\\/www.varkstaden.se\\\/bokhandel\\\/#\\\/schema\\\/logo\\\/image\\\/\",\"url\":\"https:\\\/\\\/www.varkstaden.se\\\/bokhandel\\\/wp-content\\\/uploads\\\/2017\\\/09\\\/cropped-bokhandel-e1543669762370-1.jpg\",\"contentUrl\":\"https:\\\/\\\/www.varkstaden.se\\\/bokhandel\\\/wp-content\\\/uploads\\\/2017\\\/09\\\/cropped-bokhandel-e1543669762370-1.jpg\",\"width\":1000,\"height\":525,\"caption\":\"V\u00e4rkstaden GB AB\"},\"image\":{\"@id\":\"https:\\\/\\\/www.varkstaden.se\\\/bokhandel\\\/#\\\/schema\\\/logo\\\/image\\\/\"}}]}<\/script>\n<!-- \/ Yoast SEO plugin. -->","yoast_head_json":{"title":"Motg\u00e5ngar och Framg\u00e5ngar (e-bok) - V\u00c4RKSTADSBOKHANDELN, webbmaster: Gunilla Brattberg","robots":{"index":"index","follow":"follow","max-snippet":"max-snippet:-1","max-image-preview":"max-image-preview:large","max-video-preview":"max-video-preview:-1"},"canonical":"https:\/\/www.varkstaden.se\/bokhandel\/produkt\/motgangar-och-framgangar\/","og_locale":"sv_SE","og_type":"article","og_title":"Motg\u00e5ngar och Framg\u00e5ngar (e-bok) - V\u00c4RKSTADSBOKHANDELN, webbmaster: Gunilla Brattberg","og_description":"Boken finns endast som E-bok, kostnad 200:-, inkl. moms 6%.","og_url":"https:\/\/www.varkstaden.se\/bokhandel\/produkt\/motgangar-och-framgangar\/","og_site_name":"V\u00c4RKSTADSBOKHANDELN, webbmaster: Gunilla Brattberg","article_modified_time":"2025-10-09T01:16:34+00:00","og_image":[{"width":450,"height":616,"url":"https:\/\/www.varkstaden.se\/bokhandel\/wp-content\/uploads\/2025\/08\/cover3.jpg","type":"image\/jpeg"}],"twitter_card":"summary_large_image","twitter_misc":{"Ber\u00e4knad l\u00e4stid":"3 minuter"},"schema":{"@context":"https:\/\/schema.org","@graph":[{"@type":"WebPage","@id":"https:\/\/www.varkstaden.se\/bokhandel\/produkt\/motgangar-och-framgangar\/","url":"https:\/\/www.varkstaden.se\/bokhandel\/produkt\/motgangar-och-framgangar\/","name":"Motg\u00e5ngar och Framg\u00e5ngar (e-bok) - V\u00c4RKSTADSBOKHANDELN, webbmaster: Gunilla Brattberg","isPartOf":{"@id":"https:\/\/www.varkstaden.se\/bokhandel\/#website"},"primaryImageOfPage":{"@id":"https:\/\/www.varkstaden.se\/bokhandel\/produkt\/motgangar-och-framgangar\/#primaryimage"},"image":{"@id":"https:\/\/www.varkstaden.se\/bokhandel\/produkt\/motgangar-och-framgangar\/#primaryimage"},"thumbnailUrl":"https:\/\/www.varkstaden.se\/bokhandel\/wp-content\/uploads\/2025\/08\/cover3.jpg","datePublished":"2025-08-14T06:40:21+00:00","dateModified":"2025-10-09T01:16:34+00:00","breadcrumb":{"@id":"https:\/\/www.varkstaden.se\/bokhandel\/produkt\/motgangar-och-framgangar\/#breadcrumb"},"inLanguage":"sv-SE","potentialAction":[{"@type":"ReadAction","target":["https:\/\/www.varkstaden.se\/bokhandel\/produkt\/motgangar-och-framgangar\/"]}]},{"@type":"ImageObject","inLanguage":"sv-SE","@id":"https:\/\/www.varkstaden.se\/bokhandel\/produkt\/motgangar-och-framgangar\/#primaryimage","url":"https:\/\/www.varkstaden.se\/bokhandel\/wp-content\/uploads\/2025\/08\/cover3.jpg","contentUrl":"https:\/\/www.varkstaden.se\/bokhandel\/wp-content\/uploads\/2025\/08\/cover3.jpg","width":450,"height":616},{"@type":"BreadcrumbList","@id":"https:\/\/www.varkstaden.se\/bokhandel\/produkt\/motgangar-och-framgangar\/#breadcrumb","itemListElement":[{"@type":"ListItem","position":1,"name":"Hem","item":"https:\/\/www.varkstaden.se\/bokhandel\/"},{"@type":"ListItem","position":2,"name":"Webbutik","item":"https:\/\/www.varkstaden.se\/bokhandel\/"},{"@type":"ListItem","position":3,"name":"Motg\u00e5ngar och Framg\u00e5ngar (e-bok)"}]},{"@type":"WebSite","@id":"https:\/\/www.varkstaden.se\/bokhandel\/#website","url":"https:\/\/www.varkstaden.se\/bokhandel\/","name":"V\u00c4RKSTADSBOKHANDELN","description":"","publisher":{"@id":"https:\/\/www.varkstaden.se\/bokhandel\/#organization"},"potentialAction":[{"@type":"SearchAction","target":{"@type":"EntryPoint","urlTemplate":"https:\/\/www.varkstaden.se\/bokhandel\/?s={search_term_string}"},"query-input":{"@type":"PropertyValueSpecification","valueRequired":true,"valueName":"search_term_string"}}],"inLanguage":"sv-SE"},{"@type":"Organization","@id":"https:\/\/www.varkstaden.se\/bokhandel\/#organization","name":"V\u00e4rkstaden GB AB","url":"https:\/\/www.varkstaden.se\/bokhandel\/","logo":{"@type":"ImageObject","inLanguage":"sv-SE","@id":"https:\/\/www.varkstaden.se\/bokhandel\/#\/schema\/logo\/image\/","url":"https:\/\/www.varkstaden.se\/bokhandel\/wp-content\/uploads\/2017\/09\/cropped-bokhandel-e1543669762370-1.jpg","contentUrl":"https:\/\/www.varkstaden.se\/bokhandel\/wp-content\/uploads\/2017\/09\/cropped-bokhandel-e1543669762370-1.jpg","width":1000,"height":525,"caption":"V\u00e4rkstaden GB AB"},"image":{"@id":"https:\/\/www.varkstaden.se\/bokhandel\/#\/schema\/logo\/image\/"}}]}},"_links":{"self":[{"href":"https:\/\/www.varkstaden.se\/bokhandel\/wp-json\/wp\/v2\/product\/1573","targetHints":{"allow":["GET"]}}],"collection":[{"href":"https:\/\/www.varkstaden.se\/bokhandel\/wp-json\/wp\/v2\/product"}],"about":[{"href":"https:\/\/www.varkstaden.se\/bokhandel\/wp-json\/wp\/v2\/types\/product"}],"replies":[{"embeddable":true,"href":"https:\/\/www.varkstaden.se\/bokhandel\/wp-json\/wp\/v2\/comments?post=1573"}],"wp:featuredmedia":[{"embeddable":true,"href":"https:\/\/www.varkstaden.se\/bokhandel\/wp-json\/wp\/v2\/media\/1576"}],"wp:attachment":[{"href":"https:\/\/www.varkstaden.se\/bokhandel\/wp-json\/wp\/v2\/media?parent=1573"}],"wp:term":[{"taxonomy":"product_brand","embeddable":true,"href":"https:\/\/www.varkstaden.se\/bokhandel\/wp-json\/wp\/v2\/product_brand?post=1573"},{"taxonomy":"product_cat","embeddable":true,"href":"https:\/\/www.varkstaden.se\/bokhandel\/wp-json\/wp\/v2\/product_cat?post=1573"},{"taxonomy":"product_tag","embeddable":true,"href":"https:\/\/www.varkstaden.se\/bokhandel\/wp-json\/wp\/v2\/product_tag?post=1573"}],"curies":[{"name":"wp","href":"https:\/\/api.w.org\/{rel}","templated":true}]}}