{"id":139,"date":"2015-01-31T15:38:06","date_gmt":"2015-01-31T15:38:06","guid":{"rendered":"http:\/\/www.varkstaden.se\/bokhandel2\/?post_type=product&#038;p=139"},"modified":"2021-11-25T08:01:03","modified_gmt":"2021-11-25T08:01:03","slug":"balansgang-pa-slak-lina","status":"publish","type":"product","link":"https:\/\/www.varkstaden.se\/bokhandel\/produkt\/balansgang-pa-slak-lina\/","title":{"rendered":"Balansg\u00e5ng p\u00e5 slak lina"},"content":{"rendered":"<h2 style=\"color: #333333; text-transform: none; text-indent: 0px; letter-spacing: normal; font-family: Georgia, 'Times New Roman', 'Bitstream Charter', Times, serif; font-style: normal; font-variant: normal; word-spacing: 0px; white-space: normal; -webkit-text-stroke-width: 0px;\">Om att \u00e5ldras med Autismspektrumtillst\u00e5nd<\/h2>\n<p style=\"font: 16px\/24px Georgia, 'Times New Roman', 'Bitstream Charter', Times, serif; color: #333333; text-transform: none; text-indent: 0px; letter-spacing: normal; word-spacing: 0px; white-space: normal; font-size-adjust: none; font-stretch: normal; -webkit-text-stroke-width: 0px;\">Tre sj\u00e4lvbiografiska b\u00f6cker om livet med Aspergers syndrom har jag skrivit tidigare,<span class=\"Apple-converted-space\">\u00a0<\/span><em>Enast\u00e5ende<\/em>,<span class=\"Apple-converted-space\">\u00a0<\/span><em>Guide i helvetet<\/em><span class=\"Apple-converted-space\">\u00a0<\/span>och<span class=\"Apple-converted-space\">\u00a0<\/span><em>Innanf\u00f6rskap<\/em>. I denna bok \u2013 Balansg\u00e5ng p\u00e5 slak lina \u2013 har jag fokuserat p\u00e5 hur det \u00e4r att g\u00e5 i pension och befinna sig i \u00e5ldrandets inledningsfas n\u00e4r man har ett autismspektrumtillst\u00e5nd. Boken redovisar fakta som illustreras med egna erfarenheter.<\/p>\n<p style=\"font: 16px\/24px Georgia, 'Times New Roman', 'Bitstream Charter', Times, serif; color: #333333; text-transform: none; text-indent: 0px; letter-spacing: normal; word-spacing: 0px; white-space: normal; font-size-adjust: none; font-stretch: normal; -webkit-text-stroke-width: 0px;\">Det \u00e4r viktigt att k\u00e4nna igen och diagnostisera \u00e4ven \u00e4ldre m\u00e4nni\u00adskor med autismspektrumtillst\u00e5nd framf\u00f6r allt f\u00f6r att kunna ge adekv\u00adat st\u00f6d och\/eller v\u00e5rd men ocks\u00e5 f\u00f6r att minska risken f\u00f6r felbehandling och \u00f6vermedicinering. Min f\u00f6rhoppning \u00e4r att boken kommer att finnas i hemtj\u00e4nsten och p\u00e5 \u00e4ldreboenden d\u00e4r man m\u00f6ter m\u00e4nniskor med dessa tillst\u00e5nd. Det har man f\u00f6rvisso gjort i alla tider men i fram\u00adtiden kommer de att vara l\u00e4ttare att identifiera d\u00e5 fler och fler f\u00e5r denna\u00a0di\u00adagnos. Boken kan ocks\u00e5 utg\u00f6ra f\u00f6rdjupningslitteratur\/kurslitteratur i vidareutbildningen av personal inom hemtj\u00e4nsten och \u00e4ldrev\u00e5rden.<\/p>\n","protected":false},"excerpt":{"rendered":"<p>Om att \u00e5ldras med Autismspektrumtillst\u00e5nd Tre sj\u00e4lvbiografiska b\u00f6cker om livet med Aspergers syndrom har jag skrivit tidigare,\u00a0Enast\u00e5ende,\u00a0Guide i helvetet\u00a0och\u00a0Innanf\u00f6rskap. I denna bok \u2013 Balansg\u00e5ng p\u00e5 slak lina \u2013 har jag fokuserat p\u00e5 hur det \u00e4r att g\u00e5 i pension och &hellip;<\/p>\n<p class=\"read-more\"> <a class=\"more-link\" href=\"https:\/\/www.varkstaden.se\/bokhandel\/produkt\/balansgang-pa-slak-lina\/\"> <span class=\"screen-reader-text\">Balansg\u00e5ng p\u00e5 slak lina<\/span> L\u00e4s mer &raquo;<\/a><\/p>\n","protected":false},"featured_media":140,"comment_status":"open","ping_status":"closed","template":"","meta":[],"product_brand":[],"product_cat":[11,18,12],"product_tag":[],"class_list":{"0":"post-139","1":"product","2":"type-product","3":"status-publish","4":"has-post-thumbnail","6":"product_cat-autismspektrumtillstand","7":"product_cat-e-bocker","8":"product_cat-sjalvbiografier","10":"first","11":"instock","12":"sale","13":"featured","14":"taxable","15":"shipping-taxable","16":"purchasable","17":"product-type-variable"},"yoast_head":"<!-- This site is optimized with the Yoast SEO plugin v27.4 - https:\/\/yoast.com\/product\/yoast-seo-wordpress\/ -->\n<title>Balansg\u00e5ng p\u00e5 slak lina - om att \u00e5ldras med autismspektrumtillst\u00e5nd<\/title>\n<meta name=\"description\" content=\"I boken &quot;Balansg\u00e5ng p\u00e5 slak lina&quot; fokuserar jag p\u00e5 hur det \u00e4r att g\u00e5 i pension och befinna sig i \u00e5ldrandets inledningsfas.\" \/>\n<meta name=\"robots\" content=\"index, follow, max-snippet:-1, max-image-preview:large, max-video-preview:-1\" \/>\n<link rel=\"canonical\" href=\"https:\/\/www.varkstaden.se\/bokhandel\/produkt\/balansgang-pa-slak-lina\/\" \/>\n<meta property=\"og:locale\" content=\"sv_SE\" \/>\n<meta property=\"og:type\" content=\"article\" \/>\n<meta property=\"og:title\" content=\"Balansg\u00e5ng p\u00e5 slak lina - om att \u00e5ldras med autismspektrumtillst\u00e5nd\" \/>\n<meta property=\"og:description\" content=\"I boken &quot;Balansg\u00e5ng p\u00e5 slak lina&quot; fokuserar jag p\u00e5 hur det \u00e4r att g\u00e5 i pension och befinna sig i \u00e5ldrandets inledningsfas.\" \/>\n<meta property=\"og:url\" content=\"https:\/\/www.varkstaden.se\/bokhandel\/produkt\/balansgang-pa-slak-lina\/\" \/>\n<meta property=\"og:site_name\" content=\"V\u00c4RKSTADSBOKHANDELN, webbmaster: Gunilla Brattberg\" \/>\n<meta property=\"article:modified_time\" content=\"2021-11-25T08:01:03+00:00\" \/>\n<meta property=\"og:image\" content=\"https:\/\/www.varkstaden.se\/bokhandel\/wp-content\/uploads\/2015\/01\/balansgang.jpg\" \/>\n\t<meta property=\"og:image:width\" content=\"642\" \/>\n\t<meta property=\"og:image:height\" content=\"945\" \/>\n\t<meta property=\"og:image:type\" content=\"image\/jpeg\" \/>\n<meta name=\"twitter:card\" content=\"summary_large_image\" \/>\n<meta name=\"twitter:label1\" content=\"Ber\u00e4knad l\u00e4stid\" \/>\n\t<meta name=\"twitter:data1\" content=\"1 minut\" \/>\n<script type=\"application\/ld+json\" class=\"yoast-schema-graph\">{\"@context\":\"https:\\\/\\\/schema.org\",\"@graph\":[{\"@type\":\"WebPage\",\"@id\":\"https:\\\/\\\/www.varkstaden.se\\\/bokhandel\\\/produkt\\\/balansgang-pa-slak-lina\\\/\",\"url\":\"https:\\\/\\\/www.varkstaden.se\\\/bokhandel\\\/produkt\\\/balansgang-pa-slak-lina\\\/\",\"name\":\"Balansg\u00e5ng p\u00e5 slak lina - om att \u00e5ldras med autismspektrumtillst\u00e5nd\",\"isPartOf\":{\"@id\":\"https:\\\/\\\/www.varkstaden.se\\\/bokhandel\\\/#website\"},\"primaryImageOfPage\":{\"@id\":\"https:\\\/\\\/www.varkstaden.se\\\/bokhandel\\\/produkt\\\/balansgang-pa-slak-lina\\\/#primaryimage\"},\"image\":{\"@id\":\"https:\\\/\\\/www.varkstaden.se\\\/bokhandel\\\/produkt\\\/balansgang-pa-slak-lina\\\/#primaryimage\"},\"thumbnailUrl\":\"https:\\\/\\\/www.varkstaden.se\\\/bokhandel\\\/wp-content\\\/uploads\\\/2015\\\/01\\\/balansgang.jpg\",\"datePublished\":\"2015-01-31T15:38:06+00:00\",\"dateModified\":\"2021-11-25T08:01:03+00:00\",\"description\":\"I boken \\\"Balansg\u00e5ng p\u00e5 slak lina\\\" fokuserar jag p\u00e5 hur det \u00e4r att g\u00e5 i pension och befinna sig i \u00e5ldrandets inledningsfas.\",\"breadcrumb\":{\"@id\":\"https:\\\/\\\/www.varkstaden.se\\\/bokhandel\\\/produkt\\\/balansgang-pa-slak-lina\\\/#breadcrumb\"},\"inLanguage\":\"sv-SE\",\"potentialAction\":[{\"@type\":\"ReadAction\",\"target\":[\"https:\\\/\\\/www.varkstaden.se\\\/bokhandel\\\/produkt\\\/balansgang-pa-slak-lina\\\/\"]}]},{\"@type\":\"ImageObject\",\"inLanguage\":\"sv-SE\",\"@id\":\"https:\\\/\\\/www.varkstaden.se\\\/bokhandel\\\/produkt\\\/balansgang-pa-slak-lina\\\/#primaryimage\",\"url\":\"https:\\\/\\\/www.varkstaden.se\\\/bokhandel\\\/wp-content\\\/uploads\\\/2015\\\/01\\\/balansgang.jpg\",\"contentUrl\":\"https:\\\/\\\/www.varkstaden.se\\\/bokhandel\\\/wp-content\\\/uploads\\\/2015\\\/01\\\/balansgang.jpg\",\"width\":642,\"height\":945,\"caption\":\"Balansg\u00e5ng p\u00e5 slak lina\"},{\"@type\":\"BreadcrumbList\",\"@id\":\"https:\\\/\\\/www.varkstaden.se\\\/bokhandel\\\/produkt\\\/balansgang-pa-slak-lina\\\/#breadcrumb\",\"itemListElement\":[{\"@type\":\"ListItem\",\"position\":1,\"name\":\"Hem\",\"item\":\"https:\\\/\\\/www.varkstaden.se\\\/bokhandel\\\/\"},{\"@type\":\"ListItem\",\"position\":2,\"name\":\"Webbutik\",\"item\":\"https:\\\/\\\/www.varkstaden.se\\\/bokhandel\\\/\"},{\"@type\":\"ListItem\",\"position\":3,\"name\":\"Balansg\u00e5ng p\u00e5 slak lina\"}]},{\"@type\":\"WebSite\",\"@id\":\"https:\\\/\\\/www.varkstaden.se\\\/bokhandel\\\/#website\",\"url\":\"https:\\\/\\\/www.varkstaden.se\\\/bokhandel\\\/\",\"name\":\"V\u00c4RKSTADSBOKHANDELN\",\"description\":\"\",\"publisher\":{\"@id\":\"https:\\\/\\\/www.varkstaden.se\\\/bokhandel\\\/#organization\"},\"potentialAction\":[{\"@type\":\"SearchAction\",\"target\":{\"@type\":\"EntryPoint\",\"urlTemplate\":\"https:\\\/\\\/www.varkstaden.se\\\/bokhandel\\\/?s={search_term_string}\"},\"query-input\":{\"@type\":\"PropertyValueSpecification\",\"valueRequired\":true,\"valueName\":\"search_term_string\"}}],\"inLanguage\":\"sv-SE\"},{\"@type\":\"Organization\",\"@id\":\"https:\\\/\\\/www.varkstaden.se\\\/bokhandel\\\/#organization\",\"name\":\"V\u00e4rkstaden GB AB\",\"url\":\"https:\\\/\\\/www.varkstaden.se\\\/bokhandel\\\/\",\"logo\":{\"@type\":\"ImageObject\",\"inLanguage\":\"sv-SE\",\"@id\":\"https:\\\/\\\/www.varkstaden.se\\\/bokhandel\\\/#\\\/schema\\\/logo\\\/image\\\/\",\"url\":\"https:\\\/\\\/www.varkstaden.se\\\/bokhandel\\\/wp-content\\\/uploads\\\/2017\\\/09\\\/cropped-bokhandel-e1543669762370-1.jpg\",\"contentUrl\":\"https:\\\/\\\/www.varkstaden.se\\\/bokhandel\\\/wp-content\\\/uploads\\\/2017\\\/09\\\/cropped-bokhandel-e1543669762370-1.jpg\",\"width\":1000,\"height\":525,\"caption\":\"V\u00e4rkstaden GB AB\"},\"image\":{\"@id\":\"https:\\\/\\\/www.varkstaden.se\\\/bokhandel\\\/#\\\/schema\\\/logo\\\/image\\\/\"}}]}<\/script>\n<!-- \/ Yoast SEO plugin. -->","yoast_head_json":{"title":"Balansg\u00e5ng p\u00e5 slak lina - om att \u00e5ldras med autismspektrumtillst\u00e5nd","description":"I boken \"Balansg\u00e5ng p\u00e5 slak lina\" fokuserar jag p\u00e5 hur det \u00e4r att g\u00e5 i pension och befinna sig i \u00e5ldrandets inledningsfas.","robots":{"index":"index","follow":"follow","max-snippet":"max-snippet:-1","max-image-preview":"max-image-preview:large","max-video-preview":"max-video-preview:-1"},"canonical":"https:\/\/www.varkstaden.se\/bokhandel\/produkt\/balansgang-pa-slak-lina\/","og_locale":"sv_SE","og_type":"article","og_title":"Balansg\u00e5ng p\u00e5 slak lina - om att \u00e5ldras med autismspektrumtillst\u00e5nd","og_description":"I boken \"Balansg\u00e5ng p\u00e5 slak lina\" fokuserar jag p\u00e5 hur det \u00e4r att g\u00e5 i pension och befinna sig i \u00e5ldrandets inledningsfas.","og_url":"https:\/\/www.varkstaden.se\/bokhandel\/produkt\/balansgang-pa-slak-lina\/","og_site_name":"V\u00c4RKSTADSBOKHANDELN, webbmaster: Gunilla Brattberg","article_modified_time":"2021-11-25T08:01:03+00:00","og_image":[{"width":642,"height":945,"url":"https:\/\/www.varkstaden.se\/bokhandel\/wp-content\/uploads\/2015\/01\/balansgang.jpg","type":"image\/jpeg"}],"twitter_card":"summary_large_image","twitter_misc":{"Ber\u00e4knad l\u00e4stid":"1 minut"},"schema":{"@context":"https:\/\/schema.org","@graph":[{"@type":"WebPage","@id":"https:\/\/www.varkstaden.se\/bokhandel\/produkt\/balansgang-pa-slak-lina\/","url":"https:\/\/www.varkstaden.se\/bokhandel\/produkt\/balansgang-pa-slak-lina\/","name":"Balansg\u00e5ng p\u00e5 slak lina - om att \u00e5ldras med autismspektrumtillst\u00e5nd","isPartOf":{"@id":"https:\/\/www.varkstaden.se\/bokhandel\/#website"},"primaryImageOfPage":{"@id":"https:\/\/www.varkstaden.se\/bokhandel\/produkt\/balansgang-pa-slak-lina\/#primaryimage"},"image":{"@id":"https:\/\/www.varkstaden.se\/bokhandel\/produkt\/balansgang-pa-slak-lina\/#primaryimage"},"thumbnailUrl":"https:\/\/www.varkstaden.se\/bokhandel\/wp-content\/uploads\/2015\/01\/balansgang.jpg","datePublished":"2015-01-31T15:38:06+00:00","dateModified":"2021-11-25T08:01:03+00:00","description":"I boken \"Balansg\u00e5ng p\u00e5 slak lina\" fokuserar jag p\u00e5 hur det \u00e4r att g\u00e5 i pension och befinna sig i \u00e5ldrandets inledningsfas.","breadcrumb":{"@id":"https:\/\/www.varkstaden.se\/bokhandel\/produkt\/balansgang-pa-slak-lina\/#breadcrumb"},"inLanguage":"sv-SE","potentialAction":[{"@type":"ReadAction","target":["https:\/\/www.varkstaden.se\/bokhandel\/produkt\/balansgang-pa-slak-lina\/"]}]},{"@type":"ImageObject","inLanguage":"sv-SE","@id":"https:\/\/www.varkstaden.se\/bokhandel\/produkt\/balansgang-pa-slak-lina\/#primaryimage","url":"https:\/\/www.varkstaden.se\/bokhandel\/wp-content\/uploads\/2015\/01\/balansgang.jpg","contentUrl":"https:\/\/www.varkstaden.se\/bokhandel\/wp-content\/uploads\/2015\/01\/balansgang.jpg","width":642,"height":945,"caption":"Balansg\u00e5ng p\u00e5 slak lina"},{"@type":"BreadcrumbList","@id":"https:\/\/www.varkstaden.se\/bokhandel\/produkt\/balansgang-pa-slak-lina\/#breadcrumb","itemListElement":[{"@type":"ListItem","position":1,"name":"Hem","item":"https:\/\/www.varkstaden.se\/bokhandel\/"},{"@type":"ListItem","position":2,"name":"Webbutik","item":"https:\/\/www.varkstaden.se\/bokhandel\/"},{"@type":"ListItem","position":3,"name":"Balansg\u00e5ng p\u00e5 slak lina"}]},{"@type":"WebSite","@id":"https:\/\/www.varkstaden.se\/bokhandel\/#website","url":"https:\/\/www.varkstaden.se\/bokhandel\/","name":"V\u00c4RKSTADSBOKHANDELN","description":"","publisher":{"@id":"https:\/\/www.varkstaden.se\/bokhandel\/#organization"},"potentialAction":[{"@type":"SearchAction","target":{"@type":"EntryPoint","urlTemplate":"https:\/\/www.varkstaden.se\/bokhandel\/?s={search_term_string}"},"query-input":{"@type":"PropertyValueSpecification","valueRequired":true,"valueName":"search_term_string"}}],"inLanguage":"sv-SE"},{"@type":"Organization","@id":"https:\/\/www.varkstaden.se\/bokhandel\/#organization","name":"V\u00e4rkstaden GB AB","url":"https:\/\/www.varkstaden.se\/bokhandel\/","logo":{"@type":"ImageObject","inLanguage":"sv-SE","@id":"https:\/\/www.varkstaden.se\/bokhandel\/#\/schema\/logo\/image\/","url":"https:\/\/www.varkstaden.se\/bokhandel\/wp-content\/uploads\/2017\/09\/cropped-bokhandel-e1543669762370-1.jpg","contentUrl":"https:\/\/www.varkstaden.se\/bokhandel\/wp-content\/uploads\/2017\/09\/cropped-bokhandel-e1543669762370-1.jpg","width":1000,"height":525,"caption":"V\u00e4rkstaden GB AB"},"image":{"@id":"https:\/\/www.varkstaden.se\/bokhandel\/#\/schema\/logo\/image\/"}}]}},"_links":{"self":[{"href":"https:\/\/www.varkstaden.se\/bokhandel\/wp-json\/wp\/v2\/product\/139","targetHints":{"allow":["GET"]}}],"collection":[{"href":"https:\/\/www.varkstaden.se\/bokhandel\/wp-json\/wp\/v2\/product"}],"about":[{"href":"https:\/\/www.varkstaden.se\/bokhandel\/wp-json\/wp\/v2\/types\/product"}],"replies":[{"embeddable":true,"href":"https:\/\/www.varkstaden.se\/bokhandel\/wp-json\/wp\/v2\/comments?post=139"}],"wp:featuredmedia":[{"embeddable":true,"href":"https:\/\/www.varkstaden.se\/bokhandel\/wp-json\/wp\/v2\/media\/140"}],"wp:attachment":[{"href":"https:\/\/www.varkstaden.se\/bokhandel\/wp-json\/wp\/v2\/media?parent=139"}],"wp:term":[{"taxonomy":"product_brand","embeddable":true,"href":"https:\/\/www.varkstaden.se\/bokhandel\/wp-json\/wp\/v2\/product_brand?post=139"},{"taxonomy":"product_cat","embeddable":true,"href":"https:\/\/www.varkstaden.se\/bokhandel\/wp-json\/wp\/v2\/product_cat?post=139"},{"taxonomy":"product_tag","embeddable":true,"href":"https:\/\/www.varkstaden.se\/bokhandel\/wp-json\/wp\/v2\/product_tag?post=139"}],"curies":[{"name":"wp","href":"https:\/\/api.w.org\/{rel}","templated":true}]}}