{"id":137,"date":"2015-01-31T15:34:58","date_gmt":"2015-01-31T15:34:58","guid":{"rendered":"http:\/\/www.varkstaden.se\/bokhandel2\/?post_type=product&#038;p=137"},"modified":"2024-06-29T14:22:46","modified_gmt":"2024-06-29T14:22:46","slug":"domd-att-bli-missbedomd","status":"publish","type":"product","link":"https:\/\/www.varkstaden.se\/bokhandel\/produkt\/domd-att-bli-missbedomd\/","title":{"rendered":"D\u00f6md att bli missbed\u00f6md"},"content":{"rendered":"<h2 style=\"color: #333333; text-transform: none; text-indent: 0px; letter-spacing: normal; font-family: Georgia, 'Times New Roman', 'Bitstream Charter', Times, serif; font-style: normal; font-variant: normal; word-spacing: 0px; white-space: normal; -webkit-text-stroke-width: 0px;\">Om det osynliga funktionshindrets dilemma<\/h2>\n<p style=\"font: 16px\/24px Georgia, 'Times New Roman', 'Bitstream Charter', Times, serif; color: #333333; text-transform: none; text-indent: 0px; letter-spacing: normal; word-spacing: 0px; white-space: normal; font-size-adjust: none; font-stretch: normal; -webkit-text-stroke-width: 0px;\">M\u00e5nga funktionshinder \u00e4r osynliga. M\u00e4nniskor med osynliga funktionshinder blir ofta missbed\u00f6mda och missf\u00f6rst\u00e5dda. Ibland \u00e4r denna missbed\u00f6mning och missf\u00f6rst\u00e5else ett st\u00f6rre problem \u00e4n sj\u00e4lva funktionshindret. Speciellt sv\u00e5rt blir det n\u00e4r m\u00e4nniskor, som \u00e4r till f\u00f6r att hj\u00e4lpa \u2013 i v\u00e5rden, i omsorgen och p\u00e5 F\u00f6rs\u00e4kringskassan \u2013 missbed\u00f6m\u00ader och missf\u00f6rst\u00e5r.<\/p>\n<p style=\"font: 16px\/24px Georgia, 'Times New Roman', 'Bitstream Charter', Times, serif; color: #333333; text-transform: none; text-indent: 0px; letter-spacing: normal; word-spacing: 0px; white-space: normal; font-size-adjust: none; font-stretch: normal; -webkit-text-stroke-width: 0px;\">Jag har skrivit flera sj\u00e4lvbiografiska b\u00f6cker om livet med autismspektrumtillst\u00e5nd (Enast\u00e5ende, Guide i helvetet, Innanf\u00f6rskap och Balansg\u00e5ng p\u00e5 slak lina). I denna bok fokuserar jag p\u00e5 livet med ett osynligt funktionshinder. Av naturliga sk\u00e4l \u00e4r utg\u00e5ngspunkten autismspektrum\u00adtillst\u00e5ndets osynliga funktionshinder, men det mesta av inneh\u00e5llet g\u00e5r att applicera \u00e4ven p\u00e5 andra funktionshinder. Ett s\u00e5dant \u00e4r livet med l\u00e5ngvariga sm\u00e4rttillst\u00e5nd, som jag har stor yrkesm\u00e4ssig erfarenhet av. Troligen kommer m\u00e4nniskor med andra sjukdomstillst\u00e5nd som medf\u00f6r hinder i livet, men som inte syns utanp\u00e5, ocks\u00e5 att k\u00e4nna igen sig.<\/p>\n<p style=\"font: 16px\/24px Georgia, 'Times New Roman', 'Bitstream Charter', Times, serif; color: #333333; text-transform: none; text-indent: 0px; letter-spacing: normal; word-spacing: 0px; white-space: normal; font-size-adjust: none; font-stretch: normal; -webkit-text-stroke-width: 0px;\">M\u00e5lgruppen f\u00f6r denna bok \u00e4r i f\u00f6rsta hand alla som m\u00f6ter m\u00e4nn\u00adiskor med osynliga funktionshinder, b\u00e5de professionellt och privat. Det g\u00f6r n\u00e4stan alla eftersom m\u00e4nniskor med l\u00e5ngvarig sm\u00e4rta \u00e4r s\u00e5 vanligt f\u00f6rekommande i befolkningen. \u00c4ven de som lever med osynliga funktionshinder kan f\u00f6rst\u00e5s ha nytta av inneh\u00e5llet.<\/p>\n","protected":false},"excerpt":{"rendered":"<p>Om det osynliga funktionshindrets dilemma M\u00e5nga funktionshinder \u00e4r osynliga. M\u00e4nniskor med osynliga funktionshinder blir ofta missbed\u00f6mda och missf\u00f6rst\u00e5dda. Ibland \u00e4r denna missbed\u00f6mning och missf\u00f6rst\u00e5else ett st\u00f6rre problem \u00e4n sj\u00e4lva funktionshindret. Speciellt sv\u00e5rt blir det n\u00e4r m\u00e4nniskor, som \u00e4r till f\u00f6r &hellip;<\/p>\n<p class=\"read-more\"> <a class=\"more-link\" href=\"https:\/\/www.varkstaden.se\/bokhandel\/produkt\/domd-att-bli-missbedomd\/\"> <span class=\"screen-reader-text\">D\u00f6md att bli missbed\u00f6md<\/span> L\u00e4s mer &raquo;<\/a><\/p>\n","protected":false},"featured_media":138,"comment_status":"open","ping_status":"closed","template":"","meta":[],"product_brand":[],"product_cat":[11,18,12,9],"product_tag":[],"class_list":{"0":"post-137","1":"product","2":"type-product","3":"status-publish","4":"has-post-thumbnail","6":"product_cat-autismspektrumtillstand","7":"product_cat-e-bocker","8":"product_cat-sjalvbiografier","9":"product_cat-vark-och-smarta","11":"first","12":"instock","13":"sale","14":"featured","15":"taxable","16":"shipping-taxable","17":"purchasable","18":"product-type-variable"},"yoast_head":"<!-- This site is optimized with the Yoast SEO plugin v27.4 - https:\/\/yoast.com\/product\/yoast-seo-wordpress\/ -->\n<title>D\u00f6md att bli missbed\u00f6md handlar om osynliga funktionshinder.<\/title>\n<meta name=\"description\" content=\"Boken fokuserar p\u00e5 livet med osynliga funktionshinder. Den har sitt ursprung i livet med ett autismspektrumttillst\u00e5nd (AST) och \u00e4r delvis sj\u00e4lvbiografisk.\" \/>\n<meta name=\"robots\" content=\"index, follow, max-snippet:-1, max-image-preview:large, max-video-preview:-1\" \/>\n<link rel=\"canonical\" href=\"https:\/\/www.varkstaden.se\/bokhandel\/produkt\/domd-att-bli-missbedomd\/\" \/>\n<meta property=\"og:locale\" content=\"sv_SE\" \/>\n<meta property=\"og:type\" content=\"article\" \/>\n<meta property=\"og:title\" content=\"D\u00f6md att bli missbed\u00f6md handlar om osynliga funktionshinder.\" \/>\n<meta property=\"og:description\" content=\"Boken fokuserar p\u00e5 livet med osynliga funktionshinder. Den har sitt ursprung i livet med ett autismspektrumttillst\u00e5nd (AST) och \u00e4r delvis sj\u00e4lvbiografisk.\" \/>\n<meta property=\"og:url\" content=\"https:\/\/www.varkstaden.se\/bokhandel\/produkt\/domd-att-bli-missbedomd\/\" \/>\n<meta property=\"og:site_name\" content=\"V\u00c4RKSTADSBOKHANDELN, webbmaster: Gunilla Brattberg\" \/>\n<meta property=\"article:modified_time\" content=\"2024-06-29T14:22:46+00:00\" \/>\n<meta property=\"og:image\" content=\"https:\/\/www.varkstaden.se\/bokhandel\/wp-content\/uploads\/2015\/01\/domd_missbedomd.jpg\" \/>\n\t<meta property=\"og:image:width\" content=\"261\" \/>\n\t<meta property=\"og:image:height\" content=\"390\" \/>\n\t<meta property=\"og:image:type\" content=\"image\/jpeg\" \/>\n<meta name=\"twitter:card\" content=\"summary_large_image\" \/>\n<meta name=\"twitter:label1\" content=\"Ber\u00e4knad l\u00e4stid\" \/>\n\t<meta name=\"twitter:data1\" content=\"1 minut\" \/>\n<script type=\"application\/ld+json\" class=\"yoast-schema-graph\">{\"@context\":\"https:\\\/\\\/schema.org\",\"@graph\":[{\"@type\":\"WebPage\",\"@id\":\"https:\\\/\\\/www.varkstaden.se\\\/bokhandel\\\/produkt\\\/domd-att-bli-missbedomd\\\/\",\"url\":\"https:\\\/\\\/www.varkstaden.se\\\/bokhandel\\\/produkt\\\/domd-att-bli-missbedomd\\\/\",\"name\":\"D\u00f6md att bli missbed\u00f6md handlar om osynliga funktionshinder.\",\"isPartOf\":{\"@id\":\"https:\\\/\\\/www.varkstaden.se\\\/bokhandel\\\/#website\"},\"primaryImageOfPage\":{\"@id\":\"https:\\\/\\\/www.varkstaden.se\\\/bokhandel\\\/produkt\\\/domd-att-bli-missbedomd\\\/#primaryimage\"},\"image\":{\"@id\":\"https:\\\/\\\/www.varkstaden.se\\\/bokhandel\\\/produkt\\\/domd-att-bli-missbedomd\\\/#primaryimage\"},\"thumbnailUrl\":\"https:\\\/\\\/www.varkstaden.se\\\/bokhandel\\\/wp-content\\\/uploads\\\/2015\\\/01\\\/domd_missbedomd.jpg\",\"datePublished\":\"2015-01-31T15:34:58+00:00\",\"dateModified\":\"2024-06-29T14:22:46+00:00\",\"description\":\"Boken fokuserar p\u00e5 livet med osynliga funktionshinder. Den har sitt ursprung i livet med ett autismspektrumttillst\u00e5nd (AST) och \u00e4r delvis sj\u00e4lvbiografisk.\",\"breadcrumb\":{\"@id\":\"https:\\\/\\\/www.varkstaden.se\\\/bokhandel\\\/produkt\\\/domd-att-bli-missbedomd\\\/#breadcrumb\"},\"inLanguage\":\"sv-SE\",\"potentialAction\":[{\"@type\":\"ReadAction\",\"target\":[\"https:\\\/\\\/www.varkstaden.se\\\/bokhandel\\\/produkt\\\/domd-att-bli-missbedomd\\\/\"]}]},{\"@type\":\"ImageObject\",\"inLanguage\":\"sv-SE\",\"@id\":\"https:\\\/\\\/www.varkstaden.se\\\/bokhandel\\\/produkt\\\/domd-att-bli-missbedomd\\\/#primaryimage\",\"url\":\"https:\\\/\\\/www.varkstaden.se\\\/bokhandel\\\/wp-content\\\/uploads\\\/2015\\\/01\\\/domd_missbedomd.jpg\",\"contentUrl\":\"https:\\\/\\\/www.varkstaden.se\\\/bokhandel\\\/wp-content\\\/uploads\\\/2015\\\/01\\\/domd_missbedomd.jpg\",\"width\":261,\"height\":390,\"caption\":\"D\u00f6md att bli missbed\u00f6md\"},{\"@type\":\"BreadcrumbList\",\"@id\":\"https:\\\/\\\/www.varkstaden.se\\\/bokhandel\\\/produkt\\\/domd-att-bli-missbedomd\\\/#breadcrumb\",\"itemListElement\":[{\"@type\":\"ListItem\",\"position\":1,\"name\":\"Hem\",\"item\":\"https:\\\/\\\/www.varkstaden.se\\\/bokhandel\\\/\"},{\"@type\":\"ListItem\",\"position\":2,\"name\":\"Webbutik\",\"item\":\"https:\\\/\\\/www.varkstaden.se\\\/bokhandel\\\/\"},{\"@type\":\"ListItem\",\"position\":3,\"name\":\"D\u00f6md att bli missbed\u00f6md\"}]},{\"@type\":\"WebSite\",\"@id\":\"https:\\\/\\\/www.varkstaden.se\\\/bokhandel\\\/#website\",\"url\":\"https:\\\/\\\/www.varkstaden.se\\\/bokhandel\\\/\",\"name\":\"V\u00c4RKSTADSBOKHANDELN\",\"description\":\"\",\"publisher\":{\"@id\":\"https:\\\/\\\/www.varkstaden.se\\\/bokhandel\\\/#organization\"},\"potentialAction\":[{\"@type\":\"SearchAction\",\"target\":{\"@type\":\"EntryPoint\",\"urlTemplate\":\"https:\\\/\\\/www.varkstaden.se\\\/bokhandel\\\/?s={search_term_string}\"},\"query-input\":{\"@type\":\"PropertyValueSpecification\",\"valueRequired\":true,\"valueName\":\"search_term_string\"}}],\"inLanguage\":\"sv-SE\"},{\"@type\":\"Organization\",\"@id\":\"https:\\\/\\\/www.varkstaden.se\\\/bokhandel\\\/#organization\",\"name\":\"V\u00e4rkstaden GB AB\",\"url\":\"https:\\\/\\\/www.varkstaden.se\\\/bokhandel\\\/\",\"logo\":{\"@type\":\"ImageObject\",\"inLanguage\":\"sv-SE\",\"@id\":\"https:\\\/\\\/www.varkstaden.se\\\/bokhandel\\\/#\\\/schema\\\/logo\\\/image\\\/\",\"url\":\"https:\\\/\\\/www.varkstaden.se\\\/bokhandel\\\/wp-content\\\/uploads\\\/2017\\\/09\\\/cropped-bokhandel-e1543669762370-1.jpg\",\"contentUrl\":\"https:\\\/\\\/www.varkstaden.se\\\/bokhandel\\\/wp-content\\\/uploads\\\/2017\\\/09\\\/cropped-bokhandel-e1543669762370-1.jpg\",\"width\":1000,\"height\":525,\"caption\":\"V\u00e4rkstaden GB AB\"},\"image\":{\"@id\":\"https:\\\/\\\/www.varkstaden.se\\\/bokhandel\\\/#\\\/schema\\\/logo\\\/image\\\/\"}}]}<\/script>\n<!-- \/ Yoast SEO plugin. -->","yoast_head_json":{"title":"D\u00f6md att bli missbed\u00f6md handlar om osynliga funktionshinder.","description":"Boken fokuserar p\u00e5 livet med osynliga funktionshinder. Den har sitt ursprung i livet med ett autismspektrumttillst\u00e5nd (AST) och \u00e4r delvis sj\u00e4lvbiografisk.","robots":{"index":"index","follow":"follow","max-snippet":"max-snippet:-1","max-image-preview":"max-image-preview:large","max-video-preview":"max-video-preview:-1"},"canonical":"https:\/\/www.varkstaden.se\/bokhandel\/produkt\/domd-att-bli-missbedomd\/","og_locale":"sv_SE","og_type":"article","og_title":"D\u00f6md att bli missbed\u00f6md handlar om osynliga funktionshinder.","og_description":"Boken fokuserar p\u00e5 livet med osynliga funktionshinder. Den har sitt ursprung i livet med ett autismspektrumttillst\u00e5nd (AST) och \u00e4r delvis sj\u00e4lvbiografisk.","og_url":"https:\/\/www.varkstaden.se\/bokhandel\/produkt\/domd-att-bli-missbedomd\/","og_site_name":"V\u00c4RKSTADSBOKHANDELN, webbmaster: Gunilla Brattberg","article_modified_time":"2024-06-29T14:22:46+00:00","og_image":[{"width":261,"height":390,"url":"https:\/\/www.varkstaden.se\/bokhandel\/wp-content\/uploads\/2015\/01\/domd_missbedomd.jpg","type":"image\/jpeg"}],"twitter_card":"summary_large_image","twitter_misc":{"Ber\u00e4knad l\u00e4stid":"1 minut"},"schema":{"@context":"https:\/\/schema.org","@graph":[{"@type":"WebPage","@id":"https:\/\/www.varkstaden.se\/bokhandel\/produkt\/domd-att-bli-missbedomd\/","url":"https:\/\/www.varkstaden.se\/bokhandel\/produkt\/domd-att-bli-missbedomd\/","name":"D\u00f6md att bli missbed\u00f6md handlar om osynliga funktionshinder.","isPartOf":{"@id":"https:\/\/www.varkstaden.se\/bokhandel\/#website"},"primaryImageOfPage":{"@id":"https:\/\/www.varkstaden.se\/bokhandel\/produkt\/domd-att-bli-missbedomd\/#primaryimage"},"image":{"@id":"https:\/\/www.varkstaden.se\/bokhandel\/produkt\/domd-att-bli-missbedomd\/#primaryimage"},"thumbnailUrl":"https:\/\/www.varkstaden.se\/bokhandel\/wp-content\/uploads\/2015\/01\/domd_missbedomd.jpg","datePublished":"2015-01-31T15:34:58+00:00","dateModified":"2024-06-29T14:22:46+00:00","description":"Boken fokuserar p\u00e5 livet med osynliga funktionshinder. Den har sitt ursprung i livet med ett autismspektrumttillst\u00e5nd (AST) och \u00e4r delvis sj\u00e4lvbiografisk.","breadcrumb":{"@id":"https:\/\/www.varkstaden.se\/bokhandel\/produkt\/domd-att-bli-missbedomd\/#breadcrumb"},"inLanguage":"sv-SE","potentialAction":[{"@type":"ReadAction","target":["https:\/\/www.varkstaden.se\/bokhandel\/produkt\/domd-att-bli-missbedomd\/"]}]},{"@type":"ImageObject","inLanguage":"sv-SE","@id":"https:\/\/www.varkstaden.se\/bokhandel\/produkt\/domd-att-bli-missbedomd\/#primaryimage","url":"https:\/\/www.varkstaden.se\/bokhandel\/wp-content\/uploads\/2015\/01\/domd_missbedomd.jpg","contentUrl":"https:\/\/www.varkstaden.se\/bokhandel\/wp-content\/uploads\/2015\/01\/domd_missbedomd.jpg","width":261,"height":390,"caption":"D\u00f6md att bli missbed\u00f6md"},{"@type":"BreadcrumbList","@id":"https:\/\/www.varkstaden.se\/bokhandel\/produkt\/domd-att-bli-missbedomd\/#breadcrumb","itemListElement":[{"@type":"ListItem","position":1,"name":"Hem","item":"https:\/\/www.varkstaden.se\/bokhandel\/"},{"@type":"ListItem","position":2,"name":"Webbutik","item":"https:\/\/www.varkstaden.se\/bokhandel\/"},{"@type":"ListItem","position":3,"name":"D\u00f6md att bli missbed\u00f6md"}]},{"@type":"WebSite","@id":"https:\/\/www.varkstaden.se\/bokhandel\/#website","url":"https:\/\/www.varkstaden.se\/bokhandel\/","name":"V\u00c4RKSTADSBOKHANDELN","description":"","publisher":{"@id":"https:\/\/www.varkstaden.se\/bokhandel\/#organization"},"potentialAction":[{"@type":"SearchAction","target":{"@type":"EntryPoint","urlTemplate":"https:\/\/www.varkstaden.se\/bokhandel\/?s={search_term_string}"},"query-input":{"@type":"PropertyValueSpecification","valueRequired":true,"valueName":"search_term_string"}}],"inLanguage":"sv-SE"},{"@type":"Organization","@id":"https:\/\/www.varkstaden.se\/bokhandel\/#organization","name":"V\u00e4rkstaden GB AB","url":"https:\/\/www.varkstaden.se\/bokhandel\/","logo":{"@type":"ImageObject","inLanguage":"sv-SE","@id":"https:\/\/www.varkstaden.se\/bokhandel\/#\/schema\/logo\/image\/","url":"https:\/\/www.varkstaden.se\/bokhandel\/wp-content\/uploads\/2017\/09\/cropped-bokhandel-e1543669762370-1.jpg","contentUrl":"https:\/\/www.varkstaden.se\/bokhandel\/wp-content\/uploads\/2017\/09\/cropped-bokhandel-e1543669762370-1.jpg","width":1000,"height":525,"caption":"V\u00e4rkstaden GB AB"},"image":{"@id":"https:\/\/www.varkstaden.se\/bokhandel\/#\/schema\/logo\/image\/"}}]}},"_links":{"self":[{"href":"https:\/\/www.varkstaden.se\/bokhandel\/wp-json\/wp\/v2\/product\/137","targetHints":{"allow":["GET"]}}],"collection":[{"href":"https:\/\/www.varkstaden.se\/bokhandel\/wp-json\/wp\/v2\/product"}],"about":[{"href":"https:\/\/www.varkstaden.se\/bokhandel\/wp-json\/wp\/v2\/types\/product"}],"replies":[{"embeddable":true,"href":"https:\/\/www.varkstaden.se\/bokhandel\/wp-json\/wp\/v2\/comments?post=137"}],"wp:featuredmedia":[{"embeddable":true,"href":"https:\/\/www.varkstaden.se\/bokhandel\/wp-json\/wp\/v2\/media\/138"}],"wp:attachment":[{"href":"https:\/\/www.varkstaden.se\/bokhandel\/wp-json\/wp\/v2\/media?parent=137"}],"wp:term":[{"taxonomy":"product_brand","embeddable":true,"href":"https:\/\/www.varkstaden.se\/bokhandel\/wp-json\/wp\/v2\/product_brand?post=137"},{"taxonomy":"product_cat","embeddable":true,"href":"https:\/\/www.varkstaden.se\/bokhandel\/wp-json\/wp\/v2\/product_cat?post=137"},{"taxonomy":"product_tag","embeddable":true,"href":"https:\/\/www.varkstaden.se\/bokhandel\/wp-json\/wp\/v2\/product_tag?post=137"}],"curies":[{"name":"wp","href":"https:\/\/api.w.org\/{rel}","templated":true}]}}