{"id":135,"date":"2015-01-31T15:29:34","date_gmt":"2015-01-31T15:29:34","guid":{"rendered":"http:\/\/www.varkstaden.se\/bokhandel2\/?post_type=product&#038;p=135"},"modified":"2020-04-23T07:05:11","modified_gmt":"2020-04-23T07:05:11","slug":"innaforskap","status":"publish","type":"product","link":"https:\/\/www.varkstaden.se\/bokhandel\/produkt\/innaforskap\/","title":{"rendered":"Innanf\u00f6rskap"},"content":{"rendered":"<p style=\"font: 16px\/24px Georgia, 'Times New Roman', 'Bitstream Charter', Times, serif; color: #333333; text-transform: none; text-indent: 0px; letter-spacing: normal; word-spacing: 0px; white-space: normal; font-size-adjust: none; font-stretch: normal; -webkit-text-stroke-width: 0px;\" align=\"JUSTIFY\">Tv\u00e5 b\u00f6cker om livet med Aspergers syndrom (AS) har jag skrivit tidigare,<span class=\"Apple-converted-space\">\u00a0<\/span><em>Enast\u00e5ende<\/em><span class=\"Apple-converted-space\">\u00a0<\/span>och<span class=\"Apple-converted-space\">\u00a0<\/span><em>Guide i helvetet<\/em>. I denna bok \u2013<span class=\"Apple-converted-space\">\u00a0<\/span><em>Innanf\u00f6rskap<\/em><span class=\"Apple-converted-space\">\u00a0<\/span>\u2013 har jag fokuserat p\u00e5 hur det \u00e4r att leva med ett st\u00e4ndigt innanf\u00f6rskap, innesluten och f\u00e4ngslad i en sarkofag som inte g\u00e5r att ta sig ur. Detta innanf\u00f6rskap leder i sin tur till utanf\u00f6rskap och en livsl\u00e5ng k\u00e4nsla av att g\u00f6ra fel och vara fel och inte passa in i \u201dnormala\u201d sammanhang.<\/p>\n<p style=\"font: 16px\/24px Georgia, 'Times New Roman', 'Bitstream Charter', Times, serif; color: #333333; text-transform: none; text-indent: 0px; letter-spacing: normal; word-spacing: 0px; white-space: normal; font-size-adjust: none; font-stretch: normal; -webkit-text-stroke-width: 0px;\" align=\"JUSTIFY\">Livet med ett autismspektrumtillst\u00e5nd \u00e4r kantat av sv\u00e5righeter. \u00c4nnu sv\u00e5rare blir det n\u00e4r man inte f\u00e5r adekvat diagnos och blir f\u00f6rem\u00e5l f\u00f6r olika renoveringsprojekt med syfte att bli \u201dnormal\u201d. Okunniga hj\u00e4lpare och myndighetspersoner skapar inte s\u00e4llan problem och sv\u00e5righeter f\u00f6r m\u00e4nniskor med detta osynliga funktionshinder. Genom att ge autismspektrumtillst\u00e5ndet ett ansikte vill jag underl\u00e4tta m\u00f6ten mellan m\u00e4nn\u2013iskor som brottas med livet till f\u00f6ljd av ett autistiskt funktionshinder och deras omgivning. Boken \u00e4r riktad till dem som har funktions\u00adhind\u00adret, deras anh\u00f6riga och arbetskamrater samt personer som arbetar inom sjukv\u00e5rd, psykiatri, socialv\u00e5rd och F\u00f6rs\u00e4kringskassan.<\/p>\n","protected":false},"excerpt":{"rendered":"<p>Tv\u00e5 b\u00f6cker om livet med Aspergers syndrom (AS) har jag skrivit tidigare,\u00a0Enast\u00e5ende\u00a0och\u00a0Guide i helvetet. I denna bok \u2013\u00a0Innanf\u00f6rskap\u00a0\u2013 har jag fokuserat p\u00e5 hur det \u00e4r att leva med ett st\u00e4ndigt innanf\u00f6rskap, innesluten och f\u00e4ngslad i en sarkofag som inte g\u00e5r &hellip;<\/p>\n<p class=\"read-more\"> <a class=\"more-link\" href=\"https:\/\/www.varkstaden.se\/bokhandel\/produkt\/innaforskap\/\"> <span class=\"screen-reader-text\">Innanf\u00f6rskap<\/span> L\u00e4s mer &raquo;<\/a><\/p>\n","protected":false},"featured_media":136,"comment_status":"open","ping_status":"closed","template":"","meta":[],"product_brand":[],"product_cat":[11,18,12],"product_tag":[],"class_list":{"0":"post-135","1":"product","2":"type-product","3":"status-publish","4":"has-post-thumbnail","6":"product_cat-autismspektrumtillstand","7":"product_cat-e-bocker","8":"product_cat-sjalvbiografier","10":"first","11":"instock","12":"sale","13":"taxable","14":"shipping-taxable","15":"purchasable","16":"product-type-variable"},"yoast_head":"<!-- This site is optimized with the Yoast SEO plugin v27.4 - https:\/\/yoast.com\/product\/yoast-seo-wordpress\/ -->\n<title>Innaf\u00f6rskap - om autismspektrumtillst\u00e5ndet upplevt inifr\u00e5n.<\/title>\n<meta name=\"description\" content=\"Boken &quot;Innanf\u00f6rskap&quot; \u00e4r riktad till dem som har - lever med eller m\u00f6ter - m\u00e4nniskor med autistiskt funktionshinder och vill veta hur det upplevs inifr\u00e5n.\" \/>\n<meta name=\"robots\" content=\"index, follow, max-snippet:-1, max-image-preview:large, max-video-preview:-1\" \/>\n<link rel=\"canonical\" href=\"https:\/\/www.varkstaden.se\/bokhandel\/produkt\/innaforskap\/\" \/>\n<meta property=\"og:locale\" content=\"sv_SE\" \/>\n<meta property=\"og:type\" content=\"article\" \/>\n<meta property=\"og:title\" content=\"Innaf\u00f6rskap - om autismspektrumtillst\u00e5ndet upplevt inifr\u00e5n.\" \/>\n<meta property=\"og:description\" content=\"Boken &quot;Innanf\u00f6rskap&quot; \u00e4r riktad till dem som har - lever med eller m\u00f6ter - m\u00e4nniskor med autistiskt funktionshinder och vill veta hur det upplevs inifr\u00e5n.\" \/>\n<meta property=\"og:url\" content=\"https:\/\/www.varkstaden.se\/bokhandel\/produkt\/innaforskap\/\" \/>\n<meta property=\"og:site_name\" content=\"V\u00c4RKSTADSBOKHANDELN, webbmaster: Gunilla Brattberg\" \/>\n<meta property=\"article:modified_time\" content=\"2020-04-23T07:05:11+00:00\" \/>\n<meta property=\"og:image\" content=\"https:\/\/www.varkstaden.se\/bokhandel\/wp-content\/uploads\/2015\/01\/9789197716116.jpg\" \/>\n\t<meta property=\"og:image:width\" content=\"658\" \/>\n\t<meta property=\"og:image:height\" content=\"945\" \/>\n\t<meta property=\"og:image:type\" content=\"image\/jpeg\" \/>\n<meta name=\"twitter:card\" content=\"summary_large_image\" \/>\n<meta name=\"twitter:label1\" content=\"Ber\u00e4knad l\u00e4stid\" \/>\n\t<meta name=\"twitter:data1\" content=\"1 minut\" \/>\n<script type=\"application\/ld+json\" class=\"yoast-schema-graph\">{\"@context\":\"https:\\\/\\\/schema.org\",\"@graph\":[{\"@type\":\"WebPage\",\"@id\":\"https:\\\/\\\/www.varkstaden.se\\\/bokhandel\\\/produkt\\\/innaforskap\\\/\",\"url\":\"https:\\\/\\\/www.varkstaden.se\\\/bokhandel\\\/produkt\\\/innaforskap\\\/\",\"name\":\"Innaf\u00f6rskap - om autismspektrumtillst\u00e5ndet upplevt inifr\u00e5n.\",\"isPartOf\":{\"@id\":\"https:\\\/\\\/www.varkstaden.se\\\/bokhandel\\\/#website\"},\"primaryImageOfPage\":{\"@id\":\"https:\\\/\\\/www.varkstaden.se\\\/bokhandel\\\/produkt\\\/innaforskap\\\/#primaryimage\"},\"image\":{\"@id\":\"https:\\\/\\\/www.varkstaden.se\\\/bokhandel\\\/produkt\\\/innaforskap\\\/#primaryimage\"},\"thumbnailUrl\":\"https:\\\/\\\/www.varkstaden.se\\\/bokhandel\\\/wp-content\\\/uploads\\\/2015\\\/01\\\/9789197716116.jpg\",\"datePublished\":\"2015-01-31T15:29:34+00:00\",\"dateModified\":\"2020-04-23T07:05:11+00:00\",\"description\":\"Boken \\\"Innanf\u00f6rskap\\\" \u00e4r riktad till dem som har - lever med eller m\u00f6ter - m\u00e4nniskor med autistiskt funktionshinder och vill veta hur det upplevs inifr\u00e5n.\",\"breadcrumb\":{\"@id\":\"https:\\\/\\\/www.varkstaden.se\\\/bokhandel\\\/produkt\\\/innaforskap\\\/#breadcrumb\"},\"inLanguage\":\"sv-SE\",\"potentialAction\":[{\"@type\":\"ReadAction\",\"target\":[\"https:\\\/\\\/www.varkstaden.se\\\/bokhandel\\\/produkt\\\/innaforskap\\\/\"]}]},{\"@type\":\"ImageObject\",\"inLanguage\":\"sv-SE\",\"@id\":\"https:\\\/\\\/www.varkstaden.se\\\/bokhandel\\\/produkt\\\/innaforskap\\\/#primaryimage\",\"url\":\"https:\\\/\\\/www.varkstaden.se\\\/bokhandel\\\/wp-content\\\/uploads\\\/2015\\\/01\\\/9789197716116.jpg\",\"contentUrl\":\"https:\\\/\\\/www.varkstaden.se\\\/bokhandel\\\/wp-content\\\/uploads\\\/2015\\\/01\\\/9789197716116.jpg\",\"width\":658,\"height\":945,\"caption\":\"Innanf\u00f6rskap\"},{\"@type\":\"BreadcrumbList\",\"@id\":\"https:\\\/\\\/www.varkstaden.se\\\/bokhandel\\\/produkt\\\/innaforskap\\\/#breadcrumb\",\"itemListElement\":[{\"@type\":\"ListItem\",\"position\":1,\"name\":\"Hem\",\"item\":\"https:\\\/\\\/www.varkstaden.se\\\/bokhandel\\\/\"},{\"@type\":\"ListItem\",\"position\":2,\"name\":\"Webbutik\",\"item\":\"https:\\\/\\\/www.varkstaden.se\\\/bokhandel\\\/\"},{\"@type\":\"ListItem\",\"position\":3,\"name\":\"Innanf\u00f6rskap\"}]},{\"@type\":\"WebSite\",\"@id\":\"https:\\\/\\\/www.varkstaden.se\\\/bokhandel\\\/#website\",\"url\":\"https:\\\/\\\/www.varkstaden.se\\\/bokhandel\\\/\",\"name\":\"V\u00c4RKSTADSBOKHANDELN\",\"description\":\"\",\"publisher\":{\"@id\":\"https:\\\/\\\/www.varkstaden.se\\\/bokhandel\\\/#organization\"},\"potentialAction\":[{\"@type\":\"SearchAction\",\"target\":{\"@type\":\"EntryPoint\",\"urlTemplate\":\"https:\\\/\\\/www.varkstaden.se\\\/bokhandel\\\/?s={search_term_string}\"},\"query-input\":{\"@type\":\"PropertyValueSpecification\",\"valueRequired\":true,\"valueName\":\"search_term_string\"}}],\"inLanguage\":\"sv-SE\"},{\"@type\":\"Organization\",\"@id\":\"https:\\\/\\\/www.varkstaden.se\\\/bokhandel\\\/#organization\",\"name\":\"V\u00e4rkstaden GB AB\",\"url\":\"https:\\\/\\\/www.varkstaden.se\\\/bokhandel\\\/\",\"logo\":{\"@type\":\"ImageObject\",\"inLanguage\":\"sv-SE\",\"@id\":\"https:\\\/\\\/www.varkstaden.se\\\/bokhandel\\\/#\\\/schema\\\/logo\\\/image\\\/\",\"url\":\"https:\\\/\\\/www.varkstaden.se\\\/bokhandel\\\/wp-content\\\/uploads\\\/2017\\\/09\\\/cropped-bokhandel-e1543669762370-1.jpg\",\"contentUrl\":\"https:\\\/\\\/www.varkstaden.se\\\/bokhandel\\\/wp-content\\\/uploads\\\/2017\\\/09\\\/cropped-bokhandel-e1543669762370-1.jpg\",\"width\":1000,\"height\":525,\"caption\":\"V\u00e4rkstaden GB AB\"},\"image\":{\"@id\":\"https:\\\/\\\/www.varkstaden.se\\\/bokhandel\\\/#\\\/schema\\\/logo\\\/image\\\/\"}}]}<\/script>\n<!-- \/ Yoast SEO plugin. -->","yoast_head_json":{"title":"Innaf\u00f6rskap - om autismspektrumtillst\u00e5ndet upplevt inifr\u00e5n.","description":"Boken \"Innanf\u00f6rskap\" \u00e4r riktad till dem som har - lever med eller m\u00f6ter - m\u00e4nniskor med autistiskt funktionshinder och vill veta hur det upplevs inifr\u00e5n.","robots":{"index":"index","follow":"follow","max-snippet":"max-snippet:-1","max-image-preview":"max-image-preview:large","max-video-preview":"max-video-preview:-1"},"canonical":"https:\/\/www.varkstaden.se\/bokhandel\/produkt\/innaforskap\/","og_locale":"sv_SE","og_type":"article","og_title":"Innaf\u00f6rskap - om autismspektrumtillst\u00e5ndet upplevt inifr\u00e5n.","og_description":"Boken \"Innanf\u00f6rskap\" \u00e4r riktad till dem som har - lever med eller m\u00f6ter - m\u00e4nniskor med autistiskt funktionshinder och vill veta hur det upplevs inifr\u00e5n.","og_url":"https:\/\/www.varkstaden.se\/bokhandel\/produkt\/innaforskap\/","og_site_name":"V\u00c4RKSTADSBOKHANDELN, webbmaster: Gunilla Brattberg","article_modified_time":"2020-04-23T07:05:11+00:00","og_image":[{"width":658,"height":945,"url":"https:\/\/www.varkstaden.se\/bokhandel\/wp-content\/uploads\/2015\/01\/9789197716116.jpg","type":"image\/jpeg"}],"twitter_card":"summary_large_image","twitter_misc":{"Ber\u00e4knad l\u00e4stid":"1 minut"},"schema":{"@context":"https:\/\/schema.org","@graph":[{"@type":"WebPage","@id":"https:\/\/www.varkstaden.se\/bokhandel\/produkt\/innaforskap\/","url":"https:\/\/www.varkstaden.se\/bokhandel\/produkt\/innaforskap\/","name":"Innaf\u00f6rskap - om autismspektrumtillst\u00e5ndet upplevt inifr\u00e5n.","isPartOf":{"@id":"https:\/\/www.varkstaden.se\/bokhandel\/#website"},"primaryImageOfPage":{"@id":"https:\/\/www.varkstaden.se\/bokhandel\/produkt\/innaforskap\/#primaryimage"},"image":{"@id":"https:\/\/www.varkstaden.se\/bokhandel\/produkt\/innaforskap\/#primaryimage"},"thumbnailUrl":"https:\/\/www.varkstaden.se\/bokhandel\/wp-content\/uploads\/2015\/01\/9789197716116.jpg","datePublished":"2015-01-31T15:29:34+00:00","dateModified":"2020-04-23T07:05:11+00:00","description":"Boken \"Innanf\u00f6rskap\" \u00e4r riktad till dem som har - lever med eller m\u00f6ter - m\u00e4nniskor med autistiskt funktionshinder och vill veta hur det upplevs inifr\u00e5n.","breadcrumb":{"@id":"https:\/\/www.varkstaden.se\/bokhandel\/produkt\/innaforskap\/#breadcrumb"},"inLanguage":"sv-SE","potentialAction":[{"@type":"ReadAction","target":["https:\/\/www.varkstaden.se\/bokhandel\/produkt\/innaforskap\/"]}]},{"@type":"ImageObject","inLanguage":"sv-SE","@id":"https:\/\/www.varkstaden.se\/bokhandel\/produkt\/innaforskap\/#primaryimage","url":"https:\/\/www.varkstaden.se\/bokhandel\/wp-content\/uploads\/2015\/01\/9789197716116.jpg","contentUrl":"https:\/\/www.varkstaden.se\/bokhandel\/wp-content\/uploads\/2015\/01\/9789197716116.jpg","width":658,"height":945,"caption":"Innanf\u00f6rskap"},{"@type":"BreadcrumbList","@id":"https:\/\/www.varkstaden.se\/bokhandel\/produkt\/innaforskap\/#breadcrumb","itemListElement":[{"@type":"ListItem","position":1,"name":"Hem","item":"https:\/\/www.varkstaden.se\/bokhandel\/"},{"@type":"ListItem","position":2,"name":"Webbutik","item":"https:\/\/www.varkstaden.se\/bokhandel\/"},{"@type":"ListItem","position":3,"name":"Innanf\u00f6rskap"}]},{"@type":"WebSite","@id":"https:\/\/www.varkstaden.se\/bokhandel\/#website","url":"https:\/\/www.varkstaden.se\/bokhandel\/","name":"V\u00c4RKSTADSBOKHANDELN","description":"","publisher":{"@id":"https:\/\/www.varkstaden.se\/bokhandel\/#organization"},"potentialAction":[{"@type":"SearchAction","target":{"@type":"EntryPoint","urlTemplate":"https:\/\/www.varkstaden.se\/bokhandel\/?s={search_term_string}"},"query-input":{"@type":"PropertyValueSpecification","valueRequired":true,"valueName":"search_term_string"}}],"inLanguage":"sv-SE"},{"@type":"Organization","@id":"https:\/\/www.varkstaden.se\/bokhandel\/#organization","name":"V\u00e4rkstaden GB AB","url":"https:\/\/www.varkstaden.se\/bokhandel\/","logo":{"@type":"ImageObject","inLanguage":"sv-SE","@id":"https:\/\/www.varkstaden.se\/bokhandel\/#\/schema\/logo\/image\/","url":"https:\/\/www.varkstaden.se\/bokhandel\/wp-content\/uploads\/2017\/09\/cropped-bokhandel-e1543669762370-1.jpg","contentUrl":"https:\/\/www.varkstaden.se\/bokhandel\/wp-content\/uploads\/2017\/09\/cropped-bokhandel-e1543669762370-1.jpg","width":1000,"height":525,"caption":"V\u00e4rkstaden GB AB"},"image":{"@id":"https:\/\/www.varkstaden.se\/bokhandel\/#\/schema\/logo\/image\/"}}]}},"_links":{"self":[{"href":"https:\/\/www.varkstaden.se\/bokhandel\/wp-json\/wp\/v2\/product\/135","targetHints":{"allow":["GET"]}}],"collection":[{"href":"https:\/\/www.varkstaden.se\/bokhandel\/wp-json\/wp\/v2\/product"}],"about":[{"href":"https:\/\/www.varkstaden.se\/bokhandel\/wp-json\/wp\/v2\/types\/product"}],"replies":[{"embeddable":true,"href":"https:\/\/www.varkstaden.se\/bokhandel\/wp-json\/wp\/v2\/comments?post=135"}],"wp:featuredmedia":[{"embeddable":true,"href":"https:\/\/www.varkstaden.se\/bokhandel\/wp-json\/wp\/v2\/media\/136"}],"wp:attachment":[{"href":"https:\/\/www.varkstaden.se\/bokhandel\/wp-json\/wp\/v2\/media?parent=135"}],"wp:term":[{"taxonomy":"product_brand","embeddable":true,"href":"https:\/\/www.varkstaden.se\/bokhandel\/wp-json\/wp\/v2\/product_brand?post=135"},{"taxonomy":"product_cat","embeddable":true,"href":"https:\/\/www.varkstaden.se\/bokhandel\/wp-json\/wp\/v2\/product_cat?post=135"},{"taxonomy":"product_tag","embeddable":true,"href":"https:\/\/www.varkstaden.se\/bokhandel\/wp-json\/wp\/v2\/product_tag?post=135"}],"curies":[{"name":"wp","href":"https:\/\/api.w.org\/{rel}","templated":true}]}}