{"id":131,"date":"2015-01-31T15:27:29","date_gmt":"2015-01-31T15:27:29","guid":{"rendered":"http:\/\/www.varkstaden.se\/bokhandel2\/?post_type=product&#038;p=131"},"modified":"2020-04-23T07:05:40","modified_gmt":"2020-04-23T07:05:40","slug":"guide-i-helvetet","status":"publish","type":"product","link":"https:\/\/www.varkstaden.se\/bokhandel\/produkt\/guide-i-helvetet\/","title":{"rendered":"Guide i helvetet (e-bok)"},"content":{"rendered":"<p style=\"font: 16px\/24px Georgia, 'Times New Roman', 'Bitstream Charter', Times, serif; color: #333333; text-transform: none; text-indent: 0px; letter-spacing: normal; word-spacing: 0px; white-space: normal; font-size-adjust: none; font-stretch: normal; -webkit-text-stroke-width: 0px;\" align=\"JUSTIFY\"><span style=\"color: #ff0000; font-size: medium;\">GUIDE I HELVETET<span class=\"Apple-converted-space\">\u00a0<\/span><\/span><span style=\"font-size: medium;\">\u00e4r skriven som ett register, en uppslagsbok som inte g\u00f6r n\u00e5gra som helst anspr\u00e5k p\u00e5 att vara objektiv.<span class=\"Apple-converted-space\">\u00a0<\/span><\/span><i><span style=\"font-family: MinionPro-It; font-size: medium;\">Helvete<\/span><\/i><span style=\"font-size: medium;\"><span class=\"Apple-converted-space\">\u00a0<\/span>\u00e4r ett starkt ord, m\u00e5nga v\u00e5gar inte ens uttala det. Helvetet p\u00e5 jorden skapas genom att m\u00e4nniskor och m\u00e4nskliga k\u00e4nslor f\u00f6rnekas. F\u00f6r m\u00e5nga vuxna odiagnostiserade m\u00e4nniskor med neuropsykiatriska st\u00f6rningar har livet varit ett helvete. Det kan vara dags att v\u00e5ga b\u00f6rja se och tala om det.<\/span><\/p>\n<p style=\"font: 16px\/24px Georgia, 'Times New Roman', 'Bitstream Charter', Times, serif; color: #333333; text-transform: none; text-indent: 0px; letter-spacing: normal; word-spacing: 0px; white-space: normal; font-size-adjust: none; font-stretch: normal; -webkit-text-stroke-width: 0px;\" align=\"JUSTIFY\"><span style=\"font-family: MinionPro-It; font-size: medium;\"><span style=\"font-family: MinionPro-It; font-size: medium;\"><i>Guide i helvetet<span class=\"Apple-converted-space\">\u00a0<\/span><\/i><\/span><\/span><span style=\"font-size: medium;\">v\u00e4nder sig till alla som vill veta mer om hur det kan vara att leva ett vuxet liv med Aspergers syndrom och ADHD. Boken handlar om livskampen, den existentiella \u00e5ngesten, \u00e5sk\u00e5darlivet, sociala strategier och om hur man tar sig fram i livet och samh\u00e4llet n\u00e4r man befinner sig i en st\u00e4ndig sarkofag med ett k\u00e4nsloliv som snarast liknar en h\u00e4rdsm\u00e4lta. Den handlar ocks\u00e5 om hur man tar sig upp ur helvetet, eller snarare bygger en plattform i helvetet ifr\u00e5n vilken man kan hj\u00e4lpa andra m\u00e4nniskor som av olika anledningar har hamnat d\u00e4r.<\/span><\/p>\n","protected":false},"excerpt":{"rendered":"<p>GUIDE I HELVETET\u00a0\u00e4r skriven som ett register, en uppslagsbok som inte g\u00f6r n\u00e5gra som helst anspr\u00e5k p\u00e5 att vara objektiv.\u00a0Helvete\u00a0\u00e4r ett starkt ord, m\u00e5nga v\u00e5gar inte ens uttala det. Helvetet p\u00e5 jorden skapas genom att m\u00e4nniskor och m\u00e4nskliga k\u00e4nslor f\u00f6rnekas. &hellip;<\/p>\n<p class=\"read-more\"> <a class=\"more-link\" href=\"https:\/\/www.varkstaden.se\/bokhandel\/produkt\/guide-i-helvetet\/\"> <span class=\"screen-reader-text\">Guide i helvetet (e-bok)<\/span> L\u00e4s mer &raquo;<\/a><\/p>\n","protected":false},"featured_media":134,"comment_status":"open","ping_status":"closed","template":"","meta":[],"product_brand":[],"product_cat":[11,18,12],"product_tag":[],"class_list":{"0":"post-131","1":"product","2":"type-product","3":"status-publish","4":"has-post-thumbnail","6":"product_cat-autismspektrumtillstand","7":"product_cat-e-bocker","8":"product_cat-sjalvbiografier","10":"first","11":"instock","12":"taxable","13":"shipping-taxable","14":"purchasable","15":"product-type-variable"},"yoast_head":"<!-- This site is optimized with the Yoast SEO plugin v27.4 - https:\/\/yoast.com\/product\/yoast-seo-wordpress\/ -->\n<title>Guide i helvetet - sj\u00e4lvbiografisk bok om livet med h\u00f6gfungerande autism.<\/title>\n<meta name=\"description\" content=\"Guide i helvetet beskriver hur ett liv med h\u00f6gfungerande autism kan se ut. Den handlar om livskampen, existentiell \u00e5ngest, \u00e5sk\u00e5darliv och h\u00e4rdsm\u00e4lta.\" \/>\n<meta name=\"robots\" content=\"index, follow, max-snippet:-1, max-image-preview:large, max-video-preview:-1\" \/>\n<link rel=\"canonical\" href=\"https:\/\/www.varkstaden.se\/bokhandel\/produkt\/guide-i-helvetet\/\" \/>\n<meta property=\"og:locale\" content=\"sv_SE\" \/>\n<meta property=\"og:type\" content=\"article\" \/>\n<meta property=\"og:title\" content=\"Guide i helvetet - sj\u00e4lvbiografisk bok om livet med h\u00f6gfungerande autism.\" \/>\n<meta property=\"og:description\" content=\"Guide i helvetet beskriver hur ett liv med h\u00f6gfungerande autism kan se ut. Den handlar om livskampen, existentiell \u00e5ngest, \u00e5sk\u00e5darliv och h\u00e4rdsm\u00e4lta.\" \/>\n<meta property=\"og:url\" content=\"https:\/\/www.varkstaden.se\/bokhandel\/produkt\/guide-i-helvetet\/\" \/>\n<meta property=\"og:site_name\" content=\"V\u00c4RKSTADSBOKHANDELN, webbmaster: Gunilla Brattberg\" \/>\n<meta property=\"article:modified_time\" content=\"2020-04-23T07:05:40+00:00\" \/>\n<meta property=\"og:image\" content=\"https:\/\/www.varkstaden.se\/bokhandel\/wp-content\/uploads\/2015\/01\/9197371408.jpg\" \/>\n\t<meta property=\"og:image:width\" content=\"1053\" \/>\n\t<meta property=\"og:image:height\" content=\"1555\" \/>\n\t<meta property=\"og:image:type\" content=\"image\/jpeg\" \/>\n<meta name=\"twitter:card\" content=\"summary_large_image\" \/>\n<meta name=\"twitter:label1\" content=\"Ber\u00e4knad l\u00e4stid\" \/>\n\t<meta name=\"twitter:data1\" content=\"1 minut\" \/>\n<script type=\"application\/ld+json\" class=\"yoast-schema-graph\">{\"@context\":\"https:\\\/\\\/schema.org\",\"@graph\":[{\"@type\":\"WebPage\",\"@id\":\"https:\\\/\\\/www.varkstaden.se\\\/bokhandel\\\/produkt\\\/guide-i-helvetet\\\/\",\"url\":\"https:\\\/\\\/www.varkstaden.se\\\/bokhandel\\\/produkt\\\/guide-i-helvetet\\\/\",\"name\":\"Guide i helvetet - sj\u00e4lvbiografisk bok om livet med h\u00f6gfungerande autism.\",\"isPartOf\":{\"@id\":\"https:\\\/\\\/www.varkstaden.se\\\/bokhandel\\\/#website\"},\"primaryImageOfPage\":{\"@id\":\"https:\\\/\\\/www.varkstaden.se\\\/bokhandel\\\/produkt\\\/guide-i-helvetet\\\/#primaryimage\"},\"image\":{\"@id\":\"https:\\\/\\\/www.varkstaden.se\\\/bokhandel\\\/produkt\\\/guide-i-helvetet\\\/#primaryimage\"},\"thumbnailUrl\":\"https:\\\/\\\/www.varkstaden.se\\\/bokhandel\\\/wp-content\\\/uploads\\\/2015\\\/01\\\/9197371408.jpg\",\"datePublished\":\"2015-01-31T15:27:29+00:00\",\"dateModified\":\"2020-04-23T07:05:40+00:00\",\"description\":\"Guide i helvetet beskriver hur ett liv med h\u00f6gfungerande autism kan se ut. Den handlar om livskampen, existentiell \u00e5ngest, \u00e5sk\u00e5darliv och h\u00e4rdsm\u00e4lta.\",\"breadcrumb\":{\"@id\":\"https:\\\/\\\/www.varkstaden.se\\\/bokhandel\\\/produkt\\\/guide-i-helvetet\\\/#breadcrumb\"},\"inLanguage\":\"sv-SE\",\"potentialAction\":[{\"@type\":\"ReadAction\",\"target\":[\"https:\\\/\\\/www.varkstaden.se\\\/bokhandel\\\/produkt\\\/guide-i-helvetet\\\/\"]}]},{\"@type\":\"ImageObject\",\"inLanguage\":\"sv-SE\",\"@id\":\"https:\\\/\\\/www.varkstaden.se\\\/bokhandel\\\/produkt\\\/guide-i-helvetet\\\/#primaryimage\",\"url\":\"https:\\\/\\\/www.varkstaden.se\\\/bokhandel\\\/wp-content\\\/uploads\\\/2015\\\/01\\\/9197371408.jpg\",\"contentUrl\":\"https:\\\/\\\/www.varkstaden.se\\\/bokhandel\\\/wp-content\\\/uploads\\\/2015\\\/01\\\/9197371408.jpg\",\"width\":1053,\"height\":1555,\"caption\":\"Guide i helvetet\"},{\"@type\":\"BreadcrumbList\",\"@id\":\"https:\\\/\\\/www.varkstaden.se\\\/bokhandel\\\/produkt\\\/guide-i-helvetet\\\/#breadcrumb\",\"itemListElement\":[{\"@type\":\"ListItem\",\"position\":1,\"name\":\"Hem\",\"item\":\"https:\\\/\\\/www.varkstaden.se\\\/bokhandel\\\/\"},{\"@type\":\"ListItem\",\"position\":2,\"name\":\"Webbutik\",\"item\":\"https:\\\/\\\/www.varkstaden.se\\\/bokhandel\\\/\"},{\"@type\":\"ListItem\",\"position\":3,\"name\":\"Guide i helvetet (e-bok)\"}]},{\"@type\":\"WebSite\",\"@id\":\"https:\\\/\\\/www.varkstaden.se\\\/bokhandel\\\/#website\",\"url\":\"https:\\\/\\\/www.varkstaden.se\\\/bokhandel\\\/\",\"name\":\"V\u00c4RKSTADSBOKHANDELN\",\"description\":\"\",\"publisher\":{\"@id\":\"https:\\\/\\\/www.varkstaden.se\\\/bokhandel\\\/#organization\"},\"potentialAction\":[{\"@type\":\"SearchAction\",\"target\":{\"@type\":\"EntryPoint\",\"urlTemplate\":\"https:\\\/\\\/www.varkstaden.se\\\/bokhandel\\\/?s={search_term_string}\"},\"query-input\":{\"@type\":\"PropertyValueSpecification\",\"valueRequired\":true,\"valueName\":\"search_term_string\"}}],\"inLanguage\":\"sv-SE\"},{\"@type\":\"Organization\",\"@id\":\"https:\\\/\\\/www.varkstaden.se\\\/bokhandel\\\/#organization\",\"name\":\"V\u00e4rkstaden GB AB\",\"url\":\"https:\\\/\\\/www.varkstaden.se\\\/bokhandel\\\/\",\"logo\":{\"@type\":\"ImageObject\",\"inLanguage\":\"sv-SE\",\"@id\":\"https:\\\/\\\/www.varkstaden.se\\\/bokhandel\\\/#\\\/schema\\\/logo\\\/image\\\/\",\"url\":\"https:\\\/\\\/www.varkstaden.se\\\/bokhandel\\\/wp-content\\\/uploads\\\/2017\\\/09\\\/cropped-bokhandel-e1543669762370-1.jpg\",\"contentUrl\":\"https:\\\/\\\/www.varkstaden.se\\\/bokhandel\\\/wp-content\\\/uploads\\\/2017\\\/09\\\/cropped-bokhandel-e1543669762370-1.jpg\",\"width\":1000,\"height\":525,\"caption\":\"V\u00e4rkstaden GB AB\"},\"image\":{\"@id\":\"https:\\\/\\\/www.varkstaden.se\\\/bokhandel\\\/#\\\/schema\\\/logo\\\/image\\\/\"}}]}<\/script>\n<!-- \/ Yoast SEO plugin. -->","yoast_head_json":{"title":"Guide i helvetet - sj\u00e4lvbiografisk bok om livet med h\u00f6gfungerande autism.","description":"Guide i helvetet beskriver hur ett liv med h\u00f6gfungerande autism kan se ut. Den handlar om livskampen, existentiell \u00e5ngest, \u00e5sk\u00e5darliv och h\u00e4rdsm\u00e4lta.","robots":{"index":"index","follow":"follow","max-snippet":"max-snippet:-1","max-image-preview":"max-image-preview:large","max-video-preview":"max-video-preview:-1"},"canonical":"https:\/\/www.varkstaden.se\/bokhandel\/produkt\/guide-i-helvetet\/","og_locale":"sv_SE","og_type":"article","og_title":"Guide i helvetet - sj\u00e4lvbiografisk bok om livet med h\u00f6gfungerande autism.","og_description":"Guide i helvetet beskriver hur ett liv med h\u00f6gfungerande autism kan se ut. Den handlar om livskampen, existentiell \u00e5ngest, \u00e5sk\u00e5darliv och h\u00e4rdsm\u00e4lta.","og_url":"https:\/\/www.varkstaden.se\/bokhandel\/produkt\/guide-i-helvetet\/","og_site_name":"V\u00c4RKSTADSBOKHANDELN, webbmaster: Gunilla Brattberg","article_modified_time":"2020-04-23T07:05:40+00:00","og_image":[{"width":1053,"height":1555,"url":"https:\/\/www.varkstaden.se\/bokhandel\/wp-content\/uploads\/2015\/01\/9197371408.jpg","type":"image\/jpeg"}],"twitter_card":"summary_large_image","twitter_misc":{"Ber\u00e4knad l\u00e4stid":"1 minut"},"schema":{"@context":"https:\/\/schema.org","@graph":[{"@type":"WebPage","@id":"https:\/\/www.varkstaden.se\/bokhandel\/produkt\/guide-i-helvetet\/","url":"https:\/\/www.varkstaden.se\/bokhandel\/produkt\/guide-i-helvetet\/","name":"Guide i helvetet - sj\u00e4lvbiografisk bok om livet med h\u00f6gfungerande autism.","isPartOf":{"@id":"https:\/\/www.varkstaden.se\/bokhandel\/#website"},"primaryImageOfPage":{"@id":"https:\/\/www.varkstaden.se\/bokhandel\/produkt\/guide-i-helvetet\/#primaryimage"},"image":{"@id":"https:\/\/www.varkstaden.se\/bokhandel\/produkt\/guide-i-helvetet\/#primaryimage"},"thumbnailUrl":"https:\/\/www.varkstaden.se\/bokhandel\/wp-content\/uploads\/2015\/01\/9197371408.jpg","datePublished":"2015-01-31T15:27:29+00:00","dateModified":"2020-04-23T07:05:40+00:00","description":"Guide i helvetet beskriver hur ett liv med h\u00f6gfungerande autism kan se ut. Den handlar om livskampen, existentiell \u00e5ngest, \u00e5sk\u00e5darliv och h\u00e4rdsm\u00e4lta.","breadcrumb":{"@id":"https:\/\/www.varkstaden.se\/bokhandel\/produkt\/guide-i-helvetet\/#breadcrumb"},"inLanguage":"sv-SE","potentialAction":[{"@type":"ReadAction","target":["https:\/\/www.varkstaden.se\/bokhandel\/produkt\/guide-i-helvetet\/"]}]},{"@type":"ImageObject","inLanguage":"sv-SE","@id":"https:\/\/www.varkstaden.se\/bokhandel\/produkt\/guide-i-helvetet\/#primaryimage","url":"https:\/\/www.varkstaden.se\/bokhandel\/wp-content\/uploads\/2015\/01\/9197371408.jpg","contentUrl":"https:\/\/www.varkstaden.se\/bokhandel\/wp-content\/uploads\/2015\/01\/9197371408.jpg","width":1053,"height":1555,"caption":"Guide i helvetet"},{"@type":"BreadcrumbList","@id":"https:\/\/www.varkstaden.se\/bokhandel\/produkt\/guide-i-helvetet\/#breadcrumb","itemListElement":[{"@type":"ListItem","position":1,"name":"Hem","item":"https:\/\/www.varkstaden.se\/bokhandel\/"},{"@type":"ListItem","position":2,"name":"Webbutik","item":"https:\/\/www.varkstaden.se\/bokhandel\/"},{"@type":"ListItem","position":3,"name":"Guide i helvetet (e-bok)"}]},{"@type":"WebSite","@id":"https:\/\/www.varkstaden.se\/bokhandel\/#website","url":"https:\/\/www.varkstaden.se\/bokhandel\/","name":"V\u00c4RKSTADSBOKHANDELN","description":"","publisher":{"@id":"https:\/\/www.varkstaden.se\/bokhandel\/#organization"},"potentialAction":[{"@type":"SearchAction","target":{"@type":"EntryPoint","urlTemplate":"https:\/\/www.varkstaden.se\/bokhandel\/?s={search_term_string}"},"query-input":{"@type":"PropertyValueSpecification","valueRequired":true,"valueName":"search_term_string"}}],"inLanguage":"sv-SE"},{"@type":"Organization","@id":"https:\/\/www.varkstaden.se\/bokhandel\/#organization","name":"V\u00e4rkstaden GB AB","url":"https:\/\/www.varkstaden.se\/bokhandel\/","logo":{"@type":"ImageObject","inLanguage":"sv-SE","@id":"https:\/\/www.varkstaden.se\/bokhandel\/#\/schema\/logo\/image\/","url":"https:\/\/www.varkstaden.se\/bokhandel\/wp-content\/uploads\/2017\/09\/cropped-bokhandel-e1543669762370-1.jpg","contentUrl":"https:\/\/www.varkstaden.se\/bokhandel\/wp-content\/uploads\/2017\/09\/cropped-bokhandel-e1543669762370-1.jpg","width":1000,"height":525,"caption":"V\u00e4rkstaden GB AB"},"image":{"@id":"https:\/\/www.varkstaden.se\/bokhandel\/#\/schema\/logo\/image\/"}}]}},"_links":{"self":[{"href":"https:\/\/www.varkstaden.se\/bokhandel\/wp-json\/wp\/v2\/product\/131","targetHints":{"allow":["GET"]}}],"collection":[{"href":"https:\/\/www.varkstaden.se\/bokhandel\/wp-json\/wp\/v2\/product"}],"about":[{"href":"https:\/\/www.varkstaden.se\/bokhandel\/wp-json\/wp\/v2\/types\/product"}],"replies":[{"embeddable":true,"href":"https:\/\/www.varkstaden.se\/bokhandel\/wp-json\/wp\/v2\/comments?post=131"}],"wp:featuredmedia":[{"embeddable":true,"href":"https:\/\/www.varkstaden.se\/bokhandel\/wp-json\/wp\/v2\/media\/134"}],"wp:attachment":[{"href":"https:\/\/www.varkstaden.se\/bokhandel\/wp-json\/wp\/v2\/media?parent=131"}],"wp:term":[{"taxonomy":"product_brand","embeddable":true,"href":"https:\/\/www.varkstaden.se\/bokhandel\/wp-json\/wp\/v2\/product_brand?post=131"},{"taxonomy":"product_cat","embeddable":true,"href":"https:\/\/www.varkstaden.se\/bokhandel\/wp-json\/wp\/v2\/product_cat?post=131"},{"taxonomy":"product_tag","embeddable":true,"href":"https:\/\/www.varkstaden.se\/bokhandel\/wp-json\/wp\/v2\/product_tag?post=131"}],"curies":[{"name":"wp","href":"https:\/\/api.w.org\/{rel}","templated":true}]}}