{"id":129,"date":"2015-01-31T15:21:13","date_gmt":"2015-01-31T15:21:13","guid":{"rendered":"http:\/\/www.varkstaden.se\/bokhandel2\/?post_type=product&#038;p=129"},"modified":"2025-10-07T05:26:43","modified_gmt":"2025-10-07T05:26:43","slug":"enastaende","status":"publish","type":"product","link":"https:\/\/www.varkstaden.se\/bokhandel\/produkt\/enastaende\/","title":{"rendered":"Enast\u00e5ende (e-bok)"},"content":{"rendered":"<h2 style=\"color: #333333; text-transform: none; text-indent: 0px; letter-spacing: normal; font-family: Georgia, 'Times New Roman', 'Bitstream Charter', Times, serif; font-style: normal; font-variant: normal; word-spacing: 0px; white-space: normal; -webkit-text-stroke-width: 0px;\">Sj\u00e4lvbiografisk ber\u00e4ttelse om livet med h\u00f6gfungerande autism<\/h2>\n<p style=\"font: 16px\/24px Georgia, 'Times New Roman', 'Bitstream Charter', Times, serif; color: #333333; text-transform: none; text-indent: 0px; letter-spacing: normal; word-spacing: 0px; white-space: normal; font-size-adjust: none; font-stretch: normal; -webkit-text-stroke-width: 0px;\">ENAST\u00c5ENDE \u00e4r en personlig, men ocks\u00e5 mycket privat, ber\u00e4ttelse om livet med h\u00f6gfungerande autism eller Aspergers syndrom. Boken beskriver hur livet kan bli f\u00f6r den som tvingas att leva mer \u00e4n femtio \u00e5r utan adekvat diagnos och diagnosadekvat behandling.<\/p>\n<p style=\"font: 16px\/24px Georgia, 'Times New Roman', 'Bitstream Charter', Times, serif; color: #333333; text-transform: none; text-indent: 0px; letter-spacing: normal; word-spacing: 0px; white-space: normal; font-size-adjust: none; font-stretch: normal; -webkit-text-stroke-width: 0px;\">Enast\u00e5ende v\u00e4nder sig till m\u00e4nniskor som vill f\u00f6rst\u00e5 mer av hur autism pr\u00e4glar en m\u00e4nniskas t\u00e4nkande och varande genom hela livet. F\u00f6rhoppningsvis kan den direkt eller indirekt hj\u00e4lpa m\u00e4nniskor i liknande situation till l\u00e4ttare liv \u00e4n det f\u00f6rfattaren har tvingats att leva. Boken v\u00e4nder sig framf\u00f6r allt till l\u00e4kare och v\u00e5rdpersonal inom vuxen\u00adpsykiatrin, d\u00e4r man fortfarande i stor utstr\u00e4ckning saknar kunskap om autismspektrumst\u00f6rningar.<\/p>\n<p style=\"font: 16px\/24px Georgia, 'Times New Roman', 'Bitstream Charter', Times, serif; color: #333333; text-transform: none; text-indent: 0px; letter-spacing: normal; word-spacing: 0px; white-space: normal; font-size-adjust: none; font-stretch: normal; -webkit-text-stroke-width: 0px;\">Gunilla Brattberg \u00e4r disputerad l\u00e4kare, specialist i anestesiologi och sm\u00e4rtlindring. Hon har under mer \u00e4n tjugofem \u00e5r arbetat med sm\u00e4rta och sm\u00e4rtbehandling, och hon var tidigt ute med s\u00e5v\u00e4l hypnos- som akupunkturbehandling. Numera arbetar hon som l\u00e4rare, forskare, f\u00f6rfattare och ledare f\u00f6r projektet V\u00e4rkstad.<\/p>\n<p style=\"font: 16px\/24px Georgia, 'Times New Roman', 'Bitstream Charter', Times, serif; color: #333333; text-transform: none; text-indent: 0px; letter-spacing: normal; word-spacing: 0px; white-space: normal; font-size-adjust: none; font-stretch: normal; -webkit-text-stroke-width: 0px;\">Ur f\u00f6rorden:<br \/>\nTankar n\u00e5r inte l\u00e5ngt utan erfarenhet. Men \u00e5 andra sidan n\u00e5r inte heller erfarenhet l\u00e5ngt utan tankar. I denna bok till\u00e5ter sig f\u00f6rfattaren att vara huvudperson i b\u00e5de en bet\u00e4nkt erfaren patientroll (egen och andras) och en bet\u00e4nkt erfaren l\u00e4karroll (egen och andras).<br \/>\n<em>Bodil J\u00f6nsson<\/em>, professor i rehabiliteringsteknologi<\/p>\n<p style=\"font: 16px\/24px Georgia, 'Times New Roman', 'Bitstream Charter', Times, serif; color: #333333; text-transform: none; text-indent: 0px; letter-spacing: normal; word-spacing: 0px; white-space: normal; font-size-adjust: none; font-stretch: normal; -webkit-text-stroke-width: 0px;\">Enast\u00e5ende \u00e4r en enast\u00e5ende ber\u00e4ttelse av en enast\u00e5ende m\u00e4nniska, som har enast\u00e5ende erfarenheter av att vara m\u00e4nniska. Boken \u00e4r en viktig och t\u00e4nkv\u00e4rd ber\u00e4ttelse f\u00f6r alla oss \u201dhj\u00e4lpare\u201d och \u00e5tg\u00e4rdare. Den \u00e4r ocks\u00e5 viktig f\u00f6r alla som \u00e4r intresserade av m\u00e4nniskor.<br \/>\n<em>Eve Mandre<\/em>, specialpedagog<\/p>\n<p style=\"font: 16px\/24px Georgia, 'Times New Roman', 'Bitstream Charter', Times, serif; color: #333333; text-transform: none; text-indent: 0px; letter-spacing: normal; word-spacing: 0px; white-space: normal; font-size-adjust: none; font-stretch: normal; -webkit-text-stroke-width: 0px;\">Inom personen Gunilla Brattberg finns s\u00e5v\u00e4l genialitet som of\u00f6rm\u00e5ga. Denna kombination kan b\u00e4dda f\u00f6r osedvanlig framg\u00e5ng och f\u00f6r osedvanlig motg\u00e5ng. F\u00f6r Gunilla Brattberg har det kommit att handla om b\u00e5da delarna. Hennes historia har mycket att l\u00e4ra ut.<br \/>\n<em>Christina L\u00f6gdahl<\/em>, specialist i klinisk psykologi<\/p>\n","protected":false},"excerpt":{"rendered":"<p><span style=\"color: #ff0000;\">Pappersboken \u00e4r sluts\u00e5ld. Boken finns endast tillg\u00e4nglig som e-bok.<\/span><\/p>\n<p>Priset f\u00f6r E-boken \u00e4r 150 kronor.<\/p>\n","protected":false},"featured_media":130,"comment_status":"open","ping_status":"closed","template":"","meta":[],"product_brand":[],"product_cat":[11,18,12],"product_tag":[],"class_list":{"0":"post-129","1":"product","2":"type-product","3":"status-publish","4":"has-post-thumbnail","6":"product_cat-autismspektrumtillstand","7":"product_cat-e-bocker","8":"product_cat-sjalvbiografier","10":"first","11":"instock","12":"taxable","13":"shipping-taxable","14":"purchasable","15":"product-type-variable","16":"has-default-attributes"},"yoast_head":"<!-- This site is optimized with the Yoast SEO plugin v27.4 - https:\/\/yoast.com\/product\/yoast-seo-wordpress\/ -->\n<title>Enast\u00e5ende - en sj\u00e4lvbiografisk bok \u00f6ver livet med h\u00f6gfungerande autism.<\/title>\n<meta name=\"description\" content=\"Enast\u00e5ende v\u00e4nder sig till alla dem som vill f\u00f6rst\u00e5 hur autism pr\u00e4glar en m\u00e4nniskas t\u00e4nkande och varande genom hela livet.\" \/>\n<meta name=\"robots\" content=\"index, follow, max-snippet:-1, max-image-preview:large, max-video-preview:-1\" \/>\n<link rel=\"canonical\" href=\"https:\/\/www.varkstaden.se\/bokhandel\/produkt\/enastaende\/\" \/>\n<meta property=\"og:locale\" content=\"sv_SE\" \/>\n<meta property=\"og:type\" content=\"article\" \/>\n<meta property=\"og:title\" content=\"Enast\u00e5ende - en sj\u00e4lvbiografisk bok \u00f6ver livet med h\u00f6gfungerande autism.\" \/>\n<meta property=\"og:description\" content=\"Enast\u00e5ende v\u00e4nder sig till alla dem som vill f\u00f6rst\u00e5 hur autism pr\u00e4glar en m\u00e4nniskas t\u00e4nkande och varande genom hela livet.\" \/>\n<meta property=\"og:url\" content=\"https:\/\/www.varkstaden.se\/bokhandel\/produkt\/enastaende\/\" \/>\n<meta property=\"og:site_name\" content=\"V\u00c4RKSTADSBOKHANDELN, webbmaster: Gunilla Brattberg\" \/>\n<meta property=\"article:modified_time\" content=\"2025-10-07T05:26:43+00:00\" \/>\n<meta property=\"og:image\" content=\"https:\/\/www.varkstaden.se\/bokhandel\/wp-content\/uploads\/2015\/01\/9197295582.jpg\" \/>\n\t<meta property=\"og:image:width\" content=\"522\" \/>\n\t<meta property=\"og:image:height\" content=\"768\" \/>\n\t<meta property=\"og:image:type\" content=\"image\/jpeg\" \/>\n<meta name=\"twitter:card\" content=\"summary_large_image\" \/>\n<meta name=\"twitter:label1\" content=\"Ber\u00e4knad l\u00e4stid\" \/>\n\t<meta name=\"twitter:data1\" content=\"2 minuter\" \/>\n<script type=\"application\/ld+json\" class=\"yoast-schema-graph\">{\"@context\":\"https:\\\/\\\/schema.org\",\"@graph\":[{\"@type\":\"WebPage\",\"@id\":\"https:\\\/\\\/www.varkstaden.se\\\/bokhandel\\\/produkt\\\/enastaende\\\/\",\"url\":\"https:\\\/\\\/www.varkstaden.se\\\/bokhandel\\\/produkt\\\/enastaende\\\/\",\"name\":\"Enast\u00e5ende - en sj\u00e4lvbiografisk bok \u00f6ver livet med h\u00f6gfungerande autism.\",\"isPartOf\":{\"@id\":\"https:\\\/\\\/www.varkstaden.se\\\/bokhandel\\\/#website\"},\"primaryImageOfPage\":{\"@id\":\"https:\\\/\\\/www.varkstaden.se\\\/bokhandel\\\/produkt\\\/enastaende\\\/#primaryimage\"},\"image\":{\"@id\":\"https:\\\/\\\/www.varkstaden.se\\\/bokhandel\\\/produkt\\\/enastaende\\\/#primaryimage\"},\"thumbnailUrl\":\"https:\\\/\\\/www.varkstaden.se\\\/bokhandel\\\/wp-content\\\/uploads\\\/2015\\\/01\\\/9197295582.jpg\",\"datePublished\":\"2015-01-31T15:21:13+00:00\",\"dateModified\":\"2025-10-07T05:26:43+00:00\",\"description\":\"Enast\u00e5ende v\u00e4nder sig till alla dem som vill f\u00f6rst\u00e5 hur autism pr\u00e4glar en m\u00e4nniskas t\u00e4nkande och varande genom hela livet.\",\"breadcrumb\":{\"@id\":\"https:\\\/\\\/www.varkstaden.se\\\/bokhandel\\\/produkt\\\/enastaende\\\/#breadcrumb\"},\"inLanguage\":\"sv-SE\",\"potentialAction\":[{\"@type\":\"ReadAction\",\"target\":[\"https:\\\/\\\/www.varkstaden.se\\\/bokhandel\\\/produkt\\\/enastaende\\\/\"]}]},{\"@type\":\"ImageObject\",\"inLanguage\":\"sv-SE\",\"@id\":\"https:\\\/\\\/www.varkstaden.se\\\/bokhandel\\\/produkt\\\/enastaende\\\/#primaryimage\",\"url\":\"https:\\\/\\\/www.varkstaden.se\\\/bokhandel\\\/wp-content\\\/uploads\\\/2015\\\/01\\\/9197295582.jpg\",\"contentUrl\":\"https:\\\/\\\/www.varkstaden.se\\\/bokhandel\\\/wp-content\\\/uploads\\\/2015\\\/01\\\/9197295582.jpg\",\"width\":522,\"height\":768,\"caption\":\"Enast\u00e5ende\"},{\"@type\":\"BreadcrumbList\",\"@id\":\"https:\\\/\\\/www.varkstaden.se\\\/bokhandel\\\/produkt\\\/enastaende\\\/#breadcrumb\",\"itemListElement\":[{\"@type\":\"ListItem\",\"position\":1,\"name\":\"Hem\",\"item\":\"https:\\\/\\\/www.varkstaden.se\\\/bokhandel\\\/\"},{\"@type\":\"ListItem\",\"position\":2,\"name\":\"Webbutik\",\"item\":\"https:\\\/\\\/www.varkstaden.se\\\/bokhandel\\\/\"},{\"@type\":\"ListItem\",\"position\":3,\"name\":\"Enast\u00e5ende (e-bok)\"}]},{\"@type\":\"WebSite\",\"@id\":\"https:\\\/\\\/www.varkstaden.se\\\/bokhandel\\\/#website\",\"url\":\"https:\\\/\\\/www.varkstaden.se\\\/bokhandel\\\/\",\"name\":\"V\u00c4RKSTADSBOKHANDELN\",\"description\":\"\",\"publisher\":{\"@id\":\"https:\\\/\\\/www.varkstaden.se\\\/bokhandel\\\/#organization\"},\"potentialAction\":[{\"@type\":\"SearchAction\",\"target\":{\"@type\":\"EntryPoint\",\"urlTemplate\":\"https:\\\/\\\/www.varkstaden.se\\\/bokhandel\\\/?s={search_term_string}\"},\"query-input\":{\"@type\":\"PropertyValueSpecification\",\"valueRequired\":true,\"valueName\":\"search_term_string\"}}],\"inLanguage\":\"sv-SE\"},{\"@type\":\"Organization\",\"@id\":\"https:\\\/\\\/www.varkstaden.se\\\/bokhandel\\\/#organization\",\"name\":\"V\u00e4rkstaden GB AB\",\"url\":\"https:\\\/\\\/www.varkstaden.se\\\/bokhandel\\\/\",\"logo\":{\"@type\":\"ImageObject\",\"inLanguage\":\"sv-SE\",\"@id\":\"https:\\\/\\\/www.varkstaden.se\\\/bokhandel\\\/#\\\/schema\\\/logo\\\/image\\\/\",\"url\":\"https:\\\/\\\/www.varkstaden.se\\\/bokhandel\\\/wp-content\\\/uploads\\\/2017\\\/09\\\/cropped-bokhandel-e1543669762370-1.jpg\",\"contentUrl\":\"https:\\\/\\\/www.varkstaden.se\\\/bokhandel\\\/wp-content\\\/uploads\\\/2017\\\/09\\\/cropped-bokhandel-e1543669762370-1.jpg\",\"width\":1000,\"height\":525,\"caption\":\"V\u00e4rkstaden GB AB\"},\"image\":{\"@id\":\"https:\\\/\\\/www.varkstaden.se\\\/bokhandel\\\/#\\\/schema\\\/logo\\\/image\\\/\"}}]}<\/script>\n<!-- \/ Yoast SEO plugin. -->","yoast_head_json":{"title":"Enast\u00e5ende - en sj\u00e4lvbiografisk bok \u00f6ver livet med h\u00f6gfungerande autism.","description":"Enast\u00e5ende v\u00e4nder sig till alla dem som vill f\u00f6rst\u00e5 hur autism pr\u00e4glar en m\u00e4nniskas t\u00e4nkande och varande genom hela livet.","robots":{"index":"index","follow":"follow","max-snippet":"max-snippet:-1","max-image-preview":"max-image-preview:large","max-video-preview":"max-video-preview:-1"},"canonical":"https:\/\/www.varkstaden.se\/bokhandel\/produkt\/enastaende\/","og_locale":"sv_SE","og_type":"article","og_title":"Enast\u00e5ende - en sj\u00e4lvbiografisk bok \u00f6ver livet med h\u00f6gfungerande autism.","og_description":"Enast\u00e5ende v\u00e4nder sig till alla dem som vill f\u00f6rst\u00e5 hur autism pr\u00e4glar en m\u00e4nniskas t\u00e4nkande och varande genom hela livet.","og_url":"https:\/\/www.varkstaden.se\/bokhandel\/produkt\/enastaende\/","og_site_name":"V\u00c4RKSTADSBOKHANDELN, webbmaster: Gunilla Brattberg","article_modified_time":"2025-10-07T05:26:43+00:00","og_image":[{"width":522,"height":768,"url":"https:\/\/www.varkstaden.se\/bokhandel\/wp-content\/uploads\/2015\/01\/9197295582.jpg","type":"image\/jpeg"}],"twitter_card":"summary_large_image","twitter_misc":{"Ber\u00e4knad l\u00e4stid":"2 minuter"},"schema":{"@context":"https:\/\/schema.org","@graph":[{"@type":"WebPage","@id":"https:\/\/www.varkstaden.se\/bokhandel\/produkt\/enastaende\/","url":"https:\/\/www.varkstaden.se\/bokhandel\/produkt\/enastaende\/","name":"Enast\u00e5ende - en sj\u00e4lvbiografisk bok \u00f6ver livet med h\u00f6gfungerande autism.","isPartOf":{"@id":"https:\/\/www.varkstaden.se\/bokhandel\/#website"},"primaryImageOfPage":{"@id":"https:\/\/www.varkstaden.se\/bokhandel\/produkt\/enastaende\/#primaryimage"},"image":{"@id":"https:\/\/www.varkstaden.se\/bokhandel\/produkt\/enastaende\/#primaryimage"},"thumbnailUrl":"https:\/\/www.varkstaden.se\/bokhandel\/wp-content\/uploads\/2015\/01\/9197295582.jpg","datePublished":"2015-01-31T15:21:13+00:00","dateModified":"2025-10-07T05:26:43+00:00","description":"Enast\u00e5ende v\u00e4nder sig till alla dem som vill f\u00f6rst\u00e5 hur autism pr\u00e4glar en m\u00e4nniskas t\u00e4nkande och varande genom hela livet.","breadcrumb":{"@id":"https:\/\/www.varkstaden.se\/bokhandel\/produkt\/enastaende\/#breadcrumb"},"inLanguage":"sv-SE","potentialAction":[{"@type":"ReadAction","target":["https:\/\/www.varkstaden.se\/bokhandel\/produkt\/enastaende\/"]}]},{"@type":"ImageObject","inLanguage":"sv-SE","@id":"https:\/\/www.varkstaden.se\/bokhandel\/produkt\/enastaende\/#primaryimage","url":"https:\/\/www.varkstaden.se\/bokhandel\/wp-content\/uploads\/2015\/01\/9197295582.jpg","contentUrl":"https:\/\/www.varkstaden.se\/bokhandel\/wp-content\/uploads\/2015\/01\/9197295582.jpg","width":522,"height":768,"caption":"Enast\u00e5ende"},{"@type":"BreadcrumbList","@id":"https:\/\/www.varkstaden.se\/bokhandel\/produkt\/enastaende\/#breadcrumb","itemListElement":[{"@type":"ListItem","position":1,"name":"Hem","item":"https:\/\/www.varkstaden.se\/bokhandel\/"},{"@type":"ListItem","position":2,"name":"Webbutik","item":"https:\/\/www.varkstaden.se\/bokhandel\/"},{"@type":"ListItem","position":3,"name":"Enast\u00e5ende (e-bok)"}]},{"@type":"WebSite","@id":"https:\/\/www.varkstaden.se\/bokhandel\/#website","url":"https:\/\/www.varkstaden.se\/bokhandel\/","name":"V\u00c4RKSTADSBOKHANDELN","description":"","publisher":{"@id":"https:\/\/www.varkstaden.se\/bokhandel\/#organization"},"potentialAction":[{"@type":"SearchAction","target":{"@type":"EntryPoint","urlTemplate":"https:\/\/www.varkstaden.se\/bokhandel\/?s={search_term_string}"},"query-input":{"@type":"PropertyValueSpecification","valueRequired":true,"valueName":"search_term_string"}}],"inLanguage":"sv-SE"},{"@type":"Organization","@id":"https:\/\/www.varkstaden.se\/bokhandel\/#organization","name":"V\u00e4rkstaden GB AB","url":"https:\/\/www.varkstaden.se\/bokhandel\/","logo":{"@type":"ImageObject","inLanguage":"sv-SE","@id":"https:\/\/www.varkstaden.se\/bokhandel\/#\/schema\/logo\/image\/","url":"https:\/\/www.varkstaden.se\/bokhandel\/wp-content\/uploads\/2017\/09\/cropped-bokhandel-e1543669762370-1.jpg","contentUrl":"https:\/\/www.varkstaden.se\/bokhandel\/wp-content\/uploads\/2017\/09\/cropped-bokhandel-e1543669762370-1.jpg","width":1000,"height":525,"caption":"V\u00e4rkstaden GB AB"},"image":{"@id":"https:\/\/www.varkstaden.se\/bokhandel\/#\/schema\/logo\/image\/"}}]}},"_links":{"self":[{"href":"https:\/\/www.varkstaden.se\/bokhandel\/wp-json\/wp\/v2\/product\/129","targetHints":{"allow":["GET"]}}],"collection":[{"href":"https:\/\/www.varkstaden.se\/bokhandel\/wp-json\/wp\/v2\/product"}],"about":[{"href":"https:\/\/www.varkstaden.se\/bokhandel\/wp-json\/wp\/v2\/types\/product"}],"replies":[{"embeddable":true,"href":"https:\/\/www.varkstaden.se\/bokhandel\/wp-json\/wp\/v2\/comments?post=129"}],"wp:featuredmedia":[{"embeddable":true,"href":"https:\/\/www.varkstaden.se\/bokhandel\/wp-json\/wp\/v2\/media\/130"}],"wp:attachment":[{"href":"https:\/\/www.varkstaden.se\/bokhandel\/wp-json\/wp\/v2\/media?parent=129"}],"wp:term":[{"taxonomy":"product_brand","embeddable":true,"href":"https:\/\/www.varkstaden.se\/bokhandel\/wp-json\/wp\/v2\/product_brand?post=129"},{"taxonomy":"product_cat","embeddable":true,"href":"https:\/\/www.varkstaden.se\/bokhandel\/wp-json\/wp\/v2\/product_cat?post=129"},{"taxonomy":"product_tag","embeddable":true,"href":"https:\/\/www.varkstaden.se\/bokhandel\/wp-json\/wp\/v2\/product_tag?post=129"}],"curies":[{"name":"wp","href":"https:\/\/api.w.org\/{rel}","templated":true}]}}