{"id":125,"date":"2015-01-31T15:17:03","date_gmt":"2015-01-31T15:17:03","guid":{"rendered":"http:\/\/www.varkstaden.se\/bokhandel2\/?post_type=product&#038;p=125"},"modified":"2024-09-04T20:16:40","modified_gmt":"2024-09-04T20:16:40","slug":"rehabiliteringspedagogik","status":"publish","type":"product","link":"https:\/\/www.varkstaden.se\/bokhandel\/produkt\/rehabiliteringspedagogik\/","title":{"rendered":"Rehabiliteringspedagogik"},"content":{"rendered":"<h2 style=\"color: #333333; text-transform: none; text-indent: 0px; letter-spacing: normal; font-family: Georgia, 'Times New Roman', 'Bitstream Charter', Times, serif; font-style: normal; font-variant: normal; word-spacing: 0px; white-space: normal; -webkit-text-stroke-width: 0px;\">&#8230; f\u00f6r arbete med l\u00e5ngtidssjukskrivna i grupp<\/h2>\n<p style=\"font: 16px\/24px Georgia, 'Times New Roman', 'Bitstream Charter', Times, serif; color: #333333; text-transform: none; text-indent: 0px; letter-spacing: normal; word-spacing: 0px; white-space: normal; font-size-adjust: none; font-stretch: normal; -webkit-text-stroke-width: 0px;\">Rehabiliteringspedagogik \u00e4r en bok om hur f\u00f6rfattaren har letat sig fram till ett s\u00e4tt att \u00e5tervinna l\u00e5ngtidssjukskrivna m\u00e4nniskor till livet. Det \u00e4r ocks\u00e5 en bok om hur l\u00e5ngtidssjukskrivna l\u00e4r sig nya s\u00e4tt att t\u00e4nka, k\u00e4nna och bete sig med sikte p\u00e5 f\u00f6rb\u00e4ttrad h\u00e4lsa och funktion.<\/p>\n<p style=\"font: 16px\/24px Georgia, 'Times New Roman', 'Bitstream Charter', Times, serif; color: #333333; text-transform: none; text-indent: 0px; letter-spacing: normal; word-spacing: 0px; white-space: normal; font-size-adjust: none; font-stretch: normal; -webkit-text-stroke-width: 0px;\">Boken bygger p\u00e5 f\u00f6rfattarens m\u00e5ng\u00e5riga erfarenhet av arbete med m\u00e4nniskor som har l\u00e5ngvarig v\u00e4rk och sm\u00e4rta, f\u00f6rst som l\u00e4kare i individuella kontakter och under senare \u00e5r som ledare f\u00f6r grupper i V\u00e4rkstaden. I V\u00e4rkstaden arbetar man med v\u00e4rktyg f\u00f6r att hj\u00e4lpa m\u00e4nniskor att hantera v\u00e4rkligheten och bli v\u00e4rkm\u00e4stare. Rehabiliteringen sker med ett pedagogiskt koncept.\u00a0 Hj\u00e4rtat i v\u00e4rksamheten \u00e4r de livsn\u00e4ra existentiella samtalen. I boken diskuteras destruktiva och konstruktiva patientgrupper och v\u00e4rdet av att anv\u00e4nda s.k. expertpatienter (v\u00e4rkm\u00e4stare) i rehabiliteringsarbetet.<\/p>\n","protected":false},"excerpt":{"rendered":"<p>&#8230; f\u00f6r arbete med l\u00e5ngtidssjukskrivna i grupp Rehabiliteringspedagogik \u00e4r en bok om hur f\u00f6rfattaren har letat sig fram till ett s\u00e4tt att \u00e5tervinna l\u00e5ngtidssjukskrivna m\u00e4nniskor till livet. Det \u00e4r ocks\u00e5 en bok om hur l\u00e5ngtidssjukskrivna l\u00e4r sig nya s\u00e4tt att &hellip;<\/p>\n<p class=\"read-more\"> <a class=\"more-link\" href=\"https:\/\/www.varkstaden.se\/bokhandel\/produkt\/rehabiliteringspedagogik\/\"> <span class=\"screen-reader-text\">Rehabiliteringspedagogik<\/span> L\u00e4s mer &raquo;<\/a><\/p>\n","protected":false},"featured_media":126,"comment_status":"open","ping_status":"closed","template":"","meta":[],"product_brand":[],"product_cat":[18,17,10],"product_tag":[],"class_list":{"0":"post-125","1":"product","2":"type-product","3":"status-publish","4":"has-post-thumbnail","6":"product_cat-e-bocker","7":"product_cat-pedagogik","8":"product_cat-rehabilitering","10":"first","11":"instock","12":"sale","13":"taxable","14":"shipping-taxable","15":"purchasable","16":"product-type-variable"},"yoast_head":"<!-- This site is optimized with the Yoast SEO plugin v27.4 - https:\/\/yoast.com\/product\/yoast-seo-wordpress\/ -->\n<title>Rehabiliteringspedagogik f\u00f6r arbete med l\u00e5ngtidssjukskrivna i grupp.<\/title>\n<meta name=\"description\" content=\"Boken &quot;Rehabiliteringspedagogik&quot; bygger p\u00e5 m\u00e5ng\u00e5rig erfarenhet av grupparbete med m\u00e4nniskor i kris och kaos d\u00e4r det existentiella samtalet st\u00e5r i centrum.\" \/>\n<meta name=\"robots\" content=\"index, follow, max-snippet:-1, max-image-preview:large, max-video-preview:-1\" \/>\n<link rel=\"canonical\" href=\"https:\/\/www.varkstaden.se\/bokhandel\/produkt\/rehabiliteringspedagogik\/\" \/>\n<meta property=\"og:locale\" content=\"sv_SE\" \/>\n<meta property=\"og:type\" content=\"article\" \/>\n<meta property=\"og:title\" content=\"Rehabiliteringspedagogik f\u00f6r arbete med l\u00e5ngtidssjukskrivna i grupp.\" \/>\n<meta property=\"og:description\" content=\"Boken &quot;Rehabiliteringspedagogik&quot; bygger p\u00e5 m\u00e5ng\u00e5rig erfarenhet av grupparbete med m\u00e4nniskor i kris och kaos d\u00e4r det existentiella samtalet st\u00e5r i centrum.\" \/>\n<meta property=\"og:url\" content=\"https:\/\/www.varkstaden.se\/bokhandel\/produkt\/rehabiliteringspedagogik\/\" \/>\n<meta property=\"og:site_name\" content=\"V\u00c4RKSTADSBOKHANDELN, webbmaster: Gunilla Brattberg\" \/>\n<meta property=\"article:modified_time\" content=\"2024-09-04T20:16:40+00:00\" \/>\n<meta property=\"og:image\" content=\"https:\/\/www.varkstaden.se\/bokhandel\/wp-content\/uploads\/2015\/01\/9197371424.jpg\" \/>\n\t<meta property=\"og:image:width\" content=\"329\" \/>\n\t<meta property=\"og:image:height\" content=\"466\" \/>\n\t<meta property=\"og:image:type\" content=\"image\/jpeg\" \/>\n<meta name=\"twitter:card\" content=\"summary_large_image\" \/>\n<meta name=\"twitter:label1\" content=\"Ber\u00e4knad l\u00e4stid\" \/>\n\t<meta name=\"twitter:data1\" content=\"1 minut\" \/>\n<script type=\"application\/ld+json\" class=\"yoast-schema-graph\">{\"@context\":\"https:\\\/\\\/schema.org\",\"@graph\":[{\"@type\":\"WebPage\",\"@id\":\"https:\\\/\\\/www.varkstaden.se\\\/bokhandel\\\/produkt\\\/rehabiliteringspedagogik\\\/\",\"url\":\"https:\\\/\\\/www.varkstaden.se\\\/bokhandel\\\/produkt\\\/rehabiliteringspedagogik\\\/\",\"name\":\"Rehabiliteringspedagogik f\u00f6r arbete med l\u00e5ngtidssjukskrivna i grupp.\",\"isPartOf\":{\"@id\":\"https:\\\/\\\/www.varkstaden.se\\\/bokhandel\\\/#website\"},\"primaryImageOfPage\":{\"@id\":\"https:\\\/\\\/www.varkstaden.se\\\/bokhandel\\\/produkt\\\/rehabiliteringspedagogik\\\/#primaryimage\"},\"image\":{\"@id\":\"https:\\\/\\\/www.varkstaden.se\\\/bokhandel\\\/produkt\\\/rehabiliteringspedagogik\\\/#primaryimage\"},\"thumbnailUrl\":\"https:\\\/\\\/www.varkstaden.se\\\/bokhandel\\\/wp-content\\\/uploads\\\/2015\\\/01\\\/9197371424.jpg\",\"datePublished\":\"2015-01-31T15:17:03+00:00\",\"dateModified\":\"2024-09-04T20:16:40+00:00\",\"description\":\"Boken \\\"Rehabiliteringspedagogik\\\" bygger p\u00e5 m\u00e5ng\u00e5rig erfarenhet av grupparbete med m\u00e4nniskor i kris och kaos d\u00e4r det existentiella samtalet st\u00e5r i centrum.\",\"breadcrumb\":{\"@id\":\"https:\\\/\\\/www.varkstaden.se\\\/bokhandel\\\/produkt\\\/rehabiliteringspedagogik\\\/#breadcrumb\"},\"inLanguage\":\"sv-SE\",\"potentialAction\":[{\"@type\":\"ReadAction\",\"target\":[\"https:\\\/\\\/www.varkstaden.se\\\/bokhandel\\\/produkt\\\/rehabiliteringspedagogik\\\/\"]}]},{\"@type\":\"ImageObject\",\"inLanguage\":\"sv-SE\",\"@id\":\"https:\\\/\\\/www.varkstaden.se\\\/bokhandel\\\/produkt\\\/rehabiliteringspedagogik\\\/#primaryimage\",\"url\":\"https:\\\/\\\/www.varkstaden.se\\\/bokhandel\\\/wp-content\\\/uploads\\\/2015\\\/01\\\/9197371424.jpg\",\"contentUrl\":\"https:\\\/\\\/www.varkstaden.se\\\/bokhandel\\\/wp-content\\\/uploads\\\/2015\\\/01\\\/9197371424.jpg\",\"width\":329,\"height\":466,\"caption\":\"Rehabiliteringspedagogik\"},{\"@type\":\"BreadcrumbList\",\"@id\":\"https:\\\/\\\/www.varkstaden.se\\\/bokhandel\\\/produkt\\\/rehabiliteringspedagogik\\\/#breadcrumb\",\"itemListElement\":[{\"@type\":\"ListItem\",\"position\":1,\"name\":\"Hem\",\"item\":\"https:\\\/\\\/www.varkstaden.se\\\/bokhandel\\\/\"},{\"@type\":\"ListItem\",\"position\":2,\"name\":\"Webbutik\",\"item\":\"https:\\\/\\\/www.varkstaden.se\\\/bokhandel\\\/\"},{\"@type\":\"ListItem\",\"position\":3,\"name\":\"Rehabiliteringspedagogik\"}]},{\"@type\":\"WebSite\",\"@id\":\"https:\\\/\\\/www.varkstaden.se\\\/bokhandel\\\/#website\",\"url\":\"https:\\\/\\\/www.varkstaden.se\\\/bokhandel\\\/\",\"name\":\"V\u00c4RKSTADSBOKHANDELN\",\"description\":\"\",\"publisher\":{\"@id\":\"https:\\\/\\\/www.varkstaden.se\\\/bokhandel\\\/#organization\"},\"potentialAction\":[{\"@type\":\"SearchAction\",\"target\":{\"@type\":\"EntryPoint\",\"urlTemplate\":\"https:\\\/\\\/www.varkstaden.se\\\/bokhandel\\\/?s={search_term_string}\"},\"query-input\":{\"@type\":\"PropertyValueSpecification\",\"valueRequired\":true,\"valueName\":\"search_term_string\"}}],\"inLanguage\":\"sv-SE\"},{\"@type\":\"Organization\",\"@id\":\"https:\\\/\\\/www.varkstaden.se\\\/bokhandel\\\/#organization\",\"name\":\"V\u00e4rkstaden GB AB\",\"url\":\"https:\\\/\\\/www.varkstaden.se\\\/bokhandel\\\/\",\"logo\":{\"@type\":\"ImageObject\",\"inLanguage\":\"sv-SE\",\"@id\":\"https:\\\/\\\/www.varkstaden.se\\\/bokhandel\\\/#\\\/schema\\\/logo\\\/image\\\/\",\"url\":\"https:\\\/\\\/www.varkstaden.se\\\/bokhandel\\\/wp-content\\\/uploads\\\/2017\\\/09\\\/cropped-bokhandel-e1543669762370-1.jpg\",\"contentUrl\":\"https:\\\/\\\/www.varkstaden.se\\\/bokhandel\\\/wp-content\\\/uploads\\\/2017\\\/09\\\/cropped-bokhandel-e1543669762370-1.jpg\",\"width\":1000,\"height\":525,\"caption\":\"V\u00e4rkstaden GB AB\"},\"image\":{\"@id\":\"https:\\\/\\\/www.varkstaden.se\\\/bokhandel\\\/#\\\/schema\\\/logo\\\/image\\\/\"}}]}<\/script>\n<!-- \/ Yoast SEO plugin. -->","yoast_head_json":{"title":"Rehabiliteringspedagogik f\u00f6r arbete med l\u00e5ngtidssjukskrivna i grupp.","description":"Boken \"Rehabiliteringspedagogik\" bygger p\u00e5 m\u00e5ng\u00e5rig erfarenhet av grupparbete med m\u00e4nniskor i kris och kaos d\u00e4r det existentiella samtalet st\u00e5r i centrum.","robots":{"index":"index","follow":"follow","max-snippet":"max-snippet:-1","max-image-preview":"max-image-preview:large","max-video-preview":"max-video-preview:-1"},"canonical":"https:\/\/www.varkstaden.se\/bokhandel\/produkt\/rehabiliteringspedagogik\/","og_locale":"sv_SE","og_type":"article","og_title":"Rehabiliteringspedagogik f\u00f6r arbete med l\u00e5ngtidssjukskrivna i grupp.","og_description":"Boken \"Rehabiliteringspedagogik\" bygger p\u00e5 m\u00e5ng\u00e5rig erfarenhet av grupparbete med m\u00e4nniskor i kris och kaos d\u00e4r det existentiella samtalet st\u00e5r i centrum.","og_url":"https:\/\/www.varkstaden.se\/bokhandel\/produkt\/rehabiliteringspedagogik\/","og_site_name":"V\u00c4RKSTADSBOKHANDELN, webbmaster: Gunilla Brattberg","article_modified_time":"2024-09-04T20:16:40+00:00","og_image":[{"width":329,"height":466,"url":"https:\/\/www.varkstaden.se\/bokhandel\/wp-content\/uploads\/2015\/01\/9197371424.jpg","type":"image\/jpeg"}],"twitter_card":"summary_large_image","twitter_misc":{"Ber\u00e4knad l\u00e4stid":"1 minut"},"schema":{"@context":"https:\/\/schema.org","@graph":[{"@type":"WebPage","@id":"https:\/\/www.varkstaden.se\/bokhandel\/produkt\/rehabiliteringspedagogik\/","url":"https:\/\/www.varkstaden.se\/bokhandel\/produkt\/rehabiliteringspedagogik\/","name":"Rehabiliteringspedagogik f\u00f6r arbete med l\u00e5ngtidssjukskrivna i grupp.","isPartOf":{"@id":"https:\/\/www.varkstaden.se\/bokhandel\/#website"},"primaryImageOfPage":{"@id":"https:\/\/www.varkstaden.se\/bokhandel\/produkt\/rehabiliteringspedagogik\/#primaryimage"},"image":{"@id":"https:\/\/www.varkstaden.se\/bokhandel\/produkt\/rehabiliteringspedagogik\/#primaryimage"},"thumbnailUrl":"https:\/\/www.varkstaden.se\/bokhandel\/wp-content\/uploads\/2015\/01\/9197371424.jpg","datePublished":"2015-01-31T15:17:03+00:00","dateModified":"2024-09-04T20:16:40+00:00","description":"Boken \"Rehabiliteringspedagogik\" bygger p\u00e5 m\u00e5ng\u00e5rig erfarenhet av grupparbete med m\u00e4nniskor i kris och kaos d\u00e4r det existentiella samtalet st\u00e5r i centrum.","breadcrumb":{"@id":"https:\/\/www.varkstaden.se\/bokhandel\/produkt\/rehabiliteringspedagogik\/#breadcrumb"},"inLanguage":"sv-SE","potentialAction":[{"@type":"ReadAction","target":["https:\/\/www.varkstaden.se\/bokhandel\/produkt\/rehabiliteringspedagogik\/"]}]},{"@type":"ImageObject","inLanguage":"sv-SE","@id":"https:\/\/www.varkstaden.se\/bokhandel\/produkt\/rehabiliteringspedagogik\/#primaryimage","url":"https:\/\/www.varkstaden.se\/bokhandel\/wp-content\/uploads\/2015\/01\/9197371424.jpg","contentUrl":"https:\/\/www.varkstaden.se\/bokhandel\/wp-content\/uploads\/2015\/01\/9197371424.jpg","width":329,"height":466,"caption":"Rehabiliteringspedagogik"},{"@type":"BreadcrumbList","@id":"https:\/\/www.varkstaden.se\/bokhandel\/produkt\/rehabiliteringspedagogik\/#breadcrumb","itemListElement":[{"@type":"ListItem","position":1,"name":"Hem","item":"https:\/\/www.varkstaden.se\/bokhandel\/"},{"@type":"ListItem","position":2,"name":"Webbutik","item":"https:\/\/www.varkstaden.se\/bokhandel\/"},{"@type":"ListItem","position":3,"name":"Rehabiliteringspedagogik"}]},{"@type":"WebSite","@id":"https:\/\/www.varkstaden.se\/bokhandel\/#website","url":"https:\/\/www.varkstaden.se\/bokhandel\/","name":"V\u00c4RKSTADSBOKHANDELN","description":"","publisher":{"@id":"https:\/\/www.varkstaden.se\/bokhandel\/#organization"},"potentialAction":[{"@type":"SearchAction","target":{"@type":"EntryPoint","urlTemplate":"https:\/\/www.varkstaden.se\/bokhandel\/?s={search_term_string}"},"query-input":{"@type":"PropertyValueSpecification","valueRequired":true,"valueName":"search_term_string"}}],"inLanguage":"sv-SE"},{"@type":"Organization","@id":"https:\/\/www.varkstaden.se\/bokhandel\/#organization","name":"V\u00e4rkstaden GB AB","url":"https:\/\/www.varkstaden.se\/bokhandel\/","logo":{"@type":"ImageObject","inLanguage":"sv-SE","@id":"https:\/\/www.varkstaden.se\/bokhandel\/#\/schema\/logo\/image\/","url":"https:\/\/www.varkstaden.se\/bokhandel\/wp-content\/uploads\/2017\/09\/cropped-bokhandel-e1543669762370-1.jpg","contentUrl":"https:\/\/www.varkstaden.se\/bokhandel\/wp-content\/uploads\/2017\/09\/cropped-bokhandel-e1543669762370-1.jpg","width":1000,"height":525,"caption":"V\u00e4rkstaden GB AB"},"image":{"@id":"https:\/\/www.varkstaden.se\/bokhandel\/#\/schema\/logo\/image\/"}}]}},"_links":{"self":[{"href":"https:\/\/www.varkstaden.se\/bokhandel\/wp-json\/wp\/v2\/product\/125","targetHints":{"allow":["GET"]}}],"collection":[{"href":"https:\/\/www.varkstaden.se\/bokhandel\/wp-json\/wp\/v2\/product"}],"about":[{"href":"https:\/\/www.varkstaden.se\/bokhandel\/wp-json\/wp\/v2\/types\/product"}],"replies":[{"embeddable":true,"href":"https:\/\/www.varkstaden.se\/bokhandel\/wp-json\/wp\/v2\/comments?post=125"}],"wp:featuredmedia":[{"embeddable":true,"href":"https:\/\/www.varkstaden.se\/bokhandel\/wp-json\/wp\/v2\/media\/126"}],"wp:attachment":[{"href":"https:\/\/www.varkstaden.se\/bokhandel\/wp-json\/wp\/v2\/media?parent=125"}],"wp:term":[{"taxonomy":"product_brand","embeddable":true,"href":"https:\/\/www.varkstaden.se\/bokhandel\/wp-json\/wp\/v2\/product_brand?post=125"},{"taxonomy":"product_cat","embeddable":true,"href":"https:\/\/www.varkstaden.se\/bokhandel\/wp-json\/wp\/v2\/product_cat?post=125"},{"taxonomy":"product_tag","embeddable":true,"href":"https:\/\/www.varkstaden.se\/bokhandel\/wp-json\/wp\/v2\/product_tag?post=125"}],"curies":[{"name":"wp","href":"https:\/\/api.w.org\/{rel}","templated":true}]}}