{"id":115,"date":"2015-01-31T08:46:10","date_gmt":"2015-01-31T08:46:10","guid":{"rendered":"http:\/\/www.varkstaden.se\/bokhandel2\/?post_type=product&#038;p=115"},"modified":"2021-11-25T08:03:59","modified_gmt":"2021-11-25T08:03:59","slug":"att-hantera-det-ohanterbara","status":"publish","type":"product","link":"https:\/\/www.varkstaden.se\/bokhandel\/produkt\/att-hantera-det-ohanterbara\/","title":{"rendered":"Att hantera det ohanterbara"},"content":{"rendered":"<p>En sjukdom kan man i b\u00e4sta fall bota, men <em>lidande<\/em> \u00e4r inte n\u00e5got man botar. Det m\u00e5ste man l\u00e4ra sig att leva med. M\u00e5nga m\u00e4nniskor f\u00e5r i sjukv\u00e5rden beskedet: Du m\u00e5ste l\u00e4ra dig att leva med symtomen. Det handlar om att bli livsduglig trots sitt lidande. Den processen ligger utanf\u00f6r sjukv\u00e5rdens ansvarsomr\u00e5de som \u00e4r att bota, lindra och tr\u00f6sta.<\/p>\n<p>Ett o\u00e4ndligt antal l\u00e5ngtidssjukskrivna m\u00e4nniskor jag m\u00f6tt har beskrivit hur om\u00f6jligt, ohanterbart och oaccceptabelt livet \u00e4r. Man saknar redskap med vilka man kan hantera problem, sv\u00e5righeter och oh\u00e4lsa. F\u00f6rm\u00e5gan att leva med psykologisk stress utan att f\u00f6rtvivla brukar kallas <em>copingf\u00f6rm\u00e5ga<\/em>. Det finns en m\u00e4ngd olika s\u00e4tt att agera vid p\u00e5frestande livsh\u00e4ndelser. F\u00f6r en stor del av jordens befolkning ger religionen verktyg i copingprocessen. Bokens syfte \u00e4r att ge l\u00e4saren kunskap om olika profana och religi\u00f6sa copingstrategier med vilka man kan l\u00e4ra sig att hantera det ohanterbara. Boken \u00e4r skriven f\u00f6r alla som har k\u00f6rt fast i livet, till f\u00f6ljd av sjukdom eller skada. Den kan naturligtvis ocks\u00e5 vara till nytta f\u00f6r anh\u00f6riga till l\u00e5ngtidssjukskrivna, och f\u00f6r dem som behandlar och rehabiliterar m\u00e4nniskor som fastnat i en sjukdomsprocess.<\/p>\n","protected":false},"excerpt":{"rendered":"<p>En sjukdom kan man i b\u00e4sta fall bota, men lidande \u00e4r inte n\u00e5got man botar. Det m\u00e5ste man l\u00e4ra sig att leva med. M\u00e5nga m\u00e4nniskor f\u00e5r i sjukv\u00e5rden beskedet: Du m\u00e5ste l\u00e4ra dig att leva med symtomen. Det handlar om &hellip;<\/p>\n<p class=\"read-more\"> <a class=\"more-link\" href=\"https:\/\/www.varkstaden.se\/bokhandel\/produkt\/att-hantera-det-ohanterbara\/\"> <span class=\"screen-reader-text\">Att hantera det ohanterbara<\/span> L\u00e4s mer &raquo;<\/a><\/p>\n","protected":false},"featured_media":116,"comment_status":"open","ping_status":"closed","template":"","meta":[],"product_brand":[],"product_cat":[18,13,10],"product_tag":[],"class_list":{"0":"post-115","1":"product","2":"type-product","3":"status-publish","4":"has-post-thumbnail","6":"product_cat-e-bocker","7":"product_cat-livsvisdom-och-klokskap","8":"product_cat-rehabilitering","10":"first","11":"instock","12":"sale","13":"taxable","14":"shipping-taxable","15":"purchasable","16":"product-type-variable"},"yoast_head":"<!-- This site is optimized with the Yoast SEO plugin v27.4 - https:\/\/yoast.com\/product\/yoast-seo-wordpress\/ -->\n<title>Att hantera det ohanterbara - om copingstrategier - hur man kommer vidare i livet.<\/title>\n<meta name=\"description\" content=\"I boken &quot;Att hantera det ohanterbara&quot; beskrivs olika copingstrategier med vilka man kan komma vidare i livet n\u00e4r man har k\u00f6rt fast.\" \/>\n<meta name=\"robots\" content=\"index, follow, max-snippet:-1, max-image-preview:large, max-video-preview:-1\" \/>\n<link rel=\"canonical\" href=\"https:\/\/www.varkstaden.se\/bokhandel\/produkt\/att-hantera-det-ohanterbara\/\" \/>\n<meta property=\"og:locale\" content=\"sv_SE\" \/>\n<meta property=\"og:type\" content=\"article\" \/>\n<meta property=\"og:title\" content=\"Att hantera det ohanterbara - om copingstrategier - hur man kommer vidare i livet.\" \/>\n<meta property=\"og:description\" content=\"I boken &quot;Att hantera det ohanterbara&quot; beskrivs olika copingstrategier med vilka man kan komma vidare i livet n\u00e4r man har k\u00f6rt fast.\" \/>\n<meta property=\"og:url\" content=\"https:\/\/www.varkstaden.se\/bokhandel\/produkt\/att-hantera-det-ohanterbara\/\" \/>\n<meta property=\"og:site_name\" content=\"V\u00c4RKSTADSBOKHANDELN, webbmaster: Gunilla Brattberg\" \/>\n<meta property=\"article:modified_time\" content=\"2021-11-25T08:03:59+00:00\" \/>\n<meta property=\"og:image\" content=\"https:\/\/www.varkstaden.se\/bokhandel\/wp-content\/uploads\/2015\/01\/9789197716109.jpg\" \/>\n\t<meta property=\"og:image:width\" content=\"250\" \/>\n\t<meta property=\"og:image:height\" content=\"354\" \/>\n\t<meta property=\"og:image:type\" content=\"image\/jpeg\" \/>\n<meta name=\"twitter:card\" content=\"summary_large_image\" \/>\n<meta name=\"twitter:label1\" content=\"Ber\u00e4knad l\u00e4stid\" \/>\n\t<meta name=\"twitter:data1\" content=\"1 minut\" \/>\n<script type=\"application\/ld+json\" class=\"yoast-schema-graph\">{\"@context\":\"https:\\\/\\\/schema.org\",\"@graph\":[{\"@type\":\"WebPage\",\"@id\":\"https:\\\/\\\/www.varkstaden.se\\\/bokhandel\\\/produkt\\\/att-hantera-det-ohanterbara\\\/\",\"url\":\"https:\\\/\\\/www.varkstaden.se\\\/bokhandel\\\/produkt\\\/att-hantera-det-ohanterbara\\\/\",\"name\":\"Att hantera det ohanterbara - om copingstrategier - hur man kommer vidare i livet.\",\"isPartOf\":{\"@id\":\"https:\\\/\\\/www.varkstaden.se\\\/bokhandel\\\/#website\"},\"primaryImageOfPage\":{\"@id\":\"https:\\\/\\\/www.varkstaden.se\\\/bokhandel\\\/produkt\\\/att-hantera-det-ohanterbara\\\/#primaryimage\"},\"image\":{\"@id\":\"https:\\\/\\\/www.varkstaden.se\\\/bokhandel\\\/produkt\\\/att-hantera-det-ohanterbara\\\/#primaryimage\"},\"thumbnailUrl\":\"https:\\\/\\\/www.varkstaden.se\\\/bokhandel\\\/wp-content\\\/uploads\\\/2015\\\/01\\\/9789197716109.jpg\",\"datePublished\":\"2015-01-31T08:46:10+00:00\",\"dateModified\":\"2021-11-25T08:03:59+00:00\",\"description\":\"I boken \\\"Att hantera det ohanterbara\\\" beskrivs olika copingstrategier med vilka man kan komma vidare i livet n\u00e4r man har k\u00f6rt fast.\",\"breadcrumb\":{\"@id\":\"https:\\\/\\\/www.varkstaden.se\\\/bokhandel\\\/produkt\\\/att-hantera-det-ohanterbara\\\/#breadcrumb\"},\"inLanguage\":\"sv-SE\",\"potentialAction\":[{\"@type\":\"ReadAction\",\"target\":[\"https:\\\/\\\/www.varkstaden.se\\\/bokhandel\\\/produkt\\\/att-hantera-det-ohanterbara\\\/\"]}]},{\"@type\":\"ImageObject\",\"inLanguage\":\"sv-SE\",\"@id\":\"https:\\\/\\\/www.varkstaden.se\\\/bokhandel\\\/produkt\\\/att-hantera-det-ohanterbara\\\/#primaryimage\",\"url\":\"https:\\\/\\\/www.varkstaden.se\\\/bokhandel\\\/wp-content\\\/uploads\\\/2015\\\/01\\\/9789197716109.jpg\",\"contentUrl\":\"https:\\\/\\\/www.varkstaden.se\\\/bokhandel\\\/wp-content\\\/uploads\\\/2015\\\/01\\\/9789197716109.jpg\",\"width\":250,\"height\":354,\"caption\":\"Att hantera det ohanterbara\"},{\"@type\":\"BreadcrumbList\",\"@id\":\"https:\\\/\\\/www.varkstaden.se\\\/bokhandel\\\/produkt\\\/att-hantera-det-ohanterbara\\\/#breadcrumb\",\"itemListElement\":[{\"@type\":\"ListItem\",\"position\":1,\"name\":\"Hem\",\"item\":\"https:\\\/\\\/www.varkstaden.se\\\/bokhandel\\\/\"},{\"@type\":\"ListItem\",\"position\":2,\"name\":\"Webbutik\",\"item\":\"https:\\\/\\\/www.varkstaden.se\\\/bokhandel\\\/\"},{\"@type\":\"ListItem\",\"position\":3,\"name\":\"Att hantera det ohanterbara\"}]},{\"@type\":\"WebSite\",\"@id\":\"https:\\\/\\\/www.varkstaden.se\\\/bokhandel\\\/#website\",\"url\":\"https:\\\/\\\/www.varkstaden.se\\\/bokhandel\\\/\",\"name\":\"V\u00c4RKSTADSBOKHANDELN\",\"description\":\"\",\"publisher\":{\"@id\":\"https:\\\/\\\/www.varkstaden.se\\\/bokhandel\\\/#organization\"},\"potentialAction\":[{\"@type\":\"SearchAction\",\"target\":{\"@type\":\"EntryPoint\",\"urlTemplate\":\"https:\\\/\\\/www.varkstaden.se\\\/bokhandel\\\/?s={search_term_string}\"},\"query-input\":{\"@type\":\"PropertyValueSpecification\",\"valueRequired\":true,\"valueName\":\"search_term_string\"}}],\"inLanguage\":\"sv-SE\"},{\"@type\":\"Organization\",\"@id\":\"https:\\\/\\\/www.varkstaden.se\\\/bokhandel\\\/#organization\",\"name\":\"V\u00e4rkstaden GB AB\",\"url\":\"https:\\\/\\\/www.varkstaden.se\\\/bokhandel\\\/\",\"logo\":{\"@type\":\"ImageObject\",\"inLanguage\":\"sv-SE\",\"@id\":\"https:\\\/\\\/www.varkstaden.se\\\/bokhandel\\\/#\\\/schema\\\/logo\\\/image\\\/\",\"url\":\"https:\\\/\\\/www.varkstaden.se\\\/bokhandel\\\/wp-content\\\/uploads\\\/2017\\\/09\\\/cropped-bokhandel-e1543669762370-1.jpg\",\"contentUrl\":\"https:\\\/\\\/www.varkstaden.se\\\/bokhandel\\\/wp-content\\\/uploads\\\/2017\\\/09\\\/cropped-bokhandel-e1543669762370-1.jpg\",\"width\":1000,\"height\":525,\"caption\":\"V\u00e4rkstaden GB AB\"},\"image\":{\"@id\":\"https:\\\/\\\/www.varkstaden.se\\\/bokhandel\\\/#\\\/schema\\\/logo\\\/image\\\/\"}}]}<\/script>\n<!-- \/ Yoast SEO plugin. -->","yoast_head_json":{"title":"Att hantera det ohanterbara - om copingstrategier - hur man kommer vidare i livet.","description":"I boken \"Att hantera det ohanterbara\" beskrivs olika copingstrategier med vilka man kan komma vidare i livet n\u00e4r man har k\u00f6rt fast.","robots":{"index":"index","follow":"follow","max-snippet":"max-snippet:-1","max-image-preview":"max-image-preview:large","max-video-preview":"max-video-preview:-1"},"canonical":"https:\/\/www.varkstaden.se\/bokhandel\/produkt\/att-hantera-det-ohanterbara\/","og_locale":"sv_SE","og_type":"article","og_title":"Att hantera det ohanterbara - om copingstrategier - hur man kommer vidare i livet.","og_description":"I boken \"Att hantera det ohanterbara\" beskrivs olika copingstrategier med vilka man kan komma vidare i livet n\u00e4r man har k\u00f6rt fast.","og_url":"https:\/\/www.varkstaden.se\/bokhandel\/produkt\/att-hantera-det-ohanterbara\/","og_site_name":"V\u00c4RKSTADSBOKHANDELN, webbmaster: Gunilla Brattberg","article_modified_time":"2021-11-25T08:03:59+00:00","og_image":[{"width":250,"height":354,"url":"https:\/\/www.varkstaden.se\/bokhandel\/wp-content\/uploads\/2015\/01\/9789197716109.jpg","type":"image\/jpeg"}],"twitter_card":"summary_large_image","twitter_misc":{"Ber\u00e4knad l\u00e4stid":"1 minut"},"schema":{"@context":"https:\/\/schema.org","@graph":[{"@type":"WebPage","@id":"https:\/\/www.varkstaden.se\/bokhandel\/produkt\/att-hantera-det-ohanterbara\/","url":"https:\/\/www.varkstaden.se\/bokhandel\/produkt\/att-hantera-det-ohanterbara\/","name":"Att hantera det ohanterbara - om copingstrategier - hur man kommer vidare i livet.","isPartOf":{"@id":"https:\/\/www.varkstaden.se\/bokhandel\/#website"},"primaryImageOfPage":{"@id":"https:\/\/www.varkstaden.se\/bokhandel\/produkt\/att-hantera-det-ohanterbara\/#primaryimage"},"image":{"@id":"https:\/\/www.varkstaden.se\/bokhandel\/produkt\/att-hantera-det-ohanterbara\/#primaryimage"},"thumbnailUrl":"https:\/\/www.varkstaden.se\/bokhandel\/wp-content\/uploads\/2015\/01\/9789197716109.jpg","datePublished":"2015-01-31T08:46:10+00:00","dateModified":"2021-11-25T08:03:59+00:00","description":"I boken \"Att hantera det ohanterbara\" beskrivs olika copingstrategier med vilka man kan komma vidare i livet n\u00e4r man har k\u00f6rt fast.","breadcrumb":{"@id":"https:\/\/www.varkstaden.se\/bokhandel\/produkt\/att-hantera-det-ohanterbara\/#breadcrumb"},"inLanguage":"sv-SE","potentialAction":[{"@type":"ReadAction","target":["https:\/\/www.varkstaden.se\/bokhandel\/produkt\/att-hantera-det-ohanterbara\/"]}]},{"@type":"ImageObject","inLanguage":"sv-SE","@id":"https:\/\/www.varkstaden.se\/bokhandel\/produkt\/att-hantera-det-ohanterbara\/#primaryimage","url":"https:\/\/www.varkstaden.se\/bokhandel\/wp-content\/uploads\/2015\/01\/9789197716109.jpg","contentUrl":"https:\/\/www.varkstaden.se\/bokhandel\/wp-content\/uploads\/2015\/01\/9789197716109.jpg","width":250,"height":354,"caption":"Att hantera det ohanterbara"},{"@type":"BreadcrumbList","@id":"https:\/\/www.varkstaden.se\/bokhandel\/produkt\/att-hantera-det-ohanterbara\/#breadcrumb","itemListElement":[{"@type":"ListItem","position":1,"name":"Hem","item":"https:\/\/www.varkstaden.se\/bokhandel\/"},{"@type":"ListItem","position":2,"name":"Webbutik","item":"https:\/\/www.varkstaden.se\/bokhandel\/"},{"@type":"ListItem","position":3,"name":"Att hantera det ohanterbara"}]},{"@type":"WebSite","@id":"https:\/\/www.varkstaden.se\/bokhandel\/#website","url":"https:\/\/www.varkstaden.se\/bokhandel\/","name":"V\u00c4RKSTADSBOKHANDELN","description":"","publisher":{"@id":"https:\/\/www.varkstaden.se\/bokhandel\/#organization"},"potentialAction":[{"@type":"SearchAction","target":{"@type":"EntryPoint","urlTemplate":"https:\/\/www.varkstaden.se\/bokhandel\/?s={search_term_string}"},"query-input":{"@type":"PropertyValueSpecification","valueRequired":true,"valueName":"search_term_string"}}],"inLanguage":"sv-SE"},{"@type":"Organization","@id":"https:\/\/www.varkstaden.se\/bokhandel\/#organization","name":"V\u00e4rkstaden GB AB","url":"https:\/\/www.varkstaden.se\/bokhandel\/","logo":{"@type":"ImageObject","inLanguage":"sv-SE","@id":"https:\/\/www.varkstaden.se\/bokhandel\/#\/schema\/logo\/image\/","url":"https:\/\/www.varkstaden.se\/bokhandel\/wp-content\/uploads\/2017\/09\/cropped-bokhandel-e1543669762370-1.jpg","contentUrl":"https:\/\/www.varkstaden.se\/bokhandel\/wp-content\/uploads\/2017\/09\/cropped-bokhandel-e1543669762370-1.jpg","width":1000,"height":525,"caption":"V\u00e4rkstaden GB AB"},"image":{"@id":"https:\/\/www.varkstaden.se\/bokhandel\/#\/schema\/logo\/image\/"}}]}},"_links":{"self":[{"href":"https:\/\/www.varkstaden.se\/bokhandel\/wp-json\/wp\/v2\/product\/115","targetHints":{"allow":["GET"]}}],"collection":[{"href":"https:\/\/www.varkstaden.se\/bokhandel\/wp-json\/wp\/v2\/product"}],"about":[{"href":"https:\/\/www.varkstaden.se\/bokhandel\/wp-json\/wp\/v2\/types\/product"}],"replies":[{"embeddable":true,"href":"https:\/\/www.varkstaden.se\/bokhandel\/wp-json\/wp\/v2\/comments?post=115"}],"wp:featuredmedia":[{"embeddable":true,"href":"https:\/\/www.varkstaden.se\/bokhandel\/wp-json\/wp\/v2\/media\/116"}],"wp:attachment":[{"href":"https:\/\/www.varkstaden.se\/bokhandel\/wp-json\/wp\/v2\/media?parent=115"}],"wp:term":[{"taxonomy":"product_brand","embeddable":true,"href":"https:\/\/www.varkstaden.se\/bokhandel\/wp-json\/wp\/v2\/product_brand?post=115"},{"taxonomy":"product_cat","embeddable":true,"href":"https:\/\/www.varkstaden.se\/bokhandel\/wp-json\/wp\/v2\/product_cat?post=115"},{"taxonomy":"product_tag","embeddable":true,"href":"https:\/\/www.varkstaden.se\/bokhandel\/wp-json\/wp\/v2\/product_tag?post=115"}],"curies":[{"name":"wp","href":"https:\/\/api.w.org\/{rel}","templated":true}]}}