{"id":110,"date":"2015-01-31T08:37:45","date_gmt":"2015-01-31T08:37:45","guid":{"rendered":"http:\/\/www.varkstaden.se\/bokhandel2\/?post_type=product&#038;p=110"},"modified":"2022-05-31T05:44:17","modified_gmt":"2022-05-31T05:44:17","slug":"levande-ord","status":"publish","type":"product","link":"https:\/\/www.varkstaden.se\/bokhandel\/produkt\/levande-ord\/","title":{"rendered":"Levande ord"},"content":{"rendered":"<p align=\"JUSTIFY\"><span style=\"color: #e31f1b;\">LEVANDE ORD <\/span>\u00e4r ord som har kraft att f\u00f6r\u00e4ndra. Syftet med boken <i><span style=\"font-family: MinionPro-It;\">Levande ord f\u00f6r l\u00e5ngtidssjukskrivna<\/span><\/i> \u00e4r att, likt kyrkans evangeliebok, presentera texter om livsn\u00e4ra \u00e4mnen, som \u00e4ven icke religi\u00f6sa m\u00e4nniskor kan ta till sig. Teman och texter \u00e4r valda utifr\u00e5n den verklighet i vilken m\u00e5nga l\u00e5ngtidssjukskrivna lever. Texterna \u00e4r mer psykologiska \u00e4n teologiska, men d\u00e4r s\u00e5 har varit m\u00f6jligt \u00f6verensst\u00e4mmer de med kyrko\u00e5rets teman. Min f\u00f6rhoppning \u00e4r att dessa <i><span style=\"font-family: MinionPro-It;\">levande ord<\/span><\/i> ska stimulera till eftertanke och hj\u00e4lpa m\u00e4nniskor att bli mer levande.<\/p>\n<p>Boken <i><span style=\"font-family: MinionPro-It;\"><span style=\"font-family: MinionPro-It;\">Levande ord<\/span><\/span><\/i> v\u00e4nder sig till m\u00e4nniskor som vill arbeta med sig sj\u00e4lva mot \u00f6kad sj\u00e4lvk\u00e4nnedom och b\u00e4ttre h\u00e4lsa. Reflektionsboken kan med f\u00f6rdel anv\u00e4ndas i familjen, v\u00e4nskapskretsen, sj\u00e4lvhj\u00e4lpsgrupper, st\u00f6dgrupper och samtalsgrupper av olika slag, eller som en enskild meditationsbok f\u00f6r kognitiv egenbehandling. F\u00f6rhoppningsvis kan boken ocks\u00e5 vara en hj\u00e4lp f\u00f6r s\u00e5v\u00e4l v\u00e5rdens som kyrkans medarbetare i m\u00f6tet med lidande l\u00e5ngtidssjukskrivna m\u00e4nniskor.<\/p>\n<p>E-boksversionen av boken <strong><em>Levande ord f\u00f6r l\u00e5ngtidssjukskrivna<\/em><\/strong> heter den <strong><em>Levande ord f\u00f6r l\u00e5ngtidssjuka<\/em><\/strong>. Man beh\u00f6ver verkligen inte vara l\u00e5ngtidssjukskriven, faktiskt inte l\u00e5ngtidssjuk eller sjuk alls f\u00f6r att ha nytta av inneh\u00e5llet i denna bok.<\/p>\n","protected":false},"excerpt":{"rendered":"<p>Rea-pris f\u00f6r pappersboken \u00e4r 100 kronor. Pris f\u00f6r E-boken \u00e4r 75 kronor.<\/p>\n","protected":false},"featured_media":111,"comment_status":"open","ping_status":"closed","template":"","meta":[],"product_brand":[],"product_cat":[13,10],"product_tag":[],"class_list":{"0":"post-110","1":"product","2":"type-product","3":"status-publish","4":"has-post-thumbnail","6":"product_cat-livsvisdom-och-klokskap","7":"product_cat-rehabilitering","9":"first","10":"instock","11":"sale","12":"featured","13":"taxable","14":"shipping-taxable","15":"purchasable","16":"product-type-variable"},"yoast_head":"<!-- This site is optimized with the Yoast SEO plugin v27.4 - https:\/\/yoast.com\/product\/yoast-seo-wordpress\/ -->\n<title>Levande ord - en profan &quot;andaktsbok&quot; f\u00f6r den som vill reflektera \u00f6ver livsfr\u00e5gor.<\/title>\n<meta name=\"description\" content=\"Boken &quot;Levande ord&quot; v\u00e4nder sig till m\u00e4nniskor som vill \u00f6ka sig sj\u00e4lvk\u00e4nnedom. Man l\u00e4ser l\u00e4mpligen ett uppslag per dag och reflekterar \u00f6ver inneh\u00e5llet.\" \/>\n<meta name=\"robots\" content=\"index, follow, max-snippet:-1, max-image-preview:large, max-video-preview:-1\" \/>\n<link rel=\"canonical\" href=\"https:\/\/www.varkstaden.se\/bokhandel\/produkt\/levande-ord\/\" \/>\n<meta property=\"og:locale\" content=\"sv_SE\" \/>\n<meta property=\"og:type\" content=\"article\" \/>\n<meta property=\"og:title\" content=\"Levande ord - en profan &quot;andaktsbok&quot; f\u00f6r den som vill reflektera \u00f6ver livsfr\u00e5gor.\" \/>\n<meta property=\"og:description\" content=\"Boken &quot;Levande ord&quot; v\u00e4nder sig till m\u00e4nniskor som vill \u00f6ka sig sj\u00e4lvk\u00e4nnedom. Man l\u00e4ser l\u00e4mpligen ett uppslag per dag och reflekterar \u00f6ver inneh\u00e5llet.\" \/>\n<meta property=\"og:url\" content=\"https:\/\/www.varkstaden.se\/bokhandel\/produkt\/levande-ord\/\" \/>\n<meta property=\"og:site_name\" content=\"V\u00c4RKSTADSBOKHANDELN, webbmaster: Gunilla Brattberg\" \/>\n<meta property=\"article:modified_time\" content=\"2022-05-31T05:44:17+00:00\" \/>\n<meta property=\"og:image\" content=\"https:\/\/www.varkstaden.se\/bokhandel\/wp-content\/uploads\/2015\/01\/9789197371490.jpg\" \/>\n\t<meta property=\"og:image:width\" content=\"264\" \/>\n\t<meta property=\"og:image:height\" content=\"394\" \/>\n\t<meta property=\"og:image:type\" content=\"image\/jpeg\" \/>\n<meta name=\"twitter:card\" content=\"summary_large_image\" \/>\n<meta name=\"twitter:label1\" content=\"Ber\u00e4knad l\u00e4stid\" \/>\n\t<meta name=\"twitter:data1\" content=\"1 minut\" \/>\n<script type=\"application\/ld+json\" class=\"yoast-schema-graph\">{\"@context\":\"https:\\\/\\\/schema.org\",\"@graph\":[{\"@type\":\"WebPage\",\"@id\":\"https:\\\/\\\/www.varkstaden.se\\\/bokhandel\\\/produkt\\\/levande-ord\\\/\",\"url\":\"https:\\\/\\\/www.varkstaden.se\\\/bokhandel\\\/produkt\\\/levande-ord\\\/\",\"name\":\"Levande ord - en profan \\\"andaktsbok\\\" f\u00f6r den som vill reflektera \u00f6ver livsfr\u00e5gor.\",\"isPartOf\":{\"@id\":\"https:\\\/\\\/www.varkstaden.se\\\/bokhandel\\\/#website\"},\"primaryImageOfPage\":{\"@id\":\"https:\\\/\\\/www.varkstaden.se\\\/bokhandel\\\/produkt\\\/levande-ord\\\/#primaryimage\"},\"image\":{\"@id\":\"https:\\\/\\\/www.varkstaden.se\\\/bokhandel\\\/produkt\\\/levande-ord\\\/#primaryimage\"},\"thumbnailUrl\":\"https:\\\/\\\/www.varkstaden.se\\\/bokhandel\\\/wp-content\\\/uploads\\\/2015\\\/01\\\/9789197371490.jpg\",\"datePublished\":\"2015-01-31T08:37:45+00:00\",\"dateModified\":\"2022-05-31T05:44:17+00:00\",\"description\":\"Boken \\\"Levande ord\\\" v\u00e4nder sig till m\u00e4nniskor som vill \u00f6ka sig sj\u00e4lvk\u00e4nnedom. Man l\u00e4ser l\u00e4mpligen ett uppslag per dag och reflekterar \u00f6ver inneh\u00e5llet.\",\"breadcrumb\":{\"@id\":\"https:\\\/\\\/www.varkstaden.se\\\/bokhandel\\\/produkt\\\/levande-ord\\\/#breadcrumb\"},\"inLanguage\":\"sv-SE\",\"potentialAction\":[{\"@type\":\"ReadAction\",\"target\":[\"https:\\\/\\\/www.varkstaden.se\\\/bokhandel\\\/produkt\\\/levande-ord\\\/\"]}]},{\"@type\":\"ImageObject\",\"inLanguage\":\"sv-SE\",\"@id\":\"https:\\\/\\\/www.varkstaden.se\\\/bokhandel\\\/produkt\\\/levande-ord\\\/#primaryimage\",\"url\":\"https:\\\/\\\/www.varkstaden.se\\\/bokhandel\\\/wp-content\\\/uploads\\\/2015\\\/01\\\/9789197371490.jpg\",\"contentUrl\":\"https:\\\/\\\/www.varkstaden.se\\\/bokhandel\\\/wp-content\\\/uploads\\\/2015\\\/01\\\/9789197371490.jpg\",\"width\":264,\"height\":394,\"caption\":\"Levande ord f\u00f6r l\u00e5ngtidssjukskrivna\"},{\"@type\":\"BreadcrumbList\",\"@id\":\"https:\\\/\\\/www.varkstaden.se\\\/bokhandel\\\/produkt\\\/levande-ord\\\/#breadcrumb\",\"itemListElement\":[{\"@type\":\"ListItem\",\"position\":1,\"name\":\"Hem\",\"item\":\"https:\\\/\\\/www.varkstaden.se\\\/bokhandel\\\/\"},{\"@type\":\"ListItem\",\"position\":2,\"name\":\"Webbutik\",\"item\":\"https:\\\/\\\/www.varkstaden.se\\\/bokhandel\\\/\"},{\"@type\":\"ListItem\",\"position\":3,\"name\":\"Levande ord\"}]},{\"@type\":\"WebSite\",\"@id\":\"https:\\\/\\\/www.varkstaden.se\\\/bokhandel\\\/#website\",\"url\":\"https:\\\/\\\/www.varkstaden.se\\\/bokhandel\\\/\",\"name\":\"V\u00c4RKSTADSBOKHANDELN\",\"description\":\"\",\"publisher\":{\"@id\":\"https:\\\/\\\/www.varkstaden.se\\\/bokhandel\\\/#organization\"},\"potentialAction\":[{\"@type\":\"SearchAction\",\"target\":{\"@type\":\"EntryPoint\",\"urlTemplate\":\"https:\\\/\\\/www.varkstaden.se\\\/bokhandel\\\/?s={search_term_string}\"},\"query-input\":{\"@type\":\"PropertyValueSpecification\",\"valueRequired\":true,\"valueName\":\"search_term_string\"}}],\"inLanguage\":\"sv-SE\"},{\"@type\":\"Organization\",\"@id\":\"https:\\\/\\\/www.varkstaden.se\\\/bokhandel\\\/#organization\",\"name\":\"V\u00e4rkstaden GB AB\",\"url\":\"https:\\\/\\\/www.varkstaden.se\\\/bokhandel\\\/\",\"logo\":{\"@type\":\"ImageObject\",\"inLanguage\":\"sv-SE\",\"@id\":\"https:\\\/\\\/www.varkstaden.se\\\/bokhandel\\\/#\\\/schema\\\/logo\\\/image\\\/\",\"url\":\"https:\\\/\\\/www.varkstaden.se\\\/bokhandel\\\/wp-content\\\/uploads\\\/2017\\\/09\\\/cropped-bokhandel-e1543669762370-1.jpg\",\"contentUrl\":\"https:\\\/\\\/www.varkstaden.se\\\/bokhandel\\\/wp-content\\\/uploads\\\/2017\\\/09\\\/cropped-bokhandel-e1543669762370-1.jpg\",\"width\":1000,\"height\":525,\"caption\":\"V\u00e4rkstaden GB AB\"},\"image\":{\"@id\":\"https:\\\/\\\/www.varkstaden.se\\\/bokhandel\\\/#\\\/schema\\\/logo\\\/image\\\/\"}}]}<\/script>\n<!-- \/ Yoast SEO plugin. -->","yoast_head_json":{"title":"Levande ord - en profan \"andaktsbok\" f\u00f6r den som vill reflektera \u00f6ver livsfr\u00e5gor.","description":"Boken \"Levande ord\" v\u00e4nder sig till m\u00e4nniskor som vill \u00f6ka sig sj\u00e4lvk\u00e4nnedom. Man l\u00e4ser l\u00e4mpligen ett uppslag per dag och reflekterar \u00f6ver inneh\u00e5llet.","robots":{"index":"index","follow":"follow","max-snippet":"max-snippet:-1","max-image-preview":"max-image-preview:large","max-video-preview":"max-video-preview:-1"},"canonical":"https:\/\/www.varkstaden.se\/bokhandel\/produkt\/levande-ord\/","og_locale":"sv_SE","og_type":"article","og_title":"Levande ord - en profan \"andaktsbok\" f\u00f6r den som vill reflektera \u00f6ver livsfr\u00e5gor.","og_description":"Boken \"Levande ord\" v\u00e4nder sig till m\u00e4nniskor som vill \u00f6ka sig sj\u00e4lvk\u00e4nnedom. Man l\u00e4ser l\u00e4mpligen ett uppslag per dag och reflekterar \u00f6ver inneh\u00e5llet.","og_url":"https:\/\/www.varkstaden.se\/bokhandel\/produkt\/levande-ord\/","og_site_name":"V\u00c4RKSTADSBOKHANDELN, webbmaster: Gunilla Brattberg","article_modified_time":"2022-05-31T05:44:17+00:00","og_image":[{"width":264,"height":394,"url":"https:\/\/www.varkstaden.se\/bokhandel\/wp-content\/uploads\/2015\/01\/9789197371490.jpg","type":"image\/jpeg"}],"twitter_card":"summary_large_image","twitter_misc":{"Ber\u00e4knad l\u00e4stid":"1 minut"},"schema":{"@context":"https:\/\/schema.org","@graph":[{"@type":"WebPage","@id":"https:\/\/www.varkstaden.se\/bokhandel\/produkt\/levande-ord\/","url":"https:\/\/www.varkstaden.se\/bokhandel\/produkt\/levande-ord\/","name":"Levande ord - en profan \"andaktsbok\" f\u00f6r den som vill reflektera \u00f6ver livsfr\u00e5gor.","isPartOf":{"@id":"https:\/\/www.varkstaden.se\/bokhandel\/#website"},"primaryImageOfPage":{"@id":"https:\/\/www.varkstaden.se\/bokhandel\/produkt\/levande-ord\/#primaryimage"},"image":{"@id":"https:\/\/www.varkstaden.se\/bokhandel\/produkt\/levande-ord\/#primaryimage"},"thumbnailUrl":"https:\/\/www.varkstaden.se\/bokhandel\/wp-content\/uploads\/2015\/01\/9789197371490.jpg","datePublished":"2015-01-31T08:37:45+00:00","dateModified":"2022-05-31T05:44:17+00:00","description":"Boken \"Levande ord\" v\u00e4nder sig till m\u00e4nniskor som vill \u00f6ka sig sj\u00e4lvk\u00e4nnedom. Man l\u00e4ser l\u00e4mpligen ett uppslag per dag och reflekterar \u00f6ver inneh\u00e5llet.","breadcrumb":{"@id":"https:\/\/www.varkstaden.se\/bokhandel\/produkt\/levande-ord\/#breadcrumb"},"inLanguage":"sv-SE","potentialAction":[{"@type":"ReadAction","target":["https:\/\/www.varkstaden.se\/bokhandel\/produkt\/levande-ord\/"]}]},{"@type":"ImageObject","inLanguage":"sv-SE","@id":"https:\/\/www.varkstaden.se\/bokhandel\/produkt\/levande-ord\/#primaryimage","url":"https:\/\/www.varkstaden.se\/bokhandel\/wp-content\/uploads\/2015\/01\/9789197371490.jpg","contentUrl":"https:\/\/www.varkstaden.se\/bokhandel\/wp-content\/uploads\/2015\/01\/9789197371490.jpg","width":264,"height":394,"caption":"Levande ord f\u00f6r l\u00e5ngtidssjukskrivna"},{"@type":"BreadcrumbList","@id":"https:\/\/www.varkstaden.se\/bokhandel\/produkt\/levande-ord\/#breadcrumb","itemListElement":[{"@type":"ListItem","position":1,"name":"Hem","item":"https:\/\/www.varkstaden.se\/bokhandel\/"},{"@type":"ListItem","position":2,"name":"Webbutik","item":"https:\/\/www.varkstaden.se\/bokhandel\/"},{"@type":"ListItem","position":3,"name":"Levande ord"}]},{"@type":"WebSite","@id":"https:\/\/www.varkstaden.se\/bokhandel\/#website","url":"https:\/\/www.varkstaden.se\/bokhandel\/","name":"V\u00c4RKSTADSBOKHANDELN","description":"","publisher":{"@id":"https:\/\/www.varkstaden.se\/bokhandel\/#organization"},"potentialAction":[{"@type":"SearchAction","target":{"@type":"EntryPoint","urlTemplate":"https:\/\/www.varkstaden.se\/bokhandel\/?s={search_term_string}"},"query-input":{"@type":"PropertyValueSpecification","valueRequired":true,"valueName":"search_term_string"}}],"inLanguage":"sv-SE"},{"@type":"Organization","@id":"https:\/\/www.varkstaden.se\/bokhandel\/#organization","name":"V\u00e4rkstaden GB AB","url":"https:\/\/www.varkstaden.se\/bokhandel\/","logo":{"@type":"ImageObject","inLanguage":"sv-SE","@id":"https:\/\/www.varkstaden.se\/bokhandel\/#\/schema\/logo\/image\/","url":"https:\/\/www.varkstaden.se\/bokhandel\/wp-content\/uploads\/2017\/09\/cropped-bokhandel-e1543669762370-1.jpg","contentUrl":"https:\/\/www.varkstaden.se\/bokhandel\/wp-content\/uploads\/2017\/09\/cropped-bokhandel-e1543669762370-1.jpg","width":1000,"height":525,"caption":"V\u00e4rkstaden GB AB"},"image":{"@id":"https:\/\/www.varkstaden.se\/bokhandel\/#\/schema\/logo\/image\/"}}]}},"_links":{"self":[{"href":"https:\/\/www.varkstaden.se\/bokhandel\/wp-json\/wp\/v2\/product\/110","targetHints":{"allow":["GET"]}}],"collection":[{"href":"https:\/\/www.varkstaden.se\/bokhandel\/wp-json\/wp\/v2\/product"}],"about":[{"href":"https:\/\/www.varkstaden.se\/bokhandel\/wp-json\/wp\/v2\/types\/product"}],"replies":[{"embeddable":true,"href":"https:\/\/www.varkstaden.se\/bokhandel\/wp-json\/wp\/v2\/comments?post=110"}],"wp:featuredmedia":[{"embeddable":true,"href":"https:\/\/www.varkstaden.se\/bokhandel\/wp-json\/wp\/v2\/media\/111"}],"wp:attachment":[{"href":"https:\/\/www.varkstaden.se\/bokhandel\/wp-json\/wp\/v2\/media?parent=110"}],"wp:term":[{"taxonomy":"product_brand","embeddable":true,"href":"https:\/\/www.varkstaden.se\/bokhandel\/wp-json\/wp\/v2\/product_brand?post=110"},{"taxonomy":"product_cat","embeddable":true,"href":"https:\/\/www.varkstaden.se\/bokhandel\/wp-json\/wp\/v2\/product_cat?post=110"},{"taxonomy":"product_tag","embeddable":true,"href":"https:\/\/www.varkstaden.se\/bokhandel\/wp-json\/wp\/v2\/product_tag?post=110"}],"curies":[{"name":"wp","href":"https:\/\/api.w.org\/{rel}","templated":true}]}}