{"id":106,"date":"2015-01-31T08:30:08","date_gmt":"2015-01-31T08:30:08","guid":{"rendered":"http:\/\/www.varkstaden.se\/bokhandel2\/?post_type=product&#038;p=106"},"modified":"2021-11-25T07:52:56","modified_gmt":"2021-11-25T07:52:56","slug":"avskriven","status":"publish","type":"product","link":"https:\/\/www.varkstaden.se\/bokhandel\/produkt\/avskriven\/","title":{"rendered":"Avskriven"},"content":{"rendered":"<p align=\"JUSTIFY\">I f\u00f6rsta delen av boken beskriver jag en \u00e5tta \u00e5r l\u00e5ng v\u00e5rdprocess p\u00e5 2000-talet. I andra delen beskriver jag min syn p\u00e5 sjukv\u00e5rden och hur den har utvecklats under senare \u00e5r n\u00e4r pengarna, i st\u00e4llet f\u00f6r patienterna, har kommit att st\u00e5 i centrum.<\/p>\n<p align=\"JUSTIFY\">Titeln &#8220;Avskriven!&#8221; speglar alla de instanser i sjukv\u00e5rden d\u00e4r jag har blivit avskriven i jakten p\u00e5 en rimlig f\u00f6rklaring till mina symtom. I dagens sjukv\u00e5rd k\u00e4nner sig m\u00e5nga patienter mer som avskrivna f\u00f6rem\u00e5l \u00e4n som levande m\u00e4nniskor. Boken handlar om borrelia och hj\u00e4rntr\u00f6tthet, och vad tr\u00f6ttheten kan t\u00e4nkas bero p\u00e5. Den handlar ocks\u00e5 om v\u00e5rdens produktivitet och effektivitet, kortsiktighet och l\u00e5ngsiktighet, ers\u00e4ttningssystem och budgetkriser samt hur empatin i sjukv\u00e5rden har minskat i takt med \u00f6kade effektiviseringar.<\/p>\n<p align=\"JUSTIFY\">Bokens m\u00e5lgrupp \u00e4r i f\u00f6rsta hand alla de som arbetar i sjukv\u00e5rden, men jag kan t\u00e4nka mig att patienter som \u00e4r beroende av sjukv\u00e5rd ocks\u00e5 kan ha nytta av att l\u00e4sa den, liksom de som misst\u00e4nker sig ha, eller ha haft, en borreliasjukdom, eller \u00e4r hj\u00e4rntr\u00f6tta av andra orsaker. En tredje m\u00e5lgrupp \u00e4r de som forskar p\u00e5 hj\u00e4rntr\u00f6tthet och mikroglial aktivering, ett hett forsknings\u00e4mne f\u00f6r n\u00e4rvarande.<\/p>\n<p align=\"JUSTIFY\">Syftet \u00e4r att skapa debatt om vart sjukv\u00e5rden \u00e4r p\u00e5 v\u00e4g. Kanh\u00e4nda kan boken anv\u00e4ndas i samtalsgrupper f\u00f6r att utveckla v\u00e5rden i en riktning som g\u00f6r att patienterna blir mer n\u00f6jda. L\u00e4kare och kliniker anges inte med namn. Ett undantag finns dock, och det \u00e4r en l\u00e4kare som f\u00f6rtj\u00e4nar att hyllas.<\/p>\n<p>&nbsp;<\/p>\n","protected":false},"excerpt":{"rendered":"<p>I f\u00f6rsta delen av boken beskriver jag en \u00e5tta \u00e5r l\u00e5ng v\u00e5rdprocess p\u00e5 2000-talet. I andra delen beskriver jag min syn p\u00e5 sjukv\u00e5rden och hur den har utvecklats under senare \u00e5r n\u00e4r pengarna, i st\u00e4llet f\u00f6r patienterna, har kommit att &hellip;<\/p>\n<p class=\"read-more\"> <a class=\"more-link\" href=\"https:\/\/www.varkstaden.se\/bokhandel\/produkt\/avskriven\/\"> <span class=\"screen-reader-text\">Avskriven<\/span> L\u00e4s mer &raquo;<\/a><\/p>\n","protected":false},"featured_media":107,"comment_status":"open","ping_status":"closed","template":"","meta":[],"product_brand":[],"product_cat":[12],"product_tag":[],"class_list":{"0":"post-106","1":"product","2":"type-product","3":"status-publish","4":"has-post-thumbnail","6":"product_cat-sjalvbiografier","8":"first","9":"instock","10":"sale","11":"featured","12":"taxable","13":"shipping-taxable","14":"purchasable","15":"product-type-simple"},"yoast_head":"<!-- This site is optimized with the Yoast SEO plugin v27.4 - https:\/\/yoast.com\/product\/yoast-seo-wordpress\/ -->\n<title>Avskriven - om en empatisl\u00f6s sjukv\u00e5rd med pengar i centrum.<\/title>\n<meta name=\"description\" content=\"Titeln &quot;Avskriven!&quot; speglar alla de instanser i en empatil\u00f6s sjukv\u00e5rd med pengar i centrum d\u00e4r jag har blivit avskriven i jakt p\u00e5 en rimlig f\u00f6rklaring till mina symtom.\" \/>\n<meta name=\"robots\" content=\"index, follow, max-snippet:-1, max-image-preview:large, max-video-preview:-1\" \/>\n<link rel=\"canonical\" href=\"https:\/\/www.varkstaden.se\/bokhandel\/produkt\/avskriven\/\" \/>\n<meta property=\"og:locale\" content=\"sv_SE\" \/>\n<meta property=\"og:type\" content=\"article\" \/>\n<meta property=\"og:title\" content=\"Avskriven - om en empatisl\u00f6s sjukv\u00e5rd med pengar i centrum.\" \/>\n<meta property=\"og:description\" content=\"Titeln &quot;Avskriven!&quot; speglar alla de instanser i en empatil\u00f6s sjukv\u00e5rd med pengar i centrum d\u00e4r jag har blivit avskriven i jakt p\u00e5 en rimlig f\u00f6rklaring till mina symtom.\" \/>\n<meta property=\"og:url\" content=\"https:\/\/www.varkstaden.se\/bokhandel\/produkt\/avskriven\/\" \/>\n<meta property=\"og:site_name\" content=\"V\u00c4RKSTADSBOKHANDELN, webbmaster: Gunilla Brattberg\" \/>\n<meta property=\"article:modified_time\" content=\"2021-11-25T07:52:56+00:00\" \/>\n<meta property=\"og:image\" content=\"https:\/\/www.varkstaden.se\/bokhandel\/wp-content\/uploads\/2015\/01\/Avskriven.jpg\" \/>\n\t<meta property=\"og:image:width\" content=\"1711\" \/>\n\t<meta property=\"og:image:height\" content=\"2344\" \/>\n\t<meta property=\"og:image:type\" content=\"image\/jpeg\" \/>\n<meta name=\"twitter:card\" content=\"summary_large_image\" \/>\n<meta name=\"twitter:label1\" content=\"Ber\u00e4knad l\u00e4stid\" \/>\n\t<meta name=\"twitter:data1\" content=\"1 minut\" \/>\n<script type=\"application\/ld+json\" class=\"yoast-schema-graph\">{\"@context\":\"https:\\\/\\\/schema.org\",\"@graph\":[{\"@type\":\"WebPage\",\"@id\":\"https:\\\/\\\/www.varkstaden.se\\\/bokhandel\\\/produkt\\\/avskriven\\\/\",\"url\":\"https:\\\/\\\/www.varkstaden.se\\\/bokhandel\\\/produkt\\\/avskriven\\\/\",\"name\":\"Avskriven - om en empatisl\u00f6s sjukv\u00e5rd med pengar i centrum.\",\"isPartOf\":{\"@id\":\"https:\\\/\\\/www.varkstaden.se\\\/bokhandel\\\/#website\"},\"primaryImageOfPage\":{\"@id\":\"https:\\\/\\\/www.varkstaden.se\\\/bokhandel\\\/produkt\\\/avskriven\\\/#primaryimage\"},\"image\":{\"@id\":\"https:\\\/\\\/www.varkstaden.se\\\/bokhandel\\\/produkt\\\/avskriven\\\/#primaryimage\"},\"thumbnailUrl\":\"https:\\\/\\\/www.varkstaden.se\\\/bokhandel\\\/wp-content\\\/uploads\\\/2015\\\/01\\\/Avskriven.jpg\",\"datePublished\":\"2015-01-31T08:30:08+00:00\",\"dateModified\":\"2021-11-25T07:52:56+00:00\",\"description\":\"Titeln \\\"Avskriven!\\\" speglar alla de instanser i en empatil\u00f6s sjukv\u00e5rd med pengar i centrum d\u00e4r jag har blivit avskriven i jakt p\u00e5 en rimlig f\u00f6rklaring till mina symtom.\",\"breadcrumb\":{\"@id\":\"https:\\\/\\\/www.varkstaden.se\\\/bokhandel\\\/produkt\\\/avskriven\\\/#breadcrumb\"},\"inLanguage\":\"sv-SE\",\"potentialAction\":[{\"@type\":\"ReadAction\",\"target\":[\"https:\\\/\\\/www.varkstaden.se\\\/bokhandel\\\/produkt\\\/avskriven\\\/\"]}]},{\"@type\":\"ImageObject\",\"inLanguage\":\"sv-SE\",\"@id\":\"https:\\\/\\\/www.varkstaden.se\\\/bokhandel\\\/produkt\\\/avskriven\\\/#primaryimage\",\"url\":\"https:\\\/\\\/www.varkstaden.se\\\/bokhandel\\\/wp-content\\\/uploads\\\/2015\\\/01\\\/Avskriven.jpg\",\"contentUrl\":\"https:\\\/\\\/www.varkstaden.se\\\/bokhandel\\\/wp-content\\\/uploads\\\/2015\\\/01\\\/Avskriven.jpg\",\"width\":1711,\"height\":2344,\"caption\":\"Avskriven! Om en empatil\u00f6s sjukv\u00e5rd med pengar i centrum\"},{\"@type\":\"BreadcrumbList\",\"@id\":\"https:\\\/\\\/www.varkstaden.se\\\/bokhandel\\\/produkt\\\/avskriven\\\/#breadcrumb\",\"itemListElement\":[{\"@type\":\"ListItem\",\"position\":1,\"name\":\"Hem\",\"item\":\"https:\\\/\\\/www.varkstaden.se\\\/bokhandel\\\/\"},{\"@type\":\"ListItem\",\"position\":2,\"name\":\"Webbutik\",\"item\":\"https:\\\/\\\/www.varkstaden.se\\\/bokhandel\\\/\"},{\"@type\":\"ListItem\",\"position\":3,\"name\":\"Avskriven\"}]},{\"@type\":\"WebSite\",\"@id\":\"https:\\\/\\\/www.varkstaden.se\\\/bokhandel\\\/#website\",\"url\":\"https:\\\/\\\/www.varkstaden.se\\\/bokhandel\\\/\",\"name\":\"V\u00c4RKSTADSBOKHANDELN\",\"description\":\"\",\"publisher\":{\"@id\":\"https:\\\/\\\/www.varkstaden.se\\\/bokhandel\\\/#organization\"},\"potentialAction\":[{\"@type\":\"SearchAction\",\"target\":{\"@type\":\"EntryPoint\",\"urlTemplate\":\"https:\\\/\\\/www.varkstaden.se\\\/bokhandel\\\/?s={search_term_string}\"},\"query-input\":{\"@type\":\"PropertyValueSpecification\",\"valueRequired\":true,\"valueName\":\"search_term_string\"}}],\"inLanguage\":\"sv-SE\"},{\"@type\":\"Organization\",\"@id\":\"https:\\\/\\\/www.varkstaden.se\\\/bokhandel\\\/#organization\",\"name\":\"V\u00e4rkstaden GB AB\",\"url\":\"https:\\\/\\\/www.varkstaden.se\\\/bokhandel\\\/\",\"logo\":{\"@type\":\"ImageObject\",\"inLanguage\":\"sv-SE\",\"@id\":\"https:\\\/\\\/www.varkstaden.se\\\/bokhandel\\\/#\\\/schema\\\/logo\\\/image\\\/\",\"url\":\"https:\\\/\\\/www.varkstaden.se\\\/bokhandel\\\/wp-content\\\/uploads\\\/2017\\\/09\\\/cropped-bokhandel-e1543669762370-1.jpg\",\"contentUrl\":\"https:\\\/\\\/www.varkstaden.se\\\/bokhandel\\\/wp-content\\\/uploads\\\/2017\\\/09\\\/cropped-bokhandel-e1543669762370-1.jpg\",\"width\":1000,\"height\":525,\"caption\":\"V\u00e4rkstaden GB AB\"},\"image\":{\"@id\":\"https:\\\/\\\/www.varkstaden.se\\\/bokhandel\\\/#\\\/schema\\\/logo\\\/image\\\/\"}}]}<\/script>\n<!-- \/ Yoast SEO plugin. -->","yoast_head_json":{"title":"Avskriven - om en empatisl\u00f6s sjukv\u00e5rd med pengar i centrum.","description":"Titeln \"Avskriven!\" speglar alla de instanser i en empatil\u00f6s sjukv\u00e5rd med pengar i centrum d\u00e4r jag har blivit avskriven i jakt p\u00e5 en rimlig f\u00f6rklaring till mina symtom.","robots":{"index":"index","follow":"follow","max-snippet":"max-snippet:-1","max-image-preview":"max-image-preview:large","max-video-preview":"max-video-preview:-1"},"canonical":"https:\/\/www.varkstaden.se\/bokhandel\/produkt\/avskriven\/","og_locale":"sv_SE","og_type":"article","og_title":"Avskriven - om en empatisl\u00f6s sjukv\u00e5rd med pengar i centrum.","og_description":"Titeln \"Avskriven!\" speglar alla de instanser i en empatil\u00f6s sjukv\u00e5rd med pengar i centrum d\u00e4r jag har blivit avskriven i jakt p\u00e5 en rimlig f\u00f6rklaring till mina symtom.","og_url":"https:\/\/www.varkstaden.se\/bokhandel\/produkt\/avskriven\/","og_site_name":"V\u00c4RKSTADSBOKHANDELN, webbmaster: Gunilla Brattberg","article_modified_time":"2021-11-25T07:52:56+00:00","og_image":[{"width":1711,"height":2344,"url":"https:\/\/www.varkstaden.se\/bokhandel\/wp-content\/uploads\/2015\/01\/Avskriven.jpg","type":"image\/jpeg"}],"twitter_card":"summary_large_image","twitter_misc":{"Ber\u00e4knad l\u00e4stid":"1 minut"},"schema":{"@context":"https:\/\/schema.org","@graph":[{"@type":"WebPage","@id":"https:\/\/www.varkstaden.se\/bokhandel\/produkt\/avskriven\/","url":"https:\/\/www.varkstaden.se\/bokhandel\/produkt\/avskriven\/","name":"Avskriven - om en empatisl\u00f6s sjukv\u00e5rd med pengar i centrum.","isPartOf":{"@id":"https:\/\/www.varkstaden.se\/bokhandel\/#website"},"primaryImageOfPage":{"@id":"https:\/\/www.varkstaden.se\/bokhandel\/produkt\/avskriven\/#primaryimage"},"image":{"@id":"https:\/\/www.varkstaden.se\/bokhandel\/produkt\/avskriven\/#primaryimage"},"thumbnailUrl":"https:\/\/www.varkstaden.se\/bokhandel\/wp-content\/uploads\/2015\/01\/Avskriven.jpg","datePublished":"2015-01-31T08:30:08+00:00","dateModified":"2021-11-25T07:52:56+00:00","description":"Titeln \"Avskriven!\" speglar alla de instanser i en empatil\u00f6s sjukv\u00e5rd med pengar i centrum d\u00e4r jag har blivit avskriven i jakt p\u00e5 en rimlig f\u00f6rklaring till mina symtom.","breadcrumb":{"@id":"https:\/\/www.varkstaden.se\/bokhandel\/produkt\/avskriven\/#breadcrumb"},"inLanguage":"sv-SE","potentialAction":[{"@type":"ReadAction","target":["https:\/\/www.varkstaden.se\/bokhandel\/produkt\/avskriven\/"]}]},{"@type":"ImageObject","inLanguage":"sv-SE","@id":"https:\/\/www.varkstaden.se\/bokhandel\/produkt\/avskriven\/#primaryimage","url":"https:\/\/www.varkstaden.se\/bokhandel\/wp-content\/uploads\/2015\/01\/Avskriven.jpg","contentUrl":"https:\/\/www.varkstaden.se\/bokhandel\/wp-content\/uploads\/2015\/01\/Avskriven.jpg","width":1711,"height":2344,"caption":"Avskriven! Om en empatil\u00f6s sjukv\u00e5rd med pengar i centrum"},{"@type":"BreadcrumbList","@id":"https:\/\/www.varkstaden.se\/bokhandel\/produkt\/avskriven\/#breadcrumb","itemListElement":[{"@type":"ListItem","position":1,"name":"Hem","item":"https:\/\/www.varkstaden.se\/bokhandel\/"},{"@type":"ListItem","position":2,"name":"Webbutik","item":"https:\/\/www.varkstaden.se\/bokhandel\/"},{"@type":"ListItem","position":3,"name":"Avskriven"}]},{"@type":"WebSite","@id":"https:\/\/www.varkstaden.se\/bokhandel\/#website","url":"https:\/\/www.varkstaden.se\/bokhandel\/","name":"V\u00c4RKSTADSBOKHANDELN","description":"","publisher":{"@id":"https:\/\/www.varkstaden.se\/bokhandel\/#organization"},"potentialAction":[{"@type":"SearchAction","target":{"@type":"EntryPoint","urlTemplate":"https:\/\/www.varkstaden.se\/bokhandel\/?s={search_term_string}"},"query-input":{"@type":"PropertyValueSpecification","valueRequired":true,"valueName":"search_term_string"}}],"inLanguage":"sv-SE"},{"@type":"Organization","@id":"https:\/\/www.varkstaden.se\/bokhandel\/#organization","name":"V\u00e4rkstaden GB AB","url":"https:\/\/www.varkstaden.se\/bokhandel\/","logo":{"@type":"ImageObject","inLanguage":"sv-SE","@id":"https:\/\/www.varkstaden.se\/bokhandel\/#\/schema\/logo\/image\/","url":"https:\/\/www.varkstaden.se\/bokhandel\/wp-content\/uploads\/2017\/09\/cropped-bokhandel-e1543669762370-1.jpg","contentUrl":"https:\/\/www.varkstaden.se\/bokhandel\/wp-content\/uploads\/2017\/09\/cropped-bokhandel-e1543669762370-1.jpg","width":1000,"height":525,"caption":"V\u00e4rkstaden GB AB"},"image":{"@id":"https:\/\/www.varkstaden.se\/bokhandel\/#\/schema\/logo\/image\/"}}]}},"_links":{"self":[{"href":"https:\/\/www.varkstaden.se\/bokhandel\/wp-json\/wp\/v2\/product\/106","targetHints":{"allow":["GET"]}}],"collection":[{"href":"https:\/\/www.varkstaden.se\/bokhandel\/wp-json\/wp\/v2\/product"}],"about":[{"href":"https:\/\/www.varkstaden.se\/bokhandel\/wp-json\/wp\/v2\/types\/product"}],"replies":[{"embeddable":true,"href":"https:\/\/www.varkstaden.se\/bokhandel\/wp-json\/wp\/v2\/comments?post=106"}],"wp:featuredmedia":[{"embeddable":true,"href":"https:\/\/www.varkstaden.se\/bokhandel\/wp-json\/wp\/v2\/media\/107"}],"wp:attachment":[{"href":"https:\/\/www.varkstaden.se\/bokhandel\/wp-json\/wp\/v2\/media?parent=106"}],"wp:term":[{"taxonomy":"product_brand","embeddable":true,"href":"https:\/\/www.varkstaden.se\/bokhandel\/wp-json\/wp\/v2\/product_brand?post=106"},{"taxonomy":"product_cat","embeddable":true,"href":"https:\/\/www.varkstaden.se\/bokhandel\/wp-json\/wp\/v2\/product_cat?post=106"},{"taxonomy":"product_tag","embeddable":true,"href":"https:\/\/www.varkstaden.se\/bokhandel\/wp-json\/wp\/v2\/product_tag?post=106"}],"curies":[{"name":"wp","href":"https:\/\/api.w.org\/{rel}","templated":true}]}}