{"id":104,"date":"2015-01-31T08:27:37","date_gmt":"2015-01-31T08:27:37","guid":{"rendered":"http:\/\/www.varkstaden.se\/bokhandel2\/?post_type=product&#038;p=104"},"modified":"2024-03-02T16:02:14","modified_gmt":"2024-03-02T16:02:14","slug":"eft-vid-ptsd","status":"publish","type":"product","link":"https:\/\/www.varkstaden.se\/bokhandel\/produkt\/eft-vid-ptsd\/","title":{"rendered":"EFT vid PTSD"},"content":{"rendered":"<p align=\"JUSTIFY\">Livet g\u00e5r inte i repris. Det m\u00e5ste levas framl\u00e4nges. F\u00f6rr eller senare \u00e4r det dags att s\u00e4ga adj\u00f6 till p\u00e5frestande livsh\u00e4ndelser, inte s\u00e5 att man gl\u00f6mmer dem, men s\u00e5 att de inte l\u00e4ngre suger en massa energi i vardagen. N\u00e4r inget annat har hj\u00e4lpt kan det vara v\u00e4l v\u00e4rt att prova EFT (emotional freedom techniques). EFT liknar inga vanliga psykologiska eller medicinska metoder. Man kan tycka att EFT strider mot allt sunt f\u00f6rnuft, i alla fall om man \u00e4r skolmedicinskt utbildad. EFT kan dock p\u00e5 ett f\u00f6runderligt s\u00e4tt fungera, \u00e4ven om man inte tror p\u00e5 metoden. Man m\u00e5ste ge den en chans innan man d\u00f6mer ut den.<\/p>\n<p align=\"JUSTIFY\">Denna bok fokuserar p\u00e5 EFT vid posttraumatisk stress, PTSD. Metoden som beskrivs \u00e4r dock anv\u00e4ndbar i m\u00e5nga andra situationer n\u00e4r man beh\u00f6ver samla kraft inf\u00f6r olika utmaningar i livet. Boken \u00e4r skriven som en handbok f\u00f6r den som p\u00e5 egen hand vill l\u00e4ra sig att anv\u00e4nda EFT. Den kan naturligtvis ocks\u00e5 anv\u00e4ndas av olika behandlare och terapeuter som arbetar med traumatiserade m\u00e4nniskor.<\/p>\n<p>&nbsp;<\/p>\n","protected":false},"excerpt":{"rendered":"<p>Priset f\u00f6r pappersboken \u00e4r 150 kronor + porto.<\/p>\n<p>Priset f\u00f6r E-boken \u00e4r 110 kronor.<\/p>\n","protected":false},"featured_media":105,"comment_status":"open","ping_status":"closed","template":"","meta":[],"product_brand":[],"product_cat":[18,10,9],"product_tag":[],"class_list":{"0":"post-104","1":"product","2":"type-product","3":"status-publish","4":"has-post-thumbnail","6":"product_cat-e-bocker","7":"product_cat-rehabilitering","8":"product_cat-vark-och-smarta","10":"first","11":"instock","12":"sale","13":"featured","14":"taxable","15":"shipping-taxable","16":"purchasable","17":"product-type-variable"},"yoast_head":"<!-- This site is optimized with the Yoast SEO plugin v27.4 - https:\/\/yoast.com\/product\/yoast-seo-wordpress\/ -->\n<title>EFT vid PTSD - en sj\u00e4lvhj\u00e4lpsbok f\u00f6r den som sitter fast i gamla trauman.<\/title>\n<meta name=\"description\" content=\"Boken \u00e4r som en handbok i EFT (emotional freedom techniques) vid posttraumatisk stress f\u00f6r den som sitter fast i gamla trauman som tar energi i nuet och vill ladda av dessa f\u00f6r att kunna njuta av livet.\" \/>\n<meta name=\"robots\" content=\"index, follow, max-snippet:-1, max-image-preview:large, max-video-preview:-1\" \/>\n<link rel=\"canonical\" href=\"https:\/\/www.varkstaden.se\/bokhandel\/produkt\/eft-vid-ptsd\/\" \/>\n<meta property=\"og:locale\" content=\"sv_SE\" \/>\n<meta property=\"og:type\" content=\"article\" \/>\n<meta property=\"og:title\" content=\"EFT vid PTSD - en sj\u00e4lvhj\u00e4lpsbok f\u00f6r den som sitter fast i gamla trauman.\" \/>\n<meta property=\"og:description\" content=\"Boken \u00e4r som en handbok i EFT (emotional freedom techniques) vid posttraumatisk stress f\u00f6r den som sitter fast i gamla trauman som tar energi i nuet och vill ladda av dessa f\u00f6r att kunna njuta av livet.\" \/>\n<meta property=\"og:url\" content=\"https:\/\/www.varkstaden.se\/bokhandel\/produkt\/eft-vid-ptsd\/\" \/>\n<meta property=\"og:site_name\" content=\"V\u00c4RKSTADSBOKHANDELN, webbmaster: Gunilla Brattberg\" \/>\n<meta property=\"article:modified_time\" content=\"2024-03-02T16:02:14+00:00\" \/>\n<meta property=\"og:image\" content=\"https:\/\/www.varkstaden.se\/bokhandel\/wp-content\/uploads\/2015\/01\/EFT_PTSD.jpg\" \/>\n\t<meta property=\"og:image:width\" content=\"3399\" \/>\n\t<meta property=\"og:image:height\" content=\"4724\" \/>\n\t<meta property=\"og:image:type\" content=\"image\/jpeg\" \/>\n<meta name=\"twitter:card\" content=\"summary_large_image\" \/>\n<meta name=\"twitter:label1\" content=\"Ber\u00e4knad l\u00e4stid\" \/>\n\t<meta name=\"twitter:data1\" content=\"1 minut\" \/>\n<script type=\"application\/ld+json\" class=\"yoast-schema-graph\">{\"@context\":\"https:\\\/\\\/schema.org\",\"@graph\":[{\"@type\":\"WebPage\",\"@id\":\"https:\\\/\\\/www.varkstaden.se\\\/bokhandel\\\/produkt\\\/eft-vid-ptsd\\\/\",\"url\":\"https:\\\/\\\/www.varkstaden.se\\\/bokhandel\\\/produkt\\\/eft-vid-ptsd\\\/\",\"name\":\"EFT vid PTSD - en sj\u00e4lvhj\u00e4lpsbok f\u00f6r den som sitter fast i gamla trauman.\",\"isPartOf\":{\"@id\":\"https:\\\/\\\/www.varkstaden.se\\\/bokhandel\\\/#website\"},\"primaryImageOfPage\":{\"@id\":\"https:\\\/\\\/www.varkstaden.se\\\/bokhandel\\\/produkt\\\/eft-vid-ptsd\\\/#primaryimage\"},\"image\":{\"@id\":\"https:\\\/\\\/www.varkstaden.se\\\/bokhandel\\\/produkt\\\/eft-vid-ptsd\\\/#primaryimage\"},\"thumbnailUrl\":\"https:\\\/\\\/www.varkstaden.se\\\/bokhandel\\\/wp-content\\\/uploads\\\/2015\\\/01\\\/EFT_PTSD-scaled.jpg\",\"datePublished\":\"2015-01-31T08:27:37+00:00\",\"dateModified\":\"2024-03-02T16:02:14+00:00\",\"description\":\"Boken \u00e4r som en handbok i EFT (emotional freedom techniques) vid posttraumatisk stress f\u00f6r den som sitter fast i gamla trauman som tar energi i nuet och vill ladda av dessa f\u00f6r att kunna njuta av livet.\",\"breadcrumb\":{\"@id\":\"https:\\\/\\\/www.varkstaden.se\\\/bokhandel\\\/produkt\\\/eft-vid-ptsd\\\/#breadcrumb\"},\"inLanguage\":\"sv-SE\",\"potentialAction\":[{\"@type\":\"ReadAction\",\"target\":[\"https:\\\/\\\/www.varkstaden.se\\\/bokhandel\\\/produkt\\\/eft-vid-ptsd\\\/\"]}]},{\"@type\":\"ImageObject\",\"inLanguage\":\"sv-SE\",\"@id\":\"https:\\\/\\\/www.varkstaden.se\\\/bokhandel\\\/produkt\\\/eft-vid-ptsd\\\/#primaryimage\",\"url\":\"https:\\\/\\\/www.varkstaden.se\\\/bokhandel\\\/wp-content\\\/uploads\\\/2015\\\/01\\\/EFT_PTSD-scaled.jpg\",\"contentUrl\":\"https:\\\/\\\/www.varkstaden.se\\\/bokhandel\\\/wp-content\\\/uploads\\\/2015\\\/01\\\/EFT_PTSD-scaled.jpg\",\"width\":3399,\"height\":4724,\"caption\":\"EFT vid PTSD\"},{\"@type\":\"BreadcrumbList\",\"@id\":\"https:\\\/\\\/www.varkstaden.se\\\/bokhandel\\\/produkt\\\/eft-vid-ptsd\\\/#breadcrumb\",\"itemListElement\":[{\"@type\":\"ListItem\",\"position\":1,\"name\":\"Hem\",\"item\":\"https:\\\/\\\/www.varkstaden.se\\\/bokhandel\\\/\"},{\"@type\":\"ListItem\",\"position\":2,\"name\":\"Webbutik\",\"item\":\"https:\\\/\\\/www.varkstaden.se\\\/bokhandel\\\/\"},{\"@type\":\"ListItem\",\"position\":3,\"name\":\"EFT vid PTSD\"}]},{\"@type\":\"WebSite\",\"@id\":\"https:\\\/\\\/www.varkstaden.se\\\/bokhandel\\\/#website\",\"url\":\"https:\\\/\\\/www.varkstaden.se\\\/bokhandel\\\/\",\"name\":\"V\u00c4RKSTADSBOKHANDELN\",\"description\":\"\",\"publisher\":{\"@id\":\"https:\\\/\\\/www.varkstaden.se\\\/bokhandel\\\/#organization\"},\"potentialAction\":[{\"@type\":\"SearchAction\",\"target\":{\"@type\":\"EntryPoint\",\"urlTemplate\":\"https:\\\/\\\/www.varkstaden.se\\\/bokhandel\\\/?s={search_term_string}\"},\"query-input\":{\"@type\":\"PropertyValueSpecification\",\"valueRequired\":true,\"valueName\":\"search_term_string\"}}],\"inLanguage\":\"sv-SE\"},{\"@type\":\"Organization\",\"@id\":\"https:\\\/\\\/www.varkstaden.se\\\/bokhandel\\\/#organization\",\"name\":\"V\u00e4rkstaden GB AB\",\"url\":\"https:\\\/\\\/www.varkstaden.se\\\/bokhandel\\\/\",\"logo\":{\"@type\":\"ImageObject\",\"inLanguage\":\"sv-SE\",\"@id\":\"https:\\\/\\\/www.varkstaden.se\\\/bokhandel\\\/#\\\/schema\\\/logo\\\/image\\\/\",\"url\":\"https:\\\/\\\/www.varkstaden.se\\\/bokhandel\\\/wp-content\\\/uploads\\\/2017\\\/09\\\/cropped-bokhandel-e1543669762370-1.jpg\",\"contentUrl\":\"https:\\\/\\\/www.varkstaden.se\\\/bokhandel\\\/wp-content\\\/uploads\\\/2017\\\/09\\\/cropped-bokhandel-e1543669762370-1.jpg\",\"width\":1000,\"height\":525,\"caption\":\"V\u00e4rkstaden GB AB\"},\"image\":{\"@id\":\"https:\\\/\\\/www.varkstaden.se\\\/bokhandel\\\/#\\\/schema\\\/logo\\\/image\\\/\"}}]}<\/script>\n<!-- \/ Yoast SEO plugin. -->","yoast_head_json":{"title":"EFT vid PTSD - en sj\u00e4lvhj\u00e4lpsbok f\u00f6r den som sitter fast i gamla trauman.","description":"Boken \u00e4r som en handbok i EFT (emotional freedom techniques) vid posttraumatisk stress f\u00f6r den som sitter fast i gamla trauman som tar energi i nuet och vill ladda av dessa f\u00f6r att kunna njuta av livet.","robots":{"index":"index","follow":"follow","max-snippet":"max-snippet:-1","max-image-preview":"max-image-preview:large","max-video-preview":"max-video-preview:-1"},"canonical":"https:\/\/www.varkstaden.se\/bokhandel\/produkt\/eft-vid-ptsd\/","og_locale":"sv_SE","og_type":"article","og_title":"EFT vid PTSD - en sj\u00e4lvhj\u00e4lpsbok f\u00f6r den som sitter fast i gamla trauman.","og_description":"Boken \u00e4r som en handbok i EFT (emotional freedom techniques) vid posttraumatisk stress f\u00f6r den som sitter fast i gamla trauman som tar energi i nuet och vill ladda av dessa f\u00f6r att kunna njuta av livet.","og_url":"https:\/\/www.varkstaden.se\/bokhandel\/produkt\/eft-vid-ptsd\/","og_site_name":"V\u00c4RKSTADSBOKHANDELN, webbmaster: Gunilla Brattberg","article_modified_time":"2024-03-02T16:02:14+00:00","og_image":[{"width":3399,"height":4724,"url":"https:\/\/www.varkstaden.se\/bokhandel\/wp-content\/uploads\/2015\/01\/EFT_PTSD.jpg","type":"image\/jpeg"}],"twitter_card":"summary_large_image","twitter_misc":{"Ber\u00e4knad l\u00e4stid":"1 minut"},"schema":{"@context":"https:\/\/schema.org","@graph":[{"@type":"WebPage","@id":"https:\/\/www.varkstaden.se\/bokhandel\/produkt\/eft-vid-ptsd\/","url":"https:\/\/www.varkstaden.se\/bokhandel\/produkt\/eft-vid-ptsd\/","name":"EFT vid PTSD - en sj\u00e4lvhj\u00e4lpsbok f\u00f6r den som sitter fast i gamla trauman.","isPartOf":{"@id":"https:\/\/www.varkstaden.se\/bokhandel\/#website"},"primaryImageOfPage":{"@id":"https:\/\/www.varkstaden.se\/bokhandel\/produkt\/eft-vid-ptsd\/#primaryimage"},"image":{"@id":"https:\/\/www.varkstaden.se\/bokhandel\/produkt\/eft-vid-ptsd\/#primaryimage"},"thumbnailUrl":"https:\/\/www.varkstaden.se\/bokhandel\/wp-content\/uploads\/2015\/01\/EFT_PTSD-scaled.jpg","datePublished":"2015-01-31T08:27:37+00:00","dateModified":"2024-03-02T16:02:14+00:00","description":"Boken \u00e4r som en handbok i EFT (emotional freedom techniques) vid posttraumatisk stress f\u00f6r den som sitter fast i gamla trauman som tar energi i nuet och vill ladda av dessa f\u00f6r att kunna njuta av livet.","breadcrumb":{"@id":"https:\/\/www.varkstaden.se\/bokhandel\/produkt\/eft-vid-ptsd\/#breadcrumb"},"inLanguage":"sv-SE","potentialAction":[{"@type":"ReadAction","target":["https:\/\/www.varkstaden.se\/bokhandel\/produkt\/eft-vid-ptsd\/"]}]},{"@type":"ImageObject","inLanguage":"sv-SE","@id":"https:\/\/www.varkstaden.se\/bokhandel\/produkt\/eft-vid-ptsd\/#primaryimage","url":"https:\/\/www.varkstaden.se\/bokhandel\/wp-content\/uploads\/2015\/01\/EFT_PTSD-scaled.jpg","contentUrl":"https:\/\/www.varkstaden.se\/bokhandel\/wp-content\/uploads\/2015\/01\/EFT_PTSD-scaled.jpg","width":3399,"height":4724,"caption":"EFT vid PTSD"},{"@type":"BreadcrumbList","@id":"https:\/\/www.varkstaden.se\/bokhandel\/produkt\/eft-vid-ptsd\/#breadcrumb","itemListElement":[{"@type":"ListItem","position":1,"name":"Hem","item":"https:\/\/www.varkstaden.se\/bokhandel\/"},{"@type":"ListItem","position":2,"name":"Webbutik","item":"https:\/\/www.varkstaden.se\/bokhandel\/"},{"@type":"ListItem","position":3,"name":"EFT vid PTSD"}]},{"@type":"WebSite","@id":"https:\/\/www.varkstaden.se\/bokhandel\/#website","url":"https:\/\/www.varkstaden.se\/bokhandel\/","name":"V\u00c4RKSTADSBOKHANDELN","description":"","publisher":{"@id":"https:\/\/www.varkstaden.se\/bokhandel\/#organization"},"potentialAction":[{"@type":"SearchAction","target":{"@type":"EntryPoint","urlTemplate":"https:\/\/www.varkstaden.se\/bokhandel\/?s={search_term_string}"},"query-input":{"@type":"PropertyValueSpecification","valueRequired":true,"valueName":"search_term_string"}}],"inLanguage":"sv-SE"},{"@type":"Organization","@id":"https:\/\/www.varkstaden.se\/bokhandel\/#organization","name":"V\u00e4rkstaden GB AB","url":"https:\/\/www.varkstaden.se\/bokhandel\/","logo":{"@type":"ImageObject","inLanguage":"sv-SE","@id":"https:\/\/www.varkstaden.se\/bokhandel\/#\/schema\/logo\/image\/","url":"https:\/\/www.varkstaden.se\/bokhandel\/wp-content\/uploads\/2017\/09\/cropped-bokhandel-e1543669762370-1.jpg","contentUrl":"https:\/\/www.varkstaden.se\/bokhandel\/wp-content\/uploads\/2017\/09\/cropped-bokhandel-e1543669762370-1.jpg","width":1000,"height":525,"caption":"V\u00e4rkstaden GB AB"},"image":{"@id":"https:\/\/www.varkstaden.se\/bokhandel\/#\/schema\/logo\/image\/"}}]}},"_links":{"self":[{"href":"https:\/\/www.varkstaden.se\/bokhandel\/wp-json\/wp\/v2\/product\/104","targetHints":{"allow":["GET"]}}],"collection":[{"href":"https:\/\/www.varkstaden.se\/bokhandel\/wp-json\/wp\/v2\/product"}],"about":[{"href":"https:\/\/www.varkstaden.se\/bokhandel\/wp-json\/wp\/v2\/types\/product"}],"replies":[{"embeddable":true,"href":"https:\/\/www.varkstaden.se\/bokhandel\/wp-json\/wp\/v2\/comments?post=104"}],"wp:featuredmedia":[{"embeddable":true,"href":"https:\/\/www.varkstaden.se\/bokhandel\/wp-json\/wp\/v2\/media\/105"}],"wp:attachment":[{"href":"https:\/\/www.varkstaden.se\/bokhandel\/wp-json\/wp\/v2\/media?parent=104"}],"wp:term":[{"taxonomy":"product_brand","embeddable":true,"href":"https:\/\/www.varkstaden.se\/bokhandel\/wp-json\/wp\/v2\/product_brand?post=104"},{"taxonomy":"product_cat","embeddable":true,"href":"https:\/\/www.varkstaden.se\/bokhandel\/wp-json\/wp\/v2\/product_cat?post=104"},{"taxonomy":"product_tag","embeddable":true,"href":"https:\/\/www.varkstaden.se\/bokhandel\/wp-json\/wp\/v2\/product_tag?post=104"}],"curies":[{"name":"wp","href":"https:\/\/api.w.org\/{rel}","templated":true}]}}