{"id":102,"date":"2015-01-31T08:20:35","date_gmt":"2015-01-31T08:20:35","guid":{"rendered":"http:\/\/www.varkstaden.se\/bokhandel2\/?post_type=product&#038;p=102"},"modified":"2021-11-25T07:52:06","modified_gmt":"2021-11-25T07:52:06","slug":"emotionella-avslut","status":"publish","type":"product","link":"https:\/\/www.varkstaden.se\/bokhandel\/produkt\/emotionella-avslut\/","title":{"rendered":"Emotionella avslut"},"content":{"rendered":"<p align=\"JUSTIFY\">I \u00f6ver 40 \u00e5r har jag arbetat med l\u00e5ngtidssjukskrivna sm\u00e4rtpatienter. De har kommit f\u00f6r sm\u00e4rta i kroppen, men vid n\u00e4rmare analys har hela livet varit sm\u00e4rtsamt. Ilska och bitterhet har gjort dem till tryckkokare. I livsn\u00e4ra existentiella samtal har de kunnat sl\u00e4ppa ut sin ilska, l\u00e4mna bitterheten och g\u00f6ra emotionella avslut p\u00e5 det jobbiga. Den sm\u00e4rta som d\u00e4refter kvarst\u00e5tt har det g\u00e5tt bra att leva med.<\/p>\n<p align=\"JUSTIFY\">Jag har egen erfarenhet av professionella och privata avslut, bra och mindre bra avslut samt d\u00e5liga och helt miserabla avslut. Detta har f\u00e5tt mig att inse vikten av att g\u00f6ra bra emotionella avslut, i f\u00f6rsta hand p\u00e5 relationer av olika slag.<\/p>\n<p>Min erfarenhet har jag f\u00f6rmedlat i 35 b\u00f6cker. M\u00e5nga har upplevt mina b\u00f6cker som instruktionsb\u00f6cker till livet. I denna bok fokuserar jag p\u00e5 emotionella avslut. Boken \u00e4r ingen utt\u00f6mmande handbok i hur man g\u00f6r s\u00e5dana avslut. Syftet \u00e4r snarare att ge l\u00e4saren insikt i hur viktigt det \u00e4r att g\u00f6ra emotionella avslut d\u00e4r s\u00e5 beh\u00f6vs. N\u00e5gra exempel p\u00e5 hur man kan g\u00f6ra i olika situationer som beh\u00f6ver avslutas presenteras ocks\u00e5.<\/p>\n<p>&nbsp;<\/p>\n","protected":false},"excerpt":{"rendered":"<p>Priset f\u00f6r pappersboken \u00e4r 120 kronor + porto.<\/p>\n<p>Priset f\u00f6r E-boken \u00e4r 100 kronor.<\/p>\n","protected":false},"featured_media":103,"comment_status":"open","ping_status":"closed","template":"","meta":[],"product_brand":[],"product_cat":[18,13,10],"product_tag":[],"class_list":{"0":"post-102","1":"product","2":"type-product","3":"status-publish","4":"has-post-thumbnail","6":"product_cat-e-bocker","7":"product_cat-livsvisdom-och-klokskap","8":"product_cat-rehabilitering","10":"first","11":"instock","12":"sale","13":"featured","14":"taxable","15":"shipping-taxable","16":"purchasable","17":"product-type-variable"},"yoast_head":"<!-- This site is optimized with the Yoast SEO plugin v27.4 - https:\/\/yoast.com\/product\/yoast-seo-wordpress\/ -->\n<title>Emotionella avslut, en bok f\u00f6r den som har k\u00f6rt fast i livet.<\/title>\n<meta name=\"description\" content=\"Emotionella avslut \u00e4r ibland n\u00f6dv\u00e4ndiga f\u00f6r att man ska komma vidare i livet. Syftet med boken \u00e4r att ge l\u00e4saren insikt om hur viktigt det \u00e4r med emotionella avslut och det ges exempel p\u00e5 hur man kan g\u00f6ra i olika situationer.\" \/>\n<meta name=\"robots\" content=\"index, follow, max-snippet:-1, max-image-preview:large, max-video-preview:-1\" \/>\n<link rel=\"canonical\" href=\"https:\/\/www.varkstaden.se\/bokhandel\/produkt\/emotionella-avslut\/\" \/>\n<meta property=\"og:locale\" content=\"sv_SE\" \/>\n<meta property=\"og:type\" content=\"article\" \/>\n<meta property=\"og:title\" content=\"Emotionella avslut, en bok f\u00f6r den som har k\u00f6rt fast i livet.\" \/>\n<meta property=\"og:description\" content=\"Emotionella avslut \u00e4r ibland n\u00f6dv\u00e4ndiga f\u00f6r att man ska komma vidare i livet. Syftet med boken \u00e4r att ge l\u00e4saren insikt om hur viktigt det \u00e4r med emotionella avslut och det ges exempel p\u00e5 hur man kan g\u00f6ra i olika situationer.\" \/>\n<meta property=\"og:url\" content=\"https:\/\/www.varkstaden.se\/bokhandel\/produkt\/emotionella-avslut\/\" \/>\n<meta property=\"og:site_name\" content=\"V\u00c4RKSTADSBOKHANDELN, webbmaster: Gunilla Brattberg\" \/>\n<meta property=\"article:modified_time\" content=\"2021-11-25T07:52:06+00:00\" \/>\n<meta property=\"og:image\" content=\"https:\/\/www.varkstaden.se\/bokhandel\/wp-content\/uploads\/2015\/01\/avslut_bokomslag.jpg\" \/>\n\t<meta property=\"og:image:width\" content=\"389\" \/>\n\t<meta property=\"og:image:height\" content=\"574\" \/>\n\t<meta property=\"og:image:type\" content=\"image\/jpeg\" \/>\n<meta name=\"twitter:card\" content=\"summary_large_image\" \/>\n<meta name=\"twitter:label1\" content=\"Ber\u00e4knad l\u00e4stid\" \/>\n\t<meta name=\"twitter:data1\" content=\"1 minut\" \/>\n<script type=\"application\/ld+json\" class=\"yoast-schema-graph\">{\"@context\":\"https:\\\/\\\/schema.org\",\"@graph\":[{\"@type\":\"WebPage\",\"@id\":\"https:\\\/\\\/www.varkstaden.se\\\/bokhandel\\\/produkt\\\/emotionella-avslut\\\/\",\"url\":\"https:\\\/\\\/www.varkstaden.se\\\/bokhandel\\\/produkt\\\/emotionella-avslut\\\/\",\"name\":\"Emotionella avslut, en bok f\u00f6r den som har k\u00f6rt fast i livet.\",\"isPartOf\":{\"@id\":\"https:\\\/\\\/www.varkstaden.se\\\/bokhandel\\\/#website\"},\"primaryImageOfPage\":{\"@id\":\"https:\\\/\\\/www.varkstaden.se\\\/bokhandel\\\/produkt\\\/emotionella-avslut\\\/#primaryimage\"},\"image\":{\"@id\":\"https:\\\/\\\/www.varkstaden.se\\\/bokhandel\\\/produkt\\\/emotionella-avslut\\\/#primaryimage\"},\"thumbnailUrl\":\"https:\\\/\\\/www.varkstaden.se\\\/bokhandel\\\/wp-content\\\/uploads\\\/2015\\\/01\\\/avslut_bokomslag.jpg\",\"datePublished\":\"2015-01-31T08:20:35+00:00\",\"dateModified\":\"2021-11-25T07:52:06+00:00\",\"description\":\"Emotionella avslut \u00e4r ibland n\u00f6dv\u00e4ndiga f\u00f6r att man ska komma vidare i livet. Syftet med boken \u00e4r att ge l\u00e4saren insikt om hur viktigt det \u00e4r med emotionella avslut och det ges exempel p\u00e5 hur man kan g\u00f6ra i olika situationer.\",\"breadcrumb\":{\"@id\":\"https:\\\/\\\/www.varkstaden.se\\\/bokhandel\\\/produkt\\\/emotionella-avslut\\\/#breadcrumb\"},\"inLanguage\":\"sv-SE\",\"potentialAction\":[{\"@type\":\"ReadAction\",\"target\":[\"https:\\\/\\\/www.varkstaden.se\\\/bokhandel\\\/produkt\\\/emotionella-avslut\\\/\"]}]},{\"@type\":\"ImageObject\",\"inLanguage\":\"sv-SE\",\"@id\":\"https:\\\/\\\/www.varkstaden.se\\\/bokhandel\\\/produkt\\\/emotionella-avslut\\\/#primaryimage\",\"url\":\"https:\\\/\\\/www.varkstaden.se\\\/bokhandel\\\/wp-content\\\/uploads\\\/2015\\\/01\\\/avslut_bokomslag.jpg\",\"contentUrl\":\"https:\\\/\\\/www.varkstaden.se\\\/bokhandel\\\/wp-content\\\/uploads\\\/2015\\\/01\\\/avslut_bokomslag.jpg\",\"width\":389,\"height\":574,\"caption\":\"Emotionella avslut\"},{\"@type\":\"BreadcrumbList\",\"@id\":\"https:\\\/\\\/www.varkstaden.se\\\/bokhandel\\\/produkt\\\/emotionella-avslut\\\/#breadcrumb\",\"itemListElement\":[{\"@type\":\"ListItem\",\"position\":1,\"name\":\"Hem\",\"item\":\"https:\\\/\\\/www.varkstaden.se\\\/bokhandel\\\/\"},{\"@type\":\"ListItem\",\"position\":2,\"name\":\"Webbutik\",\"item\":\"https:\\\/\\\/www.varkstaden.se\\\/bokhandel\\\/\"},{\"@type\":\"ListItem\",\"position\":3,\"name\":\"Emotionella avslut\"}]},{\"@type\":\"WebSite\",\"@id\":\"https:\\\/\\\/www.varkstaden.se\\\/bokhandel\\\/#website\",\"url\":\"https:\\\/\\\/www.varkstaden.se\\\/bokhandel\\\/\",\"name\":\"V\u00c4RKSTADSBOKHANDELN\",\"description\":\"\",\"publisher\":{\"@id\":\"https:\\\/\\\/www.varkstaden.se\\\/bokhandel\\\/#organization\"},\"potentialAction\":[{\"@type\":\"SearchAction\",\"target\":{\"@type\":\"EntryPoint\",\"urlTemplate\":\"https:\\\/\\\/www.varkstaden.se\\\/bokhandel\\\/?s={search_term_string}\"},\"query-input\":{\"@type\":\"PropertyValueSpecification\",\"valueRequired\":true,\"valueName\":\"search_term_string\"}}],\"inLanguage\":\"sv-SE\"},{\"@type\":\"Organization\",\"@id\":\"https:\\\/\\\/www.varkstaden.se\\\/bokhandel\\\/#organization\",\"name\":\"V\u00e4rkstaden GB AB\",\"url\":\"https:\\\/\\\/www.varkstaden.se\\\/bokhandel\\\/\",\"logo\":{\"@type\":\"ImageObject\",\"inLanguage\":\"sv-SE\",\"@id\":\"https:\\\/\\\/www.varkstaden.se\\\/bokhandel\\\/#\\\/schema\\\/logo\\\/image\\\/\",\"url\":\"https:\\\/\\\/www.varkstaden.se\\\/bokhandel\\\/wp-content\\\/uploads\\\/2017\\\/09\\\/cropped-bokhandel-e1543669762370-1.jpg\",\"contentUrl\":\"https:\\\/\\\/www.varkstaden.se\\\/bokhandel\\\/wp-content\\\/uploads\\\/2017\\\/09\\\/cropped-bokhandel-e1543669762370-1.jpg\",\"width\":1000,\"height\":525,\"caption\":\"V\u00e4rkstaden GB AB\"},\"image\":{\"@id\":\"https:\\\/\\\/www.varkstaden.se\\\/bokhandel\\\/#\\\/schema\\\/logo\\\/image\\\/\"}}]}<\/script>\n<!-- \/ Yoast SEO plugin. -->","yoast_head_json":{"title":"Emotionella avslut, en bok f\u00f6r den som har k\u00f6rt fast i livet.","description":"Emotionella avslut \u00e4r ibland n\u00f6dv\u00e4ndiga f\u00f6r att man ska komma vidare i livet. Syftet med boken \u00e4r att ge l\u00e4saren insikt om hur viktigt det \u00e4r med emotionella avslut och det ges exempel p\u00e5 hur man kan g\u00f6ra i olika situationer.","robots":{"index":"index","follow":"follow","max-snippet":"max-snippet:-1","max-image-preview":"max-image-preview:large","max-video-preview":"max-video-preview:-1"},"canonical":"https:\/\/www.varkstaden.se\/bokhandel\/produkt\/emotionella-avslut\/","og_locale":"sv_SE","og_type":"article","og_title":"Emotionella avslut, en bok f\u00f6r den som har k\u00f6rt fast i livet.","og_description":"Emotionella avslut \u00e4r ibland n\u00f6dv\u00e4ndiga f\u00f6r att man ska komma vidare i livet. Syftet med boken \u00e4r att ge l\u00e4saren insikt om hur viktigt det \u00e4r med emotionella avslut och det ges exempel p\u00e5 hur man kan g\u00f6ra i olika situationer.","og_url":"https:\/\/www.varkstaden.se\/bokhandel\/produkt\/emotionella-avslut\/","og_site_name":"V\u00c4RKSTADSBOKHANDELN, webbmaster: Gunilla Brattberg","article_modified_time":"2021-11-25T07:52:06+00:00","og_image":[{"width":389,"height":574,"url":"https:\/\/www.varkstaden.se\/bokhandel\/wp-content\/uploads\/2015\/01\/avslut_bokomslag.jpg","type":"image\/jpeg"}],"twitter_card":"summary_large_image","twitter_misc":{"Ber\u00e4knad l\u00e4stid":"1 minut"},"schema":{"@context":"https:\/\/schema.org","@graph":[{"@type":"WebPage","@id":"https:\/\/www.varkstaden.se\/bokhandel\/produkt\/emotionella-avslut\/","url":"https:\/\/www.varkstaden.se\/bokhandel\/produkt\/emotionella-avslut\/","name":"Emotionella avslut, en bok f\u00f6r den som har k\u00f6rt fast i livet.","isPartOf":{"@id":"https:\/\/www.varkstaden.se\/bokhandel\/#website"},"primaryImageOfPage":{"@id":"https:\/\/www.varkstaden.se\/bokhandel\/produkt\/emotionella-avslut\/#primaryimage"},"image":{"@id":"https:\/\/www.varkstaden.se\/bokhandel\/produkt\/emotionella-avslut\/#primaryimage"},"thumbnailUrl":"https:\/\/www.varkstaden.se\/bokhandel\/wp-content\/uploads\/2015\/01\/avslut_bokomslag.jpg","datePublished":"2015-01-31T08:20:35+00:00","dateModified":"2021-11-25T07:52:06+00:00","description":"Emotionella avslut \u00e4r ibland n\u00f6dv\u00e4ndiga f\u00f6r att man ska komma vidare i livet. Syftet med boken \u00e4r att ge l\u00e4saren insikt om hur viktigt det \u00e4r med emotionella avslut och det ges exempel p\u00e5 hur man kan g\u00f6ra i olika situationer.","breadcrumb":{"@id":"https:\/\/www.varkstaden.se\/bokhandel\/produkt\/emotionella-avslut\/#breadcrumb"},"inLanguage":"sv-SE","potentialAction":[{"@type":"ReadAction","target":["https:\/\/www.varkstaden.se\/bokhandel\/produkt\/emotionella-avslut\/"]}]},{"@type":"ImageObject","inLanguage":"sv-SE","@id":"https:\/\/www.varkstaden.se\/bokhandel\/produkt\/emotionella-avslut\/#primaryimage","url":"https:\/\/www.varkstaden.se\/bokhandel\/wp-content\/uploads\/2015\/01\/avslut_bokomslag.jpg","contentUrl":"https:\/\/www.varkstaden.se\/bokhandel\/wp-content\/uploads\/2015\/01\/avslut_bokomslag.jpg","width":389,"height":574,"caption":"Emotionella avslut"},{"@type":"BreadcrumbList","@id":"https:\/\/www.varkstaden.se\/bokhandel\/produkt\/emotionella-avslut\/#breadcrumb","itemListElement":[{"@type":"ListItem","position":1,"name":"Hem","item":"https:\/\/www.varkstaden.se\/bokhandel\/"},{"@type":"ListItem","position":2,"name":"Webbutik","item":"https:\/\/www.varkstaden.se\/bokhandel\/"},{"@type":"ListItem","position":3,"name":"Emotionella avslut"}]},{"@type":"WebSite","@id":"https:\/\/www.varkstaden.se\/bokhandel\/#website","url":"https:\/\/www.varkstaden.se\/bokhandel\/","name":"V\u00c4RKSTADSBOKHANDELN","description":"","publisher":{"@id":"https:\/\/www.varkstaden.se\/bokhandel\/#organization"},"potentialAction":[{"@type":"SearchAction","target":{"@type":"EntryPoint","urlTemplate":"https:\/\/www.varkstaden.se\/bokhandel\/?s={search_term_string}"},"query-input":{"@type":"PropertyValueSpecification","valueRequired":true,"valueName":"search_term_string"}}],"inLanguage":"sv-SE"},{"@type":"Organization","@id":"https:\/\/www.varkstaden.se\/bokhandel\/#organization","name":"V\u00e4rkstaden GB AB","url":"https:\/\/www.varkstaden.se\/bokhandel\/","logo":{"@type":"ImageObject","inLanguage":"sv-SE","@id":"https:\/\/www.varkstaden.se\/bokhandel\/#\/schema\/logo\/image\/","url":"https:\/\/www.varkstaden.se\/bokhandel\/wp-content\/uploads\/2017\/09\/cropped-bokhandel-e1543669762370-1.jpg","contentUrl":"https:\/\/www.varkstaden.se\/bokhandel\/wp-content\/uploads\/2017\/09\/cropped-bokhandel-e1543669762370-1.jpg","width":1000,"height":525,"caption":"V\u00e4rkstaden GB AB"},"image":{"@id":"https:\/\/www.varkstaden.se\/bokhandel\/#\/schema\/logo\/image\/"}}]}},"_links":{"self":[{"href":"https:\/\/www.varkstaden.se\/bokhandel\/wp-json\/wp\/v2\/product\/102","targetHints":{"allow":["GET"]}}],"collection":[{"href":"https:\/\/www.varkstaden.se\/bokhandel\/wp-json\/wp\/v2\/product"}],"about":[{"href":"https:\/\/www.varkstaden.se\/bokhandel\/wp-json\/wp\/v2\/types\/product"}],"replies":[{"embeddable":true,"href":"https:\/\/www.varkstaden.se\/bokhandel\/wp-json\/wp\/v2\/comments?post=102"}],"wp:featuredmedia":[{"embeddable":true,"href":"https:\/\/www.varkstaden.se\/bokhandel\/wp-json\/wp\/v2\/media\/103"}],"wp:attachment":[{"href":"https:\/\/www.varkstaden.se\/bokhandel\/wp-json\/wp\/v2\/media?parent=102"}],"wp:term":[{"taxonomy":"product_brand","embeddable":true,"href":"https:\/\/www.varkstaden.se\/bokhandel\/wp-json\/wp\/v2\/product_brand?post=102"},{"taxonomy":"product_cat","embeddable":true,"href":"https:\/\/www.varkstaden.se\/bokhandel\/wp-json\/wp\/v2\/product_cat?post=102"},{"taxonomy":"product_tag","embeddable":true,"href":"https:\/\/www.varkstaden.se\/bokhandel\/wp-json\/wp\/v2\/product_tag?post=102"}],"curies":[{"name":"wp","href":"https:\/\/api.w.org\/{rel}","templated":true}]}}