{"id":797,"date":"2018-04-19T07:08:27","date_gmt":"2018-04-19T07:08:27","guid":{"rendered":"http:\/\/www.varkstaden.se\/bokhandel\/?page_id=797"},"modified":"2018-04-19T14:54:02","modified_gmt":"2018-04-19T14:54:02","slug":"gdpr","status":"publish","type":"page","link":"https:\/\/www.varkstaden.se\/bokhandel\/gdpr\/","title":{"rendered":"Personuppgiftshantering"},"content":{"rendered":"<h2>Dataskyddsf\u00f6rordningen (GDPR)<\/h2>\n<p>GDPR, som st\u00e5r f\u00f6r General Data Protection Regulation, \u00e4r en ny dataskyddslag som b\u00f6rjar g\u00e4lla inom EU den 25 maj 2018. GDPR ers\u00e4tter den svenska personuppgiftslagen (PuL). H\u00e4r kommer information om hur vi hanterar personuppgifter p\u00e5 V<span style=\"color: #ff0000;\">\u00e4<\/span>rkstadens olika plattformar.<\/p>\n<h3>V<span style=\"color: #ff0000;\">\u00e4<\/span>rkstadens Nyhetsbrev<\/h3>\n<p>Marknadsf\u00f6ring av nya b\u00f6cker sker endast till dem som sj\u00e4lva prenumererat p\u00e5 nyhetsbrevet genom att addera sin <em>e-postadress<\/em> i rutan f\u00f6r V\u00e4rkstadens Nyhetsbrev p\u00e5 www.varkstaden.se. Inga andra uppgifter sparas i denna adresslista.<\/p>\n<p>Den som vill <strong>avsluta prenumerationen<\/strong> av nyhetsbrevet kan n\u00e4r som helst g\u00e5 in p\u00e5 <em>www.varkstaden.se<\/em> och i rutan f\u00f6r <em>V\u00e4rkstadens Nyhetsbrev<\/em> ange sin e-postadress och v\u00e4lja <em>Avsluta prenumeration<\/em>.<\/p>\n<h3>\u00a0V<span style=\"color: #ff0000;\">\u00e4<\/span>rkstadsbokhandeln<\/h3>\n<p>I V<span style=\"color: #ff0000;\">\u00e4<\/span>rkstadsbokhandeln registreras inga andra uppgifter \u00e4n de som beh\u00f6vs f\u00f6r leverans av best\u00e4lld vara samt f\u00f6r att vid behov kunna kontakta kunden (order med namn, adress, telefon och e-postadress).<\/p>\n<p>Denna information tillh\u00f6r respektive order och samlas inte i n\u00e5got kundregister s\u00e5vida kunden inte skapar ett anv\u00e4ndarkonto.<\/p>\n<p>Anv\u00e4ndarkonton som varit inaktiva under ett \u00e5r raderas. Om anv\u00e4ndarkontot \u00f6nskas borttaget tidigare kontakta Gunilla Brattberg (gunilla.brattberg@varkstaden.se).<\/p>\n<h3>V<span style=\"color: #ff0000;\">\u00e4<\/span>rkstadens webbklinik<\/h3>\n<p>Kursdeltagare skapar sj\u00e4lv sitt anv\u00e4ndarkonto med f\u00f6ljande uppgifter (f\u00f6rnamn, efternamn, anv\u00e4ndarnamn, l\u00f6senord, e-postadress, stad, land). Inga andra uppgifter registreras.<\/p>\n<p>Anv\u00e4ndarkonton som varit inaktiva under ett \u00e5r raderas. Om anv\u00e4ndarkontot \u00f6nskas borttaget tidigare kontakta Gunilla Brattberg (gunilla.brattberg@varkstaden.se).<\/p>\n<h3>Datorkliniken<\/h3>\n<p>Kursdeltagare skapar sj\u00e4lv sitt anv\u00e4ndarkonto med f\u00f6ljande uppgifter (f\u00f6rnamn, efternamn, anv\u00e4ndarnamn, l\u00f6senord, e-postadress, stad, land). Inga andra uppgifter registreras.<\/p>\n<p>Anv\u00e4ndarkonton som varit inaktiva under ett \u00e5r raderas. Om anv\u00e4ndarkontot \u00f6nskas borttaget tidigare kontakta Gunilla Brattberg (gunilla.brattberg@varkstaden.se).<\/p>\n<h3>\u00d6vrig information<\/h3>\n<ul>\n<li>Inga personnummer registreras.<\/li>\n<li>Inga uppgifter inh\u00e4mtas fr\u00e5n externa k\u00e4llor.<\/li>\n<li>Inga uppgifter l\u00e4mnas ut eller s\u00e4ljs vidare till bolag eller tj\u00e4nster.<\/li>\n<\/ul>\n<h3>R\u00e4ttigheter<\/h3>\n<p>Du har r\u00e4tt<\/p>\n<ul>\n<li>att f\u00e5 reda p\u00e5 vilka uppgifter som lagras<\/li>\n<li>att f\u00e5 dina uppgifter r\u00e4ttade om de \u00e4r felaktiga<\/li>\n<li>att f\u00e5 dina uppgifter raderade p\u00e5 beg\u00e4ran<\/li>\n<\/ul>\n<h3>Ansvarig f\u00f6r ovanst\u00e5ende webbplatser<\/h3>\n<p><em>Gunilla Brattberg<\/em><br \/>\nE-post: gunilla.brattberg@varkstaden.se<br \/>\nTel: 08-336789, 070-5696789<\/p>\n<p>&nbsp;<\/p>\n","protected":false},"excerpt":{"rendered":"<p>Dataskyddsf\u00f6rordningen (GDPR) GDPR, som st\u00e5r f\u00f6r General Data Protection Regulation, \u00e4r en ny dataskyddslag som b\u00f6rjar g\u00e4lla inom EU den 25 maj 2018. GDPR ers\u00e4tter den svenska personuppgiftslagen (PuL). H\u00e4r kommer information om hur vi hanterar personuppgifter p\u00e5 V\u00e4rkstadens olika &hellip;<\/p>\n<p class=\"read-more\"> <a class=\"more-link\" href=\"https:\/\/www.varkstaden.se\/bokhandel\/gdpr\/\"> <span class=\"screen-reader-text\">Personuppgiftshantering<\/span> L\u00e4s mer &raquo;<\/a><\/p>\n","protected":false},"author":36,"featured_media":0,"parent":0,"menu_order":0,"comment_status":"closed","ping_status":"closed","template":"","meta":{"footnotes":""},"class_list":["post-797","page","type-page","status-publish","hentry"],"yoast_head":"<!-- This site is optimized with the Yoast SEO plugin v27.4 - https:\/\/yoast.com\/product\/yoast-seo-wordpress\/ -->\n<title>Personuppgiftshantering - V\u00c4RKSTADSBOKHANDELN, webbmaster: Gunilla Brattberg<\/title>\n<meta name=\"robots\" content=\"index, follow, max-snippet:-1, max-image-preview:large, max-video-preview:-1\" \/>\n<link rel=\"canonical\" href=\"https:\/\/www.varkstaden.se\/bokhandel\/gdpr\/\" \/>\n<meta property=\"og:locale\" content=\"sv_SE\" \/>\n<meta property=\"og:type\" content=\"article\" \/>\n<meta property=\"og:title\" content=\"Personuppgiftshantering - V\u00c4RKSTADSBOKHANDELN, webbmaster: Gunilla Brattberg\" \/>\n<meta property=\"og:description\" content=\"Dataskyddsf\u00f6rordningen (GDPR) GDPR, som st\u00e5r f\u00f6r General Data Protection Regulation, \u00e4r en ny dataskyddslag som b\u00f6rjar g\u00e4lla inom EU den 25 maj 2018. GDPR ers\u00e4tter den svenska personuppgiftslagen (PuL). H\u00e4r kommer information om hur vi hanterar personuppgifter p\u00e5 V\u00e4rkstadens olika &hellip; Personuppgiftshantering L\u00e4s mer &raquo;\" \/>\n<meta property=\"og:url\" content=\"https:\/\/www.varkstaden.se\/bokhandel\/gdpr\/\" \/>\n<meta property=\"og:site_name\" content=\"V\u00c4RKSTADSBOKHANDELN, webbmaster: Gunilla Brattberg\" \/>\n<meta property=\"article:modified_time\" content=\"2018-04-19T14:54:02+00:00\" \/>\n<meta name=\"twitter:card\" content=\"summary_large_image\" \/>\n<meta name=\"twitter:label1\" content=\"Ber\u00e4knad l\u00e4stid\" \/>\n\t<meta name=\"twitter:data1\" content=\"2 minuter\" \/>\n<script type=\"application\/ld+json\" class=\"yoast-schema-graph\">{\"@context\":\"https:\\\/\\\/schema.org\",\"@graph\":[{\"@type\":\"WebPage\",\"@id\":\"https:\\\/\\\/www.varkstaden.se\\\/bokhandel\\\/gdpr\\\/\",\"url\":\"https:\\\/\\\/www.varkstaden.se\\\/bokhandel\\\/gdpr\\\/\",\"name\":\"Personuppgiftshantering - V\u00c4RKSTADSBOKHANDELN, webbmaster: Gunilla Brattberg\",\"isPartOf\":{\"@id\":\"https:\\\/\\\/www.varkstaden.se\\\/bokhandel\\\/#website\"},\"datePublished\":\"2018-04-19T07:08:27+00:00\",\"dateModified\":\"2018-04-19T14:54:02+00:00\",\"breadcrumb\":{\"@id\":\"https:\\\/\\\/www.varkstaden.se\\\/bokhandel\\\/gdpr\\\/#breadcrumb\"},\"inLanguage\":\"sv-SE\",\"potentialAction\":[{\"@type\":\"ReadAction\",\"target\":[\"https:\\\/\\\/www.varkstaden.se\\\/bokhandel\\\/gdpr\\\/\"]}]},{\"@type\":\"BreadcrumbList\",\"@id\":\"https:\\\/\\\/www.varkstaden.se\\\/bokhandel\\\/gdpr\\\/#breadcrumb\",\"itemListElement\":[{\"@type\":\"ListItem\",\"position\":1,\"name\":\"Hem\",\"item\":\"https:\\\/\\\/www.varkstaden.se\\\/bokhandel\\\/\"},{\"@type\":\"ListItem\",\"position\":2,\"name\":\"Personuppgiftshantering\"}]},{\"@type\":\"WebSite\",\"@id\":\"https:\\\/\\\/www.varkstaden.se\\\/bokhandel\\\/#website\",\"url\":\"https:\\\/\\\/www.varkstaden.se\\\/bokhandel\\\/\",\"name\":\"V\u00c4RKSTADSBOKHANDELN\",\"description\":\"\",\"publisher\":{\"@id\":\"https:\\\/\\\/www.varkstaden.se\\\/bokhandel\\\/#organization\"},\"potentialAction\":[{\"@type\":\"SearchAction\",\"target\":{\"@type\":\"EntryPoint\",\"urlTemplate\":\"https:\\\/\\\/www.varkstaden.se\\\/bokhandel\\\/?s={search_term_string}\"},\"query-input\":{\"@type\":\"PropertyValueSpecification\",\"valueRequired\":true,\"valueName\":\"search_term_string\"}}],\"inLanguage\":\"sv-SE\"},{\"@type\":\"Organization\",\"@id\":\"https:\\\/\\\/www.varkstaden.se\\\/bokhandel\\\/#organization\",\"name\":\"V\u00e4rkstaden GB AB\",\"url\":\"https:\\\/\\\/www.varkstaden.se\\\/bokhandel\\\/\",\"logo\":{\"@type\":\"ImageObject\",\"inLanguage\":\"sv-SE\",\"@id\":\"https:\\\/\\\/www.varkstaden.se\\\/bokhandel\\\/#\\\/schema\\\/logo\\\/image\\\/\",\"url\":\"https:\\\/\\\/www.varkstaden.se\\\/bokhandel\\\/wp-content\\\/uploads\\\/2017\\\/09\\\/cropped-bokhandel-e1543669762370-1.jpg\",\"contentUrl\":\"https:\\\/\\\/www.varkstaden.se\\\/bokhandel\\\/wp-content\\\/uploads\\\/2017\\\/09\\\/cropped-bokhandel-e1543669762370-1.jpg\",\"width\":1000,\"height\":525,\"caption\":\"V\u00e4rkstaden GB AB\"},\"image\":{\"@id\":\"https:\\\/\\\/www.varkstaden.se\\\/bokhandel\\\/#\\\/schema\\\/logo\\\/image\\\/\"}}]}<\/script>\n<!-- \/ Yoast SEO plugin. -->","yoast_head_json":{"title":"Personuppgiftshantering - V\u00c4RKSTADSBOKHANDELN, webbmaster: Gunilla Brattberg","robots":{"index":"index","follow":"follow","max-snippet":"max-snippet:-1","max-image-preview":"max-image-preview:large","max-video-preview":"max-video-preview:-1"},"canonical":"https:\/\/www.varkstaden.se\/bokhandel\/gdpr\/","og_locale":"sv_SE","og_type":"article","og_title":"Personuppgiftshantering - V\u00c4RKSTADSBOKHANDELN, webbmaster: Gunilla Brattberg","og_description":"Dataskyddsf\u00f6rordningen (GDPR) GDPR, som st\u00e5r f\u00f6r General Data Protection Regulation, \u00e4r en ny dataskyddslag som b\u00f6rjar g\u00e4lla inom EU den 25 maj 2018. GDPR ers\u00e4tter den svenska personuppgiftslagen (PuL). H\u00e4r kommer information om hur vi hanterar personuppgifter p\u00e5 V\u00e4rkstadens olika &hellip; Personuppgiftshantering L\u00e4s mer &raquo;","og_url":"https:\/\/www.varkstaden.se\/bokhandel\/gdpr\/","og_site_name":"V\u00c4RKSTADSBOKHANDELN, webbmaster: Gunilla Brattberg","article_modified_time":"2018-04-19T14:54:02+00:00","twitter_card":"summary_large_image","twitter_misc":{"Ber\u00e4knad l\u00e4stid":"2 minuter"},"schema":{"@context":"https:\/\/schema.org","@graph":[{"@type":"WebPage","@id":"https:\/\/www.varkstaden.se\/bokhandel\/gdpr\/","url":"https:\/\/www.varkstaden.se\/bokhandel\/gdpr\/","name":"Personuppgiftshantering - V\u00c4RKSTADSBOKHANDELN, webbmaster: Gunilla Brattberg","isPartOf":{"@id":"https:\/\/www.varkstaden.se\/bokhandel\/#website"},"datePublished":"2018-04-19T07:08:27+00:00","dateModified":"2018-04-19T14:54:02+00:00","breadcrumb":{"@id":"https:\/\/www.varkstaden.se\/bokhandel\/gdpr\/#breadcrumb"},"inLanguage":"sv-SE","potentialAction":[{"@type":"ReadAction","target":["https:\/\/www.varkstaden.se\/bokhandel\/gdpr\/"]}]},{"@type":"BreadcrumbList","@id":"https:\/\/www.varkstaden.se\/bokhandel\/gdpr\/#breadcrumb","itemListElement":[{"@type":"ListItem","position":1,"name":"Hem","item":"https:\/\/www.varkstaden.se\/bokhandel\/"},{"@type":"ListItem","position":2,"name":"Personuppgiftshantering"}]},{"@type":"WebSite","@id":"https:\/\/www.varkstaden.se\/bokhandel\/#website","url":"https:\/\/www.varkstaden.se\/bokhandel\/","name":"V\u00c4RKSTADSBOKHANDELN","description":"","publisher":{"@id":"https:\/\/www.varkstaden.se\/bokhandel\/#organization"},"potentialAction":[{"@type":"SearchAction","target":{"@type":"EntryPoint","urlTemplate":"https:\/\/www.varkstaden.se\/bokhandel\/?s={search_term_string}"},"query-input":{"@type":"PropertyValueSpecification","valueRequired":true,"valueName":"search_term_string"}}],"inLanguage":"sv-SE"},{"@type":"Organization","@id":"https:\/\/www.varkstaden.se\/bokhandel\/#organization","name":"V\u00e4rkstaden GB AB","url":"https:\/\/www.varkstaden.se\/bokhandel\/","logo":{"@type":"ImageObject","inLanguage":"sv-SE","@id":"https:\/\/www.varkstaden.se\/bokhandel\/#\/schema\/logo\/image\/","url":"https:\/\/www.varkstaden.se\/bokhandel\/wp-content\/uploads\/2017\/09\/cropped-bokhandel-e1543669762370-1.jpg","contentUrl":"https:\/\/www.varkstaden.se\/bokhandel\/wp-content\/uploads\/2017\/09\/cropped-bokhandel-e1543669762370-1.jpg","width":1000,"height":525,"caption":"V\u00e4rkstaden GB AB"},"image":{"@id":"https:\/\/www.varkstaden.se\/bokhandel\/#\/schema\/logo\/image\/"}}]}},"_links":{"self":[{"href":"https:\/\/www.varkstaden.se\/bokhandel\/wp-json\/wp\/v2\/pages\/797","targetHints":{"allow":["GET"]}}],"collection":[{"href":"https:\/\/www.varkstaden.se\/bokhandel\/wp-json\/wp\/v2\/pages"}],"about":[{"href":"https:\/\/www.varkstaden.se\/bokhandel\/wp-json\/wp\/v2\/types\/page"}],"author":[{"embeddable":true,"href":"https:\/\/www.varkstaden.se\/bokhandel\/wp-json\/wp\/v2\/users\/36"}],"replies":[{"embeddable":true,"href":"https:\/\/www.varkstaden.se\/bokhandel\/wp-json\/wp\/v2\/comments?post=797"}],"version-history":[{"count":13,"href":"https:\/\/www.varkstaden.se\/bokhandel\/wp-json\/wp\/v2\/pages\/797\/revisions"}],"predecessor-version":[{"id":814,"href":"https:\/\/www.varkstaden.se\/bokhandel\/wp-json\/wp\/v2\/pages\/797\/revisions\/814"}],"wp:attachment":[{"href":"https:\/\/www.varkstaden.se\/bokhandel\/wp-json\/wp\/v2\/media?parent=797"}],"curies":[{"name":"wp","href":"https:\/\/api.w.org\/{rel}","templated":true}]}}