{"id":26,"date":"2015-01-30T15:34:32","date_gmt":"2015-01-30T15:34:32","guid":{"rendered":"http:\/\/www.varkstaden.se\/bokhandel2\/?page_id=26"},"modified":"2024-03-20T13:31:49","modified_gmt":"2024-03-20T13:31:49","slug":"bokkategorier","status":"publish","type":"page","link":"https:\/\/www.varkstaden.se\/bokhandel\/bokkategorier\/","title":{"rendered":"Bokkategorier"},"content":{"rendered":"<p><span style=\"font: 16px\/24px Georgia, 'Times New Roman', 'Bitstream Charter', Times, serif; color: #333333; text-transform: none; text-indent: 0px; letter-spacing: normal; word-spacing: 0px; float: none; display: inline !important; white-space: normal; font-size-adjust: none; font-stretch: normal; background-color: #ffffff; -webkit-text-stroke-width: 0px;\"><div class=\"woocommerce columns-4\"><ul class=\"products columns-4\">\n<li class=\"product-category product first\">\n\t<a aria-label=\"Bes\u00f6k produktkategori Autismspektrum\" href=\"https:\/\/www.varkstaden.se\/bokhandel\/produkt-kategori\/autismspektrumtillstand\/\"><img loading=\"lazy\" decoding=\"async\" src=\"https:\/\/www.varkstaden.se\/bokhandel\/wp-content\/uploads\/2015\/01\/autism.png\" alt=\"Autismspektrum\" width=\"300\" height=\"424\" \/>\t\t<h2 class=\"woocommerce-loop-category__title\">\n\t\t\tAutismspektrum <mark class=\"count\">(5)<\/mark>\t\t<\/h2>\n\t\t<\/a><\/li>\n<li class=\"product-category product\">\n\t<a aria-label=\"Bes\u00f6k produktkategori Datab\u00f6cker\" href=\"https:\/\/www.varkstaden.se\/bokhandel\/produkt-kategori\/databocker\/\"><img loading=\"lazy\" decoding=\"async\" src=\"https:\/\/www.varkstaden.se\/bokhandel\/wp-content\/uploads\/2015\/01\/datorer.jpg\" alt=\"Datab\u00f6cker\" width=\"300\" height=\"424\" srcset=\"https:\/\/www.varkstaden.se\/bokhandel\/wp-content\/uploads\/2015\/01\/datorer.jpg 165w, https:\/\/www.varkstaden.se\/bokhandel\/wp-content\/uploads\/2015\/01\/datorer-150x212.jpg 150w\" sizes=\"auto, (max-width: 165px) 100vw, 165px\" \/>\t\t<h2 class=\"woocommerce-loop-category__title\">\n\t\t\tDatab\u00f6cker <mark class=\"count\">(3)<\/mark>\t\t<\/h2>\n\t\t<\/a><\/li>\n<li class=\"product-category product\">\n\t<a aria-label=\"Bes\u00f6k produktkategori E-b\u00f6cker\" href=\"https:\/\/www.varkstaden.se\/bokhandel\/produkt-kategori\/e-bocker\/\"><img loading=\"lazy\" decoding=\"async\" src=\"https:\/\/www.varkstaden.se\/bokhandel\/wp-content\/uploads\/2015\/01\/ebok.png\" alt=\"E-b\u00f6cker\" width=\"300\" height=\"424\" srcset=\"https:\/\/www.varkstaden.se\/bokhandel\/wp-content\/uploads\/2015\/01\/ebok.png 205w, https:\/\/www.varkstaden.se\/bokhandel\/wp-content\/uploads\/2015\/01\/ebok-200x240.png 200w\" sizes=\"auto, (max-width: 205px) 100vw, 205px\" \/>\t\t<h2 class=\"woocommerce-loop-category__title\">\n\t\t\tE-b\u00f6cker <mark class=\"count\">(32)<\/mark>\t\t<\/h2>\n\t\t<\/a><\/li>\n<li class=\"product-category product last\">\n\t<a aria-label=\"Bes\u00f6k produktkategori Livsvisdom och klokskap\" href=\"https:\/\/www.varkstaden.se\/bokhandel\/produkt-kategori\/livsvisdom-och-klokskap\/\"><img loading=\"lazy\" decoding=\"async\" src=\"https:\/\/www.varkstaden.se\/bokhandel\/wp-content\/uploads\/2015\/01\/visdom.jpg\" alt=\"Livsvisdom och klokskap\" width=\"300\" height=\"424\" \/>\t\t<h2 class=\"woocommerce-loop-category__title\">\n\t\t\tLivsvisdom och klokskap <mark class=\"count\">(11)<\/mark>\t\t<\/h2>\n\t\t<\/a><\/li>\n<li class=\"product-category product first\">\n\t<a aria-label=\"Bes\u00f6k produktkategori Pedagogik\" href=\"https:\/\/www.varkstaden.se\/bokhandel\/produkt-kategori\/pedagogik\/\"><img loading=\"lazy\" decoding=\"async\" src=\"https:\/\/www.varkstaden.se\/bokhandel\/wp-content\/uploads\/2015\/01\/rehabilitering3.jpg\" alt=\"Pedagogik\" width=\"300\" height=\"424\" \/>\t\t<h2 class=\"woocommerce-loop-category__title\">\n\t\t\tPedagogik <mark class=\"count\">(10)<\/mark>\t\t<\/h2>\n\t\t<\/a><\/li>\n<li class=\"product-category product\">\n\t<a aria-label=\"Bes\u00f6k produktkategori Rehabilitering\" href=\"https:\/\/www.varkstaden.se\/bokhandel\/produkt-kategori\/rehabilitering\/\"><img loading=\"lazy\" decoding=\"async\" src=\"https:\/\/www.varkstaden.se\/bokhandel\/wp-content\/uploads\/2015\/01\/rehabilitering.jpg\" alt=\"Rehabilitering\" width=\"300\" height=\"424\" \/>\t\t<h2 class=\"woocommerce-loop-category__title\">\n\t\t\tRehabilitering <mark class=\"count\">(29)<\/mark>\t\t<\/h2>\n\t\t<\/a><\/li>\n<li class=\"product-category product\">\n\t<a aria-label=\"Bes\u00f6k produktkategori Sj\u00e4lvbiografier\" href=\"https:\/\/www.varkstaden.se\/bokhandel\/produkt-kategori\/sjalvbiografier\/\"><img loading=\"lazy\" decoding=\"async\" src=\"https:\/\/www.varkstaden.se\/bokhandel\/wp-content\/uploads\/2015\/01\/sjalvbiografier.jpg\" alt=\"Sj\u00e4lvbiografier\" width=\"300\" height=\"424\" srcset=\"https:\/\/www.varkstaden.se\/bokhandel\/wp-content\/uploads\/2015\/01\/sjalvbiografier.jpg 188w, https:\/\/www.varkstaden.se\/bokhandel\/wp-content\/uploads\/2015\/01\/sjalvbiografier-150x212.jpg 150w\" sizes=\"auto, (max-width: 188px) 100vw, 188px\" \/>\t\t<h2 class=\"woocommerce-loop-category__title\">\n\t\t\tSj\u00e4lvbiografier <mark class=\"count\">(8)<\/mark>\t\t<\/h2>\n\t\t<\/a><\/li>\n<li class=\"product-category product last\">\n\t<a aria-label=\"Bes\u00f6k produktkategori V\u00e4rk och sm\u00e4rta\" href=\"https:\/\/www.varkstaden.se\/bokhandel\/produkt-kategori\/vark-och-smarta\/\"><img loading=\"lazy\" decoding=\"async\" src=\"https:\/\/www.varkstaden.se\/bokhandel\/wp-content\/uploads\/2015\/01\/vark.jpg\" alt=\"V\u00e4rk och sm\u00e4rta\" width=\"300\" height=\"424\" srcset=\"https:\/\/www.varkstaden.se\/bokhandel\/wp-content\/uploads\/2015\/01\/vark.jpg 207w, https:\/\/www.varkstaden.se\/bokhandel\/wp-content\/uploads\/2015\/01\/vark-200x235.jpg 200w\" sizes=\"auto, (max-width: 207px) 100vw, 207px\" \/>\t\t<h2 class=\"woocommerce-loop-category__title\">\n\t\t\tV\u00e4rk och sm\u00e4rta <mark class=\"count\">(17)<\/mark>\t\t<\/h2>\n\t\t<\/a><\/li>\n<\/ul>\n<\/div><\/span><\/p>\n","protected":false},"excerpt":{"rendered":"","protected":false},"author":36,"featured_media":0,"parent":0,"menu_order":0,"comment_status":"open","ping_status":"open","template":"full-width-page.php","meta":{"footnotes":""},"class_list":["post-26","page","type-page","status-publish","hentry"],"yoast_head":"<!-- This site is optimized with the Yoast SEO plugin v27.4 - https:\/\/yoast.com\/product\/yoast-seo-wordpress\/ -->\n<title>Bokkategorier - V\u00c4RKSTADSBOKHANDELN, webbmaster: Gunilla Brattberg<\/title>\n<meta name=\"robots\" content=\"index, follow, max-snippet:-1, max-image-preview:large, max-video-preview:-1\" \/>\n<link rel=\"canonical\" href=\"https:\/\/www.varkstaden.se\/bokhandel\/bokkategorier\/\" \/>\n<meta property=\"og:locale\" content=\"sv_SE\" \/>\n<meta property=\"og:type\" content=\"article\" \/>\n<meta property=\"og:title\" content=\"Bokkategorier - V\u00c4RKSTADSBOKHANDELN, webbmaster: Gunilla Brattberg\" \/>\n<meta property=\"og:url\" content=\"https:\/\/www.varkstaden.se\/bokhandel\/bokkategorier\/\" \/>\n<meta property=\"og:site_name\" content=\"V\u00c4RKSTADSBOKHANDELN, webbmaster: Gunilla Brattberg\" \/>\n<meta property=\"article:modified_time\" content=\"2024-03-20T13:31:49+00:00\" \/>\n<meta name=\"twitter:card\" content=\"summary_large_image\" \/>\n<meta name=\"twitter:label1\" content=\"Ber\u00e4knad l\u00e4stid\" \/>\n\t<meta name=\"twitter:data1\" content=\"1 minut\" \/>\n<script type=\"application\/ld+json\" class=\"yoast-schema-graph\">{\"@context\":\"https:\\\/\\\/schema.org\",\"@graph\":[{\"@type\":\"WebPage\",\"@id\":\"https:\\\/\\\/www.varkstaden.se\\\/bokhandel\\\/bokkategorier\\\/\",\"url\":\"https:\\\/\\\/www.varkstaden.se\\\/bokhandel\\\/bokkategorier\\\/\",\"name\":\"Bokkategorier - V\u00c4RKSTADSBOKHANDELN, webbmaster: Gunilla Brattberg\",\"isPartOf\":{\"@id\":\"https:\\\/\\\/www.varkstaden.se\\\/bokhandel\\\/#website\"},\"datePublished\":\"2015-01-30T15:34:32+00:00\",\"dateModified\":\"2024-03-20T13:31:49+00:00\",\"breadcrumb\":{\"@id\":\"https:\\\/\\\/www.varkstaden.se\\\/bokhandel\\\/bokkategorier\\\/#breadcrumb\"},\"inLanguage\":\"sv-SE\",\"potentialAction\":[{\"@type\":\"ReadAction\",\"target\":[\"https:\\\/\\\/www.varkstaden.se\\\/bokhandel\\\/bokkategorier\\\/\"]}]},{\"@type\":\"BreadcrumbList\",\"@id\":\"https:\\\/\\\/www.varkstaden.se\\\/bokhandel\\\/bokkategorier\\\/#breadcrumb\",\"itemListElement\":[{\"@type\":\"ListItem\",\"position\":1,\"name\":\"Hem\",\"item\":\"https:\\\/\\\/www.varkstaden.se\\\/bokhandel\\\/\"},{\"@type\":\"ListItem\",\"position\":2,\"name\":\"Bokkategorier\"}]},{\"@type\":\"WebSite\",\"@id\":\"https:\\\/\\\/www.varkstaden.se\\\/bokhandel\\\/#website\",\"url\":\"https:\\\/\\\/www.varkstaden.se\\\/bokhandel\\\/\",\"name\":\"V\u00c4RKSTADSBOKHANDELN\",\"description\":\"\",\"publisher\":{\"@id\":\"https:\\\/\\\/www.varkstaden.se\\\/bokhandel\\\/#organization\"},\"potentialAction\":[{\"@type\":\"SearchAction\",\"target\":{\"@type\":\"EntryPoint\",\"urlTemplate\":\"https:\\\/\\\/www.varkstaden.se\\\/bokhandel\\\/?s={search_term_string}\"},\"query-input\":{\"@type\":\"PropertyValueSpecification\",\"valueRequired\":true,\"valueName\":\"search_term_string\"}}],\"inLanguage\":\"sv-SE\"},{\"@type\":\"Organization\",\"@id\":\"https:\\\/\\\/www.varkstaden.se\\\/bokhandel\\\/#organization\",\"name\":\"V\u00e4rkstaden GB AB\",\"url\":\"https:\\\/\\\/www.varkstaden.se\\\/bokhandel\\\/\",\"logo\":{\"@type\":\"ImageObject\",\"inLanguage\":\"sv-SE\",\"@id\":\"https:\\\/\\\/www.varkstaden.se\\\/bokhandel\\\/#\\\/schema\\\/logo\\\/image\\\/\",\"url\":\"https:\\\/\\\/www.varkstaden.se\\\/bokhandel\\\/wp-content\\\/uploads\\\/2017\\\/09\\\/cropped-bokhandel-e1543669762370-1.jpg\",\"contentUrl\":\"https:\\\/\\\/www.varkstaden.se\\\/bokhandel\\\/wp-content\\\/uploads\\\/2017\\\/09\\\/cropped-bokhandel-e1543669762370-1.jpg\",\"width\":1000,\"height\":525,\"caption\":\"V\u00e4rkstaden GB AB\"},\"image\":{\"@id\":\"https:\\\/\\\/www.varkstaden.se\\\/bokhandel\\\/#\\\/schema\\\/logo\\\/image\\\/\"}}]}<\/script>\n<!-- \/ Yoast SEO plugin. -->","yoast_head_json":{"title":"Bokkategorier - V\u00c4RKSTADSBOKHANDELN, webbmaster: Gunilla Brattberg","robots":{"index":"index","follow":"follow","max-snippet":"max-snippet:-1","max-image-preview":"max-image-preview:large","max-video-preview":"max-video-preview:-1"},"canonical":"https:\/\/www.varkstaden.se\/bokhandel\/bokkategorier\/","og_locale":"sv_SE","og_type":"article","og_title":"Bokkategorier - V\u00c4RKSTADSBOKHANDELN, webbmaster: Gunilla Brattberg","og_url":"https:\/\/www.varkstaden.se\/bokhandel\/bokkategorier\/","og_site_name":"V\u00c4RKSTADSBOKHANDELN, webbmaster: Gunilla Brattberg","article_modified_time":"2024-03-20T13:31:49+00:00","twitter_card":"summary_large_image","twitter_misc":{"Ber\u00e4knad l\u00e4stid":"1 minut"},"schema":{"@context":"https:\/\/schema.org","@graph":[{"@type":"WebPage","@id":"https:\/\/www.varkstaden.se\/bokhandel\/bokkategorier\/","url":"https:\/\/www.varkstaden.se\/bokhandel\/bokkategorier\/","name":"Bokkategorier - V\u00c4RKSTADSBOKHANDELN, webbmaster: Gunilla Brattberg","isPartOf":{"@id":"https:\/\/www.varkstaden.se\/bokhandel\/#website"},"datePublished":"2015-01-30T15:34:32+00:00","dateModified":"2024-03-20T13:31:49+00:00","breadcrumb":{"@id":"https:\/\/www.varkstaden.se\/bokhandel\/bokkategorier\/#breadcrumb"},"inLanguage":"sv-SE","potentialAction":[{"@type":"ReadAction","target":["https:\/\/www.varkstaden.se\/bokhandel\/bokkategorier\/"]}]},{"@type":"BreadcrumbList","@id":"https:\/\/www.varkstaden.se\/bokhandel\/bokkategorier\/#breadcrumb","itemListElement":[{"@type":"ListItem","position":1,"name":"Hem","item":"https:\/\/www.varkstaden.se\/bokhandel\/"},{"@type":"ListItem","position":2,"name":"Bokkategorier"}]},{"@type":"WebSite","@id":"https:\/\/www.varkstaden.se\/bokhandel\/#website","url":"https:\/\/www.varkstaden.se\/bokhandel\/","name":"V\u00c4RKSTADSBOKHANDELN","description":"","publisher":{"@id":"https:\/\/www.varkstaden.se\/bokhandel\/#organization"},"potentialAction":[{"@type":"SearchAction","target":{"@type":"EntryPoint","urlTemplate":"https:\/\/www.varkstaden.se\/bokhandel\/?s={search_term_string}"},"query-input":{"@type":"PropertyValueSpecification","valueRequired":true,"valueName":"search_term_string"}}],"inLanguage":"sv-SE"},{"@type":"Organization","@id":"https:\/\/www.varkstaden.se\/bokhandel\/#organization","name":"V\u00e4rkstaden GB AB","url":"https:\/\/www.varkstaden.se\/bokhandel\/","logo":{"@type":"ImageObject","inLanguage":"sv-SE","@id":"https:\/\/www.varkstaden.se\/bokhandel\/#\/schema\/logo\/image\/","url":"https:\/\/www.varkstaden.se\/bokhandel\/wp-content\/uploads\/2017\/09\/cropped-bokhandel-e1543669762370-1.jpg","contentUrl":"https:\/\/www.varkstaden.se\/bokhandel\/wp-content\/uploads\/2017\/09\/cropped-bokhandel-e1543669762370-1.jpg","width":1000,"height":525,"caption":"V\u00e4rkstaden GB AB"},"image":{"@id":"https:\/\/www.varkstaden.se\/bokhandel\/#\/schema\/logo\/image\/"}}]}},"_links":{"self":[{"href":"https:\/\/www.varkstaden.se\/bokhandel\/wp-json\/wp\/v2\/pages\/26","targetHints":{"allow":["GET"]}}],"collection":[{"href":"https:\/\/www.varkstaden.se\/bokhandel\/wp-json\/wp\/v2\/pages"}],"about":[{"href":"https:\/\/www.varkstaden.se\/bokhandel\/wp-json\/wp\/v2\/types\/page"}],"author":[{"embeddable":true,"href":"https:\/\/www.varkstaden.se\/bokhandel\/wp-json\/wp\/v2\/users\/36"}],"replies":[{"embeddable":true,"href":"https:\/\/www.varkstaden.se\/bokhandel\/wp-json\/wp\/v2\/comments?post=26"}],"version-history":[{"count":1,"href":"https:\/\/www.varkstaden.se\/bokhandel\/wp-json\/wp\/v2\/pages\/26\/revisions"}],"predecessor-version":[{"id":27,"href":"https:\/\/www.varkstaden.se\/bokhandel\/wp-json\/wp\/v2\/pages\/26\/revisions\/27"}],"wp:attachment":[{"href":"https:\/\/www.varkstaden.se\/bokhandel\/wp-json\/wp\/v2\/media?parent=26"}],"curies":[{"name":"wp","href":"https:\/\/api.w.org\/{rel}","templated":true}]}}