{"id":24,"date":"2015-01-30T15:34:01","date_gmt":"2015-01-30T15:34:01","guid":{"rendered":"http:\/\/www.varkstaden.se\/bokhandel2\/?page_id=24"},"modified":"2018-12-18T11:32:12","modified_gmt":"2018-12-18T11:32:12","slug":"kontakt","status":"publish","type":"page","link":"https:\/\/www.varkstaden.se\/bokhandel\/kontakt\/","title":{"rendered":"Kontakt"},"content":{"rendered":"<p><a href=\"httpss:\/\/www.varkstaden.se\" target=\"_blank\" rel=\"noopener\"><img loading=\"lazy\" decoding=\"async\" class=\"alignnone size-medium wp-image-688\" src=\"https:\/\/www.varkstaden.se\/bokhandel\/wp-content\/uploads\/2015\/01\/logotyp3-300x41.jpg\" alt=\"\" width=\"300\" height=\"41\" srcset=\"https:\/\/www.varkstaden.se\/bokhandel\/wp-content\/uploads\/2015\/01\/logotyp3-300x41.jpg 300w, https:\/\/www.varkstaden.se\/bokhandel\/wp-content\/uploads\/2015\/01\/logotyp3-600x82.jpg 600w, https:\/\/www.varkstaden.se\/bokhandel\/wp-content\/uploads\/2015\/01\/logotyp3-768x105.jpg 768w, https:\/\/www.varkstaden.se\/bokhandel\/wp-content\/uploads\/2015\/01\/logotyp3-100x14.jpg 100w, https:\/\/www.varkstaden.se\/bokhandel\/wp-content\/uploads\/2015\/01\/logotyp3-150x20.jpg 150w, https:\/\/www.varkstaden.se\/bokhandel\/wp-content\/uploads\/2015\/01\/logotyp3-200x27.jpg 200w, https:\/\/www.varkstaden.se\/bokhandel\/wp-content\/uploads\/2015\/01\/logotyp3-450x61.jpg 450w, https:\/\/www.varkstaden.se\/bokhandel\/wp-content\/uploads\/2015\/01\/logotyp3-900x122.jpg 900w, https:\/\/www.varkstaden.se\/bokhandel\/wp-content\/uploads\/2015\/01\/logotyp3.jpg 970w\" sizes=\"auto, (max-width: 300px) 100vw, 300px\" \/>\u00a0<\/a><\/p>\n<p>V\u00e4rkstadens webbplats:<a href=\"httpss:\/\/varkstaden.se\" target=\"_blank\" rel=\"noopener\"> httpss:\/\/varkstaden.se<\/a><\/p>\n<p>Det g\u00e5r bra att kontakta Gunilla Brattberg ang\u00e5ende b\u00f6cker, artiklar, rapporter, utbildning, rehabilitering, f\u00f6rel\u00e4sningar m.m. Jag har dock <em>ingen<\/em> privatmottagning och jag kan <em>inte <\/em>st\u00e4lla upp p\u00e5 privata konsultationer ut\u00f6ver det jag bist\u00e5r med under V\u00e4rkm\u00e4starutbildningen. Det b\u00e4sta s\u00e4ttet att kontakta mig \u00e4r via e-post.<\/p>\n<p><a href=\"mailto:%20gunilla.brattberg@varkstaden.se\"><img loading=\"lazy\" decoding=\"async\" src=\"httpss:\/\/www.varkstaden.se\/bilder\/brev6.gif\" alt=\"E-postkontakt\" width=\"60\" height=\"30\" \/><\/a><\/p>\n<p><em>Gunilla Brattberg<\/em><br \/>\nPostadress: Bergsgatan 12, 112 23 Stockholm<br \/>\nMobiltelefon: 070-5696789<br \/>\nE-post: <a href=\"mailto:gunilla.brattberg@varkstaden.se\">gunilla.brattberg@varkstaden.se\u00a0<\/a><a href=\"mailto:info@varkstaden.se\"><br \/>\n<\/a>Webbadress:<a href=\"httpss:\/\/www.varkstaden.se\/\" target=\"_blank\" rel=\"external noopener\"> www.varkstaden.se<\/a><br \/>\nKursplattform: <a href=\"httpss:\/\/www.varkstaden.se\/webbklinik\" target=\"_blank\" rel=\"external noopener\">www.varkstaden.se\/webbklinik<\/a><\/p>\n","protected":false},"excerpt":{"rendered":"<p>\u00a0 V\u00e4rkstadens webbplats: httpss:\/\/varkstaden.se Det g\u00e5r bra att kontakta Gunilla Brattberg ang\u00e5ende b\u00f6cker, artiklar, rapporter, utbildning, rehabilitering, f\u00f6rel\u00e4sningar m.m. Jag har dock ingen privatmottagning och jag kan inte st\u00e4lla upp p\u00e5 privata konsultationer ut\u00f6ver det jag bist\u00e5r med under V\u00e4rkm\u00e4starutbildningen. &hellip;<\/p>\n<p class=\"read-more\"> <a class=\"more-link\" href=\"https:\/\/www.varkstaden.se\/bokhandel\/kontakt\/\"> <span class=\"screen-reader-text\">Kontakt<\/span> L\u00e4s mer &raquo;<\/a><\/p>\n","protected":false},"author":36,"featured_media":0,"parent":0,"menu_order":0,"comment_status":"open","ping_status":"open","template":"","meta":{"footnotes":""},"class_list":["post-24","page","type-page","status-publish","hentry"],"yoast_head":"<!-- This site is optimized with the Yoast SEO plugin v27.4 - https:\/\/yoast.com\/product\/yoast-seo-wordpress\/ -->\n<title>Kontakt - V\u00c4RKSTADSBOKHANDELN, webbmaster: Gunilla Brattberg<\/title>\n<meta name=\"robots\" content=\"index, follow, max-snippet:-1, max-image-preview:large, max-video-preview:-1\" \/>\n<link rel=\"canonical\" href=\"https:\/\/www.varkstaden.se\/bokhandel\/kontakt\/\" \/>\n<meta property=\"og:locale\" content=\"sv_SE\" \/>\n<meta property=\"og:type\" content=\"article\" \/>\n<meta property=\"og:title\" content=\"Kontakt - V\u00c4RKSTADSBOKHANDELN, webbmaster: Gunilla Brattberg\" \/>\n<meta property=\"og:description\" content=\"\u00a0 V\u00e4rkstadens webbplats: httpss:\/\/varkstaden.se Det g\u00e5r bra att kontakta Gunilla Brattberg ang\u00e5ende b\u00f6cker, artiklar, rapporter, utbildning, rehabilitering, f\u00f6rel\u00e4sningar m.m. Jag har dock ingen privatmottagning och jag kan inte st\u00e4lla upp p\u00e5 privata konsultationer ut\u00f6ver det jag bist\u00e5r med under V\u00e4rkm\u00e4starutbildningen. &hellip; Kontakt L\u00e4s mer &raquo;\" \/>\n<meta property=\"og:url\" content=\"https:\/\/www.varkstaden.se\/bokhandel\/kontakt\/\" \/>\n<meta property=\"og:site_name\" content=\"V\u00c4RKSTADSBOKHANDELN, webbmaster: Gunilla Brattberg\" \/>\n<meta property=\"article:modified_time\" content=\"2018-12-18T11:32:12+00:00\" \/>\n<meta property=\"og:image\" content=\"https:\/\/www.varkstaden.se\/bokhandel\/wp-content\/uploads\/2015\/01\/logotyp3-300x41.jpg\" \/>\n<meta name=\"twitter:card\" content=\"summary_large_image\" \/>\n<script type=\"application\/ld+json\" class=\"yoast-schema-graph\">{\"@context\":\"https:\\\/\\\/schema.org\",\"@graph\":[{\"@type\":\"WebPage\",\"@id\":\"https:\\\/\\\/www.varkstaden.se\\\/bokhandel\\\/kontakt\\\/\",\"url\":\"https:\\\/\\\/www.varkstaden.se\\\/bokhandel\\\/kontakt\\\/\",\"name\":\"Kontakt - V\u00c4RKSTADSBOKHANDELN, webbmaster: Gunilla Brattberg\",\"isPartOf\":{\"@id\":\"https:\\\/\\\/www.varkstaden.se\\\/bokhandel\\\/#website\"},\"primaryImageOfPage\":{\"@id\":\"https:\\\/\\\/www.varkstaden.se\\\/bokhandel\\\/kontakt\\\/#primaryimage\"},\"image\":{\"@id\":\"https:\\\/\\\/www.varkstaden.se\\\/bokhandel\\\/kontakt\\\/#primaryimage\"},\"thumbnailUrl\":\"https:\\\/\\\/www.varkstaden.se\\\/bokhandel\\\/wp-content\\\/uploads\\\/2015\\\/01\\\/logotyp3-300x41.jpg\",\"datePublished\":\"2015-01-30T15:34:01+00:00\",\"dateModified\":\"2018-12-18T11:32:12+00:00\",\"breadcrumb\":{\"@id\":\"https:\\\/\\\/www.varkstaden.se\\\/bokhandel\\\/kontakt\\\/#breadcrumb\"},\"inLanguage\":\"sv-SE\",\"potentialAction\":[{\"@type\":\"ReadAction\",\"target\":[\"https:\\\/\\\/www.varkstaden.se\\\/bokhandel\\\/kontakt\\\/\"]}]},{\"@type\":\"ImageObject\",\"inLanguage\":\"sv-SE\",\"@id\":\"https:\\\/\\\/www.varkstaden.se\\\/bokhandel\\\/kontakt\\\/#primaryimage\",\"url\":\"https:\\\/\\\/www.varkstaden.se\\\/bokhandel\\\/wp-content\\\/uploads\\\/2015\\\/01\\\/logotyp3.jpg\",\"contentUrl\":\"https:\\\/\\\/www.varkstaden.se\\\/bokhandel\\\/wp-content\\\/uploads\\\/2015\\\/01\\\/logotyp3.jpg\",\"width\":970,\"height\":132},{\"@type\":\"BreadcrumbList\",\"@id\":\"https:\\\/\\\/www.varkstaden.se\\\/bokhandel\\\/kontakt\\\/#breadcrumb\",\"itemListElement\":[{\"@type\":\"ListItem\",\"position\":1,\"name\":\"Hem\",\"item\":\"https:\\\/\\\/www.varkstaden.se\\\/bokhandel\\\/\"},{\"@type\":\"ListItem\",\"position\":2,\"name\":\"Kontakt\"}]},{\"@type\":\"WebSite\",\"@id\":\"https:\\\/\\\/www.varkstaden.se\\\/bokhandel\\\/#website\",\"url\":\"https:\\\/\\\/www.varkstaden.se\\\/bokhandel\\\/\",\"name\":\"V\u00c4RKSTADSBOKHANDELN\",\"description\":\"\",\"publisher\":{\"@id\":\"https:\\\/\\\/www.varkstaden.se\\\/bokhandel\\\/#organization\"},\"potentialAction\":[{\"@type\":\"SearchAction\",\"target\":{\"@type\":\"EntryPoint\",\"urlTemplate\":\"https:\\\/\\\/www.varkstaden.se\\\/bokhandel\\\/?s={search_term_string}\"},\"query-input\":{\"@type\":\"PropertyValueSpecification\",\"valueRequired\":true,\"valueName\":\"search_term_string\"}}],\"inLanguage\":\"sv-SE\"},{\"@type\":\"Organization\",\"@id\":\"https:\\\/\\\/www.varkstaden.se\\\/bokhandel\\\/#organization\",\"name\":\"V\u00e4rkstaden GB AB\",\"url\":\"https:\\\/\\\/www.varkstaden.se\\\/bokhandel\\\/\",\"logo\":{\"@type\":\"ImageObject\",\"inLanguage\":\"sv-SE\",\"@id\":\"https:\\\/\\\/www.varkstaden.se\\\/bokhandel\\\/#\\\/schema\\\/logo\\\/image\\\/\",\"url\":\"https:\\\/\\\/www.varkstaden.se\\\/bokhandel\\\/wp-content\\\/uploads\\\/2017\\\/09\\\/cropped-bokhandel-e1543669762370-1.jpg\",\"contentUrl\":\"https:\\\/\\\/www.varkstaden.se\\\/bokhandel\\\/wp-content\\\/uploads\\\/2017\\\/09\\\/cropped-bokhandel-e1543669762370-1.jpg\",\"width\":1000,\"height\":525,\"caption\":\"V\u00e4rkstaden GB AB\"},\"image\":{\"@id\":\"https:\\\/\\\/www.varkstaden.se\\\/bokhandel\\\/#\\\/schema\\\/logo\\\/image\\\/\"}}]}<\/script>\n<!-- \/ Yoast SEO plugin. -->","yoast_head_json":{"title":"Kontakt - V\u00c4RKSTADSBOKHANDELN, webbmaster: Gunilla Brattberg","robots":{"index":"index","follow":"follow","max-snippet":"max-snippet:-1","max-image-preview":"max-image-preview:large","max-video-preview":"max-video-preview:-1"},"canonical":"https:\/\/www.varkstaden.se\/bokhandel\/kontakt\/","og_locale":"sv_SE","og_type":"article","og_title":"Kontakt - V\u00c4RKSTADSBOKHANDELN, webbmaster: Gunilla Brattberg","og_description":"\u00a0 V\u00e4rkstadens webbplats: httpss:\/\/varkstaden.se Det g\u00e5r bra att kontakta Gunilla Brattberg ang\u00e5ende b\u00f6cker, artiklar, rapporter, utbildning, rehabilitering, f\u00f6rel\u00e4sningar m.m. Jag har dock ingen privatmottagning och jag kan inte st\u00e4lla upp p\u00e5 privata konsultationer ut\u00f6ver det jag bist\u00e5r med under V\u00e4rkm\u00e4starutbildningen. &hellip; Kontakt L\u00e4s mer &raquo;","og_url":"https:\/\/www.varkstaden.se\/bokhandel\/kontakt\/","og_site_name":"V\u00c4RKSTADSBOKHANDELN, webbmaster: Gunilla Brattberg","article_modified_time":"2018-12-18T11:32:12+00:00","og_image":[{"url":"https:\/\/www.varkstaden.se\/bokhandel\/wp-content\/uploads\/2015\/01\/logotyp3-300x41.jpg","type":"","width":"","height":""}],"twitter_card":"summary_large_image","schema":{"@context":"https:\/\/schema.org","@graph":[{"@type":"WebPage","@id":"https:\/\/www.varkstaden.se\/bokhandel\/kontakt\/","url":"https:\/\/www.varkstaden.se\/bokhandel\/kontakt\/","name":"Kontakt - V\u00c4RKSTADSBOKHANDELN, webbmaster: Gunilla Brattberg","isPartOf":{"@id":"https:\/\/www.varkstaden.se\/bokhandel\/#website"},"primaryImageOfPage":{"@id":"https:\/\/www.varkstaden.se\/bokhandel\/kontakt\/#primaryimage"},"image":{"@id":"https:\/\/www.varkstaden.se\/bokhandel\/kontakt\/#primaryimage"},"thumbnailUrl":"https:\/\/www.varkstaden.se\/bokhandel\/wp-content\/uploads\/2015\/01\/logotyp3-300x41.jpg","datePublished":"2015-01-30T15:34:01+00:00","dateModified":"2018-12-18T11:32:12+00:00","breadcrumb":{"@id":"https:\/\/www.varkstaden.se\/bokhandel\/kontakt\/#breadcrumb"},"inLanguage":"sv-SE","potentialAction":[{"@type":"ReadAction","target":["https:\/\/www.varkstaden.se\/bokhandel\/kontakt\/"]}]},{"@type":"ImageObject","inLanguage":"sv-SE","@id":"https:\/\/www.varkstaden.se\/bokhandel\/kontakt\/#primaryimage","url":"https:\/\/www.varkstaden.se\/bokhandel\/wp-content\/uploads\/2015\/01\/logotyp3.jpg","contentUrl":"https:\/\/www.varkstaden.se\/bokhandel\/wp-content\/uploads\/2015\/01\/logotyp3.jpg","width":970,"height":132},{"@type":"BreadcrumbList","@id":"https:\/\/www.varkstaden.se\/bokhandel\/kontakt\/#breadcrumb","itemListElement":[{"@type":"ListItem","position":1,"name":"Hem","item":"https:\/\/www.varkstaden.se\/bokhandel\/"},{"@type":"ListItem","position":2,"name":"Kontakt"}]},{"@type":"WebSite","@id":"https:\/\/www.varkstaden.se\/bokhandel\/#website","url":"https:\/\/www.varkstaden.se\/bokhandel\/","name":"V\u00c4RKSTADSBOKHANDELN","description":"","publisher":{"@id":"https:\/\/www.varkstaden.se\/bokhandel\/#organization"},"potentialAction":[{"@type":"SearchAction","target":{"@type":"EntryPoint","urlTemplate":"https:\/\/www.varkstaden.se\/bokhandel\/?s={search_term_string}"},"query-input":{"@type":"PropertyValueSpecification","valueRequired":true,"valueName":"search_term_string"}}],"inLanguage":"sv-SE"},{"@type":"Organization","@id":"https:\/\/www.varkstaden.se\/bokhandel\/#organization","name":"V\u00e4rkstaden GB AB","url":"https:\/\/www.varkstaden.se\/bokhandel\/","logo":{"@type":"ImageObject","inLanguage":"sv-SE","@id":"https:\/\/www.varkstaden.se\/bokhandel\/#\/schema\/logo\/image\/","url":"https:\/\/www.varkstaden.se\/bokhandel\/wp-content\/uploads\/2017\/09\/cropped-bokhandel-e1543669762370-1.jpg","contentUrl":"https:\/\/www.varkstaden.se\/bokhandel\/wp-content\/uploads\/2017\/09\/cropped-bokhandel-e1543669762370-1.jpg","width":1000,"height":525,"caption":"V\u00e4rkstaden GB AB"},"image":{"@id":"https:\/\/www.varkstaden.se\/bokhandel\/#\/schema\/logo\/image\/"}}]}},"_links":{"self":[{"href":"https:\/\/www.varkstaden.se\/bokhandel\/wp-json\/wp\/v2\/pages\/24","targetHints":{"allow":["GET"]}}],"collection":[{"href":"https:\/\/www.varkstaden.se\/bokhandel\/wp-json\/wp\/v2\/pages"}],"about":[{"href":"https:\/\/www.varkstaden.se\/bokhandel\/wp-json\/wp\/v2\/types\/page"}],"author":[{"embeddable":true,"href":"https:\/\/www.varkstaden.se\/bokhandel\/wp-json\/wp\/v2\/users\/36"}],"replies":[{"embeddable":true,"href":"https:\/\/www.varkstaden.se\/bokhandel\/wp-json\/wp\/v2\/comments?post=24"}],"version-history":[{"count":12,"href":"https:\/\/www.varkstaden.se\/bokhandel\/wp-json\/wp\/v2\/pages\/24\/revisions"}],"predecessor-version":[{"id":950,"href":"https:\/\/www.varkstaden.se\/bokhandel\/wp-json\/wp\/v2\/pages\/24\/revisions\/950"}],"wp:attachment":[{"href":"https:\/\/www.varkstaden.se\/bokhandel\/wp-json\/wp\/v2\/media?parent=24"}],"curies":[{"name":"wp","href":"https:\/\/api.w.org\/{rel}","templated":true}]}}