{"id":22,"date":"2015-01-30T15:33:12","date_gmt":"2015-01-30T15:33:12","guid":{"rendered":"http:\/\/www.varkstaden.se\/bokhandel2\/?page_id=22"},"modified":"2017-09-24T09:20:36","modified_gmt":"2017-09-24T09:20:36","slug":"om-varkstadsbokhandeln","status":"publish","type":"page","link":"https:\/\/www.varkstaden.se\/bokhandel\/om-varkstadsbokhandeln\/","title":{"rendered":"Om V\u00e4rkstadsbokhandeln"},"content":{"rendered":"<p style=\"font: 16px\/24px Georgia, 'Times New Roman', 'Bitstream Charter', Times, serif; color: #333333; text-transform: none; text-indent: 0px; letter-spacing: normal; word-spacing: 0px; white-space: normal; font-size-adjust: none; font-stretch: normal; -webkit-text-stroke-width: 0px;\"><b>Ansvarig f\u00f6r V<span style=\"color: #ff0000;\">\u00e4<\/span>rkstadsbokhandeln och f\u00f6rfattare till samtliga b\u00f6cker<\/b><\/p>\n<p style=\"font: 16px\/24px Georgia, 'Times New Roman', 'Bitstream Charter', Times, serif; color: #333333; text-transform: none; text-indent: 0px; letter-spacing: normal; word-spacing: 0px; white-space: normal; font-size-adjust: none; font-stretch: normal; -webkit-text-stroke-width: 0px;\"><a href=\"https:\/\/www.varkstaden.se\/bokhandel\/wp-content\/uploads\/2015\/01\/gunilla_mars13.jpg\"><img loading=\"lazy\" decoding=\"async\" class=\"alignnone size-full wp-image-202\" src=\"https:\/\/www.varkstaden.se\/bokhandel\/wp-content\/uploads\/2015\/01\/gunilla_mars13.jpg\" alt=\"gunilla_mars13\" width=\"149\" height=\"213\" \/><\/a><\/p>\n<p style=\"font: 16px\/24px Georgia, 'Times New Roman', 'Bitstream Charter', Times, serif; color: #333333; text-transform: none; text-indent: 0px; letter-spacing: normal; word-spacing: 0px; white-space: normal; font-size-adjust: none; font-stretch: normal; -webkit-text-stroke-width: 0px;\"><em>Gunilla Brattberg<br \/>\n<\/em>leg.l\u00e4k., specialist i anestesi och sm\u00e4rtlindring<br \/>\nprofessor em i rehabiliteringspedagogik<br \/>\nhandledare och styrelseledamot i SeniornetKungsholmen<\/p>\n<p style=\"font: 16px\/24px Georgia, 'Times New Roman', 'Bitstream Charter', Times, serif; color: #333333; text-transform: none; text-indent: 0px; letter-spacing: normal; word-spacing: 0px; white-space: normal; font-size-adjust: none; font-stretch: normal; -webkit-text-stroke-width: 0px;\"><b>I V<span style=\"color: #ff0000;\">\u00e4<\/span>rkstadsbokhandeln finns det tre huvudsakliga bokkategorier<\/b><\/p>\n<p style=\"font: 16px\/24px Georgia, 'Times New Roman', 'Bitstream Charter', Times, serif; color: #333333; text-transform: none; text-indent: 0px; letter-spacing: normal; word-spacing: 0px; white-space: normal; font-size-adjust: none; font-stretch: normal; -webkit-text-stroke-width: 0px;\">I V<span style=\"color: #ff0000;\">\u00e4<\/span>rkstadens samtalgrupper har vi under \u00e5ren haft fantastiska livsn\u00e4ra samtal. Den kunskap och erfarenhet jag har samlat under 14 \u00e5r i StockholmsV\u00e4rkstaden har jag f\u00f6rmedlat i ett stort antal b\u00f6cker. \u00c4ven om de i f\u00f6rsta hand riktar sig till m\u00e4nniskor med stressrelaterad oh\u00e4lsa s\u00e5 kan vem som helst ha nytta av inneh\u00e5llet. Dessa b\u00f6cker \u00e5terfinns i kategorierna<span class=\"Apple-converted-space\">\u00a0<\/span><em>V\u00e4rk och sm\u00e4rta<\/em><span class=\"Apple-converted-space\">\u00a0<\/span>samt<span class=\"Apple-converted-space\">\u00a0<\/span><em>Rehabilitering<\/em>.<\/p>\n<p style=\"font: 16px\/24px Georgia, 'Times New Roman', 'Bitstream Charter', Times, serif; color: #333333; text-transform: none; text-indent: 0px; letter-spacing: normal; word-spacing: 0px; white-space: normal; font-size-adjust: none; font-stretch: normal; -webkit-text-stroke-width: 0px;\">Sj\u00e4lv har jag hela livet levt med det osynliga funktionshindret autism. I en serie<span class=\"Apple-converted-space\">\u00a0<\/span><em>sj\u00e4lvbiografiska b\u00f6cker<\/em><span class=\"Apple-converted-space\">\u00a0<\/span>har jag f\u00f6rmedlat dessa specifika erfarenheter. Dessa b\u00f6cker \u00e5terfinns i kategorierna<span class=\"Apple-converted-space\">\u00a0<\/span><em>Autismspektrum<\/em><span class=\"Apple-converted-space\">\u00a0<\/span>och<span class=\"Apple-converted-space\">\u00a0<\/span><em>Sj\u00e4lvbiografier.<\/em><\/p>\n<p style=\"font: 16px\/24px Georgia, 'Times New Roman', 'Bitstream Charter', Times, serif; color: #333333; text-transform: none; text-indent: 0px; letter-spacing: normal; word-spacing: 0px; white-space: normal; font-size-adjust: none; font-stretch: normal; -webkit-text-stroke-width: 0px;\">Slutligen har jag samlat\u00a0erfarenheter fr\u00e5n min verksamhet i Seniornet, en ideell f\u00f6rening d\u00e4r \u00e4ldre hj\u00e4lper \u00e4ldre med datorer. Dessa b\u00f6cker \u00e5terfinns i kategorin<span class=\"Apple-converted-space\">\u00a0<\/span><em>Datab\u00f6cker<\/em>.<\/p>\n<p style=\"font: 16px\/24px Georgia, 'Times New Roman', 'Bitstream Charter', Times, serif; color: #333333; text-transform: none; text-indent: 0px; letter-spacing: normal; word-spacing: 0px; white-space: normal; font-size-adjust: none; font-stretch: normal; -webkit-text-stroke-width: 0px;\">I V\u00e4rkstadsbokhandeln s\u00e4ljs endast b\u00f6cker f\u00f6rfattade av Gunilla Brattberg. Senare \u00e5rs b\u00f6cker finns \u00e4ven tillg\u00e4ngliga\u00a0i n\u00e4tbutikerna<span class=\"Apple-converted-space\">\u00a0<\/span><em>Adlibris<\/em><span class=\"Apple-converted-space\">\u00a0<\/span>och<span class=\"Apple-converted-space\">\u00a0<\/span><em>Bokus<\/em>. \u00c4ldre titlar \u00e4r endast tillg\u00e4ngliga i denna bokhandel.<\/p>\n<p style=\"font: 16px\/24px Georgia, 'Times New Roman', 'Bitstream Charter', Times, serif; color: #333333; text-transform: none; text-indent: 0px; letter-spacing: normal; word-spacing: 0px; white-space: normal; font-size-adjust: none; font-stretch: normal; -webkit-text-stroke-width: 0px;\">Best\u00e4llda b\u00f6cker skickas per post, i allm\u00e4nhet med A-post. Postens portokostnad tillkommer. Se vidare under K\u00f6pvillkor.<\/p>\n","protected":false},"excerpt":{"rendered":"<p>Ansvarig f\u00f6r V\u00e4rkstadsbokhandeln och f\u00f6rfattare till samtliga b\u00f6cker Gunilla Brattberg leg.l\u00e4k., specialist i anestesi och sm\u00e4rtlindring professor em i rehabiliteringspedagogik handledare och styrelseledamot i SeniornetKungsholmen I V\u00e4rkstadsbokhandeln finns det tre huvudsakliga bokkategorier I V\u00e4rkstadens samtalgrupper har vi under \u00e5ren haft &hellip;<\/p>\n<p class=\"read-more\"> <a class=\"more-link\" href=\"https:\/\/www.varkstaden.se\/bokhandel\/om-varkstadsbokhandeln\/\"> <span class=\"screen-reader-text\">Om V\u00e4rkstadsbokhandeln<\/span> L\u00e4s mer &raquo;<\/a><\/p>\n","protected":false},"author":36,"featured_media":0,"parent":0,"menu_order":0,"comment_status":"open","ping_status":"open","template":"","meta":{"footnotes":""},"class_list":["post-22","page","type-page","status-publish","hentry"],"yoast_head":"<!-- This site is optimized with the Yoast SEO plugin v27.4 - https:\/\/yoast.com\/product\/yoast-seo-wordpress\/ -->\n<title>Om V\u00e4rkstadsbokhandeln - V\u00c4RKSTADSBOKHANDELN, webbmaster: Gunilla Brattberg<\/title>\n<meta name=\"robots\" content=\"index, follow, max-snippet:-1, max-image-preview:large, max-video-preview:-1\" \/>\n<link rel=\"canonical\" href=\"https:\/\/www.varkstaden.se\/bokhandel\/om-varkstadsbokhandeln\/\" \/>\n<meta property=\"og:locale\" content=\"sv_SE\" \/>\n<meta property=\"og:type\" content=\"article\" \/>\n<meta property=\"og:title\" content=\"Om V\u00e4rkstadsbokhandeln - V\u00c4RKSTADSBOKHANDELN, webbmaster: Gunilla Brattberg\" \/>\n<meta property=\"og:description\" content=\"Ansvarig f\u00f6r V\u00e4rkstadsbokhandeln och f\u00f6rfattare till samtliga b\u00f6cker Gunilla Brattberg leg.l\u00e4k., specialist i anestesi och sm\u00e4rtlindring professor em i rehabiliteringspedagogik handledare och styrelseledamot i SeniornetKungsholmen I V\u00e4rkstadsbokhandeln finns det tre huvudsakliga bokkategorier I V\u00e4rkstadens samtalgrupper har vi under \u00e5ren haft &hellip; Om V\u00e4rkstadsbokhandeln L\u00e4s mer &raquo;\" \/>\n<meta property=\"og:url\" content=\"https:\/\/www.varkstaden.se\/bokhandel\/om-varkstadsbokhandeln\/\" \/>\n<meta property=\"og:site_name\" content=\"V\u00c4RKSTADSBOKHANDELN, webbmaster: Gunilla Brattberg\" \/>\n<meta property=\"article:modified_time\" content=\"2017-09-24T09:20:36+00:00\" \/>\n<meta property=\"og:image\" content=\"https:\/\/www.varkstaden.se\/bokhandel\/wp-content\/uploads\/2015\/01\/gunilla_mars13.jpg\" \/>\n<meta name=\"twitter:card\" content=\"summary_large_image\" \/>\n<meta name=\"twitter:label1\" content=\"Ber\u00e4knad l\u00e4stid\" \/>\n\t<meta name=\"twitter:data1\" content=\"1 minut\" \/>\n<script type=\"application\/ld+json\" class=\"yoast-schema-graph\">{\"@context\":\"https:\\\/\\\/schema.org\",\"@graph\":[{\"@type\":\"WebPage\",\"@id\":\"https:\\\/\\\/www.varkstaden.se\\\/bokhandel\\\/om-varkstadsbokhandeln\\\/\",\"url\":\"https:\\\/\\\/www.varkstaden.se\\\/bokhandel\\\/om-varkstadsbokhandeln\\\/\",\"name\":\"Om V\u00e4rkstadsbokhandeln - V\u00c4RKSTADSBOKHANDELN, webbmaster: Gunilla Brattberg\",\"isPartOf\":{\"@id\":\"https:\\\/\\\/www.varkstaden.se\\\/bokhandel\\\/#website\"},\"primaryImageOfPage\":{\"@id\":\"https:\\\/\\\/www.varkstaden.se\\\/bokhandel\\\/om-varkstadsbokhandeln\\\/#primaryimage\"},\"image\":{\"@id\":\"https:\\\/\\\/www.varkstaden.se\\\/bokhandel\\\/om-varkstadsbokhandeln\\\/#primaryimage\"},\"thumbnailUrl\":\"https:\\\/\\\/www.varkstaden.se\\\/bokhandel\\\/wp-content\\\/uploads\\\/2015\\\/01\\\/gunilla_mars13.jpg\",\"datePublished\":\"2015-01-30T15:33:12+00:00\",\"dateModified\":\"2017-09-24T09:20:36+00:00\",\"breadcrumb\":{\"@id\":\"https:\\\/\\\/www.varkstaden.se\\\/bokhandel\\\/om-varkstadsbokhandeln\\\/#breadcrumb\"},\"inLanguage\":\"sv-SE\",\"potentialAction\":[{\"@type\":\"ReadAction\",\"target\":[\"https:\\\/\\\/www.varkstaden.se\\\/bokhandel\\\/om-varkstadsbokhandeln\\\/\"]}]},{\"@type\":\"ImageObject\",\"inLanguage\":\"sv-SE\",\"@id\":\"https:\\\/\\\/www.varkstaden.se\\\/bokhandel\\\/om-varkstadsbokhandeln\\\/#primaryimage\",\"url\":\"https:\\\/\\\/www.varkstaden.se\\\/bokhandel\\\/wp-content\\\/uploads\\\/2015\\\/01\\\/gunilla_mars13.jpg\",\"contentUrl\":\"https:\\\/\\\/www.varkstaden.se\\\/bokhandel\\\/wp-content\\\/uploads\\\/2015\\\/01\\\/gunilla_mars13.jpg\",\"width\":149,\"height\":213},{\"@type\":\"BreadcrumbList\",\"@id\":\"https:\\\/\\\/www.varkstaden.se\\\/bokhandel\\\/om-varkstadsbokhandeln\\\/#breadcrumb\",\"itemListElement\":[{\"@type\":\"ListItem\",\"position\":1,\"name\":\"Hem\",\"item\":\"https:\\\/\\\/www.varkstaden.se\\\/bokhandel\\\/\"},{\"@type\":\"ListItem\",\"position\":2,\"name\":\"Om V\u00e4rkstadsbokhandeln\"}]},{\"@type\":\"WebSite\",\"@id\":\"https:\\\/\\\/www.varkstaden.se\\\/bokhandel\\\/#website\",\"url\":\"https:\\\/\\\/www.varkstaden.se\\\/bokhandel\\\/\",\"name\":\"V\u00c4RKSTADSBOKHANDELN\",\"description\":\"\",\"publisher\":{\"@id\":\"https:\\\/\\\/www.varkstaden.se\\\/bokhandel\\\/#organization\"},\"potentialAction\":[{\"@type\":\"SearchAction\",\"target\":{\"@type\":\"EntryPoint\",\"urlTemplate\":\"https:\\\/\\\/www.varkstaden.se\\\/bokhandel\\\/?s={search_term_string}\"},\"query-input\":{\"@type\":\"PropertyValueSpecification\",\"valueRequired\":true,\"valueName\":\"search_term_string\"}}],\"inLanguage\":\"sv-SE\"},{\"@type\":\"Organization\",\"@id\":\"https:\\\/\\\/www.varkstaden.se\\\/bokhandel\\\/#organization\",\"name\":\"V\u00e4rkstaden GB AB\",\"url\":\"https:\\\/\\\/www.varkstaden.se\\\/bokhandel\\\/\",\"logo\":{\"@type\":\"ImageObject\",\"inLanguage\":\"sv-SE\",\"@id\":\"https:\\\/\\\/www.varkstaden.se\\\/bokhandel\\\/#\\\/schema\\\/logo\\\/image\\\/\",\"url\":\"https:\\\/\\\/www.varkstaden.se\\\/bokhandel\\\/wp-content\\\/uploads\\\/2017\\\/09\\\/cropped-bokhandel-e1543669762370-1.jpg\",\"contentUrl\":\"https:\\\/\\\/www.varkstaden.se\\\/bokhandel\\\/wp-content\\\/uploads\\\/2017\\\/09\\\/cropped-bokhandel-e1543669762370-1.jpg\",\"width\":1000,\"height\":525,\"caption\":\"V\u00e4rkstaden GB AB\"},\"image\":{\"@id\":\"https:\\\/\\\/www.varkstaden.se\\\/bokhandel\\\/#\\\/schema\\\/logo\\\/image\\\/\"}}]}<\/script>\n<!-- \/ Yoast SEO plugin. -->","yoast_head_json":{"title":"Om V\u00e4rkstadsbokhandeln - V\u00c4RKSTADSBOKHANDELN, webbmaster: Gunilla Brattberg","robots":{"index":"index","follow":"follow","max-snippet":"max-snippet:-1","max-image-preview":"max-image-preview:large","max-video-preview":"max-video-preview:-1"},"canonical":"https:\/\/www.varkstaden.se\/bokhandel\/om-varkstadsbokhandeln\/","og_locale":"sv_SE","og_type":"article","og_title":"Om V\u00e4rkstadsbokhandeln - V\u00c4RKSTADSBOKHANDELN, webbmaster: Gunilla Brattberg","og_description":"Ansvarig f\u00f6r V\u00e4rkstadsbokhandeln och f\u00f6rfattare till samtliga b\u00f6cker Gunilla Brattberg leg.l\u00e4k., specialist i anestesi och sm\u00e4rtlindring professor em i rehabiliteringspedagogik handledare och styrelseledamot i SeniornetKungsholmen I V\u00e4rkstadsbokhandeln finns det tre huvudsakliga bokkategorier I V\u00e4rkstadens samtalgrupper har vi under \u00e5ren haft &hellip; Om V\u00e4rkstadsbokhandeln L\u00e4s mer &raquo;","og_url":"https:\/\/www.varkstaden.se\/bokhandel\/om-varkstadsbokhandeln\/","og_site_name":"V\u00c4RKSTADSBOKHANDELN, webbmaster: Gunilla Brattberg","article_modified_time":"2017-09-24T09:20:36+00:00","og_image":[{"url":"https:\/\/www.varkstaden.se\/bokhandel\/wp-content\/uploads\/2015\/01\/gunilla_mars13.jpg","type":"","width":"","height":""}],"twitter_card":"summary_large_image","twitter_misc":{"Ber\u00e4knad l\u00e4stid":"1 minut"},"schema":{"@context":"https:\/\/schema.org","@graph":[{"@type":"WebPage","@id":"https:\/\/www.varkstaden.se\/bokhandel\/om-varkstadsbokhandeln\/","url":"https:\/\/www.varkstaden.se\/bokhandel\/om-varkstadsbokhandeln\/","name":"Om V\u00e4rkstadsbokhandeln - V\u00c4RKSTADSBOKHANDELN, webbmaster: Gunilla Brattberg","isPartOf":{"@id":"https:\/\/www.varkstaden.se\/bokhandel\/#website"},"primaryImageOfPage":{"@id":"https:\/\/www.varkstaden.se\/bokhandel\/om-varkstadsbokhandeln\/#primaryimage"},"image":{"@id":"https:\/\/www.varkstaden.se\/bokhandel\/om-varkstadsbokhandeln\/#primaryimage"},"thumbnailUrl":"https:\/\/www.varkstaden.se\/bokhandel\/wp-content\/uploads\/2015\/01\/gunilla_mars13.jpg","datePublished":"2015-01-30T15:33:12+00:00","dateModified":"2017-09-24T09:20:36+00:00","breadcrumb":{"@id":"https:\/\/www.varkstaden.se\/bokhandel\/om-varkstadsbokhandeln\/#breadcrumb"},"inLanguage":"sv-SE","potentialAction":[{"@type":"ReadAction","target":["https:\/\/www.varkstaden.se\/bokhandel\/om-varkstadsbokhandeln\/"]}]},{"@type":"ImageObject","inLanguage":"sv-SE","@id":"https:\/\/www.varkstaden.se\/bokhandel\/om-varkstadsbokhandeln\/#primaryimage","url":"https:\/\/www.varkstaden.se\/bokhandel\/wp-content\/uploads\/2015\/01\/gunilla_mars13.jpg","contentUrl":"https:\/\/www.varkstaden.se\/bokhandel\/wp-content\/uploads\/2015\/01\/gunilla_mars13.jpg","width":149,"height":213},{"@type":"BreadcrumbList","@id":"https:\/\/www.varkstaden.se\/bokhandel\/om-varkstadsbokhandeln\/#breadcrumb","itemListElement":[{"@type":"ListItem","position":1,"name":"Hem","item":"https:\/\/www.varkstaden.se\/bokhandel\/"},{"@type":"ListItem","position":2,"name":"Om V\u00e4rkstadsbokhandeln"}]},{"@type":"WebSite","@id":"https:\/\/www.varkstaden.se\/bokhandel\/#website","url":"https:\/\/www.varkstaden.se\/bokhandel\/","name":"V\u00c4RKSTADSBOKHANDELN","description":"","publisher":{"@id":"https:\/\/www.varkstaden.se\/bokhandel\/#organization"},"potentialAction":[{"@type":"SearchAction","target":{"@type":"EntryPoint","urlTemplate":"https:\/\/www.varkstaden.se\/bokhandel\/?s={search_term_string}"},"query-input":{"@type":"PropertyValueSpecification","valueRequired":true,"valueName":"search_term_string"}}],"inLanguage":"sv-SE"},{"@type":"Organization","@id":"https:\/\/www.varkstaden.se\/bokhandel\/#organization","name":"V\u00e4rkstaden GB AB","url":"https:\/\/www.varkstaden.se\/bokhandel\/","logo":{"@type":"ImageObject","inLanguage":"sv-SE","@id":"https:\/\/www.varkstaden.se\/bokhandel\/#\/schema\/logo\/image\/","url":"https:\/\/www.varkstaden.se\/bokhandel\/wp-content\/uploads\/2017\/09\/cropped-bokhandel-e1543669762370-1.jpg","contentUrl":"https:\/\/www.varkstaden.se\/bokhandel\/wp-content\/uploads\/2017\/09\/cropped-bokhandel-e1543669762370-1.jpg","width":1000,"height":525,"caption":"V\u00e4rkstaden GB AB"},"image":{"@id":"https:\/\/www.varkstaden.se\/bokhandel\/#\/schema\/logo\/image\/"}}]}},"_links":{"self":[{"href":"https:\/\/www.varkstaden.se\/bokhandel\/wp-json\/wp\/v2\/pages\/22","targetHints":{"allow":["GET"]}}],"collection":[{"href":"https:\/\/www.varkstaden.se\/bokhandel\/wp-json\/wp\/v2\/pages"}],"about":[{"href":"https:\/\/www.varkstaden.se\/bokhandel\/wp-json\/wp\/v2\/types\/page"}],"author":[{"embeddable":true,"href":"https:\/\/www.varkstaden.se\/bokhandel\/wp-json\/wp\/v2\/users\/36"}],"replies":[{"embeddable":true,"href":"https:\/\/www.varkstaden.se\/bokhandel\/wp-json\/wp\/v2\/comments?post=22"}],"version-history":[{"count":3,"href":"https:\/\/www.varkstaden.se\/bokhandel\/wp-json\/wp\/v2\/pages\/22\/revisions"}],"predecessor-version":[{"id":233,"href":"https:\/\/www.varkstaden.se\/bokhandel\/wp-json\/wp\/v2\/pages\/22\/revisions\/233"}],"wp:attachment":[{"href":"https:\/\/www.varkstaden.se\/bokhandel\/wp-json\/wp\/v2\/media?parent=22"}],"curies":[{"name":"wp","href":"https:\/\/api.w.org\/{rel}","templated":true}]}}