{"id":10,"date":"2015-01-30T15:29:51","date_gmt":"2015-01-30T15:29:51","guid":{"rendered":"http:\/\/www.varkstaden.se\/bokhandel2\/?page_id=10"},"modified":"2021-12-28T09:26:07","modified_gmt":"2021-12-28T09:26:07","slug":"frakter-och-returer","status":"publish","type":"page","link":"https:\/\/www.varkstaden.se\/bokhandel\/frakter-och-returer\/","title":{"rendered":"Frakter och returer"},"content":{"rendered":"<h3>Betalning, Rabatter, Leverans, Returer, Sp\u00e5rning av paket<\/h3>\n<p><b><br \/>\nBetalning<br \/>\n<\/b><a href=\"https:\/\/www.varkstaden.se\/bokhandel\/wp-content\/uploads\/2015\/01\/pengar.jpg\"><img loading=\"lazy\" decoding=\"async\" class=\"alignnone size-full wp-image-11\" src=\"https:\/\/www.varkstaden.se\/bokhandel\/wp-content\/uploads\/2015\/01\/pengar.jpg\" alt=\"pengar\" width=\"82\" height=\"82\" \/><\/a><\/p>\n<p>Produkter skickas till<span class=\"Apple-converted-space\">\u00a0<\/span><i>f\u00f6retag<\/i><span class=\"Apple-converted-space\">\u00a0<\/span>och<span class=\"Apple-converted-space\">\u00a0<\/span><i>institutioner<\/i><span class=\"Apple-converted-space\">\u00a0<\/span>med faktura.<span class=\"Apple-converted-space\">\u00a0<\/span><br \/>\nProdukter skickas till<span class=\"Apple-converted-space\">\u00a0<\/span><i>privatpersoner<\/i><span class=\"Apple-converted-space\">\u00a0<\/span>mot f\u00f6rskottsbetalning.<\/p>\n<div class=\"contentText\"><\/div>\n<div class=\"contentText\"><\/div>\n<div class=\"contentText\"><b>Rabatter<\/b><\/div>\n<div class=\"contentText\">\n<p><a href=\"https:\/\/www.varkstaden.se\/bokhandel\/wp-content\/uploads\/2015\/01\/rabatter.jpg\"><img loading=\"lazy\" decoding=\"async\" class=\"alignnone wp-image-12\" src=\"https:\/\/www.varkstaden.se\/bokhandel\/wp-content\/uploads\/2015\/01\/rabatter.jpg\" alt=\"rabatter\" width=\"80\" height=\"83\" \/><\/a><\/p>\n<p>P\u00e5 flertalet b\u00f6cker utg\u00e5r rabatter (10-50% beroende p\u00e5 boktitel) vid k\u00f6p om 10 exemplar.<\/p>\n<p><b><br \/>\nLeverans, porto, frakt<br \/>\n<\/b><br \/>\n<a href=\"https:\/\/www.varkstaden.se\/bokhandel\/wp-content\/uploads\/2015\/01\/posten.gif\"><img loading=\"lazy\" decoding=\"async\" class=\"alignnone size-full wp-image-13\" src=\"https:\/\/www.varkstaden.se\/bokhandel\/wp-content\/uploads\/2015\/01\/posten.gif\" alt=\"posten\" width=\"62\" height=\"62\" \/><\/a><br \/>\nProdukterna skickas om inget annat \u00f6nskas med B-post eller postpaket.<span class=\"Apple-converted-space\">\u00a0<\/span><br \/>\nPostens viktbaserade brevporto debiteras.<span class=\"Apple-converted-space\">\u00a0<\/span><br \/>\nVid skrymmande post tillkommer postens skrymmandeavgift p\u00e5 14:- (st\u00e5r ej p\u00e5 orderbekr\u00e4ftelsen).<br \/>\nOm faktura ska skickas till annan adress \u00e4n boken\/b\u00f6ckerna tillkommer brevporto.<br \/>\nF\u00f6r avisering av bokpaket \u00f6ver 2 kg ange mobiltelefon nummer. Om mobiltel saknas tillkommer aviseringsavgift.<\/p>\n<p>Sp\u00e5ra postpaket<\/p>\n<form action=\"https:\/\/server.logistik.posten.se\/servlet\/PacTrack\" method=\"get\">Kolliid:<span class=\"Apple-converted-space\">\u00a0<\/span><input name=\"kolliid\" type=\"text\" \/><span class=\"Apple-converted-space\">\u00a0<\/span><input type=\"submit\" value=\"Skicka\" \/><span class=\"Apple-converted-space\">\u00a0<\/span><\/form>\n<p>Portofria kontantk\u00f6p erbjudes ocks\u00e5 efter \u00f6verenskommelse. Avh\u00e4mtning p\u00e5 Bergsgatan 12 i Stockholm.<span class=\"Apple-converted-space\">\u00a0<\/span><\/p>\n<p><b><br \/>\nReturer<br \/>\n<\/b>Skickas till:<\/p>\n<p><em>V\u00e4rkstaden GB<\/em><br \/>\n<em>Bergsgatan 12<\/em><br \/>\n<em>112 23 Stockholm<\/em><\/p>\n<p>Returr\u00e4tten f\u00f6ljer Konsumentverkets Distansavtalslag.<span class=\"Apple-converted-space\">\u00a0<\/span><br \/>\nProdukter i nyskick kan returneras inom 14 dagar efter mottagandet.<span class=\"Apple-converted-space\">\u00a0<\/span><br \/>\n\u00c5terbetalning sker f\u00f6r oskadad produkt, dock ej f\u00f6r portokostnaden.<span class=\"Apple-converted-space\">\u00a0<\/span><br \/>\nKunden betalar sj\u00e4lv returporto.<\/p>\n<\/div>\n","protected":false},"excerpt":{"rendered":"<p>Betalning, Rabatter, Leverans, Returer, Sp\u00e5rning av paket Betalning Produkter skickas till\u00a0f\u00f6retag\u00a0och\u00a0institutioner\u00a0med faktura.\u00a0 Produkter skickas till\u00a0privatpersoner\u00a0mot f\u00f6rskottsbetalning. Rabatter P\u00e5 flertalet b\u00f6cker utg\u00e5r rabatter (10-50% beroende p\u00e5 boktitel) vid k\u00f6p om 10 exemplar. Leverans, porto, frakt Produkterna skickas om inget annat \u00f6nskas &hellip;<\/p>\n<p class=\"read-more\"> <a class=\"more-link\" href=\"https:\/\/www.varkstaden.se\/bokhandel\/frakter-och-returer\/\"> <span class=\"screen-reader-text\">Frakter och returer<\/span> L\u00e4s mer &raquo;<\/a><\/p>\n","protected":false},"author":36,"featured_media":0,"parent":0,"menu_order":0,"comment_status":"open","ping_status":"open","template":"","meta":{"footnotes":""},"class_list":["post-10","page","type-page","status-publish","hentry"],"yoast_head":"<!-- This site is optimized with the Yoast SEO plugin v27.4 - https:\/\/yoast.com\/product\/yoast-seo-wordpress\/ -->\n<title>Frakter och returer - V\u00c4RKSTADSBOKHANDELN, webbmaster: Gunilla Brattberg<\/title>\n<meta name=\"robots\" content=\"index, follow, max-snippet:-1, max-image-preview:large, max-video-preview:-1\" \/>\n<link rel=\"canonical\" href=\"https:\/\/www.varkstaden.se\/bokhandel\/frakter-och-returer\/\" \/>\n<meta property=\"og:locale\" content=\"sv_SE\" \/>\n<meta property=\"og:type\" content=\"article\" \/>\n<meta property=\"og:title\" content=\"Frakter och returer - V\u00c4RKSTADSBOKHANDELN, webbmaster: Gunilla Brattberg\" \/>\n<meta property=\"og:description\" content=\"Betalning, Rabatter, Leverans, Returer, Sp\u00e5rning av paket Betalning Produkter skickas till\u00a0f\u00f6retag\u00a0och\u00a0institutioner\u00a0med faktura.\u00a0 Produkter skickas till\u00a0privatpersoner\u00a0mot f\u00f6rskottsbetalning. Rabatter P\u00e5 flertalet b\u00f6cker utg\u00e5r rabatter (10-50% beroende p\u00e5 boktitel) vid k\u00f6p om 10 exemplar. Leverans, porto, frakt Produkterna skickas om inget annat \u00f6nskas &hellip; Frakter och returer L\u00e4s mer &raquo;\" \/>\n<meta property=\"og:url\" content=\"https:\/\/www.varkstaden.se\/bokhandel\/frakter-och-returer\/\" \/>\n<meta property=\"og:site_name\" content=\"V\u00c4RKSTADSBOKHANDELN, webbmaster: Gunilla Brattberg\" \/>\n<meta property=\"article:modified_time\" content=\"2021-12-28T09:26:07+00:00\" \/>\n<meta property=\"og:image\" content=\"https:\/\/www.varkstaden.se\/bokhandel\/wp-content\/uploads\/2015\/01\/pengar.jpg\" \/>\n<meta name=\"twitter:card\" content=\"summary_large_image\" \/>\n<meta name=\"twitter:label1\" content=\"Ber\u00e4knad l\u00e4stid\" \/>\n\t<meta name=\"twitter:data1\" content=\"1 minut\" \/>\n<script type=\"application\/ld+json\" class=\"yoast-schema-graph\">{\"@context\":\"https:\\\/\\\/schema.org\",\"@graph\":[{\"@type\":\"WebPage\",\"@id\":\"https:\\\/\\\/www.varkstaden.se\\\/bokhandel\\\/frakter-och-returer\\\/\",\"url\":\"https:\\\/\\\/www.varkstaden.se\\\/bokhandel\\\/frakter-och-returer\\\/\",\"name\":\"Frakter och returer - V\u00c4RKSTADSBOKHANDELN, webbmaster: Gunilla Brattberg\",\"isPartOf\":{\"@id\":\"https:\\\/\\\/www.varkstaden.se\\\/bokhandel\\\/#website\"},\"primaryImageOfPage\":{\"@id\":\"https:\\\/\\\/www.varkstaden.se\\\/bokhandel\\\/frakter-och-returer\\\/#primaryimage\"},\"image\":{\"@id\":\"https:\\\/\\\/www.varkstaden.se\\\/bokhandel\\\/frakter-och-returer\\\/#primaryimage\"},\"thumbnailUrl\":\"https:\\\/\\\/www.varkstaden.se\\\/bokhandel\\\/wp-content\\\/uploads\\\/2015\\\/01\\\/pengar.jpg\",\"datePublished\":\"2015-01-30T15:29:51+00:00\",\"dateModified\":\"2021-12-28T09:26:07+00:00\",\"breadcrumb\":{\"@id\":\"https:\\\/\\\/www.varkstaden.se\\\/bokhandel\\\/frakter-och-returer\\\/#breadcrumb\"},\"inLanguage\":\"sv-SE\",\"potentialAction\":[{\"@type\":\"ReadAction\",\"target\":[\"https:\\\/\\\/www.varkstaden.se\\\/bokhandel\\\/frakter-och-returer\\\/\"]}]},{\"@type\":\"ImageObject\",\"inLanguage\":\"sv-SE\",\"@id\":\"https:\\\/\\\/www.varkstaden.se\\\/bokhandel\\\/frakter-och-returer\\\/#primaryimage\",\"url\":\"https:\\\/\\\/www.varkstaden.se\\\/bokhandel\\\/wp-content\\\/uploads\\\/2015\\\/01\\\/pengar.jpg\",\"contentUrl\":\"https:\\\/\\\/www.varkstaden.se\\\/bokhandel\\\/wp-content\\\/uploads\\\/2015\\\/01\\\/pengar.jpg\",\"width\":82,\"height\":82},{\"@type\":\"BreadcrumbList\",\"@id\":\"https:\\\/\\\/www.varkstaden.se\\\/bokhandel\\\/frakter-och-returer\\\/#breadcrumb\",\"itemListElement\":[{\"@type\":\"ListItem\",\"position\":1,\"name\":\"Hem\",\"item\":\"https:\\\/\\\/www.varkstaden.se\\\/bokhandel\\\/\"},{\"@type\":\"ListItem\",\"position\":2,\"name\":\"Frakter och returer\"}]},{\"@type\":\"WebSite\",\"@id\":\"https:\\\/\\\/www.varkstaden.se\\\/bokhandel\\\/#website\",\"url\":\"https:\\\/\\\/www.varkstaden.se\\\/bokhandel\\\/\",\"name\":\"V\u00c4RKSTADSBOKHANDELN\",\"description\":\"\",\"publisher\":{\"@id\":\"https:\\\/\\\/www.varkstaden.se\\\/bokhandel\\\/#organization\"},\"potentialAction\":[{\"@type\":\"SearchAction\",\"target\":{\"@type\":\"EntryPoint\",\"urlTemplate\":\"https:\\\/\\\/www.varkstaden.se\\\/bokhandel\\\/?s={search_term_string}\"},\"query-input\":{\"@type\":\"PropertyValueSpecification\",\"valueRequired\":true,\"valueName\":\"search_term_string\"}}],\"inLanguage\":\"sv-SE\"},{\"@type\":\"Organization\",\"@id\":\"https:\\\/\\\/www.varkstaden.se\\\/bokhandel\\\/#organization\",\"name\":\"V\u00e4rkstaden GB AB\",\"url\":\"https:\\\/\\\/www.varkstaden.se\\\/bokhandel\\\/\",\"logo\":{\"@type\":\"ImageObject\",\"inLanguage\":\"sv-SE\",\"@id\":\"https:\\\/\\\/www.varkstaden.se\\\/bokhandel\\\/#\\\/schema\\\/logo\\\/image\\\/\",\"url\":\"https:\\\/\\\/www.varkstaden.se\\\/bokhandel\\\/wp-content\\\/uploads\\\/2017\\\/09\\\/cropped-bokhandel-e1543669762370-1.jpg\",\"contentUrl\":\"https:\\\/\\\/www.varkstaden.se\\\/bokhandel\\\/wp-content\\\/uploads\\\/2017\\\/09\\\/cropped-bokhandel-e1543669762370-1.jpg\",\"width\":1000,\"height\":525,\"caption\":\"V\u00e4rkstaden GB AB\"},\"image\":{\"@id\":\"https:\\\/\\\/www.varkstaden.se\\\/bokhandel\\\/#\\\/schema\\\/logo\\\/image\\\/\"}}]}<\/script>\n<!-- \/ Yoast SEO plugin. -->","yoast_head_json":{"title":"Frakter och returer - V\u00c4RKSTADSBOKHANDELN, webbmaster: Gunilla Brattberg","robots":{"index":"index","follow":"follow","max-snippet":"max-snippet:-1","max-image-preview":"max-image-preview:large","max-video-preview":"max-video-preview:-1"},"canonical":"https:\/\/www.varkstaden.se\/bokhandel\/frakter-och-returer\/","og_locale":"sv_SE","og_type":"article","og_title":"Frakter och returer - V\u00c4RKSTADSBOKHANDELN, webbmaster: Gunilla Brattberg","og_description":"Betalning, Rabatter, Leverans, Returer, Sp\u00e5rning av paket Betalning Produkter skickas till\u00a0f\u00f6retag\u00a0och\u00a0institutioner\u00a0med faktura.\u00a0 Produkter skickas till\u00a0privatpersoner\u00a0mot f\u00f6rskottsbetalning. Rabatter P\u00e5 flertalet b\u00f6cker utg\u00e5r rabatter (10-50% beroende p\u00e5 boktitel) vid k\u00f6p om 10 exemplar. Leverans, porto, frakt Produkterna skickas om inget annat \u00f6nskas &hellip; Frakter och returer L\u00e4s mer &raquo;","og_url":"https:\/\/www.varkstaden.se\/bokhandel\/frakter-och-returer\/","og_site_name":"V\u00c4RKSTADSBOKHANDELN, webbmaster: Gunilla Brattberg","article_modified_time":"2021-12-28T09:26:07+00:00","og_image":[{"url":"https:\/\/www.varkstaden.se\/bokhandel\/wp-content\/uploads\/2015\/01\/pengar.jpg","type":"","width":"","height":""}],"twitter_card":"summary_large_image","twitter_misc":{"Ber\u00e4knad l\u00e4stid":"1 minut"},"schema":{"@context":"https:\/\/schema.org","@graph":[{"@type":"WebPage","@id":"https:\/\/www.varkstaden.se\/bokhandel\/frakter-och-returer\/","url":"https:\/\/www.varkstaden.se\/bokhandel\/frakter-och-returer\/","name":"Frakter och returer - V\u00c4RKSTADSBOKHANDELN, webbmaster: Gunilla Brattberg","isPartOf":{"@id":"https:\/\/www.varkstaden.se\/bokhandel\/#website"},"primaryImageOfPage":{"@id":"https:\/\/www.varkstaden.se\/bokhandel\/frakter-och-returer\/#primaryimage"},"image":{"@id":"https:\/\/www.varkstaden.se\/bokhandel\/frakter-och-returer\/#primaryimage"},"thumbnailUrl":"https:\/\/www.varkstaden.se\/bokhandel\/wp-content\/uploads\/2015\/01\/pengar.jpg","datePublished":"2015-01-30T15:29:51+00:00","dateModified":"2021-12-28T09:26:07+00:00","breadcrumb":{"@id":"https:\/\/www.varkstaden.se\/bokhandel\/frakter-och-returer\/#breadcrumb"},"inLanguage":"sv-SE","potentialAction":[{"@type":"ReadAction","target":["https:\/\/www.varkstaden.se\/bokhandel\/frakter-och-returer\/"]}]},{"@type":"ImageObject","inLanguage":"sv-SE","@id":"https:\/\/www.varkstaden.se\/bokhandel\/frakter-och-returer\/#primaryimage","url":"https:\/\/www.varkstaden.se\/bokhandel\/wp-content\/uploads\/2015\/01\/pengar.jpg","contentUrl":"https:\/\/www.varkstaden.se\/bokhandel\/wp-content\/uploads\/2015\/01\/pengar.jpg","width":82,"height":82},{"@type":"BreadcrumbList","@id":"https:\/\/www.varkstaden.se\/bokhandel\/frakter-och-returer\/#breadcrumb","itemListElement":[{"@type":"ListItem","position":1,"name":"Hem","item":"https:\/\/www.varkstaden.se\/bokhandel\/"},{"@type":"ListItem","position":2,"name":"Frakter och returer"}]},{"@type":"WebSite","@id":"https:\/\/www.varkstaden.se\/bokhandel\/#website","url":"https:\/\/www.varkstaden.se\/bokhandel\/","name":"V\u00c4RKSTADSBOKHANDELN","description":"","publisher":{"@id":"https:\/\/www.varkstaden.se\/bokhandel\/#organization"},"potentialAction":[{"@type":"SearchAction","target":{"@type":"EntryPoint","urlTemplate":"https:\/\/www.varkstaden.se\/bokhandel\/?s={search_term_string}"},"query-input":{"@type":"PropertyValueSpecification","valueRequired":true,"valueName":"search_term_string"}}],"inLanguage":"sv-SE"},{"@type":"Organization","@id":"https:\/\/www.varkstaden.se\/bokhandel\/#organization","name":"V\u00e4rkstaden GB AB","url":"https:\/\/www.varkstaden.se\/bokhandel\/","logo":{"@type":"ImageObject","inLanguage":"sv-SE","@id":"https:\/\/www.varkstaden.se\/bokhandel\/#\/schema\/logo\/image\/","url":"https:\/\/www.varkstaden.se\/bokhandel\/wp-content\/uploads\/2017\/09\/cropped-bokhandel-e1543669762370-1.jpg","contentUrl":"https:\/\/www.varkstaden.se\/bokhandel\/wp-content\/uploads\/2017\/09\/cropped-bokhandel-e1543669762370-1.jpg","width":1000,"height":525,"caption":"V\u00e4rkstaden GB AB"},"image":{"@id":"https:\/\/www.varkstaden.se\/bokhandel\/#\/schema\/logo\/image\/"}}]}},"_links":{"self":[{"href":"https:\/\/www.varkstaden.se\/bokhandel\/wp-json\/wp\/v2\/pages\/10","targetHints":{"allow":["GET"]}}],"collection":[{"href":"https:\/\/www.varkstaden.se\/bokhandel\/wp-json\/wp\/v2\/pages"}],"about":[{"href":"https:\/\/www.varkstaden.se\/bokhandel\/wp-json\/wp\/v2\/types\/page"}],"author":[{"embeddable":true,"href":"https:\/\/www.varkstaden.se\/bokhandel\/wp-json\/wp\/v2\/users\/36"}],"replies":[{"embeddable":true,"href":"https:\/\/www.varkstaden.se\/bokhandel\/wp-json\/wp\/v2\/comments?post=10"}],"version-history":[{"count":8,"href":"https:\/\/www.varkstaden.se\/bokhandel\/wp-json\/wp\/v2\/pages\/10\/revisions"}],"predecessor-version":[{"id":1327,"href":"https:\/\/www.varkstaden.se\/bokhandel\/wp-json\/wp\/v2\/pages\/10\/revisions\/1327"}],"wp:attachment":[{"href":"https:\/\/www.varkstaden.se\/bokhandel\/wp-json\/wp\/v2\/media?parent=10"}],"curies":[{"name":"wp","href":"https:\/\/api.w.org\/{rel}","templated":true}]}}